{"id":15323,"date":"2019-04-27T12:44:46","date_gmt":"2019-04-27T12:44:46","guid":{"rendered":"http:\/\/huebsch-php74.bitnamiapp.com\/vn-international\/sitemap\/"},"modified":"2020-04-28T18:08:32","modified_gmt":"2020-04-28T18:08:32","slug":"so-do-trang-web","status":"publish","type":"page","link":"https:\/\/huebsch.com\/vn-international\/so-do-trang-web\/","title":{"rendered":"S\u01a1 \u0111\u1ed3 trang web"},"content":{"rendered":"<p>Huebsch VN-International Sitemap<\/p>\n<div id=\"simple-sitemap-container-69e358f6999d9\" class=\"simple-sitemap-container simple-sitemap-container-69e358f6999d9 tab-disabled\"><div class=\"simple-sitemap-wrap\"><h3 class=\"post-type\">Pages<\/h3><ul class=\"simple-sitemap-page main\"><li class=\"sitemap-item page_item page-item-15316\"><a href=\"https:\/\/huebsch.com\/vn-international\/an-pham-ky-thuat\/\">\u1ea4n ph\u1ea9m k\u1ef9 thu\u1eadt<\/a><\/li>\n<li class=\"sitemap-item page_item page-item-15213 page_item_has_children\"><a href=\"https:\/\/huebsch.com\/vn-international\/cac-nha-dau-tu\/\">C\u00e1c nh\u00e0 \u0111\u1ea7u t\u01b0<\/a>\n<ul class='children'>\n\t<li class=\"sitemap-item page_item page-item-15228\"><a href=\"https:\/\/huebsch.com\/vn-international\/cac-nha-dau-tu\/bat-dau\/\">B\u1eaft \u0111\u1ea7u<\/a><\/li>\n\t<li class=\"sitemap-item page_item page-item-15204\"><a href=\"https:\/\/huebsch.com\/vn-international\/cac-nha-dau-tu\/dia-diem\/\">\u0110\u1ecba \u0111i\u1ec3m<\/a><\/li>\n\t<li class=\"sitemap-item page_item page-item-15202\"><a href=\"https:\/\/huebsch.com\/vn-international\/cac-nha-dau-tu\/dich-vu-co-dien\/\">D\u1ecbch v\u1ee5 c\u1ed5 \u0111i\u1ec3n<\/a><\/li>\n\t<li class=\"sitemap-item page_item page-item-15232\"><a href=\"https:\/\/huebsch.com\/vn-international\/cac-nha-dau-tu\/loi-the-cua-huebsch\/\">L\u1ee3i th\u1ebf c\u1ee7a Huebsch<\/a><\/li>\n<\/ul>\n<\/li>\n<li class=\"sitemap-item page_item page-item-15218\"><a href=\"https:\/\/huebsch.com\/vn-international\/cong-thong-tin-tai-lieu\/\">C\u1ed5ng th\u00f4ng tin t\u00e0i li\u1ec7u<\/a><\/li>\n<li class=\"sitemap-item page_item page-item-15315\"><a href=\"https:\/\/huebsch.com\/vn-international\/dang-ky\/\">\u0110\u0103ng k\u00fd<\/a><\/li>\n<li class=\"sitemap-item page_item page-item-15193\"><a href=\"https:\/\/huebsch.com\/vn-international\/giat-la-thuong-mai\/\">Gi\u1eb7t l\u00e0 th\u01b0\u01a1ng m\u1ea1i<\/a><\/li>\n<li class=\"sitemap-item page_item page-item-15191\"><a href=\"https:\/\/huebsch.com\/vn-international\/gioi-thieu\/\">Gi\u1edbi thi\u1ec7u<\/a><\/li>\n<li class=\"sitemap-item page_item page-item-15321 page_item_has_children\"><a href=\"https:\/\/huebsch.com\/vn-international\/ho-tro\/\">H\u1ed7 tr\u1ee3<\/a>\n<ul class='children'>\n\t<li class=\"sitemap-item page_item page-item-15319\"><a href=\"https:\/\/huebsch.com\/vn-international\/ho-tro\/thiet-ke-dich-vu-giat-ui\/\">Thi\u1ebft k\u1ebf d\u1ecbch v\u1ee5 gi\u1eb7t s\u1ea5y<\/a><\/li>\n<\/ul>\n<\/li>\n<li class=\"sitemap-item page_item page-item-15231\"><a href=\"https:\/\/huebsch.com\/vn-international\/khoan-vay-cua-toi\/\">Kho\u1ea3n vay c\u1ee7a t\u00f4i<\/a><\/li>\n<li class=\"sitemap-item page_item page-item-15216 page_item_has_children\"><a href=\"https:\/\/huebsch.com\/vn-international\/lien-he\/\">Li\u00ean h\u1ec7<\/a>\n<ul class='children'>\n\t<li class=\"sitemap-item page_item page-item-15222\"><a href=\"https:\/\/huebsch.com\/vn-international\/lien-he\/chinh-sach-bao-mat\/\">Ch\u00ednh s\u00e1ch b\u1ea3o m\u1eadt<\/a><\/li>\n\t<li class=\"sitemap-item page_item page-item-15227\"><a href=\"https:\/\/huebsch.com\/vn-international\/lien-he\/dieu-khoan-su-dung\/\">\u0110i\u1ec1u kho\u1ea3n s\u1eed d\u1ee5ng<\/a><\/li>\n<\/ul>\n<\/li>\n<li class=\"sitemap-item page_item page-item-15219\"><a href=\"https:\/\/huebsch.com\/vn-international\/yeu-cau-bao-gia\/\">Li\u00ean h\u1ec7<\/a><\/li>\n<li class=\"sitemap-item page_item page-item-15195\"><a href=\"https:\/\/huebsch.com\/vn-international\/nha-phan-phoi-tot-nhat\/\">Nh\u00e0 ph\u00e2n ph\u1ed1i t\u1ed1t nh\u1ea5t<\/a><\/li>\n<li class=\"sitemap-item page_item page-item-15243 page_item_has_children\"><a href=\"https:\/\/huebsch.com\/vn-international\/san-pham\/\">S\u1ea3n ph\u1ea9m<\/a>\n<ul class='children'>\n\t<li class=\"sitemap-item page_item page-item-15274\"><a href=\"https:\/\/huebsch.com\/vn-international\/san-pham\/cong-nghe-dieu-khien-galaxy-controls\/\">C\u00f4ng ngh\u1ec7 \u0111i\u1ec1u khi\u1ec3n Galaxy Controls<\/a><\/li>\n\t<li class=\"sitemap-item page_item page-item-15252\"><a href=\"https:\/\/huebsch.com\/vn-international\/san-pham\/diem-nhan-trong-thiet-ke\/\">\u0110i\u1ec3m nh\u1ea5n trong Thi\u1ebft k\u1ebf<\/a><\/li>\n\t<li class=\"sitemap-item page_item page-item-15303 page_item_has_children\"><a href=\"https:\/\/huebsch.com\/vn-international\/san-pham\/giat-la-tai-cho\/\">Gi\u1eb7t s\u1ea5y t\u1ea1i ch\u1ed7<\/a>\n\t<ul class='children'>\n\t\t<li class=\"sitemap-item page_item page-item-15301\"><a href=\"https:\/\/huebsch.com\/vn-international\/san-pham\/giat-la-tai-cho\/may-giat-vat-chan-mem\/\">M\u00e1y gi\u1eb7t-v\u1eaft ch\u00e2n m\u1ec1m<\/a><\/li>\n\t\t<li class=\"sitemap-item page_item page-item-15328\"><a href=\"https:\/\/huebsch.com\/vn-international\/san-pham\/giat-la-tai-cho\/may-say-nhiet-thuong-mai\/\">M\u00e1y s\u1ea5y nhi\u1ec7t th\u01b0\u01a1ng m\u1ea1i<\/a><\/li>\n\t\t<li class=\"sitemap-item page_item page-item-15317\"><a href=\"https:\/\/huebsch.com\/vn-international\/san-pham\/giat-la-tai-cho\/tu-giat-vat\/\">T\u1ee7 gi\u1eb7t - v\u1eaft<\/a><\/li>\n\t<\/ul>\n<\/li>\n\t<li class=\"sitemap-item page_item page-item-15326 page_item_has_children\"><a href=\"https:\/\/huebsch.com\/vn-international\/san-pham\/giat-la-thuong-mai\/\">Gi\u1eb7t s\u1ea5y th\u01b0\u01a1ng m\u1ea1i<\/a>\n\t<ul class='children'>\n\t\t<li class=\"sitemap-item page_item page-item-15311\"><a href=\"https:\/\/huebsch.com\/vn-international\/san-pham\/giat-la-thuong-mai\/may-giat-long-dung\/\">M\u00e1y gi\u1eb7t l\u1ed3ng \u0111\u1ee9ng<\/a><\/li>\n\t\t<li class=\"sitemap-item page_item page-item-15313\"><a href=\"https:\/\/huebsch.com\/vn-international\/san-pham\/giat-la-thuong-mai\/may-giat-long-ngang\/\">M\u00e1y gi\u1eb7t l\u1ed3ng ngang<\/a><\/li>\n\t\t<li class=\"sitemap-item page_item page-item-15309\"><a href=\"https:\/\/huebsch.com\/vn-international\/san-pham\/giat-la-thuong-mai\/may-giat-vat-thuong-mai\/\">M\u00e1y gi\u1eb7t-v\u1eaft th\u01b0\u01a1ng m\u1ea1i<\/a><\/li>\n\t\t<li class=\"sitemap-item page_item page-item-15307\"><a href=\"https:\/\/huebsch.com\/vn-international\/san-pham\/giat-la-thuong-mai\/may-say-don\/\">M\u00e1y s\u1ea5y \u0111\u01a1n<\/a><\/li>\n\t\t<li class=\"sitemap-item page_item page-item-15324\"><a href=\"https:\/\/huebsch.com\/vn-international\/san-pham\/giat-la-thuong-mai\/may-say-nhiet-thuong-mai\/\">M\u00e1y s\u1ea5y th\u01b0\u01a1ng m\u1ea1i<\/a><\/li>\n\t<\/ul>\n<\/li>\n\t<li class=\"sitemap-item page_item page-item-15272 page_item_has_children\"><a href=\"https:\/\/huebsch.com\/vn-international\/san-pham\/giat-la-thuong-mai-tai-trong-nhe\/\">Gi\u1eb7t s\u1ea5y th\u01b0\u01a1ng m\u1ea1i t\u1ea3i tr\u1ecdng nh\u1eb9<\/a>\n\t<ul class='children'>\n\t\t<li class=\"sitemap-item page_item page-item-15330\"><a href=\"https:\/\/huebsch.com\/vn-international\/san-pham\/giat-la-thuong-mai-tai-trong-nhe\/may-giat-long-dung\/\">M\u00e1y gi\u1eb7t l\u1ed3ng \u0111\u1ee9ng<\/a><\/li>\n\t\t<li class=\"sitemap-item page_item page-item-15298\"><a href=\"https:\/\/huebsch.com\/vn-international\/san-pham\/giat-la-thuong-mai-tai-trong-nhe\/may-giat-long-ngang\/\">M\u00e1y gi\u1eb7t l\u1ed3ng ngang<\/a><\/li>\n\t\t<li class=\"sitemap-item page_item page-item-15305\"><a href=\"https:\/\/huebsch.com\/vn-international\/san-pham\/giat-la-thuong-mai-tai-trong-nhe\/may-giat-may-say-xep-chong-len-nhau-thuong-mai\/\">M\u00e1y gi\u1eb7t\/m\u00e1y s\u1ea5y x\u1ebfp ch\u1ed3ng l\u00ean nhau th\u01b0\u01a1ng m\u1ea1i<\/a><\/li>\n\t\t<li class=\"sitemap-item page_item page-item-15293\"><a href=\"https:\/\/huebsch.com\/vn-international\/san-pham\/giat-la-thuong-mai-tai-trong-nhe\/may-say-nhiet-thuong-mai\/\">M\u00e1y s\u1ea5y nhi\u1ec7t th\u01b0\u01a1ng m\u1ea1i<\/a><\/li>\n\t<\/ul>\n<\/li>\n<\/ul>\n<\/li>\n<li class=\"sitemap-item page_item page-item-15323\"><a href=\"https:\/\/huebsch.com\/vn-international\/so-do-trang-web\/\">S\u01a1 \u0111\u1ed3 trang web<\/a><\/li>\n<li class=\"sitemap-item page_item page-item-15200\"><a href=\"https:\/\/huebsch.com\/vn-international\/tim-kiem\/\">T\u00ecm ki\u1ebfm<\/a><\/li>\n<li class=\"sitemap-item page_item page-item-15209 page_item_has_children\"><a href=\"https:\/\/huebsch.com\/vn-international\/tin-tuc\/\">Tin t\u1ee9c<\/a>\n<ul class='children'>\n\t<li class=\"sitemap-item page_item page-item-15229\"><a href=\"https:\/\/huebsch.com\/vn-international\/tin-tuc\/duck-river-laundry\/\">Duck River Laundry<\/a><\/li>\n\t<li class=\"sitemap-item page_item page-item-15207\"><a href=\"https:\/\/huebsch.com\/vn-international\/tin-tuc\/earlybird-laundromats\/\">Earlybird Laundromats<\/a><\/li>\n\t<li class=\"sitemap-item page_item page-item-15223\"><a href=\"https:\/\/huebsch.com\/vn-international\/tin-tuc\/galloway-enterprises-coin-laundry\/\">Galloway Enterprises Coin Laundry<\/a><\/li>\n\t<li class=\"sitemap-item page_item page-item-15236\"><a href=\"https:\/\/huebsch.com\/vn-international\/tin-tuc\/insights\/\">Insights<\/a><\/li>\n\t<li class=\"sitemap-item page_item page-item-15234\"><a href=\"https:\/\/huebsch.com\/vn-international\/tin-tuc\/jennifer-haleys-coin-laundromat\/\">Jennifer Haley's Coin Laundromat<\/a><\/li>\n\t<li class=\"sitemap-item page_item page-item-15332\"><a href=\"https:\/\/huebsch.com\/vn-international\/tin-tuc\/laundry-land\/\">Laundry Land<\/a><\/li>\n\t<li class=\"sitemap-item page_item page-item-15241\"><a href=\"https:\/\/huebsch.com\/vn-international\/tin-tuc\/laundry-lounge\/\">Laundry Lounge<\/a><\/li>\n\t<li class=\"sitemap-item page_item page-item-15239\"><a href=\"https:\/\/huebsch.com\/vn-international\/tin-tuc\/national-laundry\/\">National Laundry<\/a><\/li>\n\t<li class=\"sitemap-item page_item page-item-15245\"><a href=\"https:\/\/huebsch.com\/vn-international\/tin-tuc\/northside-coin-laundry-saginaw-laundry-center\/\">Northside Coin Laundry &amp; Saginaw Laundry Center<\/a><\/li>\n\t<li class=\"sitemap-item page_item page-item-15237\"><a href=\"https:\/\/huebsch.com\/vn-international\/tin-tuc\/sma-laundromat-resource-center\/\">SMA Laundromat &amp; Resource Center<\/a><\/li>\n\t<li class=\"sitemap-item page_item page-item-15247\"><a href=\"https:\/\/huebsch.com\/vn-international\/tin-tuc\/speed-coin-laundry\/\">Speed Coin Laundry<\/a><\/li>\n\t<li class=\"sitemap-item page_item page-item-15284\"><a href=\"https:\/\/huebsch.com\/vn-international\/tin-tuc\/spin-city-laundromats\/\">Spin City Laundromats<\/a><\/li>\n\t<li class=\"sitemap-item page_item page-item-15249\"><a href=\"https:\/\/huebsch.com\/vn-international\/tin-tuc\/sun-valley-laundromats\/\">Sun Valley Laundromats<\/a><\/li>\n\t<li class=\"sitemap-item page_item page-item-15285\"><a href=\"https:\/\/huebsch.com\/vn-international\/tin-tuc\/the-laundry-room-laundromat\/\">The Laundry Room Laundromat<\/a><\/li>\n\t<li class=\"sitemap-item page_item page-item-15282\"><a href=\"https:\/\/huebsch.com\/vn-international\/tin-tuc\/tropical-laundry\/\">Tropical Laundry<\/a><\/li>\n\t<li class=\"sitemap-item page_item page-item-15280\"><a href=\"https:\/\/huebsch.com\/vn-international\/tin-tuc\/wash-co\/\">Wash CO.<\/a><\/li>\n\t<li class=\"sitemap-item page_item page-item-15278\"><a href=\"https:\/\/huebsch.com\/vn-international\/tin-tuc\/wash-n-go-coin-laundromat\/\">Wash-N-Go Coin Laundromat<\/a><\/li>\n\t<li class=\"sitemap-item page_item page-item-15276\"><a href=\"https:\/\/huebsch.com\/vn-international\/tin-tuc\/west-airport-washateria\/\">West Airport Washateria<\/a><\/li>\n<\/ul>\n<\/li>\n<li class=\"sitemap-item page_item page-item-15211\"><a href=\"https:\/\/huebsch.com\/vn-international\/\">Trang ch\u1ee7<\/a><\/li>\n<\/ul><\/div><\/div><br style=\"clear: both;\">\n","protected":false},"excerpt":{"rendered":"<p>Huebsch VN-International Sitemap<\/p>\n","protected":false},"author":4,"featured_media":0,"parent":0,"menu_order":0,"comment_status":"closed","ping_status":"closed","template":"","meta":{"_acf_changed":false,"footnotes":""},"class_list":["post-15323","page","type-page","status-publish","hentry"],"acf":[],"yoast_head":"<!-- This site is optimized with the Yoast SEO Premium plugin v20.12 (Yoast SEO v26.5) - https:\/\/yoast.com\/wordpress\/plugins\/seo\/ -->\n<title>S\u01a1 \u0111\u1ed3 trang web - Huebsch Vietnam<\/title>\n<meta name=\"robots\" content=\"index, follow, max-snippet:-1, max-image-preview:large, max-video-preview:-1\" \/>\n<link rel=\"canonical\" href=\"https:\/\/huebsch.com\/vn-international\/so-do-trang-web\/\" \/>\n<meta property=\"og:locale\" content=\"vi_VN\" \/>\n<meta property=\"og:type\" content=\"article\" \/>\n<meta property=\"og:title\" content=\"S\u01a1 \u0111\u1ed3 trang web\" \/>\n<meta property=\"og:description\" content=\"Huebsch VN-International Sitemap\" \/>\n<meta property=\"og:url\" content=\"https:\/\/huebsch.com\/vn-international\/so-do-trang-web\/\" \/>\n<meta property=\"og:site_name\" content=\"Huebsch Vietnam\" \/>\n<meta property=\"article:publisher\" content=\"https:\/\/www.facebook.com\/Huebsch\/\" \/>\n<meta property=\"article:modified_time\" content=\"2020-04-28T18:08:32+00:00\" \/>\n<meta name=\"twitter:card\" content=\"summary_large_image\" \/>\n<script type=\"application\/ld+json\" class=\"yoast-schema-graph\">{\"@context\":\"https:\/\/schema.org\",\"@graph\":[{\"@type\":\"WebPage\",\"@id\":\"https:\/\/huebsch.com\/vn-international\/so-do-trang-web\/\",\"url\":\"https:\/\/huebsch.com\/vn-international\/so-do-trang-web\/\",\"name\":\"S\u01a1 \u0111\u1ed3 trang web - Huebsch Vietnam\",\"isPartOf\":{\"@id\":\"https:\/\/huebsch.com\/vn-international\/#website\"},\"datePublished\":\"2019-04-27T12:44:46+00:00\",\"dateModified\":\"2020-04-28T18:08:32+00:00\",\"breadcrumb\":{\"@id\":\"https:\/\/huebsch.com\/vn-international\/so-do-trang-web\/#breadcrumb\"},\"inLanguage\":\"vi-VN\",\"potentialAction\":[{\"@type\":\"ReadAction\",\"target\":[\"https:\/\/huebsch.com\/vn-international\/so-do-trang-web\/\"]}]},{\"@type\":\"BreadcrumbList\",\"@id\":\"https:\/\/huebsch.com\/vn-international\/so-do-trang-web\/#breadcrumb\",\"itemListElement\":[{\"@type\":\"ListItem\",\"position\":1,\"name\":\"Home\",\"item\":\"https:\/\/huebsch.com\/vn-international\/\"},{\"@type\":\"ListItem\",\"position\":2,\"name\":\"S\u01a1 \u0111\u1ed3 trang web\"}]},{\"@type\":\"WebSite\",\"@id\":\"https:\/\/huebsch.com\/vn-international\/#website\",\"url\":\"https:\/\/huebsch.com\/vn-international\/\",\"name\":\"Huebsch Vietnam\",\"description\":\"Your Smart Laundry Partner\",\"publisher\":{\"@id\":\"https:\/\/huebsch.com\/vn-international\/#organization\"},\"potentialAction\":[{\"@type\":\"SearchAction\",\"target\":{\"@type\":\"EntryPoint\",\"urlTemplate\":\"https:\/\/huebsch.com\/vn-international\/?s={search_term_string}\"},\"query-input\":{\"@type\":\"PropertyValueSpecification\",\"valueRequired\":true,\"valueName\":\"search_term_string\"}}],\"inLanguage\":\"vi-VN\"},{\"@type\":\"Organization\",\"@id\":\"https:\/\/huebsch.com\/vn-international\/#organization\",\"name\":\"Huebsch\",\"url\":\"https:\/\/huebsch.com\/vn-international\/\",\"logo\":{\"@type\":\"ImageObject\",\"inLanguage\":\"vi-VN\",\"@id\":\"https:\/\/huebsch.com\/vn-international\/#\/schema\/logo\/image\/\",\"url\":\"https:\/\/huebsch.com\/vn-international\/wp-content\/uploads\/sites\/13\/2019\/04\/Huebsch_Color_RGB-e1554987923330.png\",\"contentUrl\":\"https:\/\/huebsch.com\/vn-international\/wp-content\/uploads\/sites\/13\/2019\/04\/Huebsch_Color_RGB-e1554987923330.png\",\"width\":295,\"height\":70,\"caption\":\"Huebsch\"},\"image\":{\"@id\":\"https:\/\/huebsch.com\/vn-international\/#\/schema\/logo\/image\/\"},\"sameAs\":[\"https:\/\/www.facebook.com\/Huebsch\/\"]}]}<\/script>\n<!-- \/ Yoast SEO Premium plugin. -->","yoast_head_json":{"title":"S\u01a1 \u0111\u1ed3 trang web - Huebsch Vietnam","robots":{"index":"index","follow":"follow","max-snippet":"max-snippet:-1","max-image-preview":"max-image-preview:large","max-video-preview":"max-video-preview:-1"},"canonical":"https:\/\/huebsch.com\/vn-international\/so-do-trang-web\/","og_locale":"vi_VN","og_type":"article","og_title":"S\u01a1 \u0111\u1ed3 trang web","og_description":"Huebsch VN-International Sitemap","og_url":"https:\/\/huebsch.com\/vn-international\/so-do-trang-web\/","og_site_name":"Huebsch Vietnam","article_publisher":"https:\/\/www.facebook.com\/Huebsch\/","article_modified_time":"2020-04-28T18:08:32+00:00","twitter_card":"summary_large_image","schema":{"@context":"https:\/\/schema.org","@graph":[{"@type":"WebPage","@id":"https:\/\/huebsch.com\/vn-international\/so-do-trang-web\/","url":"https:\/\/huebsch.com\/vn-international\/so-do-trang-web\/","name":"S\u01a1 \u0111\u1ed3 trang web - Huebsch Vietnam","isPartOf":{"@id":"https:\/\/huebsch.com\/vn-international\/#website"},"datePublished":"2019-04-27T12:44:46+00:00","dateModified":"2020-04-28T18:08:32+00:00","breadcrumb":{"@id":"https:\/\/huebsch.com\/vn-international\/so-do-trang-web\/#breadcrumb"},"inLanguage":"vi-VN","potentialAction":[{"@type":"ReadAction","target":["https:\/\/huebsch.com\/vn-international\/so-do-trang-web\/"]}]},{"@type":"BreadcrumbList","@id":"https:\/\/huebsch.com\/vn-international\/so-do-trang-web\/#breadcrumb","itemListElement":[{"@type":"ListItem","position":1,"name":"Home","item":"https:\/\/huebsch.com\/vn-international\/"},{"@type":"ListItem","position":2,"name":"S\u01a1 \u0111\u1ed3 trang web"}]},{"@type":"WebSite","@id":"https:\/\/huebsch.com\/vn-international\/#website","url":"https:\/\/huebsch.com\/vn-international\/","name":"Huebsch Vietnam","description":"Your Smart Laundry Partner","publisher":{"@id":"https:\/\/huebsch.com\/vn-international\/#organization"},"potentialAction":[{"@type":"SearchAction","target":{"@type":"EntryPoint","urlTemplate":"https:\/\/huebsch.com\/vn-international\/?s={search_term_string}"},"query-input":{"@type":"PropertyValueSpecification","valueRequired":true,"valueName":"search_term_string"}}],"inLanguage":"vi-VN"},{"@type":"Organization","@id":"https:\/\/huebsch.com\/vn-international\/#organization","name":"Huebsch","url":"https:\/\/huebsch.com\/vn-international\/","logo":{"@type":"ImageObject","inLanguage":"vi-VN","@id":"https:\/\/huebsch.com\/vn-international\/#\/schema\/logo\/image\/","url":"https:\/\/huebsch.com\/vn-international\/wp-content\/uploads\/sites\/13\/2019\/04\/Huebsch_Color_RGB-e1554987923330.png","contentUrl":"https:\/\/huebsch.com\/vn-international\/wp-content\/uploads\/sites\/13\/2019\/04\/Huebsch_Color_RGB-e1554987923330.png","width":295,"height":70,"caption":"Huebsch"},"image":{"@id":"https:\/\/huebsch.com\/vn-international\/#\/schema\/logo\/image\/"},"sameAs":["https:\/\/www.facebook.com\/Huebsch\/"]}]}},"_links":{"self":[{"href":"https:\/\/huebsch.com\/vn-international\/wp-json\/wp\/v2\/pages\/15323","targetHints":{"allow":["GET"]}}],"collection":[{"href":"https:\/\/huebsch.com\/vn-international\/wp-json\/wp\/v2\/pages"}],"about":[{"href":"https:\/\/huebsch.com\/vn-international\/wp-json\/wp\/v2\/types\/page"}],"author":[{"embeddable":true,"href":"https:\/\/huebsch.com\/vn-international\/wp-json\/wp\/v2\/users\/4"}],"replies":[{"embeddable":true,"href":"https:\/\/huebsch.com\/vn-international\/wp-json\/wp\/v2\/comments?post=15323"}],"version-history":[{"count":2,"href":"https:\/\/huebsch.com\/vn-international\/wp-json\/wp\/v2\/pages\/15323\/revisions"}],"predecessor-version":[{"id":15812,"href":"https:\/\/huebsch.com\/vn-international\/wp-json\/wp\/v2\/pages\/15323\/revisions\/15812"}],"wp:attachment":[{"href":"https:\/\/huebsch.com\/vn-international\/wp-json\/wp\/v2\/media?parent=15323"}],"curies":[{"name":"wp","href":"https:\/\/api.w.org\/{rel}","templated":true}]}}