{"id":15309,"date":"2019-05-06T06:57:57","date_gmt":"2019-05-06T06:57:57","guid":{"rendered":"http:\/\/huebsch-php74.bitnamiapp.com\/vn-international\/commercial-washer-extractors\/"},"modified":"2020-04-22T17:20:43","modified_gmt":"2020-04-22T17:20:43","slug":"may-giat-vat-thuong-mai","status":"publish","type":"page","link":"https:\/\/huebsch.com\/vn-international\/san-pham\/giat-la-thuong-mai\/may-giat-vat-thuong-mai\/","title":{"rendered":"M\u00e1y gi\u1eb7t-v\u1eaft th\u01b0\u01a1ng m\u1ea1i"},"content":{"rendered":"<p><div class=\"fusion-fullwidth fullwidth-box fusion-builder-row-1 nonhundred-percent-fullwidth non-hundred-percent-height-scrolling\" style=\"--awb-border-radius-top-left:0px;--awb-border-radius-top-right:0px;--awb-border-radius-bottom-right:0px;--awb-border-radius-bottom-left:0px;--awb-flex-wrap:wrap;\" ><div class=\"fusion-builder-row fusion-row\"><div class=\"fusion-layout-column fusion_builder_column fusion-builder-column-0 fusion_builder_column_2_3 2_3 fusion-two-third fusion-column-first\" style=\"--awb-bg-size:cover;width:66.666666666667%;width:calc(66.666666666667% - ( ( 4% ) * 0.66666666666667 ) );margin-right: 4%;\"><div class=\"fusion-column-wrapper fusion-column-has-shadow fusion-flex-column-wrapper-legacy\"><div class=\"fusion-title title fusion-title-1 fusion-sep-none fusion-title-text fusion-title-size-one\"><h1 class=\"fusion-title-heading title-heading-left fusion-responsive-typography-calculated\" style=\"margin:0;--fontSize:33;line-height:1.45;\">M\u00e1y gi\u1eb7t-v\u1eaft Galaxy<sup> TM<\/sup> t\u1ef1 \u0111\u1ed9ng v\u1edbi c\u00f4ng ngh\u1ec7 eBoost<sup class=\"green\"> TM<\/sup><\/h1><\/div><div class=\"fusion-builder-row fusion-builder-row-inner fusion-row\"><div class=\"fusion-layout-column fusion_builder_column_inner fusion-builder-nested-column-0 fusion_builder_column_inner_1_4 1_4 fusion-one-fourth fusion-column-first\" style=\"--awb-bg-size:cover;width:25%;width:calc(25% - ( ( 4% ) * 0.25 ) );margin-right: 4%;\"><div class=\"fusion-column-wrapper fusion-column-has-shadow fusion-flex-column-wrapper-legacy\"><div class=\"fusion-image-element fusion-image-align-center in-legacy-container\" style=\"text-align:center;--awb-caption-title-font-family:var(--h2_typography-font-family);--awb-caption-title-font-weight:var(--h2_typography-font-weight);--awb-caption-title-font-style:var(--h2_typography-font-style);--awb-caption-title-size:var(--h2_typography-font-size);--awb-caption-title-transform:var(--h2_typography-text-transform);--awb-caption-title-line-height:var(--h2_typography-line-height);--awb-caption-title-letter-spacing:var(--h2_typography-letter-spacing);\"><div class=\"imageframe-align-center\"><span class=\" fusion-imageframe imageframe-none imageframe-1 hover-type-none\"><img decoding=\"async\" width=\"179\" height=\"229\" title=\"HC040_Drop_Glxy600_Citron_Front\" data-src=\"https:\/\/huebsch.com\/vn-international\/wp-content\/uploads\/sites\/13\/2019\/07\/HC040_Drop_Glxy600_Citron_Front-1.jpg\" alt class=\"img-responsive wp-image-14403 lazyload\" src=\"data:image\/svg+xml;base64,PHN2ZyB3aWR0aD0iMSIgaGVpZ2h0PSIxIiB4bWxucz0iaHR0cDovL3d3dy53My5vcmcvMjAwMC9zdmciPjwvc3ZnPg==\" style=\"--smush-placeholder-width: 179px; --smush-placeholder-aspect-ratio: 179\/229;\" \/><\/span><\/div><\/div><div class=\"fusion-image-element fusion-image-align-center in-legacy-container\" style=\"text-align:center;--awb-caption-title-font-family:var(--h2_typography-font-family);--awb-caption-title-font-weight:var(--h2_typography-font-weight);--awb-caption-title-font-style:var(--h2_typography-font-style);--awb-caption-title-size:var(--h2_typography-font-size);--awb-caption-title-transform:var(--h2_typography-text-transform);--awb-caption-title-line-height:var(--h2_typography-line-height);--awb-caption-title-letter-spacing:var(--h2_typography-letter-spacing);\"><div class=\"imageframe-align-center\"><span class=\" fusion-imageframe imageframe-none imageframe-2 hover-type-none\"><img decoding=\"async\" width=\"102\" height=\"25\" title=\"eboost_logo\" data-src=\"https:\/\/huebsch.com\/vn-international\/wp-content\/uploads\/sites\/13\/2019\/05\/eboost_logo.gif\" alt class=\"img-responsive wp-image-12964 lazyload\" data-srcset=\"https:\/\/huebsch.com\/vn-international\/wp-content\/uploads\/sites\/13\/2019\/05\/eboost_logo-100x25.gif 100w, https:\/\/huebsch.com\/vn-international\/wp-content\/uploads\/sites\/13\/2019\/05\/eboost_logo.gif 102w\" data-sizes=\"(max-width: 102px) 100vw, 102px\" src=\"data:image\/svg+xml;base64,PHN2ZyB3aWR0aD0iMSIgaGVpZ2h0PSIxIiB4bWxucz0iaHR0cDovL3d3dy53My5vcmcvMjAwMC9zdmciPjwvc3ZnPg==\" style=\"--smush-placeholder-width: 102px; --smush-placeholder-aspect-ratio: 102\/25;\" \/><\/span><\/div><\/div><div class=\"fusion-clearfix\"><\/div><\/div><\/div><div class=\"fusion-layout-column fusion_builder_column_inner fusion-builder-nested-column-1 fusion_builder_column_inner_3_4 3_4 fusion-three-fourth fusion-column-last\" style=\"--awb-bg-size:cover;width:75%;width:calc(75% - ( ( 4% ) * 0.75 ) );\"><div class=\"fusion-column-wrapper fusion-column-has-shadow fusion-flex-column-wrapper-legacy\"><div class=\"fusion-text fusion-text-1\"><p>M\u00e1y gi\u1eb7t-v\u1eaft <span class=\"fusion-tooltip tooltip-shortcode\" data-animation=\"\" data-delay=\"0\" data-placement=\"top\" data-title=\"Gi\u1eb7t l\u00e0 Huebsch\" title=\"Gi\u1eb7t l\u00e0 Huebsch\" data-toggle=\"tooltip\" data-trigger=\"hover\"><strong>Huebsch\u00ae<\/strong><\/span> \u0111\u01b0a ch\u1ea5t l\u01b0\u1ee3ng, <a href=\"\/vn-international\/ho-tro\/?lang=vi\">hi\u1ec7u su\u1ea5t \u0111\u00e1ng tin<\/a> c\u1eady v\u00e0 hi\u1ec7u qu\u1ea3 l\u00ean m\u1ed9t t\u1ea7m cao m\u1edbi. V\u1edbi c\u00f4ng ngh\u1ec7 \u0111i\u1ec1u khi\u1ec3n Galaxy th\u00e2n thi\u1ec7n v\u1edbi ng\u01b0\u1eddi d\u00f9ng, m\u00e1y gi\u1eb7t-v\u1eaft Huebsch cung c\u1ea5p nhi\u1ec1u l\u1ef1a ch\u1ecdn gi\u1eb7t m\u00e0 kh\u00e1ch h\u00e0ng mu\u1ed1n v\u00e0 nh\u1eefng ng\u01b0\u1eddi s\u1edf h\u1eefu chi\u1ebfc m\u00e1y n\u00e0y \u0111\u00e1nh gi\u00e1 cao v\u1ec1 ti\u1ec1m n\u0103ng l\u1ee3i nhu\u1eadn c\u1ee7a ch\u00fang<\/p>\n<p>V\u1edbi dung t\u00edch ch\u1ee9a 20, 30, 40, 60, 80 v\u00e0 100 lb, m\u00e1y gi\u1eb7t-v\u1eaft c\u1ee7a <span class=\"fusion-tooltip tooltip-shortcode\" data-animation=\"\" data-delay=\"0\" data-placement=\"top\" data-title=\"Gi\u1eb7t l\u00e0 Huebsch\" title=\"Gi\u1eb7t l\u00e0 Huebsch\" data-toggle=\"tooltip\" data-trigger=\"hover\"><strong>Huebsch\u00ae<\/strong><\/span> v\u1edbi c\u00f4ng ngh\u1ec7 eBoost \u0111\u01b0\u1ee3c ch\u1ebf t\u1ea1o \u0111\u1ec3 \u0111\u1ea1t hi\u1ec7u su\u1ea5t t\u1ed1i \u0111a.<\/p>\n<\/div><div class=\"fusion-clearfix\"><\/div><\/div><\/div><\/div><div class=\"fusion-text fusion-text-2\"><h2 style=\"margin-bottom: 3px\"><strong>T\u00ednh n\u0103ng c\u1ee7a S\u1ea3n ph\u1ea9m bao g\u1ed3m:<\/strong><\/h2>\n<ul style=\"margin-top: 0px\">\n<li>C\u00f4ng ngh\u1ec7 c\u1ea3i ti\u1ebfn t\u1ed1c \u0111\u1ed9 quay 200 G-Force, lo\u1ea1i b\u1ecf nhi\u1ec1u n\u01b0\u1edbc h\u01a1n v\u1edbi th\u1eddi gian v\u1eaft ng\u1eafn h\u01a1n, gi\u00fap h\u00f3a \u0111\u01a1n ti\u1ec1n \u0111i\u1ec7n th\u1ea5p h\u01a1n.<\/li>\n<li>C\u00f4ng ngh\u1ec7 bi\u1ebfn t\u1ea7n \u0111\u1ed9c quy\u1ec1n cung c\u1ea5p n\u0103ng l\u01b0\u1ee3ng tr\u01a1n tru, \u0111\u00e1ng tin c\u1eady \u0111\u1ec3 \u0111em l\u1ea1i hi\u1ec7u su\u1ea5t gi\u1eb7t v\u00e0 v\u1eaft t\u1ed1t h\u01a1n.<\/li>\n<li>Thi\u1ebft k\u1ebf h\u1ec7 th\u1ed1ng xi lanh\/b\u1ec3 l\u1eafng c\u1ea3i ti\u1ebfn gi\u00fap t\u1ed1i \u01b0u h\u00f3a vi\u1ec7c s\u1eed d\u1ee5ng n\u01b0\u1edbc nh\u1eb1m \u0111\u1ea1t \u0111\u01b0\u1ee3c n\u0103ng l\u01b0\u1ee3ng l\u00e0m s\u1ea1ch t\u1ed1i \u0111a v\u00e0 mang l\u1ea1i s\u1ef1 h\u00e0i l\u00f2ng cho kh\u00e1ch h\u00e0ng, \u0111\u1ed3ng th\u1eddi gi\u1ea3m l\u01b0\u1ee3ng n\u01b0\u1edbc kh\u00f4ng r\u1eeda b\u00ean d\u01b0\u1edbi xi lanh.<\/li>\n<li>C\u00f4ng ngh\u1ec7 Water Patent\u2122 \u0111\u01b0\u1ee3c c\u1ea5p b\u1eb1ng s\u00e1ng ch\u1ebf gi\u00fap ph\u00e1t hi\u1ec7n r\u00f2 r\u1ec9 cho c\u1ea3 van x\u1ea3 v\u00e0 van c\u1ea5p, tr\u00e1nh l\u00e3ng ph\u00ed n\u01b0\u1edbc v\u00e0 t\u00e0i nguy\u00ean.<\/li>\n<li>Khung m\u00e1y \u0111\u01b0\u1ee3c t\u1ed1i \u01b0u h\u00f3a b\u1eb1ng m\u00e1y t\u00ednh, cho k\u1ebft c\u1ea5u v\u1eefng ch\u1eafc h\u01a1n, ho\u1ea1t \u0111\u1ed9ng y\u00ean t\u0129nh h\u01a1n v\u00e0 \u00edt rung l\u1eafc h\u01a1n<\/li>\n<li>Ph\u1edbt v\u00e0 v\u00f2ng bi \u0111\u01b0\u1ee3c thi\u1ebft k\u1ebf v\u1edbi kh\u1ea3 n\u0103ng ch\u1ed1ng \u0103n m\u00f2n t\u1ed1i \u01b0u, ch\u1ed1ng n\u01b0\u1edbc, ch\u1ed1ng m\u00e0i m\u00f2n v\u00e0 ch\u1ed1ng nhi\u1ec7t cao c\u1ea5p g\u1ea5p b\u1ea3y l\u1ea7n.<\/li>\n<li>Bao g\u1ed3m phi\u1ebfu b\u1ea3o h\u00e0nh <a href=\"\/vn-international\/ho-tro\/?lang=vi\">10 n\u0103m h\u00e0ng<\/a> \u0111\u1ea7u trong ng\u00e0nh, v\u00e0 c\u00f3 th\u1ec3 chuy\u1ec3n nh\u01b0\u1ee3ng \u0111\u01b0\u1ee3c.<\/li>\n<li>B\u1ea3ng \u0111i\u1ec1u khi\u1ec3n Slate \u0111\u1ea1t ti\u00eau chu\u1ea9n tr\u00ean m\u00e1y gi\u1eb7t-v\u1eaft, m\u00e1y s\u1ea5y nhi\u1ec7t v\u00e0 m\u00e1y s\u1ea5y x\u1ebfp ch\u1ed3ng v\u1edbi c\u00f4ng ngh\u1ec7 \u0111i\u1ec1u khi\u1ec3n Galaxy 600 v\u00e0 Galaxy 500 Cityscape v\u00e0 Citron l\u00e0 nh\u1eefng n\u00e2ng c\u1ea5p c\u00f3 s\u1eb5n.<\/li>\n<\/ul>\n<\/div><div class=\"fusion-clearfix\"><\/div><\/div><\/div><div class=\"fusion-layout-column fusion_builder_column fusion-builder-column-1 fusion_builder_column_1_3 1_3 fusion-one-third fusion-column-last\" style=\"--awb-bg-size:cover;width:33.333333333333%;width:calc(33.333333333333% - ( ( 4% ) * 0.33333333333333 ) );\"><div class=\"fusion-column-wrapper fusion-column-has-shadow fusion-flex-column-wrapper-legacy\"><div class=\"fusion-text fusion-text-3\"><h2 style=\"margin-bottom: 3px\">T\u00ecm hi\u1ec3u nhi\u1ec1u h\u01a1n v\u1ec1 S\u1ea3n ph\u1ea9m c\u1ee7a Ch\u00fang t\u00f4i<\/h2>\n<p style=\"margin-top: 0px\">Xem video \u0111\u1ec3 t\u00ecm hi\u1ec3u th\u00eam v\u1ec1 s\u1ef1 ph\u00e1t tri\u1ec3n c\u1ee7a <span class=\"fusion-tooltip tooltip-shortcode\" data-animation=\"\" data-delay=\"0\" data-placement=\"top\" data-title=\"Gi\u1eb7t l\u00e0 Huebsch\" title=\"Gi\u1eb7t l\u00e0 Huebsch\" data-toggle=\"tooltip\" data-trigger=\"hover\"><strong>Huebsch\u00ae<\/strong><\/span> Laundry.<\/p>\n<\/div><div class=\"fusion-video fusion-youtube fusion-aligncenter\" style=\"--awb-max-width:600px;--awb-max-height:360px;--awb-width:100%;\"><div class=\"video-shortcode\"><div class=\"fluid-width-video-wrapper\" style=\"padding-top:60%;\" ><iframe title=\"YouTube video player 1\" data-src=\"https:\/\/www.youtube.com\/embed\/MtcSY53gCd4?wmode=transparent&autoplay=0\" width=\"600\" height=\"360\" allowfullscreen allow=\"autoplay; clipboard-write; encrypted-media; gyroscope; picture-in-picture;\" src=\"data:image\/svg+xml;base64,PHN2ZyB3aWR0aD0iMSIgaGVpZ2h0PSIxIiB4bWxucz0iaHR0cDovL3d3dy53My5vcmcvMjAwMC9zdmciPjwvc3ZnPg==\" class=\"lazyload\" data-load-mode=\"1\"><\/iframe><\/div><\/div><\/div><div class=\"fusion-sep-clear\"><\/div><div class=\"fusion-separator fusion-full-width-sep\" style=\"margin-left: auto;margin-right: auto;margin-top:12px;margin-bottom:12px;width:100%;\"><\/div><div class=\"fusion-sep-clear\"><\/div><div class=\"fusion-text fusion-text-4\"><p><strong>H\u1ed7 tr\u1ee3<\/strong><br \/>\n<a title=\"t\u00e0i li\u1ec7u qu\u1ea3ng c\u00e1o s\u1ea3n ph\u1ea9m\" href=\"https:\/\/huebsch.com\/vn-international\/ho-tro\/?lang=vi\"><i class=\"far fa-file-pdf\"><\/i> T\u1ea3i xu\u1ed1ng t\u00e0i li\u1ec7u qu\u1ea3ng c\u00e1o s\u1ea3n ph\u1ea9m<\/a><br \/>\n<a href=\"https:\/\/alliancedoc.net\/en-us\/Home\" target=\"_blank\" rel=\"noopener noreferrer\"><i class=\"far fa-file-pdf\"><\/i> T\u1ea3i xu\u1ed1ng Th\u00f4ng tin k\u1ef9 thu\u1eadt s\u1ea3n ph\u1ea9m \u1ea4n ph\u1ea9m\/H\u01b0\u1edbng d\u1eabn s\u1eed d\u1ee5ng<\/a><\/p>\n<\/div><div class=\"fusion-sep-clear\"><\/div><div class=\"fusion-separator fusion-full-width-sep\" style=\"margin-left: auto;margin-right: auto;margin-top:12px;margin-bottom:12px;width:100%;\"><\/div><div class=\"fusion-sep-clear\"><\/div><div class=\"fusion-widget-area awb-widget-area-element fusion-widget-area-1 fusion-content-widget-area\" style=\"--awb-title-size:14px;--awb-title-color:#333333;--awb-padding:0px 0px 0px 0px;\"><div id=\"nav_menu-15\" class=\"widget widget_nav_menu\"><div class=\"heading\"><h4 class=\"widget-title\">S\u1ea3n ph\u1ea9m<\/h4><\/div><div class=\"menu-vended-laundry-vietnamese-container\"><ul id=\"menu-vended-laundry-vietnamese\" class=\"menu\"><li id=\"menu-item-15714\" class=\"menu-item menu-item-type-post_type menu-item-object-page menu-item-has-children menu-item-15714\"><a href=\"https:\/\/huebsch.com\/vn-international\/san-pham\/giat-la-thuong-mai\/\">Gi\u1eb7t s\u1ea5y th\u01b0\u01a1ng m\u1ea1i<\/a>\n<ul class=\"sub-menu\">\n\t<li id=\"menu-item-15715\" class=\"menu-item menu-item-type-post_type menu-item-object-page menu-item-15715\"><a href=\"https:\/\/huebsch.com\/vn-international\/san-pham\/giat-la-thuong-mai\/may-giat-vat-thuong-mai\/\">M\u00e1y gi\u1eb7t-v\u1eaft th\u01b0\u01a1ng m\u1ea1i<\/a><\/li>\n\t<li id=\"menu-item-15716\" class=\"menu-item menu-item-type-post_type menu-item-object-page menu-item-15716\"><a href=\"https:\/\/huebsch.com\/vn-international\/san-pham\/giat-la-thuong-mai\/may-giat-long-ngang\/\">M\u00e1y gi\u1eb7t l\u1ed3ng ngang<\/a><\/li>\n\t<li id=\"menu-item-15717\" class=\"menu-item menu-item-type-post_type menu-item-object-page menu-item-15717\"><a href=\"https:\/\/huebsch.com\/vn-international\/san-pham\/giat-la-thuong-mai\/may-giat-long-dung\/\">M\u00e1y gi\u1eb7t l\u1ed3ng \u0111\u1ee9ng<\/a><\/li>\n\t<li id=\"menu-item-15718\" class=\"menu-item menu-item-type-post_type menu-item-object-page menu-item-15718\"><a href=\"https:\/\/huebsch.com\/vn-international\/san-pham\/giat-la-thuong-mai\/may-say-nhiet-thuong-mai\/\">M\u00e1y s\u1ea5y th\u01b0\u01a1ng m\u1ea1i<\/a><\/li>\n\t<li id=\"menu-item-15719\" class=\"menu-item menu-item-type-post_type menu-item-object-page menu-item-15719\"><a href=\"https:\/\/huebsch.com\/vn-international\/san-pham\/giat-la-thuong-mai\/may-say-don\/\">M\u00e1y s\u1ea5y \u0111\u01a1n<\/a><\/li>\n<\/ul>\n<\/li>\n<li id=\"menu-item-15720\" class=\"menu-item menu-item-type-post_type menu-item-object-page menu-item-15720\"><a href=\"https:\/\/huebsch.com\/vn-international\/san-pham\/giat-la-thuong-mai-tai-trong-nhe\/\">Gi\u1eb7t s\u1ea5y th\u01b0\u01a1ng m\u1ea1i t\u1ea3i tr\u1ecdng nh\u1eb9<\/a><\/li>\n<li id=\"menu-item-15721\" class=\"menu-item menu-item-type-post_type menu-item-object-page menu-item-15721\"><a href=\"https:\/\/huebsch.com\/vn-international\/san-pham\/giat-la-tai-cho\/\">Gi\u1eb7t s\u1ea5y t\u1ea1i ch\u1ed7<\/a><\/li>\n<li id=\"menu-item-15722\" class=\"menu-item menu-item-type-post_type menu-item-object-page menu-item-15722\"><a href=\"https:\/\/huebsch.com\/vn-international\/san-pham\/cong-nghe-dieu-khien-galaxy-controls\/\">C\u00f4ng ngh\u1ec7 \u0111i\u1ec1u khi\u1ec3n Galaxy Controls<\/a><\/li>\n<li id=\"menu-item-15723\" class=\"menu-item menu-item-type-post_type menu-item-object-page menu-item-15723\"><a href=\"https:\/\/huebsch.com\/vn-international\/san-pham\/diem-nhan-trong-thiet-ke\/\">\u0110i\u1ec3m nh\u1ea5n trong Thi\u1ebft k\u1ebf<\/a><\/li>\n<\/ul><\/div><\/div><div class=\"fusion-additional-widget-content\"><\/div><\/div><div class=\"fusion-clearfix\"><\/div><\/div><\/div><\/div><\/div><div class=\"fusion-fullwidth fullwidth-box fusion-builder-row-2 nonhundred-percent-fullwidth non-hundred-percent-height-scrolling\" style=\"--awb-border-radius-top-left:0px;--awb-border-radius-top-right:0px;--awb-border-radius-bottom-right:0px;--awb-border-radius-bottom-left:0px;--awb-padding-top:30px;--awb-margin-top:60px;--awb-background-color:#7eb541;--awb-flex-wrap:wrap;\" ><div class=\"fusion-builder-row fusion-row\"><div class=\"fusion-layout-column fusion_builder_column fusion-builder-column-2 fusion_builder_column_2_3 2_3 fusion-two-third fusion-column-first\" style=\"--awb-bg-size:cover;width:66.666666666667%;width:calc(66.666666666667% - ( ( 4% ) * 0.66666666666667 ) );margin-right: 4%;\"><div class=\"fusion-column-wrapper fusion-column-has-shadow fusion-flex-column-wrapper-legacy\"><div class=\"fusion-title title fusion-title-2 fusion-sep-none fusion-title-text fusion-title-size-one\" style=\"--awb-text-color:#ffffff;--awb-margin-bottom:5px;--awb-margin-bottom-small:5px;\"><h1 class=\"fusion-title-heading title-heading-left fusion-responsive-typography-calculated\" style=\"margin:0;--fontSize:33;line-height:1.45;\">Y\u00eau c\u1ea7u b\u00e1o gi\u00e1<\/h1><\/div><div class=\"fusion-text fusion-text-5\"><p><span style=\"color: #fff\">\u0110i\u1ec1n v\u00e0o m\u1eabu \u0111\u1ec3 y\u00eau c\u1ea7u b\u00e1o gi\u00e1 t\u1eeb chuy\u00ean vi\u00ean kinh doanh c\u1ee7a Huebsch.<\/span><\/p>\n<\/div><div class=\"fusion-clearfix\"><\/div><\/div><\/div><div class=\"fusion-layout-column fusion_builder_column fusion-builder-column-3 fusion_builder_column_1_3 1_3 fusion-one-third fusion-column-last\" style=\"--awb-bg-size:cover;width:33.333333333333%;width:calc(33.333333333333% - ( ( 4% ) * 0.33333333333333 ) );\"><div class=\"fusion-column-wrapper fusion-column-has-shadow fusion-flex-column-wrapper-legacy\"><div class=\"fusion-sep-clear\"><\/div><div class=\"fusion-separator fusion-full-width-sep\" style=\"margin-left: auto;margin-right: auto;margin-top:0px;margin-bottom:22px;width:100%;\"><\/div><div class=\"fusion-sep-clear\"><\/div><div class=\"fusion-align-block\"><a class=\"fusion-button button-flat fusion-button-default-size button-custom fusion-button-default button-1 fusion-button-span-yes fusion-button-default-type\" style=\"--button_accent_color:#ffffff;--button_accent_hover_color:#7eb541;--button_border_hover_color:#7eb541;--button_border_width-top:1px;--button_border_width-right:1px;--button_border_width-bottom:1px;--button_border_width-left:1px;--button_gradient_top_color:#7eb541;--button_gradient_bottom_color:#7eb541;--button_gradient_top_color_hover:#ffffff;--button_gradient_bottom_color_hover:#ffffff;\" target=\"_self\" href=\"https:\/\/huebsch.com\/vn-international\/yeu-cau-bao-gia\/?lang=vi\"><span class=\"fusion-button-text awb-button__text awb-button__text--default\">B\u00e1o gi\u00e1<\/span><\/a><\/div><div class=\"fusion-clearfix\"><\/div><\/div><\/div><\/div><\/div><\/p>\n","protected":false},"excerpt":{"rendered":"","protected":false},"author":4,"featured_media":0,"parent":15326,"menu_order":0,"comment_status":"closed","ping_status":"closed","template":"100-width.php","meta":{"_acf_changed":false,"footnotes":""},"class_list":["post-15309","page","type-page","status-publish","hentry"],"acf":[],"yoast_head":"<!-- This site is optimized with the Yoast SEO Premium plugin v20.12 (Yoast SEO v26.5) - https:\/\/yoast.com\/wordpress\/plugins\/seo\/ -->\n<title>M\u00e1y gi\u1eb7t-v\u1eaft th\u01b0\u01a1ng m\u1ea1i - Huebsch Vietnam<\/title>\n<meta name=\"robots\" content=\"index, follow, max-snippet:-1, max-image-preview:large, max-video-preview:-1\" \/>\n<link rel=\"canonical\" href=\"https:\/\/huebsch.com\/vn-international\/san-pham\/giat-la-thuong-mai\/may-giat-vat-thuong-mai\/\" \/>\n<meta property=\"og:locale\" content=\"vi_VN\" \/>\n<meta property=\"og:type\" content=\"article\" \/>\n<meta property=\"og:title\" content=\"M\u00e1y gi\u1eb7t-v\u1eaft th\u01b0\u01a1ng m\u1ea1i\" \/>\n<meta property=\"og:url\" content=\"https:\/\/huebsch.com\/vn-international\/san-pham\/giat-la-thuong-mai\/may-giat-vat-thuong-mai\/\" \/>\n<meta property=\"og:site_name\" content=\"Huebsch Vietnam\" \/>\n<meta property=\"article:publisher\" content=\"https:\/\/www.facebook.com\/Huebsch\/\" \/>\n<meta property=\"article:modified_time\" content=\"2020-04-22T17:20:43+00:00\" \/>\n<meta name=\"twitter:card\" content=\"summary_large_image\" \/>\n<meta name=\"twitter:label1\" content=\"Est. reading time\" \/>\n\t<meta name=\"twitter:data1\" content=\"11 minutes\" \/>\n<script type=\"application\/ld+json\" class=\"yoast-schema-graph\">{\"@context\":\"https:\/\/schema.org\",\"@graph\":[{\"@type\":\"WebPage\",\"@id\":\"https:\/\/huebsch.com\/vn-international\/san-pham\/giat-la-thuong-mai\/may-giat-vat-thuong-mai\/\",\"url\":\"https:\/\/huebsch.com\/vn-international\/san-pham\/giat-la-thuong-mai\/may-giat-vat-thuong-mai\/\",\"name\":\"M\u00e1y gi\u1eb7t-v\u1eaft th\u01b0\u01a1ng m\u1ea1i - Huebsch Vietnam\",\"isPartOf\":{\"@id\":\"https:\/\/huebsch.com\/vn-international\/#website\"},\"datePublished\":\"2019-05-06T06:57:57+00:00\",\"dateModified\":\"2020-04-22T17:20:43+00:00\",\"breadcrumb\":{\"@id\":\"https:\/\/huebsch.com\/vn-international\/san-pham\/giat-la-thuong-mai\/may-giat-vat-thuong-mai\/#breadcrumb\"},\"inLanguage\":\"vi-VN\",\"potentialAction\":[{\"@type\":\"ReadAction\",\"target\":[\"https:\/\/huebsch.com\/vn-international\/san-pham\/giat-la-thuong-mai\/may-giat-vat-thuong-mai\/\"]}]},{\"@type\":\"BreadcrumbList\",\"@id\":\"https:\/\/huebsch.com\/vn-international\/san-pham\/giat-la-thuong-mai\/may-giat-vat-thuong-mai\/#breadcrumb\",\"itemListElement\":[{\"@type\":\"ListItem\",\"position\":1,\"name\":\"Home\",\"item\":\"https:\/\/huebsch.com\/vn-international\/\"},{\"@type\":\"ListItem\",\"position\":2,\"name\":\"S\u1ea3n ph\u1ea9m\",\"item\":\"https:\/\/huebsch.com\/vn-international\/san-pham\/\"},{\"@type\":\"ListItem\",\"position\":3,\"name\":\"Gi\u1eb7t s\u1ea5y th\u01b0\u01a1ng m\u1ea1i\",\"item\":\"https:\/\/huebsch.com\/vn-international\/san-pham\/giat-la-thuong-mai\/\"},{\"@type\":\"ListItem\",\"position\":4,\"name\":\"M\u00e1y gi\u1eb7t-v\u1eaft th\u01b0\u01a1ng m\u1ea1i\"}]},{\"@type\":\"WebSite\",\"@id\":\"https:\/\/huebsch.com\/vn-international\/#website\",\"url\":\"https:\/\/huebsch.com\/vn-international\/\",\"name\":\"Huebsch Vietnam\",\"description\":\"Your Smart Laundry Partner\",\"publisher\":{\"@id\":\"https:\/\/huebsch.com\/vn-international\/#organization\"},\"potentialAction\":[{\"@type\":\"SearchAction\",\"target\":{\"@type\":\"EntryPoint\",\"urlTemplate\":\"https:\/\/huebsch.com\/vn-international\/?s={search_term_string}\"},\"query-input\":{\"@type\":\"PropertyValueSpecification\",\"valueRequired\":true,\"valueName\":\"search_term_string\"}}],\"inLanguage\":\"vi-VN\"},{\"@type\":\"Organization\",\"@id\":\"https:\/\/huebsch.com\/vn-international\/#organization\",\"name\":\"Huebsch\",\"url\":\"https:\/\/huebsch.com\/vn-international\/\",\"logo\":{\"@type\":\"ImageObject\",\"inLanguage\":\"vi-VN\",\"@id\":\"https:\/\/huebsch.com\/vn-international\/#\/schema\/logo\/image\/\",\"url\":\"https:\/\/huebsch.com\/vn-international\/wp-content\/uploads\/sites\/13\/2019\/04\/Huebsch_Color_RGB-e1554987923330.png\",\"contentUrl\":\"https:\/\/huebsch.com\/vn-international\/wp-content\/uploads\/sites\/13\/2019\/04\/Huebsch_Color_RGB-e1554987923330.png\",\"width\":295,\"height\":70,\"caption\":\"Huebsch\"},\"image\":{\"@id\":\"https:\/\/huebsch.com\/vn-international\/#\/schema\/logo\/image\/\"},\"sameAs\":[\"https:\/\/www.facebook.com\/Huebsch\/\"]}]}<\/script>\n<!-- \/ Yoast SEO Premium plugin. -->","yoast_head_json":{"title":"M\u00e1y gi\u1eb7t-v\u1eaft th\u01b0\u01a1ng m\u1ea1i - Huebsch Vietnam","robots":{"index":"index","follow":"follow","max-snippet":"max-snippet:-1","max-image-preview":"max-image-preview:large","max-video-preview":"max-video-preview:-1"},"canonical":"https:\/\/huebsch.com\/vn-international\/san-pham\/giat-la-thuong-mai\/may-giat-vat-thuong-mai\/","og_locale":"vi_VN","og_type":"article","og_title":"M\u00e1y gi\u1eb7t-v\u1eaft th\u01b0\u01a1ng m\u1ea1i","og_url":"https:\/\/huebsch.com\/vn-international\/san-pham\/giat-la-thuong-mai\/may-giat-vat-thuong-mai\/","og_site_name":"Huebsch Vietnam","article_publisher":"https:\/\/www.facebook.com\/Huebsch\/","article_modified_time":"2020-04-22T17:20:43+00:00","twitter_card":"summary_large_image","twitter_misc":{"Est. reading time":"11 minutes"},"schema":{"@context":"https:\/\/schema.org","@graph":[{"@type":"WebPage","@id":"https:\/\/huebsch.com\/vn-international\/san-pham\/giat-la-thuong-mai\/may-giat-vat-thuong-mai\/","url":"https:\/\/huebsch.com\/vn-international\/san-pham\/giat-la-thuong-mai\/may-giat-vat-thuong-mai\/","name":"M\u00e1y gi\u1eb7t-v\u1eaft th\u01b0\u01a1ng m\u1ea1i - Huebsch Vietnam","isPartOf":{"@id":"https:\/\/huebsch.com\/vn-international\/#website"},"datePublished":"2019-05-06T06:57:57+00:00","dateModified":"2020-04-22T17:20:43+00:00","breadcrumb":{"@id":"https:\/\/huebsch.com\/vn-international\/san-pham\/giat-la-thuong-mai\/may-giat-vat-thuong-mai\/#breadcrumb"},"inLanguage":"vi-VN","potentialAction":[{"@type":"ReadAction","target":["https:\/\/huebsch.com\/vn-international\/san-pham\/giat-la-thuong-mai\/may-giat-vat-thuong-mai\/"]}]},{"@type":"BreadcrumbList","@id":"https:\/\/huebsch.com\/vn-international\/san-pham\/giat-la-thuong-mai\/may-giat-vat-thuong-mai\/#breadcrumb","itemListElement":[{"@type":"ListItem","position":1,"name":"Home","item":"https:\/\/huebsch.com\/vn-international\/"},{"@type":"ListItem","position":2,"name":"S\u1ea3n ph\u1ea9m","item":"https:\/\/huebsch.com\/vn-international\/san-pham\/"},{"@type":"ListItem","position":3,"name":"Gi\u1eb7t s\u1ea5y th\u01b0\u01a1ng m\u1ea1i","item":"https:\/\/huebsch.com\/vn-international\/san-pham\/giat-la-thuong-mai\/"},{"@type":"ListItem","position":4,"name":"M\u00e1y gi\u1eb7t-v\u1eaft th\u01b0\u01a1ng m\u1ea1i"}]},{"@type":"WebSite","@id":"https:\/\/huebsch.com\/vn-international\/#website","url":"https:\/\/huebsch.com\/vn-international\/","name":"Huebsch Vietnam","description":"Your Smart Laundry Partner","publisher":{"@id":"https:\/\/huebsch.com\/vn-international\/#organization"},"potentialAction":[{"@type":"SearchAction","target":{"@type":"EntryPoint","urlTemplate":"https:\/\/huebsch.com\/vn-international\/?s={search_term_string}"},"query-input":{"@type":"PropertyValueSpecification","valueRequired":true,"valueName":"search_term_string"}}],"inLanguage":"vi-VN"},{"@type":"Organization","@id":"https:\/\/huebsch.com\/vn-international\/#organization","name":"Huebsch","url":"https:\/\/huebsch.com\/vn-international\/","logo":{"@type":"ImageObject","inLanguage":"vi-VN","@id":"https:\/\/huebsch.com\/vn-international\/#\/schema\/logo\/image\/","url":"https:\/\/huebsch.com\/vn-international\/wp-content\/uploads\/sites\/13\/2019\/04\/Huebsch_Color_RGB-e1554987923330.png","contentUrl":"https:\/\/huebsch.com\/vn-international\/wp-content\/uploads\/sites\/13\/2019\/04\/Huebsch_Color_RGB-e1554987923330.png","width":295,"height":70,"caption":"Huebsch"},"image":{"@id":"https:\/\/huebsch.com\/vn-international\/#\/schema\/logo\/image\/"},"sameAs":["https:\/\/www.facebook.com\/Huebsch\/"]}]}},"_links":{"self":[{"href":"https:\/\/huebsch.com\/vn-international\/wp-json\/wp\/v2\/pages\/15309","targetHints":{"allow":["GET"]}}],"collection":[{"href":"https:\/\/huebsch.com\/vn-international\/wp-json\/wp\/v2\/pages"}],"about":[{"href":"https:\/\/huebsch.com\/vn-international\/wp-json\/wp\/v2\/types\/page"}],"author":[{"embeddable":true,"href":"https:\/\/huebsch.com\/vn-international\/wp-json\/wp\/v2\/users\/4"}],"replies":[{"embeddable":true,"href":"https:\/\/huebsch.com\/vn-international\/wp-json\/wp\/v2\/comments?post=15309"}],"version-history":[{"count":8,"href":"https:\/\/huebsch.com\/vn-international\/wp-json\/wp\/v2\/pages\/15309\/revisions"}],"predecessor-version":[{"id":15785,"href":"https:\/\/huebsch.com\/vn-international\/wp-json\/wp\/v2\/pages\/15309\/revisions\/15785"}],"up":[{"embeddable":true,"href":"https:\/\/huebsch.com\/vn-international\/wp-json\/wp\/v2\/pages\/15326"}],"wp:attachment":[{"href":"https:\/\/huebsch.com\/vn-international\/wp-json\/wp\/v2\/media?parent=15309"}],"curies":[{"name":"wp","href":"https:\/\/api.w.org\/{rel}","templated":true}]}}