{"id":15303,"date":"2019-04-26T12:15:02","date_gmt":"2019-04-26T12:15:02","guid":{"rendered":"http:\/\/huebsch-php74.bitnamiapp.com\/vn-international\/products\/on-premises-laundry\/"},"modified":"2020-05-25T10:42:01","modified_gmt":"2020-05-25T10:42:01","slug":"giat-la-tai-cho","status":"publish","type":"page","link":"https:\/\/huebsch.com\/vn-international\/san-pham\/giat-la-tai-cho\/","title":{"rendered":"Gi\u1eb7t s\u1ea5y t\u1ea1i ch\u1ed7"},"content":{"rendered":"<p><div class=\"fusion-fullwidth fullwidth-box fusion-builder-row-1 nonhundred-percent-fullwidth non-hundred-percent-height-scrolling\" style=\"--awb-border-radius-top-left:0px;--awb-border-radius-top-right:0px;--awb-border-radius-bottom-right:0px;--awb-border-radius-bottom-left:0px;--awb-flex-wrap:wrap;\" ><div class=\"fusion-builder-row fusion-row\"><div class=\"fusion-layout-column fusion_builder_column fusion-builder-column-0 fusion_builder_column_3_4 3_4 fusion-three-fourth fusion-column-first\" style=\"--awb-bg-size:cover;width:75%;width:calc(75% - ( ( 4% ) * 0.75 ) );margin-right: 4%;\"><div class=\"fusion-column-wrapper fusion-column-has-shadow fusion-flex-column-wrapper-legacy\"><div class=\"fusion-title title fusion-title-1 fusion-sep-none fusion-title-text fusion-title-size-one\"><h1 class=\"fusion-title-heading title-heading-left fusion-responsive-typography-calculated\" style=\"margin:0;--fontSize:33;line-height:1.45;\">Thi\u1ebft b\u1ecb gi\u1eb7t s\u1ea5y t\u1ea1i ch\u1ed7<\/h1><\/div><div class=\"fusion-text fusion-text-1\"><p>T\u1ed1i \u0111a h\u00f3a s\u1ed1 l\u01b0\u1ee3ng qu\u1ea7n \u00e1o v\u00e0 gi\u1ea3m thi\u1ec3u chi ph\u00ed. \u0110\u00f3 l\u00e0 nhi\u1ec7m v\u1ee5 c\u1ee7a c\u00f4ng vi\u1ec7c gi\u1eb7t l\u00e0 t\u1ea1i ch\u1ed7. T\u1ea1i <span class=\"fusion-tooltip tooltip-shortcode\" data-animation=\"\" data-delay=\"0\" data-placement=\"top\" data-title=\"Gi\u1eb7t l\u00e0 Huebsch\" title=\"Gi\u1eb7t l\u00e0 Huebsch\" data-toggle=\"tooltip\" data-trigger=\"hover\"><strong>Huebsch\u00ae<\/strong><\/span>, thi\u1ebft b\u1ecb gi\u1eb7t l\u00e0 th\u01b0\u01a1ng m\u1ea1i c\u1ee7a ch\u00fang t\u00f4i s\u1eed d\u1ee5ng c\u00f4ng ngh\u1ec7 v\u00e0 s\u1ef1 \u0111\u1ed5i m\u1edbi t\u00e2n ti\u1ebfn \u0111\u1ec3 t\u0103ng t\u1ed1c hi\u1ec7u su\u1ea5t trong khi gi\u1ea3m chi ph\u00ed ti\u1ec7n \u00edch v\u00e0 chi ph\u00ed v\u1eadn h\u00e0nh chung, gi\u00fap kh\u00e1ch s\u1ea1n, c\u01a1 s\u1edf ch\u0103m s\u00f3c s\u1ee9c kh\u1ecfe l\u00e2u d\u00e0i, c\u00e1c ti\u1ec7m gi\u1eb7t l\u00e0 th\u01b0\u01a1ng m\u1ea1i v\u00e0 c\u00e1c c\u01a1 s\u1edf OPL kh\u00e1c th\u1ef1c hi\u1ec7n c\u00f4ng vi\u1ec7c gi\u1eb7t l\u00e0 nhanh h\u01a1n v\u00e0 \u00edt t\u1ed1n k\u00e9m h\u01a1n.<\/p>\n<\/div><div class=\"fusion-flip-boxes flip-boxes row fusion-columns-2 flip-effect-3d equal-heights nyb-flip-box\" style=\"--awb-flip-duration:0.7s;\"><div class=\"fusion-flip-box-wrapper fusion-column col-lg-6 col-md-6 col-sm-6\"><div class=\"fusion-flip-box flip-left\" tabindex=\"0\"><div class=\"flip-box-inner-wrapper\"><div class=\"flip-box-front\" style=\"--awb-border-color:rgba(115,181,65,0.7);--awb-border-size:1px;--awb-background-color-front:#ffffff;\"><div class=\"flip-box-front-inner\"><div class=\"flip-box-grafix flip-box-image\"><img decoding=\"async\" data-src=\"https:\/\/huebsch.com\/vn-international\/wp-content\/uploads\/sites\/13\/2019\/07\/Softmount-Washer-Extractors.jpg\" width=\"200\" height=\"257.27\" alt=\"\" src=\"data:image\/svg+xml;base64,PHN2ZyB3aWR0aD0iMSIgaGVpZ2h0PSIxIiB4bWxucz0iaHR0cDovL3d3dy53My5vcmcvMjAwMC9zdmciPjwvc3ZnPg==\" class=\"lazyload\" style=\"--smush-placeholder-width: 200px; --smush-placeholder-aspect-ratio: 200\/257;\" \/><\/div><h2 class=\"flip-box-heading without-text\">M\u00e1y gi\u1eb7t-v\u1eaft ch\u00e2n m\u1ec1m<\/h2><\/div><\/div><div class=\"flip-box-back\" style=\"--awb-border-color:rgba(115,181,65,0.7);--awb-border-size:1px;--awb-background-color-back:#ffffff;--awb-title-back-color:#333333;--awb-text-back-color:#222222;\"><div class=\"flip-box-back-inner\"><h3 class=\"flip-box-heading-back\">M\u00e1y gi\u1eb7t-v\u1eaft ch\u00e2n m\u1ec1m<\/h3>\n<p>\u1ede c\u00e1c v\u1ecb tr\u00ed nh\u01b0 t\u1ea7ng hai, n\u01a1i m\u00e0 kh\u00f4ng ph\u1ea3i l\u00e0 v\u1ecb tr\u00ed \u0111\u1eb7t n\u1ec1n m\u00f3ng nh\u00e0 th\u00ec chi\u1ebfc m\u00e1y gi\u1eb7t &#8211; v\u1eaft ch\u00e2n m\u1ec1m cung c\u1ea5p hi\u1ec7u su\u1ea5t tuy\u1ec7t v\u1eddi v\u1edbi chi ph\u00ed l\u1eafp \u0111\u1eb7t th\u1ea5p.<\/p>\n<div class=\"fusion-button-wrapper\">\n<p><a class=\"fusion-button button-flat fusion-button-round button-large button-default\" href=\"\/vn-international\/san-pham\/giat-la-tai-cho\/may-giat-vat-chan-mem\/?lang=vi\" rel=\"noopener noreferrer\"><span class=\"fusion-button-text\">T\u00ecm hi\u1ec3u th\u00eam<\/span><\/a><\/p>\n<\/div>\n<\/div><\/div><\/div><\/div><\/div><div class=\"fusion-flip-box-wrapper fusion-column col-lg-6 col-md-6 col-sm-6\"><div class=\"fusion-flip-box flip-left\" tabindex=\"0\"><div class=\"flip-box-inner-wrapper\"><div class=\"flip-box-front\" style=\"--awb-border-color:rgba(115,181,65,0.7);--awb-border-size:1px;--awb-background-color-front:#ffffff;\"><div class=\"flip-box-front-inner\"><div class=\"flip-box-grafix flip-box-image\"><img decoding=\"async\" data-src=\"https:\/\/huebsch.com\/vn-international\/wp-content\/uploads\/sites\/13\/2019\/07\/Hardmount-Washer-Extractors.jpg\" width=\"200\" height=\"257.27\" alt=\"\" src=\"data:image\/svg+xml;base64,PHN2ZyB3aWR0aD0iMSIgaGVpZ2h0PSIxIiB4bWxucz0iaHR0cDovL3d3dy53My5vcmcvMjAwMC9zdmciPjwvc3ZnPg==\" class=\"lazyload\" style=\"--smush-placeholder-width: 200px; --smush-placeholder-aspect-ratio: 200\/257;\" \/><\/div><h2 class=\"flip-box-heading without-text\">M\u00e1y gi\u1eb7t-v\u1eaft ch\u00e2n c\u1ee9ng<\/h2><\/div><\/div><div class=\"flip-box-back\" style=\"--awb-border-color:rgba(115,181,65,0.7);--awb-border-size:1px;--awb-background-color-back:#ffffff;--awb-title-back-color:#000000;--awb-text-back-color:#000000;\"><div class=\"flip-box-back-inner\"><h3 class=\"flip-box-heading-back\">M\u00e1y gi\u1eb7t-v\u1eaft ch\u00e2n c\u1ee9ng<\/h3>\n<div class=\"fusion-text\">\n<p>V\u1edbi c\u00f4ng ngh\u1ec7 eBoost\u2122 mang t\u00ednh \u0111\u1ed9t ph\u00e1, m\u00e1y gi\u1eb7t &#8211; v\u1eaft <span class=\"fusion-tooltip tooltip-shortcode\" data-animation=\"\" data-delay=\"0\" data-placement=\"top\" data-title=\"Gi\u1eb7t l\u00e0 Huebsch\" title=\"Gi\u1eb7t l\u00e0 Huebsch\" data-toggle=\"tooltip\" data-trigger=\"hover\"><strong>Huebsch\u00ae<\/strong><\/span> Hardmount c\u00f3 t\u1ed1c \u0111\u1ed9 v\u1eaft 200 G-Force, gi\u1ea3m th\u1eddi gian v\u1eaft kh\u00f4 v\u00e0 t\u0103ng s\u1ed1 l\u01b0\u1ee3ng qu\u1ea7n \u00e1o \u0111\u01b0\u1ee3c gi\u1eb7t.<\/p>\n<\/div>\n<div class=\"fusion-button-wrapper\">\n<p><a class=\"fusion-button button-flat fusion-button-round button-large button-default\" href=\"\/vn-international\/san-pham\/giat-la-tai-cho\/tu-giat-vat\/?lang=vi\" rel=\"noopener noreferrer\"><span class=\"fusion-button-text\">T\u00ecm hi\u1ec3u th\u00eam<\/span><\/a><\/p>\n<\/div>\n<\/div><\/div><\/div><\/div><\/div><div class=\"fusion-flip-box-wrapper fusion-column col-lg-6 col-md-6 col-sm-6\"><div class=\"fusion-flip-box flip-left\" tabindex=\"0\"><div class=\"flip-box-inner-wrapper\"><div class=\"flip-box-front\" style=\"--awb-border-color:rgba(115,181,65,0.7);--awb-border-size:1px;--awb-background-color-front:#ffffff;\"><div class=\"flip-box-front-inner\"><div class=\"flip-box-grafix flip-box-image\"><img decoding=\"async\" data-src=\"https:\/\/huebsch.com\/vn-international\/wp-content\/uploads\/sites\/13\/2019\/07\/Commercial-Tumble-Dryers-205x300.jpg\" width=\"200\" height=\"292.68\" alt=\"\" src=\"data:image\/svg+xml;base64,PHN2ZyB3aWR0aD0iMSIgaGVpZ2h0PSIxIiB4bWxucz0iaHR0cDovL3d3dy53My5vcmcvMjAwMC9zdmciPjwvc3ZnPg==\" class=\"lazyload\" style=\"--smush-placeholder-width: 200px; --smush-placeholder-aspect-ratio: 200\/292;\" \/><\/div><h2 class=\"flip-box-heading without-text\">M\u00e1y s\u1ea5y nhi\u1ec7t th\u01b0\u01a1ng m\u1ea1i<\/h2><\/div><\/div><div class=\"flip-box-back\" style=\"--awb-border-color:rgba(115,181,65,0.7);--awb-border-size:1px;--awb-background-color-back:#ffffff;--awb-title-back-color:#000000;--awb-text-back-color:#000000;\"><div class=\"flip-box-back-inner\"><h3 class=\"flip-box-heading-back\">M\u00e1y s\u1ea5y nhi\u1ec7t th\u01b0\u01a1ng m\u1ea1i<\/h3>\n<p>C\u00e1i t\u00ean <span class=\"fusion-tooltip tooltip-shortcode\" data-animation=\"\" data-delay=\"0\" data-placement=\"top\" data-title=\"Gi\u1eb7t l\u00e0 Huebsch\" title=\"Gi\u1eb7t l\u00e0 Huebsch\" data-toggle=\"tooltip\" data-trigger=\"hover\"><strong>Huebsch\u00ae<\/strong><\/span> l\u00e0 th\u01b0\u01a1ng hi\u1ec7u c\u1ee7a nh\u1eefng chi\u1ebfc m\u00e1y s\u1ea5y nhi\u1ec7t th\u01b0\u01a1ng m\u1ea1i hi\u1ec7u su\u1ea5t h\u00e0ng \u0111\u1ea7u. B\u1eb1ng c\u00e1ch c\u00e2n b\u1eb1ng d\u00f2ng kh\u00f4ng kh\u00ed v\u00e0 nhi\u1ec7t \u0111\u1ea7u v\u00e0o, m\u00e1y s\u1ea5y nhi\u1ec7t th\u01b0\u01a1ng m\u1ea1i <span class=\"fusion-tooltip tooltip-shortcode\" data-animation=\"\" data-delay=\"0\" data-placement=\"top\" data-title=\"Gi\u1eb7t l\u00e0 Huebsch\" title=\"Gi\u1eb7t l\u00e0 Huebsch\" data-toggle=\"tooltip\" data-trigger=\"hover\"><strong>Huebsch\u00ae<\/strong><\/span> gi\u00fap v\u1eaft kh\u00f4 m\u1ed9t c\u00e1ch nhanh ch\u00f3ng m\u00e0 kh\u00f4ng l\u00e3ng ph\u00ed n\u0103ng l\u01b0\u1ee3ng.<\/p>\n<div class=\"fusion-button-wrapper\">\n<p><a class=\"fusion-button button-flat fusion-button-round button-large button-default\" href=\"\/vn-international\/san-pham\/giat-la-tai-cho\/may-say-nhiet-thuong-mai\/?lang=vi\" rel=\"noopener noreferrer\"><span class=\"fusion-button-text\">T\u00ecm hi\u1ec3u th\u00eam<\/span><\/a><\/p>\n<\/div>\n<\/div><\/div><\/div><\/div><\/div><\/div><div class=\"clearfix\"><\/div><div class=\"fusion-clearfix\"><\/div><\/div><\/div><div class=\"fusion-layout-column fusion_builder_column fusion-builder-column-1 fusion_builder_column_1_4 1_4 fusion-one-fourth fusion-column-last\" style=\"--awb-bg-size:cover;width:25%;width:calc(25% - ( ( 4% ) * 0.25 ) );\"><div class=\"fusion-column-wrapper fusion-column-has-shadow fusion-flex-column-wrapper-legacy\"><div class=\"fusion-widget-area awb-widget-area-element fusion-widget-area-1 fusion-content-widget-area\" style=\"--awb-title-size:14px;--awb-title-color:#333333;--awb-padding:0px 0px 0px 0px;\"><div id=\"nav_menu-17\" class=\"widget widget_nav_menu\"><div class=\"heading\"><h4 class=\"widget-title\">S\u1ea3n ph\u1ea9m<\/h4><\/div><div class=\"menu-on-premises-laundry-vietnamese-container\"><ul id=\"menu-on-premises-laundry-vietnamese\" class=\"menu\"><li id=\"menu-item-15733\" class=\"menu-item menu-item-type-post_type menu-item-object-page menu-item-15733\"><a href=\"https:\/\/huebsch.com\/vn-international\/san-pham\/giat-la-thuong-mai\/\">Gi\u1eb7t s\u1ea5y th\u01b0\u01a1ng m\u1ea1i<\/a><\/li>\n<li id=\"menu-item-15734\" class=\"menu-item menu-item-type-post_type menu-item-object-page menu-item-15734\"><a href=\"https:\/\/huebsch.com\/vn-international\/san-pham\/giat-la-thuong-mai-tai-trong-nhe\/\">Gi\u1eb7t s\u1ea5y th\u01b0\u01a1ng m\u1ea1i t\u1ea3i tr\u1ecdng nh\u1eb9<\/a><\/li>\n<li id=\"menu-item-15735\" class=\"menu-item menu-item-type-post_type menu-item-object-page menu-item-has-children menu-item-15735\"><a href=\"https:\/\/huebsch.com\/vn-international\/san-pham\/giat-la-tai-cho\/\">Gi\u1eb7t s\u1ea5y t\u1ea1i ch\u1ed7<\/a>\n<ul class=\"sub-menu\">\n\t<li id=\"menu-item-15736\" class=\"menu-item menu-item-type-post_type menu-item-object-page menu-item-15736\"><a href=\"https:\/\/huebsch.com\/vn-international\/san-pham\/giat-la-tai-cho\/may-giat-vat-chan-mem\/\">M\u00e1y gi\u1eb7t-v\u1eaft ch\u00e2n m\u1ec1m<\/a><\/li>\n\t<li id=\"menu-item-15737\" class=\"menu-item menu-item-type-post_type menu-item-object-page menu-item-15737\"><a href=\"https:\/\/huebsch.com\/vn-international\/san-pham\/giat-la-tai-cho\/tu-giat-vat\/\">T\u1ee7 gi\u1eb7t &#8211; v\u1eaft<\/a><\/li>\n\t<li id=\"menu-item-15738\" class=\"menu-item menu-item-type-post_type menu-item-object-page menu-item-15738\"><a href=\"https:\/\/huebsch.com\/vn-international\/san-pham\/giat-la-tai-cho\/may-say-nhiet-thuong-mai\/\">M\u00e1y s\u1ea5y nhi\u1ec7t th\u01b0\u01a1ng m\u1ea1i<\/a><\/li>\n<\/ul>\n<\/li>\n<li id=\"menu-item-15739\" class=\"menu-item menu-item-type-post_type menu-item-object-page menu-item-15739\"><a href=\"https:\/\/huebsch.com\/vn-international\/san-pham\/cong-nghe-dieu-khien-galaxy-controls\/\">C\u00f4ng ngh\u1ec7 \u0111i\u1ec1u khi\u1ec3n Galaxy Controls<\/a><\/li>\n<li id=\"menu-item-15740\" class=\"menu-item menu-item-type-post_type menu-item-object-page menu-item-15740\"><a href=\"https:\/\/huebsch.com\/vn-international\/san-pham\/diem-nhan-trong-thiet-ke\/\">\u0110i\u1ec3m nh\u1ea5n trong Thi\u1ebft k\u1ebf<\/a><\/li>\n<\/ul><\/div><\/div><div class=\"fusion-additional-widget-content\"><\/div><\/div><div class=\"fusion-text fusion-text-2\"><h2 style=\"margin-bottom: 3px\">T\u00ecm hi\u1ec3u nhi\u1ec1u h\u01a1n v\u1ec1 S\u1ea3n ph\u1ea9m c\u1ee7a Ch\u00fang t\u00f4i<\/h2>\n<p style=\"margin-top: 0px\">Xem video \u0111\u1ec3 t\u00ecm hi\u1ec3u th\u00eam v\u1ec1 s\u1ef1 ph\u00e1t tri\u1ec3n c\u1ee7a <span class=\"fusion-tooltip tooltip-shortcode\" data-animation=\"\" data-delay=\"0\" data-placement=\"top\" data-title=\"Gi\u1eb7t l\u00e0 Huebsch\" title=\"Gi\u1eb7t l\u00e0 Huebsch\" data-toggle=\"tooltip\" data-trigger=\"hover\"><strong>Huebsch\u00ae<\/strong><\/span> Laundry.<\/p>\n<\/div><div class=\"fusion-video fusion-youtube fusion-aligncenter\" style=\"--awb-max-width:600px;--awb-max-height:360px;--awb-width:100%;\"><div class=\"video-shortcode\"><div class=\"fluid-width-video-wrapper\" style=\"padding-top:60%;\" ><iframe title=\"YouTube video player 1\" data-src=\"https:\/\/www.youtube.com\/embed\/MtcSY53gCd4?wmode=transparent&autoplay=0\" width=\"600\" height=\"360\" allowfullscreen allow=\"autoplay; clipboard-write; encrypted-media; gyroscope; picture-in-picture;\" src=\"data:image\/svg+xml;base64,PHN2ZyB3aWR0aD0iMSIgaGVpZ2h0PSIxIiB4bWxucz0iaHR0cDovL3d3dy53My5vcmcvMjAwMC9zdmciPjwvc3ZnPg==\" class=\"lazyload\" data-load-mode=\"1\"><\/iframe><\/div><\/div><\/div><div class=\"fusion-clearfix\"><\/div><\/div><\/div><\/div><\/div><div class=\"fusion-fullwidth fullwidth-box fusion-builder-row-2 nonhundred-percent-fullwidth non-hundred-percent-height-scrolling\" style=\"--awb-border-radius-top-left:0px;--awb-border-radius-top-right:0px;--awb-border-radius-bottom-right:0px;--awb-border-radius-bottom-left:0px;--awb-padding-top:30px;--awb-margin-top:60px;--awb-background-color:#7eb541;--awb-flex-wrap:wrap;\" ><div class=\"fusion-builder-row fusion-row\"><div class=\"fusion-layout-column fusion_builder_column fusion-builder-column-2 fusion_builder_column_2_3 2_3 fusion-two-third fusion-column-first\" style=\"--awb-bg-size:cover;width:66.666666666667%;width:calc(66.666666666667% - ( ( 4% ) * 0.66666666666667 ) );margin-right: 4%;\"><div class=\"fusion-column-wrapper fusion-column-has-shadow fusion-flex-column-wrapper-legacy\"><div class=\"fusion-title title fusion-title-2 fusion-sep-none fusion-title-text fusion-title-size-one\" style=\"--awb-text-color:#ffffff;--awb-margin-bottom:5px;--awb-margin-bottom-small:5px;\"><h1 class=\"fusion-title-heading title-heading-left fusion-responsive-typography-calculated\" style=\"margin:0;--fontSize:33;line-height:1.45;\">Y\u00eau c\u1ea7u b\u00e1o gi\u00e1<\/h1><\/div><div class=\"fusion-text fusion-text-3\"><p><span style=\"color: #fff\">\u0110i\u1ec1n v\u00e0o m\u1eabu \u0111\u1ec3 y\u00eau c\u1ea7u b\u00e1o gi\u00e1 t\u1eeb chuy\u00ean vi\u00ean kinh doanh c\u1ee7a Huebsch.<\/span><\/p>\n<\/div><div class=\"fusion-clearfix\"><\/div><\/div><\/div><div class=\"fusion-layout-column fusion_builder_column fusion-builder-column-3 fusion_builder_column_1_3 1_3 fusion-one-third fusion-column-last\" style=\"--awb-bg-size:cover;width:33.333333333333%;width:calc(33.333333333333% - ( ( 4% ) * 0.33333333333333 ) );\"><div class=\"fusion-column-wrapper fusion-column-has-shadow fusion-flex-column-wrapper-legacy\"><div class=\"fusion-sep-clear\"><\/div><div class=\"fusion-separator fusion-full-width-sep\" style=\"margin-left: auto;margin-right: auto;margin-top:0px;margin-bottom:22px;width:100%;\"><\/div><div class=\"fusion-sep-clear\"><\/div><div class=\"fusion-align-block\"><a class=\"fusion-button button-flat fusion-button-default-size button-custom fusion-button-default button-1 fusion-button-span-yes fusion-button-default-type\" style=\"--button_accent_color:#ffffff;--button_accent_hover_color:#7eb541;--button_border_hover_color:#7eb541;--button_border_width-top:1px;--button_border_width-right:1px;--button_border_width-bottom:1px;--button_border_width-left:1px;--button_gradient_top_color:#7eb541;--button_gradient_bottom_color:#7eb541;--button_gradient_top_color_hover:#ffffff;--button_gradient_bottom_color_hover:#ffffff;\" target=\"_self\" href=\"https:\/\/huebsch.com\/vn-international\/yeu-cau-bao-gia\/?lang=vi\"><span class=\"fusion-button-text awb-button__text awb-button__text--default\">B\u00e1o gi\u00e1<\/span><\/a><\/div><div class=\"fusion-clearfix\"><\/div><\/div><\/div><\/div><\/div><\/p>\n","protected":false},"excerpt":{"rendered":"","protected":false},"author":4,"featured_media":0,"parent":15243,"menu_order":0,"comment_status":"closed","ping_status":"closed","template":"100-width.php","meta":{"_acf_changed":false,"footnotes":""},"class_list":["post-15303","page","type-page","status-publish","hentry"],"acf":[],"yoast_head":"<!-- This site is optimized with the Yoast SEO Premium plugin v20.12 (Yoast SEO v26.5) - https:\/\/yoast.com\/wordpress\/plugins\/seo\/ -->\n<title>Gi\u1eb7t s\u1ea5y t\u1ea1i ch\u1ed7 - Huebsch Vietnam<\/title>\n<meta name=\"robots\" content=\"index, follow, max-snippet:-1, max-image-preview:large, max-video-preview:-1\" \/>\n<link rel=\"canonical\" href=\"https:\/\/huebsch.com\/vn-international\/san-pham\/giat-la-tai-cho\/\" \/>\n<meta property=\"og:locale\" content=\"vi_VN\" \/>\n<meta property=\"og:type\" content=\"article\" \/>\n<meta property=\"og:title\" content=\"Gi\u1eb7t s\u1ea5y t\u1ea1i ch\u1ed7\" \/>\n<meta property=\"og:url\" content=\"https:\/\/huebsch.com\/vn-international\/san-pham\/giat-la-tai-cho\/\" \/>\n<meta property=\"og:site_name\" content=\"Huebsch Vietnam\" \/>\n<meta property=\"article:publisher\" content=\"https:\/\/www.facebook.com\/Huebsch\/\" \/>\n<meta property=\"article:modified_time\" content=\"2020-05-25T10:42:01+00:00\" \/>\n<meta name=\"twitter:card\" content=\"summary_large_image\" \/>\n<meta name=\"twitter:label1\" content=\"Est. reading time\" \/>\n\t<meta name=\"twitter:data1\" content=\"9 minutes\" \/>\n<script type=\"application\/ld+json\" class=\"yoast-schema-graph\">{\"@context\":\"https:\/\/schema.org\",\"@graph\":[{\"@type\":\"WebPage\",\"@id\":\"https:\/\/huebsch.com\/vn-international\/san-pham\/giat-la-tai-cho\/\",\"url\":\"https:\/\/huebsch.com\/vn-international\/san-pham\/giat-la-tai-cho\/\",\"name\":\"Gi\u1eb7t s\u1ea5y t\u1ea1i ch\u1ed7 - Huebsch Vietnam\",\"isPartOf\":{\"@id\":\"https:\/\/huebsch.com\/vn-international\/#website\"},\"datePublished\":\"2019-04-26T12:15:02+00:00\",\"dateModified\":\"2020-05-25T10:42:01+00:00\",\"breadcrumb\":{\"@id\":\"https:\/\/huebsch.com\/vn-international\/san-pham\/giat-la-tai-cho\/#breadcrumb\"},\"inLanguage\":\"vi-VN\",\"potentialAction\":[{\"@type\":\"ReadAction\",\"target\":[\"https:\/\/huebsch.com\/vn-international\/san-pham\/giat-la-tai-cho\/\"]}]},{\"@type\":\"BreadcrumbList\",\"@id\":\"https:\/\/huebsch.com\/vn-international\/san-pham\/giat-la-tai-cho\/#breadcrumb\",\"itemListElement\":[{\"@type\":\"ListItem\",\"position\":1,\"name\":\"Home\",\"item\":\"https:\/\/huebsch.com\/vn-international\/\"},{\"@type\":\"ListItem\",\"position\":2,\"name\":\"S\u1ea3n ph\u1ea9m\",\"item\":\"https:\/\/huebsch.com\/vn-international\/san-pham\/\"},{\"@type\":\"ListItem\",\"position\":3,\"name\":\"Gi\u1eb7t s\u1ea5y t\u1ea1i ch\u1ed7\"}]},{\"@type\":\"WebSite\",\"@id\":\"https:\/\/huebsch.com\/vn-international\/#website\",\"url\":\"https:\/\/huebsch.com\/vn-international\/\",\"name\":\"Huebsch Vietnam\",\"description\":\"Your Smart Laundry Partner\",\"publisher\":{\"@id\":\"https:\/\/huebsch.com\/vn-international\/#organization\"},\"potentialAction\":[{\"@type\":\"SearchAction\",\"target\":{\"@type\":\"EntryPoint\",\"urlTemplate\":\"https:\/\/huebsch.com\/vn-international\/?s={search_term_string}\"},\"query-input\":{\"@type\":\"PropertyValueSpecification\",\"valueRequired\":true,\"valueName\":\"search_term_string\"}}],\"inLanguage\":\"vi-VN\"},{\"@type\":\"Organization\",\"@id\":\"https:\/\/huebsch.com\/vn-international\/#organization\",\"name\":\"Huebsch\",\"url\":\"https:\/\/huebsch.com\/vn-international\/\",\"logo\":{\"@type\":\"ImageObject\",\"inLanguage\":\"vi-VN\",\"@id\":\"https:\/\/huebsch.com\/vn-international\/#\/schema\/logo\/image\/\",\"url\":\"https:\/\/huebsch.com\/vn-international\/wp-content\/uploads\/sites\/13\/2019\/04\/Huebsch_Color_RGB-e1554987923330.png\",\"contentUrl\":\"https:\/\/huebsch.com\/vn-international\/wp-content\/uploads\/sites\/13\/2019\/04\/Huebsch_Color_RGB-e1554987923330.png\",\"width\":295,\"height\":70,\"caption\":\"Huebsch\"},\"image\":{\"@id\":\"https:\/\/huebsch.com\/vn-international\/#\/schema\/logo\/image\/\"},\"sameAs\":[\"https:\/\/www.facebook.com\/Huebsch\/\"]}]}<\/script>\n<!-- \/ Yoast SEO Premium plugin. -->","yoast_head_json":{"title":"Gi\u1eb7t s\u1ea5y t\u1ea1i ch\u1ed7 - Huebsch Vietnam","robots":{"index":"index","follow":"follow","max-snippet":"max-snippet:-1","max-image-preview":"max-image-preview:large","max-video-preview":"max-video-preview:-1"},"canonical":"https:\/\/huebsch.com\/vn-international\/san-pham\/giat-la-tai-cho\/","og_locale":"vi_VN","og_type":"article","og_title":"Gi\u1eb7t s\u1ea5y t\u1ea1i ch\u1ed7","og_url":"https:\/\/huebsch.com\/vn-international\/san-pham\/giat-la-tai-cho\/","og_site_name":"Huebsch Vietnam","article_publisher":"https:\/\/www.facebook.com\/Huebsch\/","article_modified_time":"2020-05-25T10:42:01+00:00","twitter_card":"summary_large_image","twitter_misc":{"Est. reading time":"9 minutes"},"schema":{"@context":"https:\/\/schema.org","@graph":[{"@type":"WebPage","@id":"https:\/\/huebsch.com\/vn-international\/san-pham\/giat-la-tai-cho\/","url":"https:\/\/huebsch.com\/vn-international\/san-pham\/giat-la-tai-cho\/","name":"Gi\u1eb7t s\u1ea5y t\u1ea1i ch\u1ed7 - Huebsch Vietnam","isPartOf":{"@id":"https:\/\/huebsch.com\/vn-international\/#website"},"datePublished":"2019-04-26T12:15:02+00:00","dateModified":"2020-05-25T10:42:01+00:00","breadcrumb":{"@id":"https:\/\/huebsch.com\/vn-international\/san-pham\/giat-la-tai-cho\/#breadcrumb"},"inLanguage":"vi-VN","potentialAction":[{"@type":"ReadAction","target":["https:\/\/huebsch.com\/vn-international\/san-pham\/giat-la-tai-cho\/"]}]},{"@type":"BreadcrumbList","@id":"https:\/\/huebsch.com\/vn-international\/san-pham\/giat-la-tai-cho\/#breadcrumb","itemListElement":[{"@type":"ListItem","position":1,"name":"Home","item":"https:\/\/huebsch.com\/vn-international\/"},{"@type":"ListItem","position":2,"name":"S\u1ea3n ph\u1ea9m","item":"https:\/\/huebsch.com\/vn-international\/san-pham\/"},{"@type":"ListItem","position":3,"name":"Gi\u1eb7t s\u1ea5y t\u1ea1i ch\u1ed7"}]},{"@type":"WebSite","@id":"https:\/\/huebsch.com\/vn-international\/#website","url":"https:\/\/huebsch.com\/vn-international\/","name":"Huebsch Vietnam","description":"Your Smart Laundry Partner","publisher":{"@id":"https:\/\/huebsch.com\/vn-international\/#organization"},"potentialAction":[{"@type":"SearchAction","target":{"@type":"EntryPoint","urlTemplate":"https:\/\/huebsch.com\/vn-international\/?s={search_term_string}"},"query-input":{"@type":"PropertyValueSpecification","valueRequired":true,"valueName":"search_term_string"}}],"inLanguage":"vi-VN"},{"@type":"Organization","@id":"https:\/\/huebsch.com\/vn-international\/#organization","name":"Huebsch","url":"https:\/\/huebsch.com\/vn-international\/","logo":{"@type":"ImageObject","inLanguage":"vi-VN","@id":"https:\/\/huebsch.com\/vn-international\/#\/schema\/logo\/image\/","url":"https:\/\/huebsch.com\/vn-international\/wp-content\/uploads\/sites\/13\/2019\/04\/Huebsch_Color_RGB-e1554987923330.png","contentUrl":"https:\/\/huebsch.com\/vn-international\/wp-content\/uploads\/sites\/13\/2019\/04\/Huebsch_Color_RGB-e1554987923330.png","width":295,"height":70,"caption":"Huebsch"},"image":{"@id":"https:\/\/huebsch.com\/vn-international\/#\/schema\/logo\/image\/"},"sameAs":["https:\/\/www.facebook.com\/Huebsch\/"]}]}},"_links":{"self":[{"href":"https:\/\/huebsch.com\/vn-international\/wp-json\/wp\/v2\/pages\/15303","targetHints":{"allow":["GET"]}}],"collection":[{"href":"https:\/\/huebsch.com\/vn-international\/wp-json\/wp\/v2\/pages"}],"about":[{"href":"https:\/\/huebsch.com\/vn-international\/wp-json\/wp\/v2\/types\/page"}],"author":[{"embeddable":true,"href":"https:\/\/huebsch.com\/vn-international\/wp-json\/wp\/v2\/users\/4"}],"replies":[{"embeddable":true,"href":"https:\/\/huebsch.com\/vn-international\/wp-json\/wp\/v2\/comments?post=15303"}],"version-history":[{"count":10,"href":"https:\/\/huebsch.com\/vn-international\/wp-json\/wp\/v2\/pages\/15303\/revisions"}],"predecessor-version":[{"id":15877,"href":"https:\/\/huebsch.com\/vn-international\/wp-json\/wp\/v2\/pages\/15303\/revisions\/15877"}],"up":[{"embeddable":true,"href":"https:\/\/huebsch.com\/vn-international\/wp-json\/wp\/v2\/pages\/15243"}],"wp:attachment":[{"href":"https:\/\/huebsch.com\/vn-international\/wp-json\/wp\/v2\/media?parent=15303"}],"curies":[{"name":"wp","href":"https:\/\/api.w.org\/{rel}","templated":true}]}}