{"id":15298,"date":"2019-05-06T07:13:29","date_gmt":"2019-05-06T07:13:29","guid":{"rendered":"http:\/\/huebsch-php74.bitnamiapp.com\/vn-international\/products\/light-commercial-laundry\/front-load-washers\/"},"modified":"2020-04-22T17:25:35","modified_gmt":"2020-04-22T17:25:35","slug":"may-giat-long-ngang","status":"publish","type":"page","link":"https:\/\/huebsch.com\/vn-international\/san-pham\/giat-la-thuong-mai-tai-trong-nhe\/may-giat-long-ngang\/","title":{"rendered":"M\u00e1y gi\u1eb7t l\u1ed3ng ngang"},"content":{"rendered":"<p><div class=\"fusion-fullwidth fullwidth-box fusion-builder-row-1 nonhundred-percent-fullwidth non-hundred-percent-height-scrolling\" style=\"--awb-border-radius-top-left:0px;--awb-border-radius-top-right:0px;--awb-border-radius-bottom-right:0px;--awb-border-radius-bottom-left:0px;--awb-flex-wrap:wrap;\" ><div class=\"fusion-builder-row fusion-row\"><div class=\"fusion-layout-column fusion_builder_column fusion-builder-column-0 fusion_builder_column_2_3 2_3 fusion-two-third fusion-column-first\" style=\"--awb-bg-size:cover;width:66.666666666667%;width:calc(66.666666666667% - ( ( 4% ) * 0.66666666666667 ) );margin-right: 4%;\"><div class=\"fusion-column-wrapper fusion-column-has-shadow fusion-flex-column-wrapper-legacy\"><div class=\"fusion-title title fusion-title-1 fusion-sep-none fusion-title-text fusion-title-size-one\"><h1 class=\"fusion-title-heading title-heading-left fusion-responsive-typography-calculated\" style=\"margin:0;--fontSize:33;line-height:1.45;\">M\u00e1y gi\u1eb7t l\u1ed3ng ngang th\u01b0\u01a1ng m\u1ea1i<\/h1><\/div><div class=\"fusion-builder-row fusion-builder-row-inner fusion-row\"><div class=\"fusion-layout-column fusion_builder_column_inner fusion-builder-nested-column-0 fusion_builder_column_inner_3_4 3_4 fusion-three-fourth fusion-column-first\" style=\"--awb-bg-size:cover;width:75%;width:calc(75% - ( ( 4% ) * 0.75 ) );margin-right: 4%;\"><div class=\"fusion-column-wrapper fusion-column-has-shadow fusion-flex-column-wrapper-legacy\"><div class=\"fusion-text fusion-text-1\"><p>\u0110i\u1ec1u g\u00ec x\u1ea3y ra khi b\u1ea1n b\u1ed5 sung \u0111\u1eb7c \u0111i\u1ec3m hi\u1ec7u qu\u1ea3 ch\u01b0a t\u1eebng c\u00f3 v\u00e0o ch\u1ea5t l\u01b0\u1ee3ng v\u00e0 \u0111\u1ed9 b\u1ec1n h\u00e0ng \u0111\u1ea7u trong ng\u00e0nh? K\u1ebft qu\u1ea3 l\u00e0 chi\u1ebfc m\u00e1y gi\u1eb7t l\u1ed3ng ngang th\u01b0\u01a1ng m\u1ea1i <span class=\"fusion-tooltip tooltip-shortcode\" data-animation=\"\" data-delay=\"0\" data-placement=\"top\" data-title=\"Gi\u1eb7t l\u00e0 Huebsch\" title=\"Gi\u1eb7t l\u00e0 Huebsch\" data-toggle=\"tooltip\" data-trigger=\"hover\"><strong>Huebsch\u00ae<\/strong><\/span>, v\u1edbi c\u00e1c t\u00ednh n\u0103ng nh\u01b0 ti\u1ebft ki\u1ec7m n\u0103ng l\u01b0\u1ee3ng v\u00e0 gi\u1ea3m l\u01b0\u1ee3ng n\u01b0\u1edbc m\u1ea1nh m\u1ebd. M\u00e1y gi\u1eb7t l\u1ed3ng ngang <span class=\"fusion-tooltip tooltip-shortcode\" data-animation=\"\" data-delay=\"0\" data-placement=\"top\" data-title=\"Gi\u1eb7t l\u00e0 Huebsch\" title=\"Gi\u1eb7t l\u00e0 Huebsch\" data-toggle=\"tooltip\" data-trigger=\"hover\"><strong>Huebsch\u00ae<\/strong><\/span> cung c\u1ea5p c\u00f4ng su\u1ea5t l\u1edbn, trong khi chi\u1ebfm m\u1ed9t di\u1ec7n t\u00edch nh\u1ecf.<\/p>\n<h2 style=\"margin-bottom: 3px\">C\u00e1c T\u00ednh n\u0103ng ch\u00ednh c\u1ee7a S\u1ea3n ph\u1ea9m:<\/h2>\n<ul style=\"margin-top: 0px\">\n<li>C\u00f4ng ngh\u1ec7 c\u00e2n b\u1eb1ng ti\u00ean ti\u1ebfn<\/li>\n<li>Chu k\u1ef3 v\u1eaft cu\u1ed1i c\u00f9ng v\u1edbi t\u1ed1c \u0111\u1ed9 440 G-Force<\/li>\n<li>L\u1eafp \u0111\u1eb7t \u0111\u01a1n gi\u1ea3n<\/li>\n<li>H\u1ed9p \u0111\u1ef1ng x\u00e0 ph\u00f2ng 4 ng\u0103n d\u1ec5 s\u1eed d\u1ee5ng<\/li>\n<li>B\u1ea3ng \u0111i\u1ec1u khi\u1ec3n nghi\u00eang 45 \u0111\u1ed9<\/li>\n<\/ul>\n<\/div><div class=\"fusion-clearfix\"><\/div><\/div><\/div><div class=\"fusion-layout-column fusion_builder_column_inner fusion-builder-nested-column-1 fusion_builder_column_inner_1_4 1_4 fusion-one-fourth fusion-column-last\" style=\"--awb-bg-size:cover;width:25%;width:calc(25% - ( ( 4% ) * 0.25 ) );\"><div class=\"fusion-column-wrapper fusion-column-has-shadow fusion-flex-column-wrapper-legacy\"><div class=\"fusion-image-element fusion-image-align-center in-legacy-container\" style=\"text-align:center;--awb-caption-title-font-family:var(--h2_typography-font-family);--awb-caption-title-font-weight:var(--h2_typography-font-weight);--awb-caption-title-font-style:var(--h2_typography-font-style);--awb-caption-title-size:var(--h2_typography-font-size);--awb-caption-title-transform:var(--h2_typography-text-transform);--awb-caption-title-line-height:var(--h2_typography-line-height);--awb-caption-title-letter-spacing:var(--h2_typography-letter-spacing);\"><div class=\"imageframe-align-center\"><span class=\" fusion-imageframe imageframe-none imageframe-1 hover-type-none\"><img decoding=\"async\" width=\"200\" height=\"300\" title=\"commercial-front-load-washer\" data-src=\"https:\/\/huebsch.com\/vn-international\/wp-content\/uploads\/sites\/13\/2019\/05\/commercial-front-load-washer.png\" alt class=\"img-responsive wp-image-15299 lazyload\" src=\"data:image\/svg+xml;base64,PHN2ZyB3aWR0aD0iMSIgaGVpZ2h0PSIxIiB4bWxucz0iaHR0cDovL3d3dy53My5vcmcvMjAwMC9zdmciPjwvc3ZnPg==\" style=\"--smush-placeholder-width: 200px; --smush-placeholder-aspect-ratio: 200\/300;\" \/><\/span><\/div><\/div><div class=\"fusion-clearfix\"><\/div><\/div><\/div><\/div><div class=\"fusion-text fusion-text-2\"><h2 style=\"margin-bottom: 3px\">T\u00ecm hi\u1ec3u nhi\u1ec1u h\u01a1n v\u1ec1 S\u1ea3n ph\u1ea9m c\u1ee7a Ch\u00fang t\u00f4i<\/h2>\n<p style=\"margin-top: 0px\">Xem video \u0111\u1ec3 t\u00ecm hi\u1ec3u th\u00eam v\u1ec1 s\u1ef1 ph\u00e1t tri\u1ec3n c\u1ee7a <span class=\"fusion-tooltip tooltip-shortcode\" data-animation=\"\" data-delay=\"0\" data-placement=\"top\" data-title=\"Gi\u1eb7t l\u00e0 Huebsch\" title=\"Gi\u1eb7t l\u00e0 Huebsch\" data-toggle=\"tooltip\" data-trigger=\"hover\"><strong>Huebsch\u00ae<\/strong><\/span> Laundry.<\/p>\n<\/div><div class=\"fusion-sep-clear\"><\/div><div class=\"fusion-separator fusion-full-width-sep\" style=\"margin-left: auto;margin-right: auto;margin-top:12px;margin-bottom:12px;width:100%;\"><\/div><div class=\"fusion-sep-clear\"><\/div><div class=\"fusion-video fusion-youtube fusion-aligncenter\" style=\"--awb-max-width:600px;--awb-max-height:360px;--awb-width:100%;\"><div class=\"video-shortcode\"><div class=\"fluid-width-video-wrapper\" style=\"padding-top:60%;\" ><iframe title=\"YouTube video player 1\" data-src=\"https:\/\/www.youtube.com\/embed\/MtcSY53gCd4?wmode=transparent&autoplay=0\" width=\"600\" height=\"360\" allowfullscreen allow=\"autoplay; clipboard-write; encrypted-media; gyroscope; picture-in-picture;\" src=\"data:image\/svg+xml;base64,PHN2ZyB3aWR0aD0iMSIgaGVpZ2h0PSIxIiB4bWxucz0iaHR0cDovL3d3dy53My5vcmcvMjAwMC9zdmciPjwvc3ZnPg==\" class=\"lazyload\" data-load-mode=\"1\"><\/iframe><\/div><\/div><\/div><div class=\"fusion-clearfix\"><\/div><\/div><\/div><div class=\"fusion-layout-column fusion_builder_column fusion-builder-column-1 fusion_builder_column_1_3 1_3 fusion-one-third fusion-column-last\" style=\"--awb-bg-size:cover;width:33.333333333333%;width:calc(33.333333333333% - ( ( 4% ) * 0.33333333333333 ) );\"><div class=\"fusion-column-wrapper fusion-column-has-shadow fusion-flex-column-wrapper-legacy\"><div class=\"fusion-widget-area awb-widget-area-element fusion-widget-area-1 fusion-content-widget-area\" style=\"--awb-title-size:14px;--awb-title-color:#333333;--awb-padding:0px 0px 0px 0px;\"><div id=\"nav_menu-16\" class=\"widget widget_nav_menu\"><div class=\"heading\"><h4 class=\"widget-title\">S\u1ea3n ph\u1ea9m<\/h4><\/div><div class=\"menu-light-commercial-laundry-vietnamese-container\"><ul id=\"menu-light-commercial-laundry-vietnamese\" class=\"menu\"><li id=\"menu-item-15724\" class=\"menu-item menu-item-type-post_type menu-item-object-page menu-item-15724\"><a href=\"https:\/\/huebsch.com\/vn-international\/san-pham\/giat-la-thuong-mai\/\">Gi\u1eb7t s\u1ea5y th\u01b0\u01a1ng m\u1ea1i<\/a><\/li>\n<li id=\"menu-item-15725\" class=\"menu-item menu-item-type-post_type menu-item-object-page menu-item-has-children menu-item-15725\"><a href=\"https:\/\/huebsch.com\/vn-international\/san-pham\/giat-la-thuong-mai-tai-trong-nhe\/\">Gi\u1eb7t s\u1ea5y th\u01b0\u01a1ng m\u1ea1i t\u1ea3i tr\u1ecdng nh\u1eb9<\/a>\n<ul class=\"sub-menu\">\n\t<li id=\"menu-item-15726\" class=\"menu-item menu-item-type-post_type menu-item-object-page menu-item-15726\"><a href=\"https:\/\/huebsch.com\/vn-international\/san-pham\/giat-la-thuong-mai-tai-trong-nhe\/may-giat-long-dung\/\">M\u00e1y gi\u1eb7t l\u1ed3ng \u0111\u1ee9ng<\/a><\/li>\n\t<li id=\"menu-item-15727\" class=\"menu-item menu-item-type-post_type menu-item-object-page menu-item-15727\"><a href=\"https:\/\/huebsch.com\/vn-international\/san-pham\/giat-la-thuong-mai-tai-trong-nhe\/may-giat-long-ngang\/\">M\u00e1y gi\u1eb7t l\u1ed3ng ngang<\/a><\/li>\n\t<li id=\"menu-item-15728\" class=\"menu-item menu-item-type-post_type menu-item-object-page menu-item-15728\"><a href=\"https:\/\/huebsch.com\/vn-international\/san-pham\/giat-la-thuong-mai-tai-trong-nhe\/may-say-nhiet-thuong-mai\/\">M\u00e1y s\u1ea5y nhi\u1ec7t th\u01b0\u01a1ng m\u1ea1i<\/a><\/li>\n\t<li id=\"menu-item-15729\" class=\"menu-item menu-item-type-post_type menu-item-object-page menu-item-15729\"><a href=\"https:\/\/huebsch.com\/vn-international\/san-pham\/giat-la-thuong-mai-tai-trong-nhe\/may-giat-may-say-xep-chong-len-nhau-thuong-mai\/\">M\u00e1y gi\u1eb7t\/m\u00e1y s\u1ea5y x\u1ebfp ch\u1ed3ng l\u00ean nhau th\u01b0\u01a1ng m\u1ea1i<\/a><\/li>\n<\/ul>\n<\/li>\n<li id=\"menu-item-15730\" class=\"menu-item menu-item-type-post_type menu-item-object-page menu-item-15730\"><a href=\"https:\/\/huebsch.com\/vn-international\/san-pham\/giat-la-tai-cho\/\">Gi\u1eb7t s\u1ea5y t\u1ea1i ch\u1ed7<\/a><\/li>\n<li id=\"menu-item-15731\" class=\"menu-item menu-item-type-post_type menu-item-object-page menu-item-15731\"><a href=\"https:\/\/huebsch.com\/vn-international\/san-pham\/cong-nghe-dieu-khien-galaxy-controls\/\">C\u00f4ng ngh\u1ec7 \u0111i\u1ec1u khi\u1ec3n Galaxy Controls<\/a><\/li>\n<li id=\"menu-item-15732\" class=\"menu-item menu-item-type-post_type menu-item-object-page menu-item-15732\"><a href=\"https:\/\/huebsch.com\/vn-international\/san-pham\/diem-nhan-trong-thiet-ke\/\">\u0110i\u1ec3m nh\u1ea5n trong Thi\u1ebft k\u1ebf<\/a><\/li>\n<\/ul><\/div><\/div><div class=\"fusion-additional-widget-content\"><\/div><\/div><div class=\"fusion-sep-clear\"><\/div><div class=\"fusion-separator fusion-full-width-sep\" style=\"margin-left: auto;margin-right: auto;margin-top:12px;margin-bottom:12px;width:100%;\"><\/div><div class=\"fusion-sep-clear\"><\/div><div class=\"fusion-text fusion-text-3\"><p><strong>H\u1ed7 tr\u1ee3<\/strong><br \/>\n<a title=\"t\u00e0i li\u1ec7u qu\u1ea3ng c\u00e1o s\u1ea3n ph\u1ea9m\" href=\"https:\/\/huebsch.com\/vn-international\/ho-tro\/?lang=vi\"><i class=\"far fa-file-pdf\"><\/i> T\u1ea3i xu\u1ed1ng t\u00e0i li\u1ec7u qu\u1ea3ng c\u00e1o s\u1ea3n ph\u1ea9m<\/a><br \/>\n<a href=\"https:\/\/alliancedoc.net\/en-us\/Home\" target=\"_blank\" rel=\"noopener noreferrer\"><i class=\"far fa-file-pdf\"><\/i> T\u1ea3i xu\u1ed1ng Th\u00f4ng tin k\u1ef9 thu\u1eadt s\u1ea3n ph\u1ea9m \u1ea4n ph\u1ea9m\/H\u01b0\u1edbng d\u1eabn s\u1eed d\u1ee5ng<\/a><\/p>\n<\/div><div class=\"fusion-clearfix\"><\/div><\/div><\/div><\/div><\/div><div class=\"fusion-fullwidth fullwidth-box fusion-builder-row-2 nonhundred-percent-fullwidth non-hundred-percent-height-scrolling\" style=\"--awb-border-radius-top-left:0px;--awb-border-radius-top-right:0px;--awb-border-radius-bottom-right:0px;--awb-border-radius-bottom-left:0px;--awb-padding-top:30px;--awb-margin-top:60px;--awb-background-color:#7eb541;--awb-flex-wrap:wrap;\" ><div class=\"fusion-builder-row fusion-row\"><div class=\"fusion-layout-column fusion_builder_column fusion-builder-column-2 fusion_builder_column_2_3 2_3 fusion-two-third fusion-column-first\" style=\"--awb-bg-size:cover;width:66.666666666667%;width:calc(66.666666666667% - ( ( 4% ) * 0.66666666666667 ) );margin-right: 4%;\"><div class=\"fusion-column-wrapper fusion-column-has-shadow fusion-flex-column-wrapper-legacy\"><div class=\"fusion-title title fusion-title-2 fusion-sep-none fusion-title-text fusion-title-size-one\" style=\"--awb-text-color:#ffffff;--awb-margin-bottom:5px;--awb-margin-bottom-small:5px;\"><h1 class=\"fusion-title-heading title-heading-left fusion-responsive-typography-calculated\" style=\"margin:0;--fontSize:33;line-height:1.45;\">Y\u00eau c\u1ea7u b\u00e1o gi\u00e1<\/h1><\/div><div class=\"fusion-text fusion-text-4\"><p><span style=\"color: #fff\">\u0110i\u1ec1n v\u00e0o m\u1eabu \u0111\u1ec3 y\u00eau c\u1ea7u b\u00e1o gi\u00e1 t\u1eeb chuy\u00ean vi\u00ean kinh doanh c\u1ee7a Huebsch.<\/span><\/p>\n<\/div><div class=\"fusion-clearfix\"><\/div><\/div><\/div><div class=\"fusion-layout-column fusion_builder_column fusion-builder-column-3 fusion_builder_column_1_3 1_3 fusion-one-third fusion-column-last\" style=\"--awb-bg-size:cover;width:33.333333333333%;width:calc(33.333333333333% - ( ( 4% ) * 0.33333333333333 ) );\"><div class=\"fusion-column-wrapper fusion-column-has-shadow fusion-flex-column-wrapper-legacy\"><div class=\"fusion-sep-clear\"><\/div><div class=\"fusion-separator fusion-full-width-sep\" style=\"margin-left: auto;margin-right: auto;margin-top:0px;margin-bottom:22px;width:100%;\"><\/div><div class=\"fusion-sep-clear\"><\/div><div class=\"fusion-align-block\"><a class=\"fusion-button button-flat fusion-button-default-size button-custom fusion-button-default button-1 fusion-button-span-yes fusion-button-default-type\" style=\"--button_accent_color:#ffffff;--button_accent_hover_color:#7eb541;--button_border_hover_color:#7eb541;--button_border_width-top:1px;--button_border_width-right:1px;--button_border_width-bottom:1px;--button_border_width-left:1px;--button_gradient_top_color:#7eb541;--button_gradient_bottom_color:#7eb541;--button_gradient_top_color_hover:#ffffff;--button_gradient_bottom_color_hover:#ffffff;\" target=\"_self\" href=\"https:\/\/huebsch.com\/vn-international\/yeu-cau-bao-gia\/?lang=vi\"><span class=\"fusion-button-text awb-button__text awb-button__text--default\">B\u00e1o gi\u00e1<\/span><\/a><\/div><div class=\"fusion-clearfix\"><\/div><\/div><\/div><\/div><\/div><\/p>\n","protected":false},"excerpt":{"rendered":"","protected":false},"author":4,"featured_media":0,"parent":15272,"menu_order":0,"comment_status":"closed","ping_status":"closed","template":"100-width.php","meta":{"_acf_changed":false,"footnotes":""},"class_list":["post-15298","page","type-page","status-publish","hentry"],"acf":[],"yoast_head":"<!-- This site is optimized with the Yoast SEO Premium plugin v20.12 (Yoast SEO v26.5) - https:\/\/yoast.com\/wordpress\/plugins\/seo\/ -->\n<title>M\u00e1y gi\u1eb7t l\u1ed3ng ngang - Huebsch Vietnam<\/title>\n<meta name=\"robots\" content=\"index, follow, max-snippet:-1, max-image-preview:large, max-video-preview:-1\" \/>\n<link rel=\"canonical\" href=\"https:\/\/huebsch.com\/vn-international\/san-pham\/giat-la-thuong-mai-tai-trong-nhe\/may-giat-long-ngang\/\" \/>\n<meta property=\"og:locale\" content=\"vi_VN\" \/>\n<meta property=\"og:type\" content=\"article\" \/>\n<meta property=\"og:title\" content=\"M\u00e1y gi\u1eb7t l\u1ed3ng ngang\" \/>\n<meta property=\"og:url\" content=\"https:\/\/huebsch.com\/vn-international\/san-pham\/giat-la-thuong-mai-tai-trong-nhe\/may-giat-long-ngang\/\" \/>\n<meta property=\"og:site_name\" content=\"Huebsch Vietnam\" \/>\n<meta property=\"article:publisher\" content=\"https:\/\/www.facebook.com\/Huebsch\/\" \/>\n<meta property=\"article:modified_time\" content=\"2020-04-22T17:25:35+00:00\" \/>\n<meta name=\"twitter:card\" content=\"summary_large_image\" \/>\n<meta name=\"twitter:label1\" content=\"Est. reading time\" \/>\n\t<meta name=\"twitter:data1\" content=\"8 minutes\" \/>\n<script type=\"application\/ld+json\" class=\"yoast-schema-graph\">{\"@context\":\"https:\/\/schema.org\",\"@graph\":[{\"@type\":\"WebPage\",\"@id\":\"https:\/\/huebsch.com\/vn-international\/san-pham\/giat-la-thuong-mai-tai-trong-nhe\/may-giat-long-ngang\/\",\"url\":\"https:\/\/huebsch.com\/vn-international\/san-pham\/giat-la-thuong-mai-tai-trong-nhe\/may-giat-long-ngang\/\",\"name\":\"M\u00e1y gi\u1eb7t l\u1ed3ng ngang - Huebsch Vietnam\",\"isPartOf\":{\"@id\":\"https:\/\/huebsch.com\/vn-international\/#website\"},\"datePublished\":\"2019-05-06T07:13:29+00:00\",\"dateModified\":\"2020-04-22T17:25:35+00:00\",\"breadcrumb\":{\"@id\":\"https:\/\/huebsch.com\/vn-international\/san-pham\/giat-la-thuong-mai-tai-trong-nhe\/may-giat-long-ngang\/#breadcrumb\"},\"inLanguage\":\"vi-VN\",\"potentialAction\":[{\"@type\":\"ReadAction\",\"target\":[\"https:\/\/huebsch.com\/vn-international\/san-pham\/giat-la-thuong-mai-tai-trong-nhe\/may-giat-long-ngang\/\"]}]},{\"@type\":\"BreadcrumbList\",\"@id\":\"https:\/\/huebsch.com\/vn-international\/san-pham\/giat-la-thuong-mai-tai-trong-nhe\/may-giat-long-ngang\/#breadcrumb\",\"itemListElement\":[{\"@type\":\"ListItem\",\"position\":1,\"name\":\"Home\",\"item\":\"https:\/\/huebsch.com\/vn-international\/\"},{\"@type\":\"ListItem\",\"position\":2,\"name\":\"S\u1ea3n ph\u1ea9m\",\"item\":\"https:\/\/huebsch.com\/vn-international\/san-pham\/\"},{\"@type\":\"ListItem\",\"position\":3,\"name\":\"Gi\u1eb7t s\u1ea5y th\u01b0\u01a1ng m\u1ea1i t\u1ea3i tr\u1ecdng nh\u1eb9\",\"item\":\"https:\/\/huebsch.com\/vn-international\/san-pham\/giat-la-thuong-mai-tai-trong-nhe\/\"},{\"@type\":\"ListItem\",\"position\":4,\"name\":\"M\u00e1y gi\u1eb7t l\u1ed3ng ngang\"}]},{\"@type\":\"WebSite\",\"@id\":\"https:\/\/huebsch.com\/vn-international\/#website\",\"url\":\"https:\/\/huebsch.com\/vn-international\/\",\"name\":\"Huebsch Vietnam\",\"description\":\"Your Smart Laundry Partner\",\"publisher\":{\"@id\":\"https:\/\/huebsch.com\/vn-international\/#organization\"},\"potentialAction\":[{\"@type\":\"SearchAction\",\"target\":{\"@type\":\"EntryPoint\",\"urlTemplate\":\"https:\/\/huebsch.com\/vn-international\/?s={search_term_string}\"},\"query-input\":{\"@type\":\"PropertyValueSpecification\",\"valueRequired\":true,\"valueName\":\"search_term_string\"}}],\"inLanguage\":\"vi-VN\"},{\"@type\":\"Organization\",\"@id\":\"https:\/\/huebsch.com\/vn-international\/#organization\",\"name\":\"Huebsch\",\"url\":\"https:\/\/huebsch.com\/vn-international\/\",\"logo\":{\"@type\":\"ImageObject\",\"inLanguage\":\"vi-VN\",\"@id\":\"https:\/\/huebsch.com\/vn-international\/#\/schema\/logo\/image\/\",\"url\":\"https:\/\/huebsch.com\/vn-international\/wp-content\/uploads\/sites\/13\/2019\/04\/Huebsch_Color_RGB-e1554987923330.png\",\"contentUrl\":\"https:\/\/huebsch.com\/vn-international\/wp-content\/uploads\/sites\/13\/2019\/04\/Huebsch_Color_RGB-e1554987923330.png\",\"width\":295,\"height\":70,\"caption\":\"Huebsch\"},\"image\":{\"@id\":\"https:\/\/huebsch.com\/vn-international\/#\/schema\/logo\/image\/\"},\"sameAs\":[\"https:\/\/www.facebook.com\/Huebsch\/\"]}]}<\/script>\n<!-- \/ Yoast SEO Premium plugin. -->","yoast_head_json":{"title":"M\u00e1y gi\u1eb7t l\u1ed3ng ngang - Huebsch Vietnam","robots":{"index":"index","follow":"follow","max-snippet":"max-snippet:-1","max-image-preview":"max-image-preview:large","max-video-preview":"max-video-preview:-1"},"canonical":"https:\/\/huebsch.com\/vn-international\/san-pham\/giat-la-thuong-mai-tai-trong-nhe\/may-giat-long-ngang\/","og_locale":"vi_VN","og_type":"article","og_title":"M\u00e1y gi\u1eb7t l\u1ed3ng ngang","og_url":"https:\/\/huebsch.com\/vn-international\/san-pham\/giat-la-thuong-mai-tai-trong-nhe\/may-giat-long-ngang\/","og_site_name":"Huebsch Vietnam","article_publisher":"https:\/\/www.facebook.com\/Huebsch\/","article_modified_time":"2020-04-22T17:25:35+00:00","twitter_card":"summary_large_image","twitter_misc":{"Est. reading time":"8 minutes"},"schema":{"@context":"https:\/\/schema.org","@graph":[{"@type":"WebPage","@id":"https:\/\/huebsch.com\/vn-international\/san-pham\/giat-la-thuong-mai-tai-trong-nhe\/may-giat-long-ngang\/","url":"https:\/\/huebsch.com\/vn-international\/san-pham\/giat-la-thuong-mai-tai-trong-nhe\/may-giat-long-ngang\/","name":"M\u00e1y gi\u1eb7t l\u1ed3ng ngang - Huebsch Vietnam","isPartOf":{"@id":"https:\/\/huebsch.com\/vn-international\/#website"},"datePublished":"2019-05-06T07:13:29+00:00","dateModified":"2020-04-22T17:25:35+00:00","breadcrumb":{"@id":"https:\/\/huebsch.com\/vn-international\/san-pham\/giat-la-thuong-mai-tai-trong-nhe\/may-giat-long-ngang\/#breadcrumb"},"inLanguage":"vi-VN","potentialAction":[{"@type":"ReadAction","target":["https:\/\/huebsch.com\/vn-international\/san-pham\/giat-la-thuong-mai-tai-trong-nhe\/may-giat-long-ngang\/"]}]},{"@type":"BreadcrumbList","@id":"https:\/\/huebsch.com\/vn-international\/san-pham\/giat-la-thuong-mai-tai-trong-nhe\/may-giat-long-ngang\/#breadcrumb","itemListElement":[{"@type":"ListItem","position":1,"name":"Home","item":"https:\/\/huebsch.com\/vn-international\/"},{"@type":"ListItem","position":2,"name":"S\u1ea3n ph\u1ea9m","item":"https:\/\/huebsch.com\/vn-international\/san-pham\/"},{"@type":"ListItem","position":3,"name":"Gi\u1eb7t s\u1ea5y th\u01b0\u01a1ng m\u1ea1i t\u1ea3i tr\u1ecdng nh\u1eb9","item":"https:\/\/huebsch.com\/vn-international\/san-pham\/giat-la-thuong-mai-tai-trong-nhe\/"},{"@type":"ListItem","position":4,"name":"M\u00e1y gi\u1eb7t l\u1ed3ng ngang"}]},{"@type":"WebSite","@id":"https:\/\/huebsch.com\/vn-international\/#website","url":"https:\/\/huebsch.com\/vn-international\/","name":"Huebsch Vietnam","description":"Your Smart Laundry Partner","publisher":{"@id":"https:\/\/huebsch.com\/vn-international\/#organization"},"potentialAction":[{"@type":"SearchAction","target":{"@type":"EntryPoint","urlTemplate":"https:\/\/huebsch.com\/vn-international\/?s={search_term_string}"},"query-input":{"@type":"PropertyValueSpecification","valueRequired":true,"valueName":"search_term_string"}}],"inLanguage":"vi-VN"},{"@type":"Organization","@id":"https:\/\/huebsch.com\/vn-international\/#organization","name":"Huebsch","url":"https:\/\/huebsch.com\/vn-international\/","logo":{"@type":"ImageObject","inLanguage":"vi-VN","@id":"https:\/\/huebsch.com\/vn-international\/#\/schema\/logo\/image\/","url":"https:\/\/huebsch.com\/vn-international\/wp-content\/uploads\/sites\/13\/2019\/04\/Huebsch_Color_RGB-e1554987923330.png","contentUrl":"https:\/\/huebsch.com\/vn-international\/wp-content\/uploads\/sites\/13\/2019\/04\/Huebsch_Color_RGB-e1554987923330.png","width":295,"height":70,"caption":"Huebsch"},"image":{"@id":"https:\/\/huebsch.com\/vn-international\/#\/schema\/logo\/image\/"},"sameAs":["https:\/\/www.facebook.com\/Huebsch\/"]}]}},"_links":{"self":[{"href":"https:\/\/huebsch.com\/vn-international\/wp-json\/wp\/v2\/pages\/15298","targetHints":{"allow":["GET"]}}],"collection":[{"href":"https:\/\/huebsch.com\/vn-international\/wp-json\/wp\/v2\/pages"}],"about":[{"href":"https:\/\/huebsch.com\/vn-international\/wp-json\/wp\/v2\/types\/page"}],"author":[{"embeddable":true,"href":"https:\/\/huebsch.com\/vn-international\/wp-json\/wp\/v2\/users\/4"}],"replies":[{"embeddable":true,"href":"https:\/\/huebsch.com\/vn-international\/wp-json\/wp\/v2\/comments?post=15298"}],"version-history":[{"count":5,"href":"https:\/\/huebsch.com\/vn-international\/wp-json\/wp\/v2\/pages\/15298\/revisions"}],"predecessor-version":[{"id":15792,"href":"https:\/\/huebsch.com\/vn-international\/wp-json\/wp\/v2\/pages\/15298\/revisions\/15792"}],"up":[{"embeddable":true,"href":"https:\/\/huebsch.com\/vn-international\/wp-json\/wp\/v2\/pages\/15272"}],"wp:attachment":[{"href":"https:\/\/huebsch.com\/vn-international\/wp-json\/wp\/v2\/media?parent=15298"}],"curies":[{"name":"wp","href":"https:\/\/api.w.org\/{rel}","templated":true}]}}