{"id":15232,"date":"2019-04-26T12:19:44","date_gmt":"2019-04-26T12:19:44","guid":{"rendered":"http:\/\/huebsch-php74.bitnamiapp.com\/vn-international\/investors\/the-huebsch-advantage\/"},"modified":"2020-04-22T17:41:49","modified_gmt":"2020-04-22T17:41:49","slug":"loi-the-cua-huebsch","status":"publish","type":"page","link":"https:\/\/huebsch.com\/vn-international\/cac-nha-dau-tu\/loi-the-cua-huebsch\/","title":{"rendered":"L\u1ee3i th\u1ebf c\u1ee7a Huebsch"},"content":{"rendered":"<p><div class=\"fusion-fullwidth fullwidth-box fusion-builder-row-1 nonhundred-percent-fullwidth non-hundred-percent-height-scrolling\" style=\"--awb-background-position:left top;--awb-border-radius-top-left:0px;--awb-border-radius-top-right:0px;--awb-border-radius-bottom-right:0px;--awb-border-radius-bottom-left:0px;--awb-padding-top:0px;--awb-border-sizes-top:0px;--awb-border-sizes-bottom:0px;--awb-flex-wrap:wrap;\" ><div class=\"fusion-builder-row fusion-row\"><div class=\"fusion-layout-column fusion_builder_column fusion-builder-column-0 fusion_builder_column_1_1 1_1 fusion-one-full fusion-column-first fusion-column-last\" style=\"--awb-bg-size:cover;\"><div class=\"fusion-column-wrapper fusion-column-has-shadow fusion-flex-column-wrapper-legacy\"><div class=\"fusion-title title fusion-title-1 fusion-sep-none fusion-title-text fusion-title-size-one\"><h1 class=\"fusion-title-heading title-heading-left fusion-responsive-typography-calculated\" style=\"margin:0;--fontSize:33;line-height:1.45;\">L\u1ee3i th\u1ebf c\u1ee7a <span class=\"fusion-tooltip tooltip-shortcode\" data-animation=\"\" data-delay=\"0\" data-placement=\"top\" data-title=\"Gi\u1eb7t l\u00e0 Huebsch\" title=\"Gi\u1eb7t l\u00e0 Huebsch\" data-toggle=\"tooltip\" data-trigger=\"hover\"><strong>Huebsch\u00ae<\/strong><\/span><\/h1><\/div><div class=\"fusion-clearfix\"><\/div><\/div><\/div><div class=\"fusion-layout-column fusion_builder_column fusion-builder-column-1 fusion_builder_column_3_4 3_4 fusion-three-fourth fusion-column-first\" style=\"--awb-bg-size:cover;width:74%; margin-right: 4%;\"><div class=\"fusion-column-wrapper fusion-flex-column-wrapper-legacy\"><div class=\"fusion-text fusion-text-1\"><p>L\u00e0 m\u1ed9t kh\u00e1ch h\u00e0ng c\u1ee7a <span class=\"fusion-tooltip tooltip-shortcode\" data-animation=\"\" data-delay=\"0\" data-placement=\"top\" data-title=\"Gi\u1eb7t l\u00e0 Huebsch\" title=\"Gi\u1eb7t l\u00e0 Huebsch\" data-toggle=\"tooltip\" data-trigger=\"hover\"><strong>Huebsch\u00ae<\/strong><\/span>, b\u1ea1n s\u1ebd c\u00f3 \u0111\u01b0\u1ee3c s\u1ef1 an t\u00e2m m\u00e0 ch\u1ec9 c\u00f3 th\u1ec3 \u0111\u1ebfn t\u1eeb vi\u1ec7c kinh doanh v\u1edbi m\u1ed9t c\u00f4ng ty \u0111\u00e3 ho\u1ea1t \u0111\u1ed9ng trong <a href=\"\/vn-international\/gioi-thieu\/?lang=vi\">ng\u00e0nh gi\u1eb7t l\u00e0 h\u01a1n 100 n\u0103m<\/a>. Kh\u00e1ch h\u00e0ng c\u1ee7a ch\u00fang t\u00f4i \u0111\u00e1nh gi\u00e1 cao vi\u1ec7c h\u1ee3p t\u00e1c v\u1edbi m\u1ed9t c\u00f4ng ty chuy\u00ean duy tr\u00ec c\u00f4ng vi\u1ec7c \u1edf M\u1ef9 b\u1eb1ng c\u00e1ch duy tr\u00ec c\u01a1 s\u1edf ho\u1ea1t \u0111\u1ed9ng t\u1ea1i Ripon, Wisconsin.<\/p>\n<p><span class=\"fusion-tooltip tooltip-shortcode\" data-animation=\"\" data-delay=\"0\" data-placement=\"top\" data-title=\"Gi\u1eb7t l\u00e0 Huebsch\" title=\"Gi\u1eb7t l\u00e0 Huebsch\" data-toggle=\"tooltip\" data-trigger=\"hover\"><strong>Huebsch\u00ae<\/strong><\/span> c\u0169ng c\u00f3 ngu\u1ed3n l\u1ef1c h\u1ed7 tr\u1ee3 t\u1eeb <a href=\"http:\/\/alliancelaundry.com\/\" target=\"_blank\" rel=\"noopener noreferrer\">Alliance Laundry Systems<\/a>, c\u00f4ng ty h\u00e0ng \u0111\u1ea7u th\u1ebf gi\u1edbi v\u1ec1 s\u1ea3n xu\u1ea5t thi\u1ebft b\u1ecb gi\u1eb7t l\u00e0 th\u01b0\u01a1ng m\u1ea1i. B\u1eb1ng c\u00e1ch h\u1ee3p t\u00e1c v\u1edbi <span class=\"fusion-tooltip tooltip-shortcode\" data-animation=\"\" data-delay=\"0\" data-placement=\"top\" data-title=\"Gi\u1eb7t l\u00e0 Huebsch\" title=\"Gi\u1eb7t l\u00e0 Huebsch\" data-toggle=\"tooltip\" data-trigger=\"hover\"><strong>Huebsch\u00ae<\/strong><\/span>, kh\u00e1ch h\u00e0ng c\u00f3 th\u1ec3 ti\u1ebfp c\u1eadn c\u00e1c d\u1ecbch v\u1ee5 h\u00e0ng \u0111\u1ea7u trong ng\u00e0nh c\u1ee7a Alliance, m\u1ea1ng l\u01b0\u1edbi c\u00e1c nh\u00e0 ph\u00e2n ph\u1ed1i tr\u00ean to\u00e0n th\u1ebf gi\u1edbi, c\u00e1ch b\u1ed1 tr\u00ed v\u00e0 thi\u1ebft k\u1ebf c\u1eeda h\u00e0ng v\u00e0 d\u1ecbch v\u1ee5 ch\u0103m s\u00f3c kh\u00e1ch h\u00e0ng v\u01b0\u1ee3t tr\u1ed9i.<\/p>\n<\/div><div class=\"fusion-video fusion-youtube fusion-aligncenter\" style=\"--awb-max-width:1100px;--awb-max-height:600px;--awb-width:100%;\"><div class=\"video-shortcode\"><div class=\"fluid-width-video-wrapper\" style=\"padding-top:54.55%;\" ><iframe title=\"YouTube video player 1\" data-src=\"https:\/\/www.youtube.com\/embed\/uPp99_Z8cO4?wmode=transparent&autoplay=0\" width=\"1100\" height=\"600\" allowfullscreen allow=\"autoplay; clipboard-write; encrypted-media; gyroscope; picture-in-picture;\" src=\"data:image\/svg+xml;base64,PHN2ZyB3aWR0aD0iMSIgaGVpZ2h0PSIxIiB4bWxucz0iaHR0cDovL3d3dy53My5vcmcvMjAwMC9zdmciPjwvc3ZnPg==\" class=\"lazyload\" data-load-mode=\"1\"><\/iframe><\/div><\/div><\/div><div class=\"fusion-text fusion-text-2\"><p>C\u00e1c ch\u1ee7 c\u1eeda h\u00e0ng c\u1ee7a The Laundry Caf\u00e9 \u1edf Pennsylvania gi\u1ea3i th\u00edch v\u1ec1 c\u00e1ch m\u00e0 m\u00e1y gi\u1eb7t v\u00e0 m\u00e1y s\u1ea5y <span class=\"fusion-tooltip tooltip-shortcode\" data-animation=\"\" data-delay=\"0\" data-placement=\"top\" data-title=\"Gi\u1eb7t l\u00e0 Huebsch\" title=\"Gi\u1eb7t l\u00e0 Huebsch\" data-toggle=\"tooltip\" data-trigger=\"hover\"><strong>Huebsch\u00ae<\/strong><\/span> ti\u1ebft ki\u1ec7m th\u1eddi gian v\u00e0 ti\u1ec1n b\u1ea1c qu\u00fd gi\u00e1 cho kh\u00e1ch h\u00e0ng c\u1ee7a h\u1ecd.<\/p>\n<\/div><div class=\"fusion-text fusion-text-3\"><p>C\u00e1c ch\u1ee7 c\u1eeda h\u00e0ng d\u1ecbch v\u1ee5 gi\u1eb7t l\u00e0 t\u1ef1 \u0111\u1ed9ng \u0111\u00e1nh gi\u00e1 cao s\u1ef1 ch\u00fa \u00fd \u0111\u1ebfn t\u1eebng ng\u01b0\u1eddi m\u1ed9t m\u00e0 nh\u00e2n vi\u00ean ph\u00e2n ph\u1ed1i c\u1ee7a \u0111\u01b0\u1ee3c \u0111\u00e0o t\u1ea1o chuy\u00ean nghi\u1ec7p c\u1ee7a <a href=\"\/vn-international\/dinh-vi\/?lang=vi\"><span class=\"fusion-tooltip tooltip-shortcode\" data-animation=\"\" data-delay=\"0\" data-placement=\"top\" data-title=\"Gi\u1eb7t l\u00e0 Huebsch\" title=\"Gi\u1eb7t l\u00e0 Huebsch\" data-toggle=\"tooltip\" data-trigger=\"hover\"><strong>Huebsch\u00ae<\/strong><\/span> cung c\u1ea5p<\/a>. H\u1ecd l\u00e0 nh\u1eefng chuy\u00ean gia \u0111\u1ecba ph\u01b0\u01a1ng c\u1ee7a b\u1ea1n &#8211; nh\u1eefng ng\u01b0\u1eddi s\u1ebd gi\u00fap b\u1ea1n t\u1eeb khi l\u00ean \u00fd t\u01b0\u1edfng cho t\u1edbi l\u00fac tri\u1ec3n khai. B\u1ea1n c\u00f3 th\u1ec3 tin t\u01b0\u1edfng v\u00e0o c\u00e1c chuy\u00ean gia c\u1ee7a <span class=\"fusion-tooltip tooltip-shortcode\" data-animation=\"\" data-delay=\"0\" data-placement=\"top\" data-title=\"Gi\u1eb7t l\u00e0 Huebsch\" title=\"Gi\u1eb7t l\u00e0 Huebsch\" data-toggle=\"tooltip\" data-trigger=\"hover\"><strong>Huebsch\u00ae<\/strong><\/span> \u0111\u1ec3 gi\u00fap b\u1ea1n l\u1ef1a ch\u1ecdn vi\u1ec7c k\u1ebft h\u1ee3p c\u00e1c thi\u1ebft b\u1ecb ph\u00f9 h\u1ee3p, s\u1eafp x\u1ebfp nh\u00e0 th\u1ea7u, gi\u00e1m s\u00e1t x\u00e2y d\u1ef1ng, l\u1eafp \u0111\u1eb7t v\u00e0 nhi\u1ec1u h\u01a1n n\u1eefa.<\/p>\n<\/div><div class=\"fusion-title title fusion-title-2 fusion-sep-none fusion-title-text fusion-title-size-one\"><h1 class=\"fusion-title-heading title-heading-left fusion-responsive-typography-calculated\" style=\"margin:0;--fontSize:33;line-height:1.45;\">\u0110\u1ed1i t\u00e1c gi\u1eb7t l\u00e0 th\u00f4ng minh c\u1ee7a b\u1ea1n.<\/h1><\/div><div class=\"fusion-text fusion-text-4\"><p>Th\u00e0nh c\u00f4ng trong kinh doanh gi\u1eb7t l\u00e0 t\u1ef1 \u0111\u1ed9ng \u0111\u01b0\u1ee3c x\u00e1c \u0111\u1ecbnh t\u1eeb l\u00e2u tr\u01b0\u1edbc khi t\u1ea5m bi\u1ec3n \u201cM\u1edf c\u1eeda\u201d \u0111\u01b0\u1ee3c treo l\u00ean. \u0110\u00f3 l\u00e0 l\u00fd do t\u1ea1i sao vi\u1ec7c h\u1ee3p t\u00e1c v\u1edbi m\u1ed9t \u0111\u1ed1i t\u00e1c c\u00f3 kinh nghi\u1ec7m l\u00e0 \u0111i\u1ec1u v\u00f4 c\u00f9ng quan tr\u1ecdng. V\u1edbi h\u01a1n 100 n\u0103m trong ng\u00e0nh gi\u1eb7t l\u00e0 v\u00e0 m\u1ea1ng l\u01b0\u1edbi ph\u00e2n ph\u1ed1i \u0111\u01b0\u1ee3c x\u1ebfp h\u1ea1ng h\u00e0ng \u0111\u1ea7u trong ng\u00e0nh*, <span class=\"fusion-tooltip tooltip-shortcode\" data-animation=\"\" data-delay=\"0\" data-placement=\"top\" data-title=\"Gi\u1eb7t l\u00e0 Huebsch\" title=\"Gi\u1eb7t l\u00e0 Huebsch\" data-toggle=\"tooltip\" data-trigger=\"hover\"><strong>Huebsch\u00ae<\/strong><\/span> th\u1ef1c s\u1ef1 l\u00e0 \u0111\u1ed1i t\u00e1c gi\u1eb7t l\u00e0 th\u00f4ng minh c\u1ee7a b\u1ea1n, h\u01b0\u1edbng d\u1eabn b\u1ea1n t\u1eebng b\u01b0\u1edbc v\u1edbi m\u1ed9t lo\u1ea1t c\u00e1c d\u1ecbch v\u1ee5, bao g\u1ed3m: T\u00e0i tr\u1ee3 kho\u1ea3n vay v\u1edbi s\u1ef1 ch\u1ea5p thu\u1eadn nhanh ch\u00f3ng<\/p>\n<ul>\n<li>Ph\u00e2n t\u00edch nh\u00e2n kh\u1ea9u h\u1ecdc<\/li>\n<li>H\u1ed7 tr\u1ee3 l\u1ef1a ch\u1ecdn \u0111\u1ecba \u0111i\u1ec3m<\/li>\n<li>B\u1ed1 tr\u00ed v\u00e0 thi\u1ebft k\u1ebf c\u1eeda h\u00e0ng<\/li>\n<li>H\u1ed7 tr\u1ee3 v\u1eadn h\u00e0nh\/ti\u1ebfp th\u1ecb<\/li>\n<\/ul>\n<\/div><div class=\"fusion-reading-box-container reading-box-container-1\" style=\"--awb-title-color:#333333;--awb-margin-top:0px;--awb-margin-bottom:84px;\"><div class=\"reading-box\" style=\"background-color:#f6f6f6;border-width:1px;border-color:#f6f6f6;border-style:solid;\"><div class=\"reading-box-additional\">\u0110\u1ec3 t\u00ecm nh\u00e0 ph\u00e2n ph\u1ed1i <span class=\"fusion-tooltip tooltip-shortcode\" data-animation=\"\" data-delay=\"0\" data-placement=\"top\" data-title=\"Gi\u1eb7t l\u00e0 Huebsch\" title=\"Gi\u1eb7t l\u00e0 Huebsch\" data-toggle=\"tooltip\" data-trigger=\"hover\"><strong>Huebsch\u00ae<\/strong><\/span> trong khu v\u1ef1c c\u1ee7a b\u1ea1n, h\u00e3y truy c\u1eadp <a href=\"\/vn-international\/dinh-vi\/?lang=vi\">trang \u0111\u1ecbnh v\u1ecb<\/a> c\u1ee7a ch\u00fang t\u00f4i.<\/div><div class=\"fusion-clearfix\"><\/div><\/div><\/div><div class=\"fusion-clearfix\"><\/div><\/div><\/div><div class=\"fusion-layout-column fusion_builder_column fusion-builder-column-2 fusion_builder_column_1_4 1_4 fusion-one-fourth fusion-column-last\" style=\"--awb-bg-size:cover;width:22%;\"><div class=\"fusion-column-wrapper fusion-flex-column-wrapper-legacy\"><div class=\"fusion-image-element fusion-image-align-center in-legacy-container\" style=\"text-align:center;--awb-caption-title-font-family:var(--h2_typography-font-family);--awb-caption-title-font-weight:var(--h2_typography-font-weight);--awb-caption-title-font-style:var(--h2_typography-font-style);--awb-caption-title-size:var(--h2_typography-font-size);--awb-caption-title-transform:var(--h2_typography-text-transform);--awb-caption-title-line-height:var(--h2_typography-line-height);--awb-caption-title-letter-spacing:var(--h2_typography-letter-spacing);\"><div class=\"imageframe-align-center\"><span class=\" fusion-imageframe imageframe-none imageframe-1 hover-type-none\"><img decoding=\"async\" width=\"250\" height=\"200\" title=\"Coin-laundry-investors\" data-src=\"https:\/\/huebsch.com\/vn-international\/wp-content\/uploads\/sites\/13\/2019\/04\/Coin-laundry-investors.jpg\" alt class=\"img-responsive wp-image-15233 lazyload\" data-srcset=\"https:\/\/huebsch.com\/vn-international\/wp-content\/uploads\/sites\/13\/2019\/04\/Coin-laundry-investors-200x160.jpg 200w, https:\/\/huebsch.com\/vn-international\/wp-content\/uploads\/sites\/13\/2019\/04\/Coin-laundry-investors.jpg 250w\" data-sizes=\"(max-width: 800px) 100vw, 250px\" src=\"data:image\/svg+xml;base64,PHN2ZyB3aWR0aD0iMSIgaGVpZ2h0PSIxIiB4bWxucz0iaHR0cDovL3d3dy53My5vcmcvMjAwMC9zdmciPjwvc3ZnPg==\" style=\"--smush-placeholder-width: 250px; --smush-placeholder-aspect-ratio: 250\/200;\" \/><\/span><\/div><\/div><div class=\"fusion-widget-area awb-widget-area-element fusion-widget-area-1 fusion-content-widget-area\" style=\"--awb-title-size:14px;--awb-title-color:#333333;--awb-padding:0px 0px 0px 0px;\"><div id=\"nav_menu-10\" class=\"widget widget_nav_menu\"><div class=\"heading\"><h4 class=\"widget-title\">C\u00e1c nh\u00e0 \u0111\u1ea7u t\u01b0<\/h4><\/div><div class=\"menu-investors-vietnamese-container\"><ul id=\"menu-investors-vietnamese\" class=\"menu\"><li id=\"menu-item-15706\" class=\"menu-item menu-item-type-post_type menu-item-object-page menu-item-15706\"><a href=\"https:\/\/huebsch.com\/vn-international\/cac-nha-dau-tu\/loi-the-cua-huebsch\/\">L\u1ee3i th\u1ebf c\u1ee7a Huebsch<\/a><\/li>\n<li id=\"menu-item-15707\" class=\"menu-item menu-item-type-post_type menu-item-object-page menu-item-15707\"><a href=\"https:\/\/huebsch.com\/vn-international\/cac-nha-dau-tu\/bat-dau\/\">B\u1eaft \u0111\u1ea7u<\/a><\/li>\n<li id=\"menu-item-15708\" class=\"menu-item menu-item-type-post_type menu-item-object-page menu-item-15708\"><a href=\"https:\/\/huebsch.com\/vn-international\/cac-nha-dau-tu\/dia-diem\/\">\u0110\u1ecba \u0111i\u1ec3m<\/a><\/li>\n<li id=\"menu-item-15709\" class=\"menu-item menu-item-type-post_type menu-item-object-page menu-item-15709\"><a href=\"https:\/\/huebsch.com\/vn-international\/cac-nha-dau-tu\/dich-vu-co-dien\/\">D\u1ecbch v\u1ee5 c\u1ed5 \u0111i\u1ec3n<\/a><\/li>\n<\/ul><\/div><\/div><div class=\"fusion-additional-widget-content\"><\/div><\/div><div class=\"fusion-reading-box-container reading-box-container-2\" style=\"--awb-title-color:#333333;--awb-margin-top:0px;--awb-margin-bottom:84px;\"><div class=\"reading-box reading-box-center\" style=\"background-color:#f6f6f6;border-width:1px;border-color:#f6f6f6;border-top-width:3px;border-top-color:var(--primary_color);border-style:solid;\"><h2>C\u00e1c c\u00e2u chuy\u1ec7n Th\u00e0nh c\u00f4ng<\/h2><div class=\"reading-box-additional fusion-reading-box-additional\">\n<p>T\u00ecm hi\u1ec3u c\u00e1ch <span class=\"fusion-tooltip tooltip-shortcode\" data-animation=\"\" data-delay=\"0\" data-placement=\"top\" data-title=\"Gi\u1eb7t l\u00e0 Huebsch\" title=\"Gi\u1eb7t l\u00e0 Huebsch\" data-toggle=\"tooltip\" data-trigger=\"hover\"><strong>Huebsch\u00ae<\/strong><\/span> \u0111ang gi\u00fap kh\u00e1ch h\u00e0ng tr\u00ean to\u00e0n th\u1ebf gi\u1edbi \u0111\u1ea1t \u0111\u01b0\u1ee3c m\u1ee5c ti\u00eau kinh doanh c\u1ee7a h\u1ecd.<\/p>\n<\/div><div class=\"fusion-clearfix\"><\/div><a class=\"button fusion-button button-default fusion-button-default-size button-default-size button-flat fusion-mobile-button continue-center\" style=\"-webkit-box-shadow:none;-moz-box-shadow:none;box-shadow:none;border-radius:2px 2px 2px 2px\" href=\"https:\/\/www.youtube.com\/huebsch\" target=\"_blank\" rel=\"noopener noreferrer\"><span>Xem video<\/span><\/a><\/div><\/div><div class=\"fusion-clearfix\"><\/div><\/div><\/div><\/div><\/div><div class=\"fusion-fullwidth fullwidth-box fusion-builder-row-2 nonhundred-percent-fullwidth non-hundred-percent-height-scrolling\" style=\"--awb-border-radius-top-left:0px;--awb-border-radius-top-right:0px;--awb-border-radius-bottom-right:0px;--awb-border-radius-bottom-left:0px;--awb-padding-top:30px;--awb-margin-top:60px;--awb-background-color:#7eb541;--awb-flex-wrap:wrap;\" ><div class=\"fusion-builder-row fusion-row\"><div class=\"fusion-layout-column fusion_builder_column fusion-builder-column-3 fusion_builder_column_2_3 2_3 fusion-two-third fusion-column-first\" style=\"--awb-bg-size:cover;width:66.666666666667%;width:calc(66.666666666667% - ( ( 4% ) * 0.66666666666667 ) );margin-right: 4%;\"><div class=\"fusion-column-wrapper fusion-column-has-shadow fusion-flex-column-wrapper-legacy\"><div class=\"fusion-title title fusion-title-3 fusion-sep-none fusion-title-text fusion-title-size-one\" style=\"--awb-text-color:#ffffff;--awb-margin-bottom:5px;--awb-margin-bottom-small:5px;\"><h1 class=\"fusion-title-heading title-heading-left fusion-responsive-typography-calculated\" style=\"margin:0;--fontSize:33;line-height:1.45;\">Y\u00eau c\u1ea7u b\u00e1o gi\u00e1<\/h1><\/div><div class=\"fusion-text fusion-text-5\"><p><span style=\"color: #fff\">\u0110i\u1ec1n v\u00e0o m\u1eabu \u0111\u1ec3 y\u00eau c\u1ea7u b\u00e1o gi\u00e1 t\u1eeb chuy\u00ean vi\u00ean kinh doanh c\u1ee7a Huebsch.<\/span><\/p>\n<\/div><div class=\"fusion-clearfix\"><\/div><\/div><\/div><div class=\"fusion-layout-column fusion_builder_column fusion-builder-column-4 fusion_builder_column_1_3 1_3 fusion-one-third fusion-column-last\" style=\"--awb-bg-size:cover;width:33.333333333333%;width:calc(33.333333333333% - ( ( 4% ) * 0.33333333333333 ) );\"><div class=\"fusion-column-wrapper fusion-column-has-shadow fusion-flex-column-wrapper-legacy\"><div class=\"fusion-sep-clear\"><\/div><div class=\"fusion-separator fusion-full-width-sep\" style=\"margin-left: auto;margin-right: auto;margin-top:0px;margin-bottom:22px;width:100%;\"><\/div><div class=\"fusion-sep-clear\"><\/div><div class=\"fusion-align-block\"><a class=\"fusion-button button-flat fusion-button-default-size button-custom fusion-button-default button-1 fusion-button-span-yes fusion-button-default-type\" style=\"--button_accent_color:#ffffff;--button_accent_hover_color:#7eb541;--button_border_hover_color:#7eb541;--button_border_width-top:1px;--button_border_width-right:1px;--button_border_width-bottom:1px;--button_border_width-left:1px;--button_gradient_top_color:#7eb541;--button_gradient_bottom_color:#7eb541;--button_gradient_top_color_hover:#ffffff;--button_gradient_bottom_color_hover:#ffffff;\" target=\"_self\" href=\"https:\/\/huebsch.com\/vn-international\/yeu-cau-bao-gia\/?lang=vi\"><span class=\"fusion-button-text awb-button__text awb-button__text--default\">B\u00e1o gi\u00e1<\/span><\/a><\/div><div class=\"fusion-clearfix\"><\/div><\/div><\/div><\/div><\/div><\/p>\n","protected":false},"excerpt":{"rendered":"","protected":false},"author":4,"featured_media":0,"parent":15213,"menu_order":0,"comment_status":"closed","ping_status":"closed","template":"100-width.php","meta":{"_acf_changed":false,"footnotes":""},"class_list":["post-15232","page","type-page","status-publish","hentry"],"acf":[],"yoast_head":"<!-- This site is optimized with the Yoast SEO Premium plugin v20.12 (Yoast SEO v26.5) - https:\/\/yoast.com\/wordpress\/plugins\/seo\/ -->\n<title>L\u1ee3i th\u1ebf c\u1ee7a Huebsch - Huebsch Vietnam<\/title>\n<meta name=\"robots\" content=\"index, follow, max-snippet:-1, max-image-preview:large, max-video-preview:-1\" \/>\n<link rel=\"canonical\" href=\"https:\/\/huebsch.com\/vn-international\/cac-nha-dau-tu\/loi-the-cua-huebsch\/\" \/>\n<meta property=\"og:locale\" content=\"vi_VN\" \/>\n<meta property=\"og:type\" content=\"article\" \/>\n<meta property=\"og:title\" content=\"L\u1ee3i th\u1ebf c\u1ee7a Huebsch\" \/>\n<meta property=\"og:url\" content=\"https:\/\/huebsch.com\/vn-international\/cac-nha-dau-tu\/loi-the-cua-huebsch\/\" \/>\n<meta property=\"og:site_name\" content=\"Huebsch Vietnam\" \/>\n<meta property=\"article:publisher\" content=\"https:\/\/www.facebook.com\/Huebsch\/\" \/>\n<meta property=\"article:modified_time\" content=\"2020-04-22T17:41:49+00:00\" \/>\n<meta name=\"twitter:card\" content=\"summary_large_image\" \/>\n<meta name=\"twitter:label1\" content=\"Est. reading time\" \/>\n\t<meta name=\"twitter:data1\" content=\"11 minutes\" \/>\n<script type=\"application\/ld+json\" class=\"yoast-schema-graph\">{\"@context\":\"https:\/\/schema.org\",\"@graph\":[{\"@type\":\"WebPage\",\"@id\":\"https:\/\/huebsch.com\/vn-international\/cac-nha-dau-tu\/loi-the-cua-huebsch\/\",\"url\":\"https:\/\/huebsch.com\/vn-international\/cac-nha-dau-tu\/loi-the-cua-huebsch\/\",\"name\":\"L\u1ee3i th\u1ebf c\u1ee7a Huebsch - Huebsch Vietnam\",\"isPartOf\":{\"@id\":\"https:\/\/huebsch.com\/vn-international\/#website\"},\"datePublished\":\"2019-04-26T12:19:44+00:00\",\"dateModified\":\"2020-04-22T17:41:49+00:00\",\"breadcrumb\":{\"@id\":\"https:\/\/huebsch.com\/vn-international\/cac-nha-dau-tu\/loi-the-cua-huebsch\/#breadcrumb\"},\"inLanguage\":\"vi-VN\",\"potentialAction\":[{\"@type\":\"ReadAction\",\"target\":[\"https:\/\/huebsch.com\/vn-international\/cac-nha-dau-tu\/loi-the-cua-huebsch\/\"]}]},{\"@type\":\"BreadcrumbList\",\"@id\":\"https:\/\/huebsch.com\/vn-international\/cac-nha-dau-tu\/loi-the-cua-huebsch\/#breadcrumb\",\"itemListElement\":[{\"@type\":\"ListItem\",\"position\":1,\"name\":\"Home\",\"item\":\"https:\/\/huebsch.com\/vn-international\/\"},{\"@type\":\"ListItem\",\"position\":2,\"name\":\"C\u00e1c nh\u00e0 \u0111\u1ea7u t\u01b0\",\"item\":\"https:\/\/huebsch.com\/vn-international\/cac-nha-dau-tu\/\"},{\"@type\":\"ListItem\",\"position\":3,\"name\":\"L\u1ee3i th\u1ebf c\u1ee7a Huebsch\"}]},{\"@type\":\"WebSite\",\"@id\":\"https:\/\/huebsch.com\/vn-international\/#website\",\"url\":\"https:\/\/huebsch.com\/vn-international\/\",\"name\":\"Huebsch Vietnam\",\"description\":\"Your Smart Laundry Partner\",\"publisher\":{\"@id\":\"https:\/\/huebsch.com\/vn-international\/#organization\"},\"potentialAction\":[{\"@type\":\"SearchAction\",\"target\":{\"@type\":\"EntryPoint\",\"urlTemplate\":\"https:\/\/huebsch.com\/vn-international\/?s={search_term_string}\"},\"query-input\":{\"@type\":\"PropertyValueSpecification\",\"valueRequired\":true,\"valueName\":\"search_term_string\"}}],\"inLanguage\":\"vi-VN\"},{\"@type\":\"Organization\",\"@id\":\"https:\/\/huebsch.com\/vn-international\/#organization\",\"name\":\"Huebsch\",\"url\":\"https:\/\/huebsch.com\/vn-international\/\",\"logo\":{\"@type\":\"ImageObject\",\"inLanguage\":\"vi-VN\",\"@id\":\"https:\/\/huebsch.com\/vn-international\/#\/schema\/logo\/image\/\",\"url\":\"https:\/\/huebsch.com\/vn-international\/wp-content\/uploads\/sites\/13\/2019\/04\/Huebsch_Color_RGB-e1554987923330.png\",\"contentUrl\":\"https:\/\/huebsch.com\/vn-international\/wp-content\/uploads\/sites\/13\/2019\/04\/Huebsch_Color_RGB-e1554987923330.png\",\"width\":295,\"height\":70,\"caption\":\"Huebsch\"},\"image\":{\"@id\":\"https:\/\/huebsch.com\/vn-international\/#\/schema\/logo\/image\/\"},\"sameAs\":[\"https:\/\/www.facebook.com\/Huebsch\/\"]}]}<\/script>\n<!-- \/ Yoast SEO Premium plugin. -->","yoast_head_json":{"title":"L\u1ee3i th\u1ebf c\u1ee7a Huebsch - Huebsch Vietnam","robots":{"index":"index","follow":"follow","max-snippet":"max-snippet:-1","max-image-preview":"max-image-preview:large","max-video-preview":"max-video-preview:-1"},"canonical":"https:\/\/huebsch.com\/vn-international\/cac-nha-dau-tu\/loi-the-cua-huebsch\/","og_locale":"vi_VN","og_type":"article","og_title":"L\u1ee3i th\u1ebf c\u1ee7a Huebsch","og_url":"https:\/\/huebsch.com\/vn-international\/cac-nha-dau-tu\/loi-the-cua-huebsch\/","og_site_name":"Huebsch Vietnam","article_publisher":"https:\/\/www.facebook.com\/Huebsch\/","article_modified_time":"2020-04-22T17:41:49+00:00","twitter_card":"summary_large_image","twitter_misc":{"Est. reading time":"11 minutes"},"schema":{"@context":"https:\/\/schema.org","@graph":[{"@type":"WebPage","@id":"https:\/\/huebsch.com\/vn-international\/cac-nha-dau-tu\/loi-the-cua-huebsch\/","url":"https:\/\/huebsch.com\/vn-international\/cac-nha-dau-tu\/loi-the-cua-huebsch\/","name":"L\u1ee3i th\u1ebf c\u1ee7a Huebsch - Huebsch Vietnam","isPartOf":{"@id":"https:\/\/huebsch.com\/vn-international\/#website"},"datePublished":"2019-04-26T12:19:44+00:00","dateModified":"2020-04-22T17:41:49+00:00","breadcrumb":{"@id":"https:\/\/huebsch.com\/vn-international\/cac-nha-dau-tu\/loi-the-cua-huebsch\/#breadcrumb"},"inLanguage":"vi-VN","potentialAction":[{"@type":"ReadAction","target":["https:\/\/huebsch.com\/vn-international\/cac-nha-dau-tu\/loi-the-cua-huebsch\/"]}]},{"@type":"BreadcrumbList","@id":"https:\/\/huebsch.com\/vn-international\/cac-nha-dau-tu\/loi-the-cua-huebsch\/#breadcrumb","itemListElement":[{"@type":"ListItem","position":1,"name":"Home","item":"https:\/\/huebsch.com\/vn-international\/"},{"@type":"ListItem","position":2,"name":"C\u00e1c nh\u00e0 \u0111\u1ea7u t\u01b0","item":"https:\/\/huebsch.com\/vn-international\/cac-nha-dau-tu\/"},{"@type":"ListItem","position":3,"name":"L\u1ee3i th\u1ebf c\u1ee7a Huebsch"}]},{"@type":"WebSite","@id":"https:\/\/huebsch.com\/vn-international\/#website","url":"https:\/\/huebsch.com\/vn-international\/","name":"Huebsch Vietnam","description":"Your Smart Laundry Partner","publisher":{"@id":"https:\/\/huebsch.com\/vn-international\/#organization"},"potentialAction":[{"@type":"SearchAction","target":{"@type":"EntryPoint","urlTemplate":"https:\/\/huebsch.com\/vn-international\/?s={search_term_string}"},"query-input":{"@type":"PropertyValueSpecification","valueRequired":true,"valueName":"search_term_string"}}],"inLanguage":"vi-VN"},{"@type":"Organization","@id":"https:\/\/huebsch.com\/vn-international\/#organization","name":"Huebsch","url":"https:\/\/huebsch.com\/vn-international\/","logo":{"@type":"ImageObject","inLanguage":"vi-VN","@id":"https:\/\/huebsch.com\/vn-international\/#\/schema\/logo\/image\/","url":"https:\/\/huebsch.com\/vn-international\/wp-content\/uploads\/sites\/13\/2019\/04\/Huebsch_Color_RGB-e1554987923330.png","contentUrl":"https:\/\/huebsch.com\/vn-international\/wp-content\/uploads\/sites\/13\/2019\/04\/Huebsch_Color_RGB-e1554987923330.png","width":295,"height":70,"caption":"Huebsch"},"image":{"@id":"https:\/\/huebsch.com\/vn-international\/#\/schema\/logo\/image\/"},"sameAs":["https:\/\/www.facebook.com\/Huebsch\/"]}]}},"_links":{"self":[{"href":"https:\/\/huebsch.com\/vn-international\/wp-json\/wp\/v2\/pages\/15232","targetHints":{"allow":["GET"]}}],"collection":[{"href":"https:\/\/huebsch.com\/vn-international\/wp-json\/wp\/v2\/pages"}],"about":[{"href":"https:\/\/huebsch.com\/vn-international\/wp-json\/wp\/v2\/types\/page"}],"author":[{"embeddable":true,"href":"https:\/\/huebsch.com\/vn-international\/wp-json\/wp\/v2\/users\/4"}],"replies":[{"embeddable":true,"href":"https:\/\/huebsch.com\/vn-international\/wp-json\/wp\/v2\/comments?post=15232"}],"version-history":[{"count":6,"href":"https:\/\/huebsch.com\/vn-international\/wp-json\/wp\/v2\/pages\/15232\/revisions"}],"predecessor-version":[{"id":15805,"href":"https:\/\/huebsch.com\/vn-international\/wp-json\/wp\/v2\/pages\/15232\/revisions\/15805"}],"up":[{"embeddable":true,"href":"https:\/\/huebsch.com\/vn-international\/wp-json\/wp\/v2\/pages\/15213"}],"wp:attachment":[{"href":"https:\/\/huebsch.com\/vn-international\/wp-json\/wp\/v2\/media?parent=15232"}],"curies":[{"name":"wp","href":"https:\/\/api.w.org\/{rel}","templated":true}]}}