{"id":15228,"date":"2019-04-26T12:20:08","date_gmt":"2019-04-26T12:20:08","guid":{"rendered":"http:\/\/huebsch-php74.bitnamiapp.com\/vn-international\/investors\/getting-started\/"},"modified":"2020-04-22T17:42:32","modified_gmt":"2020-04-22T17:42:32","slug":"bat-dau","status":"publish","type":"page","link":"https:\/\/huebsch.com\/vn-international\/cac-nha-dau-tu\/bat-dau\/","title":{"rendered":"B\u1eaft \u0111\u1ea7u"},"content":{"rendered":"<p><div class=\"fusion-fullwidth fullwidth-box fusion-builder-row-1 nonhundred-percent-fullwidth non-hundred-percent-height-scrolling\" style=\"--awb-border-radius-top-left:0px;--awb-border-radius-top-right:0px;--awb-border-radius-bottom-right:0px;--awb-border-radius-bottom-left:0px;--awb-padding-top:0px;--awb-flex-wrap:wrap;\" ><div class=\"fusion-builder-row fusion-row\"><div class=\"fusion-layout-column fusion_builder_column fusion-builder-column-0 fusion_builder_column_3_5 3_5 fusion-three-fifth fusion-column-first\" style=\"--awb-bg-size:cover;width:60%;width:calc(60% - ( ( 4% ) * 0.6 ) );margin-right: 4%;\"><div class=\"fusion-column-wrapper fusion-column-has-shadow fusion-flex-column-wrapper-legacy\"><div class=\"fusion-title title fusion-title-1 fusion-sep-none fusion-title-text fusion-title-size-one\"><h1 class=\"fusion-title-heading title-heading-left fusion-responsive-typography-calculated\" style=\"margin:0;--fontSize:33;line-height:1.45;\"><h1>B\u1eaft \u0111\u1ea7u<\/h1><\/h1><\/div><div class=\"fusion-text fusion-text-1\"><p>Vi\u1ec7c gi\u1eb7t l\u00e0 t\u1ef1 \u0111\u1ed9ng c\u00f3 th\u1ec3 kh\u00e1c nhau r\u1ea5t nhi\u1ec1u v\u1ec1 quy m\u00f4 v\u00e0 c\u1ea5u tr\u00fac, t\u1eeb kh\u00f4ng gian nh\u1ecf h\u01a1n \u0111\u1ebfn kh\u00f4ng gian l\u1edbn.<\/p>\n<p>Nh\u01b0 \u0111\u00e3 \u0111\u1ec1 c\u1eadp \u1edf ph\u1ea7n \u0111\u1ea7u, vi\u1ec7c <a href=\"\/vn-international\/san-pham\/giat-la-thuong-mai\/?lang=vi\">gi\u1eb7t l\u00e0<\/a> t\u1ef1 \u0111\u1ed9ng ch\u1ee7 y\u1ebfu b\u00e1n cho kh\u00e1ch h\u00e0ng l\u1ee3i \u00edch ti\u1ebft ki\u1ec7m th\u1eddi gian. Do \u0111\u00f3, c\u00e1c nh\u00e0 \u0111\u1ea7u t\u01b0 kh\u00f4ng \u0111\u01b0\u1ee3c khuy\u1ebfn kh\u00edch b\u1eaft \u0111\u1ea7u kinh doanh \u1edf quy m\u00f4 nh\u1ecf v\u00e0 d\u1ea7n d\u1ea7n trang b\u1ecb th\u00eam thi\u1ebft b\u1ecb cho c\u1eeda h\u00e0ng khi ho\u1ea1t \u0111\u1ed9ng kinh doanh t\u0103ng m\u1ea1nh. \u0110i\u1ec1u cu\u1ed1i c\u00f9ng m\u00e0 c\u00e1c ch\u1ee7 ti\u1ec7m gi\u1eb7t l\u00e0 t\u1ef1 \u0111\u1ed9ng mong mu\u1ed1n l\u00e0 kh\u00e1ch h\u00e0ng ch\u1edd \u0111\u1ee3i \u0111\u1ec3 s\u1eed d\u1ee5ng m\u00e1y trong th\u1eddi gian kinh doanh cao \u0111i\u1ec3m. Kh\u00e1ch h\u00e0ng s\u1ebd \u0111i n\u01a1i kh\u00e1c \u0111\u1ec3 h\u1ecd kh\u00f4ng ph\u1ea3i ch\u1edd \u0111\u1ee3i \u0111\u1ebfn khi m\u00e1y gi\u1eb7t s\u1eb5n s\u00e0ng. C\u00e1ch gi\u1ea3i quy\u1ebft hi\u1ec7u qu\u1ea3 nh\u1ea5t c\u1ee7a c\u00e1c nh\u00e0 \u0111\u1ea7u t\u01b0 l\u00e0 x\u00e2y d\u1ef1ng d\u1ecbch v\u1ee5 t\u01b0\u01a1ng \u0111\u01b0\u01a1ng v\u1edbi nh\u1eefng g\u00ec th\u1ecb tr\u01b0\u1eddng s\u1ebd h\u1ed7 tr\u1ee3. H\u00e3y nh\u1edb r\u1eb1ng, l\u1ee3i th\u1ebf ti\u1ebft ki\u1ec7m th\u1eddi gian m\u00e0 nh\u1eefng chi\u1ebfc m\u00e1y c\u1ee7a b\u1ea1n \u0111em l\u1ea1i c\u00f3 th\u1ec3 b\u1ecb m\u1ea5t n\u1ebfu kh\u00e1ch h\u00e0ng nh\u1eadn th\u1ea5y t\u1ea5t c\u1ea3 nh\u1eefng chi\u1ebfc m\u00e1y \u0111\u00f3 \u0111ang \u0111\u01b0\u1ee3c s\u1eed d\u1ee5ng.<\/p>\n<p><a href=\"\/vn-international\/dinh-vi\/?lang=vi\">\u0110\u1ea1i di\u1ec7n <span class=\"fusion-tooltip tooltip-shortcode\" data-animation=\"\" data-delay=\"0\" data-placement=\"top\" data-title=\"Gi\u1eb7t l\u00e0 Huebsch\" title=\"Gi\u1eb7t l\u00e0 Huebsch\" data-toggle=\"tooltip\" data-trigger=\"hover\"><strong>Huebsch\u00ae<\/strong><\/span><\/a> c\u1ee7a b\u1ea1n s\u1ebd l\u00e0m vi\u1ec7c ch\u1eb7t ch\u1ebd v\u1edbi b\u1ea1n v\u00e0 h\u1ed7 tr\u1ee3 b\u1ea1n trong vi\u1ec7c x\u00e1c \u0111\u1ecbnh quy m\u00f4 c\u1eeda h\u00e0ng m\u00e0 c\u00f3 th\u1ec3 ph\u1ee5c v\u1ee5 th\u1ecb tr\u01b0\u1eddng m\u1ed9t c\u00e1ch t\u01b0\u01a1ng x\u1ee9ng v\u00e0 v\u1eabn \u0111\u01b0\u1ee3c b\u1ea3o v\u1ec7 kh\u1ecfi s\u1ef1 c\u1ea1nh tranh kh\u00e1c.<\/p>\n<\/div><div class=\"fusion-button-wrapper\"><a class=\"fusion-button button-flat fusion-button-default-size button-custom fusion-button-default button-1 fusion-button-default-span \" style=\"--button_accent_color:#ffffff;--button_accent_hover_color:#ffffff;--button_border_hover_color:#ffffff;--button-border-radius-top-left:0;--button-border-radius-top-right:0;--button-border-radius-bottom-right:0;--button-border-radius-bottom-left:0;--button_gradient_top_color:#7eb541;--button_gradient_bottom_color:#7eb541;--button_gradient_top_color_hover:#96c346;--button_gradient_bottom_color_hover:#96c346;\" target=\"_blank\" rel=\"noopener noreferrer\" href=\"\/vn-international\/cac-nha-dau-tu\/vi-tri-vi-tri-vi-tri\/?lang=vi\"><span class=\"fusion-button-text awb-button__text awb-button__text--default\">V\u1ecb tr\u00ed, v\u1ecb tr\u00ed, v\u1ecb tr\u00ed<\/span><\/a><\/div><div class=\"fusion-clearfix\"><\/div><\/div><\/div><div class=\"fusion-layout-column fusion_builder_column fusion-builder-column-1 fusion_builder_column_2_5 2_5 fusion-two-fifth fusion-column-last\" style=\"--awb-bg-size:cover;width:40%;width:calc(40% - ( ( 4% ) * 0.4 ) );\"><div class=\"fusion-column-wrapper fusion-column-has-shadow fusion-flex-column-wrapper-legacy\"><div class=\"fusion-widget-area awb-widget-area-element fusion-widget-area-1 fusion-content-widget-area\" style=\"--awb-title-size:14px;--awb-title-color:#333333;--awb-padding:0px 0px 0px 0px;\"><div id=\"nav_menu-10\" class=\"widget widget_nav_menu\"><div class=\"heading\"><h4 class=\"widget-title\">C\u00e1c nh\u00e0 \u0111\u1ea7u t\u01b0<\/h4><\/div><div class=\"menu-investors-vietnamese-container\"><ul id=\"menu-investors-vietnamese\" class=\"menu\"><li id=\"menu-item-15706\" class=\"menu-item menu-item-type-post_type menu-item-object-page menu-item-15706\"><a href=\"https:\/\/huebsch.com\/vn-international\/cac-nha-dau-tu\/loi-the-cua-huebsch\/\">L\u1ee3i th\u1ebf c\u1ee7a Huebsch<\/a><\/li>\n<li id=\"menu-item-15707\" class=\"menu-item menu-item-type-post_type menu-item-object-page menu-item-15707\"><a href=\"https:\/\/huebsch.com\/vn-international\/cac-nha-dau-tu\/bat-dau\/\">B\u1eaft \u0111\u1ea7u<\/a><\/li>\n<li id=\"menu-item-15708\" class=\"menu-item menu-item-type-post_type menu-item-object-page menu-item-15708\"><a href=\"https:\/\/huebsch.com\/vn-international\/cac-nha-dau-tu\/dia-diem\/\">\u0110\u1ecba \u0111i\u1ec3m<\/a><\/li>\n<li id=\"menu-item-15709\" class=\"menu-item menu-item-type-post_type menu-item-object-page menu-item-15709\"><a href=\"https:\/\/huebsch.com\/vn-international\/cac-nha-dau-tu\/dich-vu-co-dien\/\">D\u1ecbch v\u1ee5 c\u1ed5 \u0111i\u1ec3n<\/a><\/li>\n<\/ul><\/div><\/div><div class=\"fusion-additional-widget-content\"><\/div><\/div><div class=\"fusion-reading-box-container reading-box-container-1\" style=\"--awb-title-color:#333333;--awb-margin-top:0px;--awb-margin-bottom:84px;\"><div class=\"reading-box reading-box-center\" style=\"background-color:#f6f6f6;border-width:1px;border-color:#f6f6f6;border-top-width:3px;border-top-color:var(--primary_color);border-style:solid;\"><h2>C\u00e1c c\u00e2u chuy\u1ec7n Th\u00e0nh c\u00f4ng<\/h2><div class=\"reading-box-additional fusion-reading-box-additional\">\n<p>T\u00ecm hi\u1ec3u c\u00e1ch <span class=\"fusion-tooltip tooltip-shortcode\" data-animation=\"\" data-delay=\"0\" data-placement=\"top\" data-title=\"Gi\u1eb7t l\u00e0 Huebsch\" title=\"Gi\u1eb7t l\u00e0 Huebsch\" data-toggle=\"tooltip\" data-trigger=\"hover\"><strong>Huebsch\u00ae<\/strong><\/span> \u0111ang gi\u00fap kh\u00e1ch h\u00e0ng tr\u00ean to\u00e0n th\u1ebf gi\u1edbi \u0111\u1ea1t \u0111\u01b0\u1ee3c m\u1ee5c ti\u00eau kinh doanh c\u1ee7a h\u1ecd.<\/p>\n<\/div><div class=\"fusion-clearfix\"><\/div><a class=\"button fusion-button button-default fusion-button-default-size button-default-size button-flat fusion-mobile-button continue-center\" style=\"-webkit-box-shadow:none;-moz-box-shadow:none;box-shadow:none;border-radius:2px 2px 2px 2px\" href=\"https:\/\/www.youtube.com\/huebsch\" target=\"_blank\" rel=\"noopener noreferrer\"><span>Xem video<\/span><\/a><\/div><\/div><div class=\"fusion-clearfix\"><\/div><\/div><\/div><\/div><\/div><div class=\"fusion-fullwidth fullwidth-box fusion-builder-row-2 nonhundred-percent-fullwidth non-hundred-percent-height-scrolling\" style=\"--awb-border-radius-top-left:0px;--awb-border-radius-top-right:0px;--awb-border-radius-bottom-right:0px;--awb-border-radius-bottom-left:0px;--awb-padding-top:30px;--awb-margin-top:60px;--awb-background-color:#7eb541;--awb-flex-wrap:wrap;\" ><div class=\"fusion-builder-row fusion-row\"><div class=\"fusion-layout-column fusion_builder_column fusion-builder-column-2 fusion_builder_column_2_3 2_3 fusion-two-third fusion-column-first\" style=\"--awb-bg-size:cover;width:66.666666666667%;width:calc(66.666666666667% - ( ( 4% ) * 0.66666666666667 ) );margin-right: 4%;\"><div class=\"fusion-column-wrapper fusion-column-has-shadow fusion-flex-column-wrapper-legacy\"><div class=\"fusion-title title fusion-title-2 fusion-sep-none fusion-title-text fusion-title-size-one\" style=\"--awb-text-color:#ffffff;--awb-margin-bottom:5px;--awb-margin-bottom-small:5px;\"><h1 class=\"fusion-title-heading title-heading-left fusion-responsive-typography-calculated\" style=\"margin:0;--fontSize:33;line-height:1.45;\">Y\u00eau c\u1ea7u b\u00e1o gi\u00e1<\/h1><\/div><div class=\"fusion-text fusion-text-2\"><p><span style=\"color: #fff\">\u0110i\u1ec1n v\u00e0o m\u1eabu \u0111\u1ec3 y\u00eau c\u1ea7u b\u00e1o gi\u00e1 t\u1eeb chuy\u00ean vi\u00ean kinh doanh c\u1ee7a Huebsch.<\/span><\/p>\n<\/div><div class=\"fusion-clearfix\"><\/div><\/div><\/div><div class=\"fusion-layout-column fusion_builder_column fusion-builder-column-3 fusion_builder_column_1_3 1_3 fusion-one-third fusion-column-last\" style=\"--awb-bg-size:cover;width:33.333333333333%;width:calc(33.333333333333% - ( ( 4% ) * 0.33333333333333 ) );\"><div class=\"fusion-column-wrapper fusion-column-has-shadow fusion-flex-column-wrapper-legacy\"><div class=\"fusion-sep-clear\"><\/div><div class=\"fusion-separator fusion-full-width-sep\" style=\"margin-left: auto;margin-right: auto;margin-top:0px;margin-bottom:22px;width:100%;\"><\/div><div class=\"fusion-sep-clear\"><\/div><div class=\"fusion-align-block\"><a class=\"fusion-button button-flat fusion-button-default-size button-custom fusion-button-default button-2 fusion-button-span-yes fusion-button-default-type\" style=\"--button_accent_color:#ffffff;--button_accent_hover_color:#7eb541;--button_border_hover_color:#7eb541;--button_border_width-top:1px;--button_border_width-right:1px;--button_border_width-bottom:1px;--button_border_width-left:1px;--button_gradient_top_color:#7eb541;--button_gradient_bottom_color:#7eb541;--button_gradient_top_color_hover:#ffffff;--button_gradient_bottom_color_hover:#ffffff;\" target=\"_self\" href=\"https:\/\/huebsch.com\/vn-international\/yeu-cau-bao-gia\/?lang=vi\"><span class=\"fusion-button-text awb-button__text awb-button__text--default\">B\u00e1o gi\u00e1<\/span><\/a><\/div><div class=\"fusion-clearfix\"><\/div><\/div><\/div><\/div><\/div><\/p>\n","protected":false},"excerpt":{"rendered":"","protected":false},"author":4,"featured_media":0,"parent":15213,"menu_order":0,"comment_status":"closed","ping_status":"closed","template":"100-width.php","meta":{"_acf_changed":false,"footnotes":""},"class_list":["post-15228","page","type-page","status-publish","hentry"],"acf":[],"yoast_head":"<!-- This site is optimized with the Yoast SEO Premium plugin v20.12 (Yoast SEO v26.5) - https:\/\/yoast.com\/wordpress\/plugins\/seo\/ -->\n<title>B\u1eaft \u0111\u1ea7u - Huebsch Vietnam<\/title>\n<meta name=\"robots\" content=\"index, follow, max-snippet:-1, max-image-preview:large, max-video-preview:-1\" \/>\n<link rel=\"canonical\" href=\"https:\/\/huebsch.com\/vn-international\/cac-nha-dau-tu\/bat-dau\/\" \/>\n<meta property=\"og:locale\" content=\"vi_VN\" \/>\n<meta property=\"og:type\" content=\"article\" \/>\n<meta property=\"og:title\" content=\"B\u1eaft \u0111\u1ea7u\" \/>\n<meta property=\"og:url\" content=\"https:\/\/huebsch.com\/vn-international\/cac-nha-dau-tu\/bat-dau\/\" \/>\n<meta property=\"og:site_name\" content=\"Huebsch Vietnam\" \/>\n<meta property=\"article:publisher\" content=\"https:\/\/www.facebook.com\/Huebsch\/\" \/>\n<meta property=\"article:modified_time\" content=\"2020-04-22T17:42:32+00:00\" \/>\n<meta name=\"twitter:card\" content=\"summary_large_image\" \/>\n<meta name=\"twitter:label1\" content=\"Est. reading time\" \/>\n\t<meta name=\"twitter:data1\" content=\"8 minutes\" \/>\n<script type=\"application\/ld+json\" class=\"yoast-schema-graph\">{\"@context\":\"https:\/\/schema.org\",\"@graph\":[{\"@type\":\"WebPage\",\"@id\":\"https:\/\/huebsch.com\/vn-international\/cac-nha-dau-tu\/bat-dau\/\",\"url\":\"https:\/\/huebsch.com\/vn-international\/cac-nha-dau-tu\/bat-dau\/\",\"name\":\"B\u1eaft \u0111\u1ea7u - Huebsch Vietnam\",\"isPartOf\":{\"@id\":\"https:\/\/huebsch.com\/vn-international\/#website\"},\"datePublished\":\"2019-04-26T12:20:08+00:00\",\"dateModified\":\"2020-04-22T17:42:32+00:00\",\"breadcrumb\":{\"@id\":\"https:\/\/huebsch.com\/vn-international\/cac-nha-dau-tu\/bat-dau\/#breadcrumb\"},\"inLanguage\":\"vi-VN\",\"potentialAction\":[{\"@type\":\"ReadAction\",\"target\":[\"https:\/\/huebsch.com\/vn-international\/cac-nha-dau-tu\/bat-dau\/\"]}]},{\"@type\":\"BreadcrumbList\",\"@id\":\"https:\/\/huebsch.com\/vn-international\/cac-nha-dau-tu\/bat-dau\/#breadcrumb\",\"itemListElement\":[{\"@type\":\"ListItem\",\"position\":1,\"name\":\"Home\",\"item\":\"https:\/\/huebsch.com\/vn-international\/\"},{\"@type\":\"ListItem\",\"position\":2,\"name\":\"C\u00e1c nh\u00e0 \u0111\u1ea7u t\u01b0\",\"item\":\"https:\/\/huebsch.com\/vn-international\/cac-nha-dau-tu\/\"},{\"@type\":\"ListItem\",\"position\":3,\"name\":\"B\u1eaft \u0111\u1ea7u\"}]},{\"@type\":\"WebSite\",\"@id\":\"https:\/\/huebsch.com\/vn-international\/#website\",\"url\":\"https:\/\/huebsch.com\/vn-international\/\",\"name\":\"Huebsch Vietnam\",\"description\":\"Your Smart Laundry Partner\",\"publisher\":{\"@id\":\"https:\/\/huebsch.com\/vn-international\/#organization\"},\"potentialAction\":[{\"@type\":\"SearchAction\",\"target\":{\"@type\":\"EntryPoint\",\"urlTemplate\":\"https:\/\/huebsch.com\/vn-international\/?s={search_term_string}\"},\"query-input\":{\"@type\":\"PropertyValueSpecification\",\"valueRequired\":true,\"valueName\":\"search_term_string\"}}],\"inLanguage\":\"vi-VN\"},{\"@type\":\"Organization\",\"@id\":\"https:\/\/huebsch.com\/vn-international\/#organization\",\"name\":\"Huebsch\",\"url\":\"https:\/\/huebsch.com\/vn-international\/\",\"logo\":{\"@type\":\"ImageObject\",\"inLanguage\":\"vi-VN\",\"@id\":\"https:\/\/huebsch.com\/vn-international\/#\/schema\/logo\/image\/\",\"url\":\"https:\/\/huebsch.com\/vn-international\/wp-content\/uploads\/sites\/13\/2019\/04\/Huebsch_Color_RGB-e1554987923330.png\",\"contentUrl\":\"https:\/\/huebsch.com\/vn-international\/wp-content\/uploads\/sites\/13\/2019\/04\/Huebsch_Color_RGB-e1554987923330.png\",\"width\":295,\"height\":70,\"caption\":\"Huebsch\"},\"image\":{\"@id\":\"https:\/\/huebsch.com\/vn-international\/#\/schema\/logo\/image\/\"},\"sameAs\":[\"https:\/\/www.facebook.com\/Huebsch\/\"]}]}<\/script>\n<!-- \/ Yoast SEO Premium plugin. -->","yoast_head_json":{"title":"B\u1eaft \u0111\u1ea7u - Huebsch Vietnam","robots":{"index":"index","follow":"follow","max-snippet":"max-snippet:-1","max-image-preview":"max-image-preview:large","max-video-preview":"max-video-preview:-1"},"canonical":"https:\/\/huebsch.com\/vn-international\/cac-nha-dau-tu\/bat-dau\/","og_locale":"vi_VN","og_type":"article","og_title":"B\u1eaft \u0111\u1ea7u","og_url":"https:\/\/huebsch.com\/vn-international\/cac-nha-dau-tu\/bat-dau\/","og_site_name":"Huebsch Vietnam","article_publisher":"https:\/\/www.facebook.com\/Huebsch\/","article_modified_time":"2020-04-22T17:42:32+00:00","twitter_card":"summary_large_image","twitter_misc":{"Est. reading time":"8 minutes"},"schema":{"@context":"https:\/\/schema.org","@graph":[{"@type":"WebPage","@id":"https:\/\/huebsch.com\/vn-international\/cac-nha-dau-tu\/bat-dau\/","url":"https:\/\/huebsch.com\/vn-international\/cac-nha-dau-tu\/bat-dau\/","name":"B\u1eaft \u0111\u1ea7u - Huebsch Vietnam","isPartOf":{"@id":"https:\/\/huebsch.com\/vn-international\/#website"},"datePublished":"2019-04-26T12:20:08+00:00","dateModified":"2020-04-22T17:42:32+00:00","breadcrumb":{"@id":"https:\/\/huebsch.com\/vn-international\/cac-nha-dau-tu\/bat-dau\/#breadcrumb"},"inLanguage":"vi-VN","potentialAction":[{"@type":"ReadAction","target":["https:\/\/huebsch.com\/vn-international\/cac-nha-dau-tu\/bat-dau\/"]}]},{"@type":"BreadcrumbList","@id":"https:\/\/huebsch.com\/vn-international\/cac-nha-dau-tu\/bat-dau\/#breadcrumb","itemListElement":[{"@type":"ListItem","position":1,"name":"Home","item":"https:\/\/huebsch.com\/vn-international\/"},{"@type":"ListItem","position":2,"name":"C\u00e1c nh\u00e0 \u0111\u1ea7u t\u01b0","item":"https:\/\/huebsch.com\/vn-international\/cac-nha-dau-tu\/"},{"@type":"ListItem","position":3,"name":"B\u1eaft \u0111\u1ea7u"}]},{"@type":"WebSite","@id":"https:\/\/huebsch.com\/vn-international\/#website","url":"https:\/\/huebsch.com\/vn-international\/","name":"Huebsch Vietnam","description":"Your Smart Laundry Partner","publisher":{"@id":"https:\/\/huebsch.com\/vn-international\/#organization"},"potentialAction":[{"@type":"SearchAction","target":{"@type":"EntryPoint","urlTemplate":"https:\/\/huebsch.com\/vn-international\/?s={search_term_string}"},"query-input":{"@type":"PropertyValueSpecification","valueRequired":true,"valueName":"search_term_string"}}],"inLanguage":"vi-VN"},{"@type":"Organization","@id":"https:\/\/huebsch.com\/vn-international\/#organization","name":"Huebsch","url":"https:\/\/huebsch.com\/vn-international\/","logo":{"@type":"ImageObject","inLanguage":"vi-VN","@id":"https:\/\/huebsch.com\/vn-international\/#\/schema\/logo\/image\/","url":"https:\/\/huebsch.com\/vn-international\/wp-content\/uploads\/sites\/13\/2019\/04\/Huebsch_Color_RGB-e1554987923330.png","contentUrl":"https:\/\/huebsch.com\/vn-international\/wp-content\/uploads\/sites\/13\/2019\/04\/Huebsch_Color_RGB-e1554987923330.png","width":295,"height":70,"caption":"Huebsch"},"image":{"@id":"https:\/\/huebsch.com\/vn-international\/#\/schema\/logo\/image\/"},"sameAs":["https:\/\/www.facebook.com\/Huebsch\/"]}]}},"_links":{"self":[{"href":"https:\/\/huebsch.com\/vn-international\/wp-json\/wp\/v2\/pages\/15228","targetHints":{"allow":["GET"]}}],"collection":[{"href":"https:\/\/huebsch.com\/vn-international\/wp-json\/wp\/v2\/pages"}],"about":[{"href":"https:\/\/huebsch.com\/vn-international\/wp-json\/wp\/v2\/types\/page"}],"author":[{"embeddable":true,"href":"https:\/\/huebsch.com\/vn-international\/wp-json\/wp\/v2\/users\/4"}],"replies":[{"embeddable":true,"href":"https:\/\/huebsch.com\/vn-international\/wp-json\/wp\/v2\/comments?post=15228"}],"version-history":[{"count":5,"href":"https:\/\/huebsch.com\/vn-international\/wp-json\/wp\/v2\/pages\/15228\/revisions"}],"predecessor-version":[{"id":15808,"href":"https:\/\/huebsch.com\/vn-international\/wp-json\/wp\/v2\/pages\/15228\/revisions\/15808"}],"up":[{"embeddable":true,"href":"https:\/\/huebsch.com\/vn-international\/wp-json\/wp\/v2\/pages\/15213"}],"wp:attachment":[{"href":"https:\/\/huebsch.com\/vn-international\/wp-json\/wp\/v2\/media?parent=15228"}],"curies":[{"name":"wp","href":"https:\/\/api.w.org\/{rel}","templated":true}]}}