{"id":15227,"date":"2019-04-27T12:43:17","date_gmt":"2019-04-27T12:43:17","guid":{"rendered":"http:\/\/huebsch-php74.bitnamiapp.com\/vn-international\/contact\/terms-of-use\/"},"modified":"2020-01-20T05:13:08","modified_gmt":"2020-01-20T05:13:08","slug":"dieu-khoan-su-dung","status":"publish","type":"page","link":"https:\/\/huebsch.com\/vn-international\/lien-he\/dieu-khoan-su-dung\/","title":{"rendered":"\u0110i\u1ec1u kho\u1ea3n s\u1eed d\u1ee5ng"},"content":{"rendered":"<div class=\"fusion-fullwidth fullwidth-box fusion-builder-row-1 nonhundred-percent-fullwidth non-hundred-percent-height-scrolling\" style=\"--awb-border-radius-top-left:0px;--awb-border-radius-top-right:0px;--awb-border-radius-bottom-right:0px;--awb-border-radius-bottom-left:0px;--awb-flex-wrap:wrap;\" ><div class=\"fusion-builder-row fusion-row\"><div class=\"fusion-layout-column fusion_builder_column fusion-builder-column-0 fusion_builder_column_1_1 1_1 fusion-one-full fusion-column-first fusion-column-last\" style=\"--awb-bg-size:cover;\"><div class=\"fusion-column-wrapper fusion-column-has-shadow fusion-flex-column-wrapper-legacy\"><div class=\"fusion-title title fusion-title-1 fusion-sep-none fusion-title-text fusion-title-size-one\"><h1 class=\"fusion-title-heading title-heading-left fusion-responsive-typography-calculated\" style=\"margin:0;--fontSize:33;line-height:1.45;\">\u0110i\u1ec1u kho\u1ea3n s\u1eed d\u1ee5ng<\/h1><\/div><div class=\"fusion-text fusion-text-1\"><p>Huebsch\u00ae duy tr\u00ec trang n\u00e0y nh\u01b0 l\u00e0 m\u1ed9t d\u1ecbch v\u1ee5 cung c\u1ea5p cho c\u1ed9ng \u0111\u1ed3ng. N\u1ed9i dung (h\u00ecnh \u1ea3nh v\u00e0 v\u0103n b\u1ea3n) do Huebsch th\u1ef1c hi\u1ec7n tr\u00ean Trang n\u00e0y c\u00f3 b\u1ea3n quy\u1ec1n. B\u1ea1n c\u00f3 th\u1ec3 t\u1ea3i n\u1ed9i dung n\u00e0y ch\u1ec9 nh\u1eb1m m\u1ee5c \u0111\u00edch n\u00e2ng cao vi\u1ec7c ti\u1ebfp th\u1ecb v\u00e0 b\u00e1n h\u00e0ng mang t\u00ednh x\u00e2y d\u1ef1ng cho c\u00e1c s\u1ea3n ph\u1ea9m v\u00e0 d\u1ecbch v\u1ee5 c\u1ee7a Huebsch. Kh\u00f4ng \u0111\u01b0\u1ee3c ph\u00e9p sao ch\u00e9p ho\u1eb7c ch\u1ec9nh s\u1eeda n\u1ed9i dung.<\/p>\n<p>Huebsch s\u1ebd n\u1ed7 l\u1ef1c h\u1ebft s\u1ee9c \u0111\u1ec3 cung c\u1ea5p th\u00f4ng tin ch\u00ednh x\u00e1c v\u00e0 c\u1eadp nh\u1eadt, nh\u01b0ng kh\u00f4ng \u0111\u1ea3m b\u1ea3o ho\u1eb7c kh\u1eb3ng \u0111\u1ecbnh v\u1ec1 t\u00ednh ch\u00ednh x\u00e1c ho\u1eb7c \u0111\u1ea7y \u0111\u1ee7 c\u1ee7a th\u00f4ng tin. Huebsch s\u1ebd kh\u00f4ng ch\u1ecbu tr\u00e1ch nhi\u1ec7m v\u1ec1 b\u1ea5t c\u1ee9 h\u01b0 h\u1ecfng n\u00e0o ph\u00e1t sinh do vi\u1ec7c b\u1ea1n truy c\u1eadp ho\u1eb7c kh\u00f4ng th\u1ec3 truy c\u1eadp v\u00e0o trang www.huebsch-php74.bitnamiapp.com ho\u1eb7c do vi\u1ec7c b\u1ea1n ph\u1ee5 thu\u1ed9c v\u00e0o th\u00f4ng tin c\u00f3 tr\u00ean www.huebsch-php74.bitnamiapp.com.<\/p>\n<p>Khi nh\u1ea5n v\u00e0o c\u00e1c \u0111\u01b0\u1eddng li\u00ean k\u1ebft nh\u1ea5t \u0111\u1ecbnh trong trang www.huebsch-php74.bitnamiapp.com, c\u00f3 th\u1ec3 b\u1ea1n s\u1ebd \u0111\u01b0\u1ee3c d\u1eabn \u0111\u1ebfn c\u00e1c trang web kh\u00e1c m\u00e0 Huebsch s\u1ebd kh\u00f4ng ch\u1ecbu tr\u00e1ch nhi\u1ec7m.<\/p>\n<p>B\u1ea5t c\u1ee9 th\u00f4ng tin kh\u00f4ng thu\u1ed9c c\u00e1 nh\u00e2n, li\u00ean l\u1ea1c ho\u1eb7c t\u00e0i li\u1ec7u n\u00e0o m\u00e0 b\u1ea1n g\u1eedi \u0111\u1ebfn www.huebsch-php74.bitnamiapp.com ho\u1eb7c \u0111\u1ebfn Huebsch b\u1eb1ng th\u01b0 \u0111i\u1ec7n t\u1eed Internet \u0111\u1ec1u d\u1ef1a tr\u00ean c\u01a1 s\u1edf kh\u00f4ng b\u1ea3o m\u1eadt. Ch\u00fang t\u00f4i t\u1ef1 do s\u1eed d\u1ee5ng v\u00e0 sao ch\u00e9p b\u1ea5t c\u1ee9 th\u00f4ng tin n\u00e0o nh\u01b0 v\u1eady v\u00e0 cho b\u1ea5t c\u1ee9 m\u1ee5c \u0111\u00edch n\u00e0o. C\u1ee5 th\u1ec3 l\u00e0 ch\u00fang t\u00f4i s\u1ebd t\u1ef1 do s\u1eed d\u1ee5ng b\u1ea5t c\u1ee9 th\u00f4ng tin ch\u1ee9a \u00fd t\u01b0\u1edfng, kh\u00e1i ni\u1ec7m, b\u00ed quy\u1ebft ho\u1eb7c k\u1ef9 thu\u1eadt n\u00e0o cho b\u1ea5t c\u1ee9 m\u1ee5c \u0111\u00edch n\u00e0o, bao g\u1ed3m c\u1ea3 vi\u1ec7c ph\u00e1t tri\u1ec3n, s\u1ea3n xu\u1ea5t ho\u1eb7c ti\u1ebfp th\u1ecb s\u1ea3n ph\u1ea9m. M\u1ecdi th\u00f4ng tin m\u00e0 b\u1ea1n g\u1eedi \u0111\u1ebfn trang n\u00e0y ph\u1ea3i \u0111\u00fang s\u1ef1 th\u1eadt, kh\u00f4ng vi ph\u1ea1m quy\u1ec1n c\u1ee7a ng\u01b0\u1eddi kh\u00e1c v\u00e0 ph\u1ea3i h\u1ee3p ph\u00e1p.<\/p>\n<p>D\u1ea5u th\u01b0\u01a1ng hi\u1ec7u ngh\u0129a l\u00e0 tr\u1ea1ng th\u00e1i th\u01b0\u01a1ng hi\u1ec7u ch\u1ec9 \u1edf Hoa K\u1ef3. Tr\u1ea1ng th\u00e1i v\u00e0 d\u1ea5u th\u01b0\u01a1ng hi\u1ec7u c\u00f3 th\u1ec3 kh\u00e1c nhau t\u00f9y theo qu\u1ed1c gia.<\/p>\n<p>Th\u1ecfa thu\u1eadn n\u00e0y s\u1ebd \u0111\u01b0\u1ee3c \u0111i\u1ec1u ch\u1ec9nh v\u00e0 \u0111\u01b0\u1ee3c hi\u1ec3u theo lu\u1eadt ph\u00e1p Ti\u1ec3u bang Wisconsin m\u00e0 kh\u00f4ng \u1ea3nh h\u01b0\u1edfng \u0111\u1ebfn b\u1ea5t c\u1ee9 nguy\u00ean t\u1eafc xung \u0111\u1ed9t lu\u1eadt ph\u00e1p n\u00e0o. N\u1ebfu b\u1ea5t c\u1ee9 quy \u0111\u1ecbnh n\u00e0o trong Th\u1ecfa thu\u1eadn n\u00e0y kh\u00f4ng h\u1ee3p ph\u00e1p, v\u00f4 hi\u1ec7u ho\u1eb7c kh\u00f4ng th\u1ec3 th\u1ef1c thi v\u00ec b\u1ea5t c\u1ee9 l\u00fd do n\u00e0o, th\u00ec quy \u0111\u1ecbnh \u0111\u00f3 s\u1ebd \u0111\u01b0\u1ee3c xem l\u00e0 c\u00f3 th\u1ec3 chia c\u1eaft kh\u1ecfi Th\u1ecfa thu\u1eadn n\u00e0y v\u00e0 s\u1ebd kh\u00f4ng \u1ea3nh h\u01b0\u1edfng \u0111\u1ebfn t\u00ednh hi\u1ec7u l\u1ef1c v\u00e0 th\u1ef1c thi c\u1ee7a c\u00e1c quy \u0111\u1ecbnh c\u00f2n l\u1ea1i. Trang n\u00e0y \u0111\u01b0\u1ee3c qu\u1ea3n l\u00fd v\u00e0 v\u1eadn h\u00e0nh b\u1edfi Huebsch t\u1eeb c\u00e1c v\u0103n ph\u00f2ng c\u1ee7a m\u00ecnh trong ti\u1ec3u bang Wisconsin, Hoa K\u1ef3.<\/p>\n<p>Huebsch c\u00f3 quy\u1ec1n thu h\u1ed3i s\u1ea3n ph\u1ea9m \u0111\u01b0\u1ee3c gi\u1edbi thi\u1ec7u trong Trang n\u00e0y v\u00e0 thay \u0111\u1ed5i l\u1eddi tuy\u00ean b\u1ed1 ph\u00e1p l\u00fd n\u00e0y v\u00e0o b\u1ea5t c\u1ee9 l\u00fac n\u00e0o, v\u00e0 c\u0169ng c\u00f3 quy\u1ec1n h\u1ee7y b\u1ecf c\u00e1c m\u1ee5c \u0111\u0103ng b\u1edfi b\u1ea5t c\u1ee9 ng\u01b0\u1eddi n\u00e0o m\u00e0 Huebsch tin r\u1eb1ng c\u00f3 t\u00ednh c\u00f4ng k\u00edch, k\u00edch \u0111\u1ed9ng, kh\u00f4ng ch\u00ednh x\u00e1c, ho\u1eb7c x\u00fac ph\u1ea1m \u0111\u1ebfn Huebsch ho\u1eb7c s\u1ea3n ph\u1ea9m c\u1ee7a m\u00ecnh.<\/p>\n<\/div><div class=\"fusion-clearfix\"><\/div><\/div><\/div><\/div><\/div>\n","protected":false},"excerpt":{"rendered":"","protected":false},"author":4,"featured_media":0,"parent":15216,"menu_order":0,"comment_status":"closed","ping_status":"closed","template":"100-width.php","meta":{"_acf_changed":false,"footnotes":""},"class_list":["post-15227","page","type-page","status-publish","hentry"],"acf":[],"yoast_head":"<!-- This site is optimized with the Yoast SEO Premium plugin v20.12 (Yoast SEO v26.5) - https:\/\/yoast.com\/wordpress\/plugins\/seo\/ -->\n<title>\u0110i\u1ec1u kho\u1ea3n s\u1eed d\u1ee5ng - Huebsch Vietnam<\/title>\n<meta name=\"robots\" content=\"index, follow, max-snippet:-1, max-image-preview:large, max-video-preview:-1\" \/>\n<link rel=\"canonical\" href=\"https:\/\/huebsch.com\/vn-international\/lien-he\/dieu-khoan-su-dung\/\" \/>\n<meta property=\"og:locale\" content=\"vi_VN\" \/>\n<meta property=\"og:type\" content=\"article\" \/>\n<meta property=\"og:title\" content=\"\u0110i\u1ec1u kho\u1ea3n s\u1eed d\u1ee5ng\" \/>\n<meta property=\"og:url\" content=\"https:\/\/huebsch.com\/vn-international\/lien-he\/dieu-khoan-su-dung\/\" \/>\n<meta property=\"og:site_name\" content=\"Huebsch Vietnam\" \/>\n<meta property=\"article:publisher\" content=\"https:\/\/www.facebook.com\/Huebsch\/\" \/>\n<meta property=\"article:modified_time\" content=\"2020-01-20T05:13:08+00:00\" \/>\n<meta name=\"twitter:card\" content=\"summary_large_image\" \/>\n<meta name=\"twitter:label1\" content=\"Est. reading time\" \/>\n\t<meta name=\"twitter:data1\" content=\"6 minutes\" \/>\n<script type=\"application\/ld+json\" class=\"yoast-schema-graph\">{\"@context\":\"https:\/\/schema.org\",\"@graph\":[{\"@type\":\"WebPage\",\"@id\":\"https:\/\/huebsch.com\/vn-international\/lien-he\/dieu-khoan-su-dung\/\",\"url\":\"https:\/\/huebsch.com\/vn-international\/lien-he\/dieu-khoan-su-dung\/\",\"name\":\"\u0110i\u1ec1u kho\u1ea3n s\u1eed d\u1ee5ng - Huebsch Vietnam\",\"isPartOf\":{\"@id\":\"https:\/\/huebsch.com\/vn-international\/#website\"},\"datePublished\":\"2019-04-27T12:43:17+00:00\",\"dateModified\":\"2020-01-20T05:13:08+00:00\",\"breadcrumb\":{\"@id\":\"https:\/\/huebsch.com\/vn-international\/lien-he\/dieu-khoan-su-dung\/#breadcrumb\"},\"inLanguage\":\"vi-VN\",\"potentialAction\":[{\"@type\":\"ReadAction\",\"target\":[\"https:\/\/huebsch.com\/vn-international\/lien-he\/dieu-khoan-su-dung\/\"]}]},{\"@type\":\"BreadcrumbList\",\"@id\":\"https:\/\/huebsch.com\/vn-international\/lien-he\/dieu-khoan-su-dung\/#breadcrumb\",\"itemListElement\":[{\"@type\":\"ListItem\",\"position\":1,\"name\":\"Home\",\"item\":\"https:\/\/huebsch.com\/vn-international\/\"},{\"@type\":\"ListItem\",\"position\":2,\"name\":\"Li\u00ean h\u1ec7\",\"item\":\"https:\/\/huebsch.com\/vn-international\/lien-he\/\"},{\"@type\":\"ListItem\",\"position\":3,\"name\":\"\u0110i\u1ec1u kho\u1ea3n s\u1eed d\u1ee5ng\"}]},{\"@type\":\"WebSite\",\"@id\":\"https:\/\/huebsch.com\/vn-international\/#website\",\"url\":\"https:\/\/huebsch.com\/vn-international\/\",\"name\":\"Huebsch Vietnam\",\"description\":\"Your Smart Laundry Partner\",\"publisher\":{\"@id\":\"https:\/\/huebsch.com\/vn-international\/#organization\"},\"potentialAction\":[{\"@type\":\"SearchAction\",\"target\":{\"@type\":\"EntryPoint\",\"urlTemplate\":\"https:\/\/huebsch.com\/vn-international\/?s={search_term_string}\"},\"query-input\":{\"@type\":\"PropertyValueSpecification\",\"valueRequired\":true,\"valueName\":\"search_term_string\"}}],\"inLanguage\":\"vi-VN\"},{\"@type\":\"Organization\",\"@id\":\"https:\/\/huebsch.com\/vn-international\/#organization\",\"name\":\"Huebsch\",\"url\":\"https:\/\/huebsch.com\/vn-international\/\",\"logo\":{\"@type\":\"ImageObject\",\"inLanguage\":\"vi-VN\",\"@id\":\"https:\/\/huebsch.com\/vn-international\/#\/schema\/logo\/image\/\",\"url\":\"https:\/\/huebsch.com\/vn-international\/wp-content\/uploads\/sites\/13\/2019\/04\/Huebsch_Color_RGB-e1554987923330.png\",\"contentUrl\":\"https:\/\/huebsch.com\/vn-international\/wp-content\/uploads\/sites\/13\/2019\/04\/Huebsch_Color_RGB-e1554987923330.png\",\"width\":295,\"height\":70,\"caption\":\"Huebsch\"},\"image\":{\"@id\":\"https:\/\/huebsch.com\/vn-international\/#\/schema\/logo\/image\/\"},\"sameAs\":[\"https:\/\/www.facebook.com\/Huebsch\/\"]}]}<\/script>\n<!-- \/ Yoast SEO Premium plugin. -->","yoast_head_json":{"title":"\u0110i\u1ec1u kho\u1ea3n s\u1eed d\u1ee5ng - Huebsch Vietnam","robots":{"index":"index","follow":"follow","max-snippet":"max-snippet:-1","max-image-preview":"max-image-preview:large","max-video-preview":"max-video-preview:-1"},"canonical":"https:\/\/huebsch.com\/vn-international\/lien-he\/dieu-khoan-su-dung\/","og_locale":"vi_VN","og_type":"article","og_title":"\u0110i\u1ec1u kho\u1ea3n s\u1eed d\u1ee5ng","og_url":"https:\/\/huebsch.com\/vn-international\/lien-he\/dieu-khoan-su-dung\/","og_site_name":"Huebsch Vietnam","article_publisher":"https:\/\/www.facebook.com\/Huebsch\/","article_modified_time":"2020-01-20T05:13:08+00:00","twitter_card":"summary_large_image","twitter_misc":{"Est. reading time":"6 minutes"},"schema":{"@context":"https:\/\/schema.org","@graph":[{"@type":"WebPage","@id":"https:\/\/huebsch.com\/vn-international\/lien-he\/dieu-khoan-su-dung\/","url":"https:\/\/huebsch.com\/vn-international\/lien-he\/dieu-khoan-su-dung\/","name":"\u0110i\u1ec1u kho\u1ea3n s\u1eed d\u1ee5ng - Huebsch Vietnam","isPartOf":{"@id":"https:\/\/huebsch.com\/vn-international\/#website"},"datePublished":"2019-04-27T12:43:17+00:00","dateModified":"2020-01-20T05:13:08+00:00","breadcrumb":{"@id":"https:\/\/huebsch.com\/vn-international\/lien-he\/dieu-khoan-su-dung\/#breadcrumb"},"inLanguage":"vi-VN","potentialAction":[{"@type":"ReadAction","target":["https:\/\/huebsch.com\/vn-international\/lien-he\/dieu-khoan-su-dung\/"]}]},{"@type":"BreadcrumbList","@id":"https:\/\/huebsch.com\/vn-international\/lien-he\/dieu-khoan-su-dung\/#breadcrumb","itemListElement":[{"@type":"ListItem","position":1,"name":"Home","item":"https:\/\/huebsch.com\/vn-international\/"},{"@type":"ListItem","position":2,"name":"Li\u00ean h\u1ec7","item":"https:\/\/huebsch.com\/vn-international\/lien-he\/"},{"@type":"ListItem","position":3,"name":"\u0110i\u1ec1u kho\u1ea3n s\u1eed d\u1ee5ng"}]},{"@type":"WebSite","@id":"https:\/\/huebsch.com\/vn-international\/#website","url":"https:\/\/huebsch.com\/vn-international\/","name":"Huebsch Vietnam","description":"Your Smart Laundry Partner","publisher":{"@id":"https:\/\/huebsch.com\/vn-international\/#organization"},"potentialAction":[{"@type":"SearchAction","target":{"@type":"EntryPoint","urlTemplate":"https:\/\/huebsch.com\/vn-international\/?s={search_term_string}"},"query-input":{"@type":"PropertyValueSpecification","valueRequired":true,"valueName":"search_term_string"}}],"inLanguage":"vi-VN"},{"@type":"Organization","@id":"https:\/\/huebsch.com\/vn-international\/#organization","name":"Huebsch","url":"https:\/\/huebsch.com\/vn-international\/","logo":{"@type":"ImageObject","inLanguage":"vi-VN","@id":"https:\/\/huebsch.com\/vn-international\/#\/schema\/logo\/image\/","url":"https:\/\/huebsch.com\/vn-international\/wp-content\/uploads\/sites\/13\/2019\/04\/Huebsch_Color_RGB-e1554987923330.png","contentUrl":"https:\/\/huebsch.com\/vn-international\/wp-content\/uploads\/sites\/13\/2019\/04\/Huebsch_Color_RGB-e1554987923330.png","width":295,"height":70,"caption":"Huebsch"},"image":{"@id":"https:\/\/huebsch.com\/vn-international\/#\/schema\/logo\/image\/"},"sameAs":["https:\/\/www.facebook.com\/Huebsch\/"]}]}},"_links":{"self":[{"href":"https:\/\/huebsch.com\/vn-international\/wp-json\/wp\/v2\/pages\/15227","targetHints":{"allow":["GET"]}}],"collection":[{"href":"https:\/\/huebsch.com\/vn-international\/wp-json\/wp\/v2\/pages"}],"about":[{"href":"https:\/\/huebsch.com\/vn-international\/wp-json\/wp\/v2\/types\/page"}],"author":[{"embeddable":true,"href":"https:\/\/huebsch.com\/vn-international\/wp-json\/wp\/v2\/users\/4"}],"replies":[{"embeddable":true,"href":"https:\/\/huebsch.com\/vn-international\/wp-json\/wp\/v2\/comments?post=15227"}],"version-history":[{"count":2,"href":"https:\/\/huebsch.com\/vn-international\/wp-json\/wp\/v2\/pages\/15227\/revisions"}],"predecessor-version":[{"id":15335,"href":"https:\/\/huebsch.com\/vn-international\/wp-json\/wp\/v2\/pages\/15227\/revisions\/15335"}],"up":[{"embeddable":true,"href":"https:\/\/huebsch.com\/vn-international\/wp-json\/wp\/v2\/pages\/15216"}],"wp:attachment":[{"href":"https:\/\/huebsch.com\/vn-international\/wp-json\/wp\/v2\/media?parent=15227"}],"curies":[{"name":"wp","href":"https:\/\/api.w.org\/{rel}","templated":true}]}}