{"id":15204,"date":"2019-04-26T12:20:51","date_gmt":"2019-04-26T12:20:51","guid":{"rendered":"http:\/\/huebsch-php74.bitnamiapp.com\/vn-international\/location-location-location\/"},"modified":"2020-07-02T13:24:55","modified_gmt":"2020-07-02T13:24:55","slug":"dia-diem","status":"publish","type":"page","link":"https:\/\/huebsch.com\/vn-international\/cac-nha-dau-tu\/dia-diem\/","title":{"rendered":"\u0110\u1ecba \u0111i\u1ec3m"},"content":{"rendered":"<p><div class=\"fusion-fullwidth fullwidth-box fusion-builder-row-1 nonhundred-percent-fullwidth non-hundred-percent-height-scrolling\" style=\"--awb-border-radius-top-left:0px;--awb-border-radius-top-right:0px;--awb-border-radius-bottom-right:0px;--awb-border-radius-bottom-left:0px;--awb-flex-wrap:wrap;\" ><div class=\"fusion-builder-row fusion-row\"><div class=\"fusion-layout-column fusion_builder_column fusion-builder-column-0 fusion_builder_column_1_1 1_1 fusion-one-full fusion-column-first fusion-column-last\" style=\"--awb-bg-size:cover;\"><div class=\"fusion-column-wrapper fusion-column-has-shadow fusion-flex-column-wrapper-legacy\"><div class=\"fusion-title title fusion-title-1 fusion-sep-none fusion-title-text fusion-title-size-one\"><h1 class=\"fusion-title-heading title-heading-left fusion-responsive-typography-calculated\" style=\"margin:0;--fontSize:33;line-height:1.45;\"><h1>\u0110\u1ecba \u0111i\u1ec3m<\/h1><\/h1><\/div><div class=\"fusion-clearfix\"><\/div><\/div><\/div><div class=\"fusion-layout-column fusion_builder_column fusion-builder-column-1 fusion_builder_column_3_4 3_4 fusion-three-fourth fusion-column-first\" style=\"--awb-bg-size:cover;width:75%;width:calc(75% - ( ( 4% ) * 0.75 ) );margin-right: 4%;\"><div class=\"fusion-column-wrapper fusion-column-has-shadow fusion-flex-column-wrapper-legacy\"><div class=\"fusion-text fusion-text-1\"><p>Nh\u00e2n t\u1ed1 l\u1edbn nh\u1ea5t trong s\u1ef1 th\u00e0nh c\u00f4ng c\u1ee7a vi\u1ec7c kinh doanh gi\u1eb7t l\u00e0 t\u1ef1 \u0111\u1ed9ng l\u00e0 v\u1ecb tr\u00ed. Do \u0111\u00f3, c\u00e1c <a href=\"https:\/\/huebsch.com\/vn-international\/tim-kiem\/?lang=vi\">nh\u00e0 ph\u00e2n ph\u1ed1i <span class=\"fusion-tooltip tooltip-shortcode\" data-animation=\"\" data-delay=\"0\" data-placement=\"top\" data-title=\"Gi\u1eb7t l\u00e0 Huebsch\" title=\"Gi\u1eb7t l\u00e0 Huebsch\" data-toggle=\"tooltip\" data-trigger=\"hover\"><strong>Huebsch\u00ae<\/strong><\/span><\/a> xem x\u00e9t c\u1ea9n th\u1eadn c\u00e1c v\u1ecb tr\u00ed \u0111\u01b0\u1ee3c \u0111\u1ec1 xu\u1ea5t v\u1edbi c\u00e1c nh\u00e0 \u0111\u1ea7u t\u01b0, nghi\u00ean c\u1ee9u s\u1ed1 l\u01b0\u1ee3ng ng\u01b0\u1eddi d\u00e2n gh\u00e9 qua \u0111\u1ec3 \u0111\u1ea3m b\u1ea3o b\u1ea1n c\u00f3 \u0111\u01b0\u1ee3c v\u1ecb tr\u00ed v\u1edbi c\u01a1 h\u1ed9i th\u00e0nh c\u00f4ng cao nh\u1ea5t. Nhi\u1ec1u nh\u00e0 ph\u00e2n ph\u1ed1i c\u00f3 th\u1ec3 \u0111\u00e3 c\u00f3 s\u1eb5n c\u00e1c c\u1eeda h\u00e0ng \u0111\u1ec3 b\u00e1n d\u01b0\u1edbi d\u1ea1ng ho\u1ea1t \u0111\u1ed9ng ch\u00eca kh\u00f3a trao tay, trong khi nh\u1eefng nh\u00e0 ph\u00e2n ph\u1ed1i kh\u00e1c s\u1ebd x\u00e1c \u0111\u1ecbnh c\u00e1c khu v\u1ef1c c\u00f3 ti\u1ec1m n\u0103ng l\u1ee3i nhu\u1eadn l\u1edbn nh\u1ea5t.<\/p>\n<p>T\u1eeb \u0111\u00f3, <span class=\"fusion-tooltip tooltip-shortcode\" data-animation=\"\" data-delay=\"0\" data-placement=\"top\" data-title=\"Gi\u1eb7t l\u00e0 Huebsch\" title=\"Gi\u1eb7t l\u00e0 Huebsch\" data-toggle=\"tooltip\" data-trigger=\"hover\"><strong>Huebsch\u00ae<\/strong><\/span> s\u1ebd h\u1ed7 tr\u1ee3 th\u1ef1c hi\u1ec7n ph\u00e2n t\u00edch th\u1ecb tr\u01b0\u1eddng v\u00e0 nh\u00e2n kh\u1ea9u h\u1ecdc \u0111\u1ec3 x\u00e1c nh\u1eadn kh\u1ea3 n\u0103ng ho\u1ea1t \u0111\u1ed9ng c\u1ee7a v\u1ecb tr\u00ed \u0111\u00f3 \u2014 v\u1ec1 c\u01a1 b\u1ea3n l\u00e0 cung c\u1ea5p cho c\u00e1c doanh nh\u00e2n m\u1ed9t \u0111\u00f4i m\u1eaft kh\u00e1c v\u00e0 d\u1eef li\u1ec7u c\u1ee9ng \u0111\u1ec3 h\u1ed7 tr\u1ee3 cho vi\u1ec7c \u0111\u1ea7u t\u01b0 c\u1ee7a h\u1ecd.<\/p>\n<\/div><div class=\"fusion-reading-box-container reading-box-container-1\" style=\"--awb-title-color:#333333;--awb-margin-top:0px;--awb-margin-bottom:84px;\"><div class=\"reading-box\" style=\"background-color:#f6f6f6;border-width:1px;border-color:#f6f6f6;border-left-width:3px;border-left-color:var(--primary_color);border-style:solid;\"><a class=\"button fusion-button button-default fusion-button-default-size button-default-size button-flat fusion-desktop-button fusion-tagline-button continue fusion-desktop-button-margin continue-right\" style=\"-webkit-box-shadow:none;-moz-box-shadow:none;box-shadow:none;border-radius:2px 2px 2px 2px\" href=\"https:\/\/www.youtube.com\/huebsch\" target=\"_blank\" rel=\"noopener noreferrer\"><span>Xem video<\/span><\/a><h2>C\u00e1c c\u00e2u chuy\u1ec7n Th\u00e0nh c\u00f4ng<\/h2><div class=\"reading-box-additional fusion-reading-box-additional\">\n<p>T\u00ecm hi\u1ec3u c\u00e1ch <span class=\"fusion-tooltip tooltip-shortcode\" title=\"\" data-animation=\"\" data-delay=\"0\" data-placement=\"top\" data-title=\"\" data-toggle=\"tooltip\" data-trigger=\"hover\" data-original-title=\"\"><strong>Huebsch\u00ae<\/strong><\/span> \u0111ang gi\u00fap kh\u00e1ch h\u00e0ng tr\u00ean to\u00e0n th\u1ebf gi\u1edbi \u0111\u1ea1t \u0111\u01b0\u1ee3c m\u1ee5c ti\u00eau kinh doanh c\u1ee7a h\u1ecd.<\/p>\n<\/div><div class=\"fusion-clearfix\"><\/div><a class=\"button fusion-button button-default fusion-button-default-size button-default-size button-flat fusion-mobile-button continue-right\" style=\"-webkit-box-shadow:none;-moz-box-shadow:none;box-shadow:none;border-radius:2px 2px 2px 2px\" href=\"https:\/\/www.youtube.com\/huebsch\" target=\"_blank\" rel=\"noopener noreferrer\"><span>Xem video<\/span><\/a><\/div><\/div><div class=\"fusion-clearfix\"><\/div><\/div><\/div><div class=\"fusion-layout-column fusion_builder_column fusion-builder-column-2 fusion_builder_column_1_4 1_4 fusion-one-fourth fusion-column-last\" style=\"--awb-bg-size:cover;width:25%;width:calc(25% - ( ( 4% ) * 0.25 ) );\"><div class=\"fusion-column-wrapper fusion-column-has-shadow fusion-flex-column-wrapper-legacy\"><div class=\"fusion-image-element fusion-image-align-center in-legacy-container\" style=\"text-align:center;--awb-caption-title-font-family:var(--h2_typography-font-family);--awb-caption-title-font-weight:var(--h2_typography-font-weight);--awb-caption-title-font-style:var(--h2_typography-font-style);--awb-caption-title-size:var(--h2_typography-font-size);--awb-caption-title-transform:var(--h2_typography-text-transform);--awb-caption-title-line-height:var(--h2_typography-line-height);--awb-caption-title-letter-spacing:var(--h2_typography-letter-spacing);\"><div class=\"imageframe-align-center\"><span class=\" fusion-imageframe imageframe-none imageframe-1 hover-type-none\"><img decoding=\"async\" width=\"250\" height=\"200\" title=\"coin-laundry-location\" data-src=\"https:\/\/huebsch.com\/vn-international\/wp-content\/uploads\/sites\/13\/2019\/04\/coin-laundry-location.jpg\" alt class=\"img-responsive wp-image-15205 lazyload\" data-srcset=\"https:\/\/huebsch.com\/vn-international\/wp-content\/uploads\/sites\/13\/2019\/04\/coin-laundry-location-200x160.jpg 200w, https:\/\/huebsch.com\/vn-international\/wp-content\/uploads\/sites\/13\/2019\/04\/coin-laundry-location.jpg 250w\" data-sizes=\"(max-width: 800px) 100vw, 250px\" src=\"data:image\/svg+xml;base64,PHN2ZyB3aWR0aD0iMSIgaGVpZ2h0PSIxIiB4bWxucz0iaHR0cDovL3d3dy53My5vcmcvMjAwMC9zdmciPjwvc3ZnPg==\" style=\"--smush-placeholder-width: 250px; --smush-placeholder-aspect-ratio: 250\/200;\" \/><\/span><\/div><\/div><div class=\"fusion-widget-area awb-widget-area-element fusion-widget-area-1 fusion-content-widget-area\" style=\"--awb-title-size:14px;--awb-title-color:#333333;--awb-padding:0px 0px 0px 0px;\"><div id=\"nav_menu-10\" class=\"widget widget_nav_menu\"><div class=\"heading\"><h4 class=\"widget-title\">C\u00e1c nh\u00e0 \u0111\u1ea7u t\u01b0<\/h4><\/div><div class=\"menu-investors-vietnamese-container\"><ul id=\"menu-investors-vietnamese\" class=\"menu\"><li id=\"menu-item-15706\" class=\"menu-item menu-item-type-post_type menu-item-object-page menu-item-15706\"><a href=\"https:\/\/huebsch.com\/vn-international\/cac-nha-dau-tu\/loi-the-cua-huebsch\/\">L\u1ee3i th\u1ebf c\u1ee7a Huebsch<\/a><\/li>\n<li id=\"menu-item-15707\" class=\"menu-item menu-item-type-post_type menu-item-object-page menu-item-15707\"><a href=\"https:\/\/huebsch.com\/vn-international\/cac-nha-dau-tu\/bat-dau\/\">B\u1eaft \u0111\u1ea7u<\/a><\/li>\n<li id=\"menu-item-15708\" class=\"menu-item menu-item-type-post_type menu-item-object-page menu-item-15708\"><a href=\"https:\/\/huebsch.com\/vn-international\/cac-nha-dau-tu\/dia-diem\/\">\u0110\u1ecba \u0111i\u1ec3m<\/a><\/li>\n<li id=\"menu-item-15709\" class=\"menu-item menu-item-type-post_type menu-item-object-page menu-item-15709\"><a href=\"https:\/\/huebsch.com\/vn-international\/cac-nha-dau-tu\/dich-vu-co-dien\/\">D\u1ecbch v\u1ee5 c\u1ed5 \u0111i\u1ec3n<\/a><\/li>\n<\/ul><\/div><\/div><div class=\"fusion-additional-widget-content\"><\/div><\/div><div class=\"fusion-clearfix\"><\/div><\/div><\/div><\/div><\/div><div class=\"fusion-fullwidth fullwidth-box fusion-builder-row-2 nonhundred-percent-fullwidth non-hundred-percent-height-scrolling\" style=\"--awb-border-radius-top-left:0px;--awb-border-radius-top-right:0px;--awb-border-radius-bottom-right:0px;--awb-border-radius-bottom-left:0px;--awb-padding-top:30px;--awb-margin-top:60px;--awb-background-color:#7eb541;--awb-flex-wrap:wrap;\" ><div class=\"fusion-builder-row fusion-row\"><div class=\"fusion-layout-column fusion_builder_column fusion-builder-column-3 fusion_builder_column_2_3 2_3 fusion-two-third fusion-column-first\" style=\"--awb-bg-size:cover;width:66.666666666667%;width:calc(66.666666666667% - ( ( 4% ) * 0.66666666666667 ) );margin-right: 4%;\"><div class=\"fusion-column-wrapper fusion-column-has-shadow fusion-flex-column-wrapper-legacy\"><div class=\"fusion-title title fusion-title-2 fusion-sep-none fusion-title-text fusion-title-size-one\" style=\"--awb-text-color:#ffffff;--awb-margin-bottom:5px;--awb-margin-bottom-small:5px;\"><h1 class=\"fusion-title-heading title-heading-left fusion-responsive-typography-calculated\" style=\"margin:0;--fontSize:33;line-height:1.45;\">Y\u00eau c\u1ea7u b\u00e1o gi\u00e1<\/h1><\/div><div class=\"fusion-text fusion-text-2\"><p><span style=\"color: #fff\">\u0110i\u1ec1n v\u00e0o m\u1eabu \u0111\u1ec3 y\u00eau c\u1ea7u b\u00e1o gi\u00e1 t\u1eeb chuy\u00ean vi\u00ean kinh doanh c\u1ee7a Huebsch.<\/span><\/p>\n<\/div><div class=\"fusion-clearfix\"><\/div><\/div><\/div><div class=\"fusion-layout-column fusion_builder_column fusion-builder-column-4 fusion_builder_column_1_3 1_3 fusion-one-third fusion-column-last\" style=\"--awb-bg-size:cover;width:33.333333333333%;width:calc(33.333333333333% - ( ( 4% ) * 0.33333333333333 ) );\"><div class=\"fusion-column-wrapper fusion-column-has-shadow fusion-flex-column-wrapper-legacy\"><div class=\"fusion-sep-clear\"><\/div><div class=\"fusion-separator fusion-full-width-sep\" style=\"margin-left: auto;margin-right: auto;margin-top:0px;margin-bottom:22px;width:100%;\"><\/div><div class=\"fusion-sep-clear\"><\/div><div class=\"fusion-align-block\"><a class=\"fusion-button button-flat fusion-button-default-size button-custom fusion-button-default button-1 fusion-button-span-yes fusion-button-default-type\" style=\"--button_accent_color:#ffffff;--button_accent_hover_color:#7eb541;--button_border_hover_color:#7eb541;--button_border_width-top:1px;--button_border_width-right:1px;--button_border_width-bottom:1px;--button_border_width-left:1px;--button_gradient_top_color:#7eb541;--button_gradient_bottom_color:#7eb541;--button_gradient_top_color_hover:#ffffff;--button_gradient_bottom_color_hover:#ffffff;\" target=\"_self\" href=\"https:\/\/huebsch.com\/vn-international\/yeu-cau-bao-gia\/?lang=vi\"><span class=\"fusion-button-text awb-button__text awb-button__text--default\">B\u00e1o gi\u00e1<\/span><\/a><\/div><div class=\"fusion-clearfix\"><\/div><\/div><\/div><\/div><\/div><\/p>\n","protected":false},"excerpt":{"rendered":"","protected":false},"author":4,"featured_media":0,"parent":15213,"menu_order":0,"comment_status":"closed","ping_status":"closed","template":"100-width.php","meta":{"_acf_changed":false,"footnotes":""},"class_list":["post-15204","page","type-page","status-publish","hentry"],"acf":[],"yoast_head":"<!-- This site is optimized with the Yoast SEO Premium plugin v20.12 (Yoast SEO v26.5) - https:\/\/yoast.com\/wordpress\/plugins\/seo\/ -->\n<title>\u0110\u1ecba \u0111i\u1ec3m - Huebsch Vietnam<\/title>\n<meta name=\"robots\" content=\"index, follow, max-snippet:-1, max-image-preview:large, max-video-preview:-1\" \/>\n<link rel=\"canonical\" href=\"https:\/\/huebsch.com\/vn-international\/cac-nha-dau-tu\/dia-diem\/\" \/>\n<meta property=\"og:locale\" content=\"vi_VN\" \/>\n<meta property=\"og:type\" content=\"article\" \/>\n<meta property=\"og:title\" content=\"\u0110\u1ecba \u0111i\u1ec3m\" \/>\n<meta property=\"og:url\" content=\"https:\/\/huebsch.com\/vn-international\/cac-nha-dau-tu\/dia-diem\/\" \/>\n<meta property=\"og:site_name\" content=\"Huebsch Vietnam\" \/>\n<meta property=\"article:publisher\" content=\"https:\/\/www.facebook.com\/Huebsch\/\" \/>\n<meta property=\"article:modified_time\" content=\"2020-07-02T13:24:55+00:00\" \/>\n<meta name=\"twitter:card\" content=\"summary_large_image\" \/>\n<meta name=\"twitter:label1\" content=\"Est. reading time\" \/>\n\t<meta name=\"twitter:data1\" content=\"7 minutes\" \/>\n<script type=\"application\/ld+json\" class=\"yoast-schema-graph\">{\"@context\":\"https:\/\/schema.org\",\"@graph\":[{\"@type\":\"WebPage\",\"@id\":\"https:\/\/huebsch.com\/vn-international\/cac-nha-dau-tu\/dia-diem\/\",\"url\":\"https:\/\/huebsch.com\/vn-international\/cac-nha-dau-tu\/dia-diem\/\",\"name\":\"\u0110\u1ecba \u0111i\u1ec3m - Huebsch Vietnam\",\"isPartOf\":{\"@id\":\"https:\/\/huebsch.com\/vn-international\/#website\"},\"datePublished\":\"2019-04-26T12:20:51+00:00\",\"dateModified\":\"2020-07-02T13:24:55+00:00\",\"breadcrumb\":{\"@id\":\"https:\/\/huebsch.com\/vn-international\/cac-nha-dau-tu\/dia-diem\/#breadcrumb\"},\"inLanguage\":\"vi-VN\",\"potentialAction\":[{\"@type\":\"ReadAction\",\"target\":[\"https:\/\/huebsch.com\/vn-international\/cac-nha-dau-tu\/dia-diem\/\"]}]},{\"@type\":\"BreadcrumbList\",\"@id\":\"https:\/\/huebsch.com\/vn-international\/cac-nha-dau-tu\/dia-diem\/#breadcrumb\",\"itemListElement\":[{\"@type\":\"ListItem\",\"position\":1,\"name\":\"Home\",\"item\":\"https:\/\/huebsch.com\/vn-international\/\"},{\"@type\":\"ListItem\",\"position\":2,\"name\":\"C\u00e1c nh\u00e0 \u0111\u1ea7u t\u01b0\",\"item\":\"https:\/\/huebsch.com\/vn-international\/cac-nha-dau-tu\/\"},{\"@type\":\"ListItem\",\"position\":3,\"name\":\"\u0110\u1ecba \u0111i\u1ec3m\"}]},{\"@type\":\"WebSite\",\"@id\":\"https:\/\/huebsch.com\/vn-international\/#website\",\"url\":\"https:\/\/huebsch.com\/vn-international\/\",\"name\":\"Huebsch Vietnam\",\"description\":\"Your Smart Laundry Partner\",\"publisher\":{\"@id\":\"https:\/\/huebsch.com\/vn-international\/#organization\"},\"potentialAction\":[{\"@type\":\"SearchAction\",\"target\":{\"@type\":\"EntryPoint\",\"urlTemplate\":\"https:\/\/huebsch.com\/vn-international\/?s={search_term_string}\"},\"query-input\":{\"@type\":\"PropertyValueSpecification\",\"valueRequired\":true,\"valueName\":\"search_term_string\"}}],\"inLanguage\":\"vi-VN\"},{\"@type\":\"Organization\",\"@id\":\"https:\/\/huebsch.com\/vn-international\/#organization\",\"name\":\"Huebsch\",\"url\":\"https:\/\/huebsch.com\/vn-international\/\",\"logo\":{\"@type\":\"ImageObject\",\"inLanguage\":\"vi-VN\",\"@id\":\"https:\/\/huebsch.com\/vn-international\/#\/schema\/logo\/image\/\",\"url\":\"https:\/\/huebsch.com\/vn-international\/wp-content\/uploads\/sites\/13\/2019\/04\/Huebsch_Color_RGB-e1554987923330.png\",\"contentUrl\":\"https:\/\/huebsch.com\/vn-international\/wp-content\/uploads\/sites\/13\/2019\/04\/Huebsch_Color_RGB-e1554987923330.png\",\"width\":295,\"height\":70,\"caption\":\"Huebsch\"},\"image\":{\"@id\":\"https:\/\/huebsch.com\/vn-international\/#\/schema\/logo\/image\/\"},\"sameAs\":[\"https:\/\/www.facebook.com\/Huebsch\/\"]}]}<\/script>\n<!-- \/ Yoast SEO Premium plugin. -->","yoast_head_json":{"title":"\u0110\u1ecba \u0111i\u1ec3m - Huebsch Vietnam","robots":{"index":"index","follow":"follow","max-snippet":"max-snippet:-1","max-image-preview":"max-image-preview:large","max-video-preview":"max-video-preview:-1"},"canonical":"https:\/\/huebsch.com\/vn-international\/cac-nha-dau-tu\/dia-diem\/","og_locale":"vi_VN","og_type":"article","og_title":"\u0110\u1ecba \u0111i\u1ec3m","og_url":"https:\/\/huebsch.com\/vn-international\/cac-nha-dau-tu\/dia-diem\/","og_site_name":"Huebsch Vietnam","article_publisher":"https:\/\/www.facebook.com\/Huebsch\/","article_modified_time":"2020-07-02T13:24:55+00:00","twitter_card":"summary_large_image","twitter_misc":{"Est. reading time":"7 minutes"},"schema":{"@context":"https:\/\/schema.org","@graph":[{"@type":"WebPage","@id":"https:\/\/huebsch.com\/vn-international\/cac-nha-dau-tu\/dia-diem\/","url":"https:\/\/huebsch.com\/vn-international\/cac-nha-dau-tu\/dia-diem\/","name":"\u0110\u1ecba \u0111i\u1ec3m - Huebsch Vietnam","isPartOf":{"@id":"https:\/\/huebsch.com\/vn-international\/#website"},"datePublished":"2019-04-26T12:20:51+00:00","dateModified":"2020-07-02T13:24:55+00:00","breadcrumb":{"@id":"https:\/\/huebsch.com\/vn-international\/cac-nha-dau-tu\/dia-diem\/#breadcrumb"},"inLanguage":"vi-VN","potentialAction":[{"@type":"ReadAction","target":["https:\/\/huebsch.com\/vn-international\/cac-nha-dau-tu\/dia-diem\/"]}]},{"@type":"BreadcrumbList","@id":"https:\/\/huebsch.com\/vn-international\/cac-nha-dau-tu\/dia-diem\/#breadcrumb","itemListElement":[{"@type":"ListItem","position":1,"name":"Home","item":"https:\/\/huebsch.com\/vn-international\/"},{"@type":"ListItem","position":2,"name":"C\u00e1c nh\u00e0 \u0111\u1ea7u t\u01b0","item":"https:\/\/huebsch.com\/vn-international\/cac-nha-dau-tu\/"},{"@type":"ListItem","position":3,"name":"\u0110\u1ecba \u0111i\u1ec3m"}]},{"@type":"WebSite","@id":"https:\/\/huebsch.com\/vn-international\/#website","url":"https:\/\/huebsch.com\/vn-international\/","name":"Huebsch Vietnam","description":"Your Smart Laundry Partner","publisher":{"@id":"https:\/\/huebsch.com\/vn-international\/#organization"},"potentialAction":[{"@type":"SearchAction","target":{"@type":"EntryPoint","urlTemplate":"https:\/\/huebsch.com\/vn-international\/?s={search_term_string}"},"query-input":{"@type":"PropertyValueSpecification","valueRequired":true,"valueName":"search_term_string"}}],"inLanguage":"vi-VN"},{"@type":"Organization","@id":"https:\/\/huebsch.com\/vn-international\/#organization","name":"Huebsch","url":"https:\/\/huebsch.com\/vn-international\/","logo":{"@type":"ImageObject","inLanguage":"vi-VN","@id":"https:\/\/huebsch.com\/vn-international\/#\/schema\/logo\/image\/","url":"https:\/\/huebsch.com\/vn-international\/wp-content\/uploads\/sites\/13\/2019\/04\/Huebsch_Color_RGB-e1554987923330.png","contentUrl":"https:\/\/huebsch.com\/vn-international\/wp-content\/uploads\/sites\/13\/2019\/04\/Huebsch_Color_RGB-e1554987923330.png","width":295,"height":70,"caption":"Huebsch"},"image":{"@id":"https:\/\/huebsch.com\/vn-international\/#\/schema\/logo\/image\/"},"sameAs":["https:\/\/www.facebook.com\/Huebsch\/"]}]}},"_links":{"self":[{"href":"https:\/\/huebsch.com\/vn-international\/wp-json\/wp\/v2\/pages\/15204","targetHints":{"allow":["GET"]}}],"collection":[{"href":"https:\/\/huebsch.com\/vn-international\/wp-json\/wp\/v2\/pages"}],"about":[{"href":"https:\/\/huebsch.com\/vn-international\/wp-json\/wp\/v2\/types\/page"}],"author":[{"embeddable":true,"href":"https:\/\/huebsch.com\/vn-international\/wp-json\/wp\/v2\/users\/4"}],"replies":[{"embeddable":true,"href":"https:\/\/huebsch.com\/vn-international\/wp-json\/wp\/v2\/comments?post=15204"}],"version-history":[{"count":8,"href":"https:\/\/huebsch.com\/vn-international\/wp-json\/wp\/v2\/pages\/15204\/revisions"}],"predecessor-version":[{"id":15893,"href":"https:\/\/huebsch.com\/vn-international\/wp-json\/wp\/v2\/pages\/15204\/revisions\/15893"}],"up":[{"embeddable":true,"href":"https:\/\/huebsch.com\/vn-international\/wp-json\/wp\/v2\/pages\/15213"}],"wp:attachment":[{"href":"https:\/\/huebsch.com\/vn-international\/wp-json\/wp\/v2\/media?parent=15204"}],"curies":[{"name":"wp","href":"https:\/\/api.w.org\/{rel}","templated":true}]}}