{"id":15468,"date":"2019-04-26T12:15:02","date_gmt":"2019-04-26T12:15:02","guid":{"rendered":"http:\/\/huebsch-php74.bitnamiapp.com\/latam\/products\/on-premises-laundry\/"},"modified":"2020-05-22T16:53:36","modified_gmt":"2020-05-22T16:53:36","slug":"lavanderia-industrial","status":"publish","type":"page","link":"https:\/\/huebsch.com\/latam\/productos\/lavanderia-industrial\/","title":{"rendered":"Lavander\u00eda industrial"},"content":{"rendered":"<p><div class=\"fusion-fullwidth fullwidth-box fusion-builder-row-1 nonhundred-percent-fullwidth non-hundred-percent-height-scrolling\" style=\"--awb-border-radius-top-left:0px;--awb-border-radius-top-right:0px;--awb-border-radius-bottom-right:0px;--awb-border-radius-bottom-left:0px;--awb-flex-wrap:wrap;\" ><div class=\"fusion-builder-row fusion-row\"><div class=\"fusion-layout-column fusion_builder_column fusion-builder-column-0 fusion_builder_column_3_4 3_4 fusion-three-fourth fusion-column-first\" style=\"--awb-bg-size:cover;width:75%;width:calc(75% - ( ( 4% ) * 0.75 ) );margin-right: 4%;\"><div class=\"fusion-column-wrapper fusion-column-has-shadow fusion-flex-column-wrapper-legacy\"><div class=\"fusion-title title fusion-title-1 fusion-sep-none fusion-title-text fusion-title-size-one\"><h1 class=\"fusion-title-heading title-heading-left fusion-responsive-typography-calculated\" style=\"margin:0;--fontSize:33;line-height:1.45;\">Equipos de lavander\u00eda industrial<\/h1><\/div><div class=\"fusion-text fusion-text-1\"><p>M\u00e1ximo rendimiento y costos minimizados. Ese es nuestro lema en lavander\u00eda industrial. En <span class=\"fusion-tooltip tooltip-shortcode\" data-animation=\"\" data-delay=\"0\" data-placement=\"top\" data-title=\"Lavander\u00eda Huebsch\" title=\"Lavander\u00eda Huebsch\" data-toggle=\"tooltip\" data-trigger=\"hover\"><strong>Huebsch\u00ae<\/strong><\/span> nuestros equipos de lavander\u00eda industrial utiliza tecnolog\u00eda e innovaci\u00f3n de vanguardia para acelerar el rendimiento al tiempo que reduce los servicios p\u00fablicos y costos operativos generales, que ayuda a los hoteles, centros m\u00e9dicos o asistenciales, lavander\u00edas comerciales y otras instalaciones, a realizar lavados m\u00e1s r\u00e1pidos y dentro del presupuesto.<\/p>\n<\/div><div class=\"fusion-flip-boxes flip-boxes row fusion-columns-2 flip-effect-3d equal-heights nyb-flip-box\" style=\"--awb-flip-duration:0.7s;\"><div class=\"fusion-flip-box-wrapper fusion-column col-lg-6 col-md-6 col-sm-6\"><div class=\"fusion-flip-box flip-left\" tabindex=\"0\"><div class=\"flip-box-inner-wrapper\"><div class=\"flip-box-front\" style=\"--awb-border-color:rgba(115,181,65,0.7);--awb-border-size:1px;--awb-background-color-front:#ffffff;\"><div class=\"flip-box-front-inner\"><div class=\"flip-box-grafix flip-box-image\"><img decoding=\"async\" data-src=\"https:\/\/huebsch.com\/latam\/wp-content\/uploads\/sites\/14\/2019\/07\/Softmount-Washer-Extractors.jpg\" width=\"200\" height=\"257.27\" alt=\"\" src=\"data:image\/svg+xml;base64,PHN2ZyB3aWR0aD0iMSIgaGVpZ2h0PSIxIiB4bWxucz0iaHR0cDovL3d3dy53My5vcmcvMjAwMC9zdmciPjwvc3ZnPg==\" class=\"lazyload\" style=\"--smush-placeholder-width: 200px; --smush-placeholder-aspect-ratio: 200\/257;\" \/><\/div><h2 class=\"flip-box-heading without-text\">Lavadoras extractoras con anclaje flotante<\/h2><\/div><\/div><div class=\"flip-box-back\" style=\"--awb-border-color:rgba(115,181,65,0.7);--awb-border-size:1px;--awb-background-color-back:#ffffff;--awb-title-back-color:#333333;--awb-text-back-color:#222222;\"><div class=\"flip-box-back-inner\"><h3 class=\"flip-box-heading-back\">Lavadoras extractoras con anclaje flotante<\/h3>En segundos pisos, donde las fundaciones no son la mejor opci\u00f3n, las lavadoras extractoras con anclaje flotante ofrecen gran rendimiento con bajos costos de instalaci\u00f3n.<\/p>\n<div class=\"fusion-button-wrapper\">\n<p><a class=\"fusion-button button-flat fusion-button-round button-large button-default\" href=\"\/latam\/productos\/lavanderia-industrial\/lavadoras-extractoras-con-anclaje-flotante\/?lang=es\" rel=\"noopener noreferrer\"><span class=\"fusion-button-text\">M\u00e1s informaci\u00f3n<\/span><\/a><\/p>\n<\/div>\n<\/div><\/div><\/div><\/div><\/div><div class=\"fusion-flip-box-wrapper fusion-column col-lg-6 col-md-6 col-sm-6\"><div class=\"fusion-flip-box flip-left\" tabindex=\"0\"><div class=\"flip-box-inner-wrapper\"><div class=\"flip-box-front\" style=\"--awb-border-color:rgba(115,181,65,0.7);--awb-border-size:1px;--awb-background-color-front:#ffffff;\"><div class=\"flip-box-front-inner\"><div class=\"flip-box-grafix flip-box-image\"><img decoding=\"async\" data-src=\"https:\/\/huebsch.com\/latam\/wp-content\/uploads\/sites\/14\/2019\/07\/Hardmount-Washer-Extractors.jpg\" width=\"200\" height=\"257.27\" alt=\"\" src=\"data:image\/svg+xml;base64,PHN2ZyB3aWR0aD0iMSIgaGVpZ2h0PSIxIiB4bWxucz0iaHR0cDovL3d3dy53My5vcmcvMjAwMC9zdmciPjwvc3ZnPg==\" class=\"lazyload\" style=\"--smush-placeholder-width: 200px; --smush-placeholder-aspect-ratio: 200\/257;\" \/><\/div><h2 class=\"flip-box-heading without-text\">Lavadoras extractoras con anclaje r\u00edgido<\/h2><\/div><\/div><div class=\"flip-box-back\" style=\"--awb-border-color:rgba(115,181,65,0.7);--awb-border-size:1px;--awb-background-color-back:#ffffff;--awb-title-back-color:#000000;--awb-text-back-color:#000000;\"><div class=\"flip-box-back-inner\"><h3 class=\"flip-box-heading-back\">Lavadoras extractoras con anclaje r\u00edgido<\/h3>\n<div class=\"fusion-text\">\n<p>Con la revolucionaria tecnolog\u00eda eBoost\u2122, las lavadoras extractoras con anclaje r\u00edgido <span class=\"fusion-tooltip tooltip-shortcode\" data-animation=\"\" data-delay=\"0\" data-placement=\"top\" data-title=\"Lavander\u00eda Huebsch\" title=\"Lavander\u00eda Huebsch\" data-toggle=\"tooltip\" data-trigger=\"hover\"><strong>Huebsch\u00ae<\/strong><\/span> cuentan con velocidades de extracci\u00f3n de 200 G , lo que reduce los tiempos de secado y aumenta el rendimiento.<\/p>\n<\/div>\n<div class=\"fusion-button-wrapper\">\n<p><a class=\"fusion-button button-flat fusion-button-round button-large button-default\" href=\"\/latam\/productos\/lavanderia-industrial\/lavadoras-extractoras-de-gabinete\/?lang=es\" rel=\"noopener noreferrer\"><span class=\"fusion-button-text\">M\u00e1s informaci\u00f3n<\/span><\/a><\/p>\n<\/div>\n<\/div><\/div><\/div><\/div><\/div><div class=\"fusion-flip-box-wrapper fusion-column col-lg-6 col-md-6 col-sm-6\"><div class=\"fusion-flip-box flip-left\" tabindex=\"0\"><div class=\"flip-box-inner-wrapper\"><div class=\"flip-box-front\" style=\"--awb-border-color:rgba(115,181,65,0.7);--awb-border-size:1px;--awb-background-color-front:#ffffff;\"><div class=\"flip-box-front-inner\"><div class=\"flip-box-grafix flip-box-image\"><img decoding=\"async\" data-src=\"https:\/\/huebsch.com\/latam\/wp-content\/uploads\/sites\/14\/2019\/07\/Commercial-Tumble-Dryers-205x300.jpg\" width=\"200\" height=\"292.68\" alt=\"\" src=\"data:image\/svg+xml;base64,PHN2ZyB3aWR0aD0iMSIgaGVpZ2h0PSIxIiB4bWxucz0iaHR0cDovL3d3dy53My5vcmcvMjAwMC9zdmciPjwvc3ZnPg==\" class=\"lazyload\" style=\"--smush-placeholder-width: 200px; --smush-placeholder-aspect-ratio: 200\/292;\" \/><\/div><h2 class=\"flip-box-heading without-text\">Secadoras industriales<\/h2><\/div><\/div><div class=\"flip-box-back\" style=\"--awb-border-color:rgba(115,181,65,0.7);--awb-border-size:1px;--awb-background-color-back:#ffffff;--awb-title-back-color:#000000;--awb-text-back-color:#000000;\"><div class=\"flip-box-back-inner\"><h3 class=\"flip-box-heading-back\">Secadoras industriales<\/h3>\n<p>El nombre <span class=\"fusion-tooltip tooltip-shortcode\" data-animation=\"\" data-delay=\"0\" data-placement=\"top\" data-title=\"Lavander\u00eda Huebsch\" title=\"Lavander\u00eda Huebsch\" data-toggle=\"tooltip\" data-trigger=\"hover\"><strong>Huebsch\u00ae<\/strong><\/span> es sin\u00f3nimo de secadoras industriales de alto rendimiento. Al equilibrar el flujo de aire y la entrada de calor, las secadoras industriales <span class=\"fusion-tooltip tooltip-shortcode\" data-animation=\"\" data-delay=\"0\" data-placement=\"top\" data-title=\"Lavander\u00eda Huebsch\" title=\"Lavander\u00eda Huebsch\" data-toggle=\"tooltip\" data-trigger=\"hover\"><strong>Huebsch\u00ae<\/strong><\/span> proporcionan un secado r\u00e1pido sin desperdiciar energ\u00eda.<\/p>\n<div class=\"fusion-button-wrapper\">\n<p><a class=\"fusion-button button-flat fusion-button-round button-large button-default\" href=\"\/latam\/productos\/lavanderia-industrial\/secadoras-comerciales\/?lang=es\" rel=\"noopener noreferrer\"><span class=\"fusion-button-text\">M\u00e1s informaci\u00f3n<\/span><\/a><\/p>\n<\/div>\n<\/div><\/div><\/div><\/div><\/div><\/div><div class=\"clearfix\"><\/div><div class=\"fusion-clearfix\"><\/div><\/div><\/div><div class=\"fusion-layout-column fusion_builder_column fusion-builder-column-1 fusion_builder_column_1_4 1_4 fusion-one-fourth fusion-column-last\" style=\"--awb-bg-size:cover;width:25%;width:calc(25% - ( ( 4% ) * 0.25 ) );\"><div class=\"fusion-column-wrapper fusion-column-has-shadow fusion-flex-column-wrapper-legacy\"><div class=\"fusion-widget-area awb-widget-area-element fusion-widget-area-1 fusion-content-widget-area\" style=\"--awb-title-size:14px;--awb-title-color:#333333;--awb-padding:0px 0px 0px 0px;\"><div id=\"nav_menu-17\" class=\"widget widget_nav_menu\"><div class=\"heading\"><h4 class=\"widget-title\">Productos<\/h4><\/div><div class=\"menu-on-premises-laundry-spanish-container\"><ul id=\"menu-on-premises-laundry-spanish\" class=\"menu\"><li id=\"menu-item-15779\" class=\"menu-item menu-item-type-post_type menu-item-object-page menu-item-15779\"><a href=\"https:\/\/huebsch.com\/latam\/productos\/lavanderia-comercial\/\">Lavander\u00eda comercial<\/a><\/li>\n<li id=\"menu-item-15780\" class=\"menu-item menu-item-type-post_type menu-item-object-page menu-item-15780\"><a href=\"https:\/\/huebsch.com\/latam\/productos\/lavanderia-comercial-ligera\/\">Lavander\u00eda comercial ligera<\/a><\/li>\n<li id=\"menu-item-15781\" class=\"menu-item menu-item-type-post_type menu-item-object-page menu-item-has-children menu-item-15781\"><a href=\"https:\/\/huebsch.com\/latam\/productos\/lavanderia-industrial\/\">Lavander\u00eda industrial<\/a>\n<ul class=\"sub-menu\">\n\t<li id=\"menu-item-15782\" class=\"menu-item menu-item-type-post_type menu-item-object-page menu-item-15782\"><a href=\"https:\/\/huebsch.com\/latam\/productos\/lavanderia-industrial\/lavadoras-extractoras-con-anclaje-flotante\/\">Lavadoras extractoras con anclaje flotante<\/a><\/li>\n\t<li id=\"menu-item-15783\" class=\"menu-item menu-item-type-post_type menu-item-object-page menu-item-15783\"><a href=\"https:\/\/huebsch.com\/latam\/productos\/lavanderia-industrial\/lavadoras-extractoras-de-gabinete\/\">Lavadoras extractoras de gabinete<\/a><\/li>\n\t<li id=\"menu-item-15784\" class=\"menu-item menu-item-type-post_type menu-item-object-page menu-item-15784\"><a href=\"https:\/\/huebsch.com\/latam\/productos\/lavanderia-industrial\/secadoras-comerciales\/\">Secadoras comerciales<\/a><\/li>\n<\/ul>\n<\/li>\n<li id=\"menu-item-15785\" class=\"menu-item menu-item-type-post_type menu-item-object-page menu-item-15785\"><a href=\"https:\/\/huebsch.com\/latam\/productos\/controles-galaxy\/\">Controles Galaxy<\/a><\/li>\n<li id=\"menu-item-15786\" class=\"menu-item menu-item-type-post_type menu-item-object-page menu-item-15786\"><a href=\"https:\/\/huebsch.com\/latam\/productos\/acentos-de-diseno\/\">Acentos de dise\u00f1o<\/a><\/li>\n<\/ul><\/div><\/div><div class=\"fusion-additional-widget-content\"><\/div><\/div><div class=\"fusion-text fusion-text-2\"><h2 style=\"margin-bottom: 3px\">M\u00e1s sobre nuestros productos<\/h2>\n<p style=\"margin-top: 0px\">Vea el video para m\u00e1s informaci\u00f3n sobre la evoluci\u00f3n de la lavander\u00eda <span class=\"fusion-tooltip tooltip-shortcode\" data-animation=\"\" data-delay=\"0\" data-placement=\"top\" data-title=\"Lavander\u00eda Huebsch\" title=\"Lavander\u00eda Huebsch\" data-toggle=\"tooltip\" data-trigger=\"hover\"><strong>Huebsch\u00ae<\/strong><\/span>.<\/p>\n<\/div><div class=\"fusion-video fusion-youtube fusion-aligncenter\" style=\"--awb-max-width:600px;--awb-max-height:360px;--awb-width:100%;\"><div class=\"video-shortcode\"><div class=\"fluid-width-video-wrapper\" style=\"padding-top:60%;\" ><iframe title=\"YouTube video player 1\" data-src=\"https:\/\/www.youtube.com\/embed\/MtcSY53gCd4?wmode=transparent&autoplay=0\" width=\"600\" height=\"360\" allowfullscreen allow=\"autoplay; clipboard-write; encrypted-media; gyroscope; picture-in-picture;\" src=\"data:image\/svg+xml;base64,PHN2ZyB3aWR0aD0iMSIgaGVpZ2h0PSIxIiB4bWxucz0iaHR0cDovL3d3dy53My5vcmcvMjAwMC9zdmciPjwvc3ZnPg==\" class=\"lazyload\" data-load-mode=\"1\"><\/iframe><\/div><\/div><\/div><div class=\"fusion-clearfix\"><\/div><\/div><\/div><\/div><\/div><div class=\"fusion-fullwidth fullwidth-box fusion-builder-row-2 nonhundred-percent-fullwidth non-hundred-percent-height-scrolling\" style=\"--awb-border-radius-top-left:0px;--awb-border-radius-top-right:0px;--awb-border-radius-bottom-right:0px;--awb-border-radius-bottom-left:0px;--awb-padding-top:30px;--awb-margin-top:60px;--awb-background-color:#7eb541;--awb-flex-wrap:wrap;\" ><div class=\"fusion-builder-row fusion-row\"><div class=\"fusion-layout-column fusion_builder_column fusion-builder-column-2 fusion_builder_column_2_3 2_3 fusion-two-third fusion-column-first\" style=\"--awb-bg-size:cover;width:66.666666666667%;width:calc(66.666666666667% - ( ( 4% ) * 0.66666666666667 ) );margin-right: 4%;\"><div class=\"fusion-column-wrapper fusion-column-has-shadow fusion-flex-column-wrapper-legacy\"><div class=\"fusion-title title fusion-title-2 fusion-sep-none fusion-title-text fusion-title-size-one\" style=\"--awb-text-color:#ffffff;--awb-margin-bottom:5px;--awb-margin-bottom-small:5px;\"><h1 class=\"fusion-title-heading title-heading-left fusion-responsive-typography-calculated\" style=\"margin:0;--fontSize:33;line-height:1.45;\">Solicitar un presupuesto<\/h1><\/div><div class=\"fusion-text fusion-text-3\"><p>Llene un formulario para solicitar un presupuesto a un especialista en ventas de Huebsch.<\/p>\n<\/div><div class=\"fusion-clearfix\"><\/div><\/div><\/div><div class=\"fusion-layout-column fusion_builder_column fusion-builder-column-3 fusion_builder_column_1_3 1_3 fusion-one-third fusion-column-last\" style=\"--awb-bg-size:cover;width:33.333333333333%;width:calc(33.333333333333% - ( ( 4% ) * 0.33333333333333 ) );\"><div class=\"fusion-column-wrapper fusion-column-has-shadow fusion-flex-column-wrapper-legacy\"><div class=\"fusion-sep-clear\"><\/div><div class=\"fusion-separator fusion-full-width-sep\" style=\"margin-left: auto;margin-right: auto;margin-top:0px;margin-bottom:22px;width:100%;\"><\/div><div class=\"fusion-sep-clear\"><\/div><div class=\"fusion-align-block\"><a class=\"fusion-button button-flat fusion-button-default-size button-custom fusion-button-default button-1 fusion-button-span-yes fusion-button-default-type\" style=\"--button_accent_color:#ffffff;--button_accent_hover_color:#7eb541;--button_border_hover_color:#7eb541;--button_border_width-top:1px;--button_border_width-right:1px;--button_border_width-bottom:1px;--button_border_width-left:1px;--button_gradient_top_color:#7eb541;--button_gradient_bottom_color:#7eb541;--button_gradient_top_color_hover:#ffffff;--button_gradient_bottom_color_hover:#ffffff;\" target=\"_self\" href=\"\/latam\/contactenos\/?lang=es\"><span class=\"fusion-button-text awb-button__text awb-button__text--default\">Presupuesto<\/span><\/a><\/div><div class=\"fusion-clearfix\"><\/div><\/div><\/div><\/div><\/div><\/p>\n","protected":false},"excerpt":{"rendered":"","protected":false},"author":4,"featured_media":0,"parent":15428,"menu_order":0,"comment_status":"closed","ping_status":"closed","template":"100-width.php","meta":{"_acf_changed":false,"footnotes":""},"class_list":["post-15468","page","type-page","status-publish","hentry"],"acf":[],"yoast_head":"<!-- This site is optimized with the Yoast SEO Premium plugin v20.12 (Yoast SEO v26.5) - https:\/\/yoast.com\/wordpress\/plugins\/seo\/ -->\n<title>Lavander\u00eda industrial - Huebsch Latin America<\/title>\n<meta name=\"robots\" content=\"index, follow, max-snippet:-1, max-image-preview:large, max-video-preview:-1\" \/>\n<link rel=\"canonical\" href=\"https:\/\/huebsch.com\/latam\/productos\/lavanderia-industrial\/\" \/>\n<meta property=\"og:locale\" content=\"es_ES\" \/>\n<meta property=\"og:type\" content=\"article\" \/>\n<meta property=\"og:title\" content=\"Lavander\u00eda industrial\" \/>\n<meta property=\"og:url\" content=\"https:\/\/huebsch.com\/latam\/productos\/lavanderia-industrial\/\" \/>\n<meta property=\"og:site_name\" content=\"Huebsch Latin America\" \/>\n<meta property=\"article:publisher\" content=\"https:\/\/www.facebook.com\/Huebsch\/\" \/>\n<meta property=\"article:modified_time\" content=\"2020-05-22T16:53:36+00:00\" \/>\n<meta name=\"twitter:card\" content=\"summary_large_image\" \/>\n<meta name=\"twitter:label1\" content=\"Tiempo de lectura\" \/>\n\t<meta name=\"twitter:data1\" content=\"8 minutos\" \/>\n<script type=\"application\/ld+json\" class=\"yoast-schema-graph\">{\"@context\":\"https:\/\/schema.org\",\"@graph\":[{\"@type\":\"WebPage\",\"@id\":\"https:\/\/huebsch.com\/latam\/productos\/lavanderia-industrial\/\",\"url\":\"https:\/\/huebsch.com\/latam\/productos\/lavanderia-industrial\/\",\"name\":\"Lavander\u00eda industrial - Huebsch Latin America\",\"isPartOf\":{\"@id\":\"https:\/\/huebsch.com\/latam\/#website\"},\"datePublished\":\"2019-04-26T12:15:02+00:00\",\"dateModified\":\"2020-05-22T16:53:36+00:00\",\"breadcrumb\":{\"@id\":\"https:\/\/huebsch.com\/latam\/productos\/lavanderia-industrial\/#breadcrumb\"},\"inLanguage\":\"es\",\"potentialAction\":[{\"@type\":\"ReadAction\",\"target\":[\"https:\/\/huebsch.com\/latam\/productos\/lavanderia-industrial\/\"]}]},{\"@type\":\"BreadcrumbList\",\"@id\":\"https:\/\/huebsch.com\/latam\/productos\/lavanderia-industrial\/#breadcrumb\",\"itemListElement\":[{\"@type\":\"ListItem\",\"position\":1,\"name\":\"Home\",\"item\":\"https:\/\/huebsch.com\/latam\/\"},{\"@type\":\"ListItem\",\"position\":2,\"name\":\"Productos\",\"item\":\"https:\/\/huebsch.com\/latam\/productos\/\"},{\"@type\":\"ListItem\",\"position\":3,\"name\":\"Lavander\u00eda industrial\"}]},{\"@type\":\"WebSite\",\"@id\":\"https:\/\/huebsch.com\/latam\/#website\",\"url\":\"https:\/\/huebsch.com\/latam\/\",\"name\":\"Huebsch Latin America\",\"description\":\"Your Smart Laundry Partner\",\"publisher\":{\"@id\":\"https:\/\/huebsch.com\/latam\/#organization\"},\"potentialAction\":[{\"@type\":\"SearchAction\",\"target\":{\"@type\":\"EntryPoint\",\"urlTemplate\":\"https:\/\/huebsch.com\/latam\/?s={search_term_string}\"},\"query-input\":{\"@type\":\"PropertyValueSpecification\",\"valueRequired\":true,\"valueName\":\"search_term_string\"}}],\"inLanguage\":\"es\"},{\"@type\":\"Organization\",\"@id\":\"https:\/\/huebsch.com\/latam\/#organization\",\"name\":\"Huebsch\",\"url\":\"https:\/\/huebsch.com\/latam\/\",\"logo\":{\"@type\":\"ImageObject\",\"inLanguage\":\"es\",\"@id\":\"https:\/\/huebsch.com\/latam\/#\/schema\/logo\/image\/\",\"url\":\"https:\/\/staging.huebsch.com\/latam\/wp-content\/uploads\/sites\/14\/2019\/04\/Huebsch_Color_RGB-e1554987923330.png\",\"contentUrl\":\"https:\/\/staging.huebsch.com\/latam\/wp-content\/uploads\/sites\/14\/2019\/04\/Huebsch_Color_RGB-e1554987923330.png\",\"width\":295,\"height\":70,\"caption\":\"Huebsch\"},\"image\":{\"@id\":\"https:\/\/huebsch.com\/latam\/#\/schema\/logo\/image\/\"},\"sameAs\":[\"https:\/\/www.facebook.com\/Huebsch\/\"]}]}<\/script>\n<!-- \/ Yoast SEO Premium plugin. -->","yoast_head_json":{"title":"Lavander\u00eda industrial - Huebsch Latin America","robots":{"index":"index","follow":"follow","max-snippet":"max-snippet:-1","max-image-preview":"max-image-preview:large","max-video-preview":"max-video-preview:-1"},"canonical":"https:\/\/huebsch.com\/latam\/productos\/lavanderia-industrial\/","og_locale":"es_ES","og_type":"article","og_title":"Lavander\u00eda industrial","og_url":"https:\/\/huebsch.com\/latam\/productos\/lavanderia-industrial\/","og_site_name":"Huebsch Latin America","article_publisher":"https:\/\/www.facebook.com\/Huebsch\/","article_modified_time":"2020-05-22T16:53:36+00:00","twitter_card":"summary_large_image","twitter_misc":{"Tiempo de lectura":"8 minutos"},"schema":{"@context":"https:\/\/schema.org","@graph":[{"@type":"WebPage","@id":"https:\/\/huebsch.com\/latam\/productos\/lavanderia-industrial\/","url":"https:\/\/huebsch.com\/latam\/productos\/lavanderia-industrial\/","name":"Lavander\u00eda industrial - Huebsch Latin America","isPartOf":{"@id":"https:\/\/huebsch.com\/latam\/#website"},"datePublished":"2019-04-26T12:15:02+00:00","dateModified":"2020-05-22T16:53:36+00:00","breadcrumb":{"@id":"https:\/\/huebsch.com\/latam\/productos\/lavanderia-industrial\/#breadcrumb"},"inLanguage":"es","potentialAction":[{"@type":"ReadAction","target":["https:\/\/huebsch.com\/latam\/productos\/lavanderia-industrial\/"]}]},{"@type":"BreadcrumbList","@id":"https:\/\/huebsch.com\/latam\/productos\/lavanderia-industrial\/#breadcrumb","itemListElement":[{"@type":"ListItem","position":1,"name":"Home","item":"https:\/\/huebsch.com\/latam\/"},{"@type":"ListItem","position":2,"name":"Productos","item":"https:\/\/huebsch.com\/latam\/productos\/"},{"@type":"ListItem","position":3,"name":"Lavander\u00eda industrial"}]},{"@type":"WebSite","@id":"https:\/\/huebsch.com\/latam\/#website","url":"https:\/\/huebsch.com\/latam\/","name":"Huebsch Latin America","description":"Your Smart Laundry Partner","publisher":{"@id":"https:\/\/huebsch.com\/latam\/#organization"},"potentialAction":[{"@type":"SearchAction","target":{"@type":"EntryPoint","urlTemplate":"https:\/\/huebsch.com\/latam\/?s={search_term_string}"},"query-input":{"@type":"PropertyValueSpecification","valueRequired":true,"valueName":"search_term_string"}}],"inLanguage":"es"},{"@type":"Organization","@id":"https:\/\/huebsch.com\/latam\/#organization","name":"Huebsch","url":"https:\/\/huebsch.com\/latam\/","logo":{"@type":"ImageObject","inLanguage":"es","@id":"https:\/\/huebsch.com\/latam\/#\/schema\/logo\/image\/","url":"https:\/\/staging.huebsch.com\/latam\/wp-content\/uploads\/sites\/14\/2019\/04\/Huebsch_Color_RGB-e1554987923330.png","contentUrl":"https:\/\/staging.huebsch.com\/latam\/wp-content\/uploads\/sites\/14\/2019\/04\/Huebsch_Color_RGB-e1554987923330.png","width":295,"height":70,"caption":"Huebsch"},"image":{"@id":"https:\/\/huebsch.com\/latam\/#\/schema\/logo\/image\/"},"sameAs":["https:\/\/www.facebook.com\/Huebsch\/"]}]}},"_links":{"self":[{"href":"https:\/\/huebsch.com\/latam\/wp-json\/wp\/v2\/pages\/15468","targetHints":{"allow":["GET"]}}],"collection":[{"href":"https:\/\/huebsch.com\/latam\/wp-json\/wp\/v2\/pages"}],"about":[{"href":"https:\/\/huebsch.com\/latam\/wp-json\/wp\/v2\/types\/page"}],"author":[{"embeddable":true,"href":"https:\/\/huebsch.com\/latam\/wp-json\/wp\/v2\/users\/4"}],"replies":[{"embeddable":true,"href":"https:\/\/huebsch.com\/latam\/wp-json\/wp\/v2\/comments?post=15468"}],"version-history":[{"count":11,"href":"https:\/\/huebsch.com\/latam\/wp-json\/wp\/v2\/pages\/15468\/revisions"}],"predecessor-version":[{"id":15946,"href":"https:\/\/huebsch.com\/latam\/wp-json\/wp\/v2\/pages\/15468\/revisions\/15946"}],"up":[{"embeddable":true,"href":"https:\/\/huebsch.com\/latam\/wp-json\/wp\/v2\/pages\/15428"}],"wp:attachment":[{"href":"https:\/\/huebsch.com\/latam\/wp-json\/wp\/v2\/media?parent=15468"}],"curies":[{"name":"wp","href":"https:\/\/api.w.org\/{rel}","templated":true}]}}