{"id":15467,"date":"2019-05-06T07:16:11","date_gmt":"2019-05-06T07:16:11","guid":{"rendered":"http:\/\/huebsch-php74.bitnamiapp.com\/latam\/cabinet-washer-extractors\/"},"modified":"2020-05-22T17:45:02","modified_gmt":"2020-05-22T17:45:02","slug":"lavadoras-extractoras-de-gabinete","status":"publish","type":"page","link":"https:\/\/huebsch.com\/latam\/productos\/lavanderia-industrial\/lavadoras-extractoras-de-gabinete\/","title":{"rendered":"Lavadoras extractoras de gabinete"},"content":{"rendered":"<p><div class=\"fusion-fullwidth fullwidth-box fusion-builder-row-1 nonhundred-percent-fullwidth non-hundred-percent-height-scrolling\" style=\"--awb-border-radius-top-left:0px;--awb-border-radius-top-right:0px;--awb-border-radius-bottom-right:0px;--awb-border-radius-bottom-left:0px;--awb-flex-wrap:wrap;\" ><div class=\"fusion-builder-row fusion-row\"><div class=\"fusion-layout-column fusion_builder_column fusion-builder-column-0 fusion_builder_column_2_3 2_3 fusion-two-third fusion-column-first\" style=\"--awb-bg-size:cover;width:66.666666666667%;width:calc(66.666666666667% - ( ( 4% ) * 0.66666666666667 ) );margin-right: 4%;\"><div class=\"fusion-column-wrapper fusion-column-has-shadow fusion-flex-column-wrapper-legacy\"><div class=\"fusion-title title fusion-title-1 fusion-sep-none fusion-title-text fusion-title-size-one tm-green\"><h1 class=\"fusion-title-heading title-heading-left fusion-responsive-typography-calculated\" style=\"margin:0;--fontSize:33;line-height:1.45;\"><p>Lavadoras extractoras con anclaje r\u00edgido OPL Galaxy TM 400, 200 con <span class=\"fusion-tooltip tooltip-shortcode\" data-animation=\"\" data-delay=\"0\" data-placement=\"top\" data-title=\"eBoost\" title=\"eBoost\" data-toggle=\"tooltip\" data-trigger=\"hover\">eBoost<sup class=\"small-size\" style=\"font-size: 12px;font-weight: 400\">\u00a0TM<\/sup><\/span><\/h1><\/div><div class=\"fusion-builder-row fusion-builder-row-inner fusion-row\"><div class=\"fusion-layout-column fusion_builder_column_inner fusion-builder-nested-column-0 fusion_builder_column_inner_3_4 3_4 fusion-three-fourth fusion-column-first\" style=\"--awb-bg-size:cover;width:75%;width:calc(75% - ( ( 4% ) * 0.75 ) );margin-right: 4%;\"><div class=\"fusion-column-wrapper fusion-column-has-shadow fusion-flex-column-wrapper-legacy\"><div class=\"fusion-text fusion-text-1\"><p>Lavadoras extractoras con anclaje r\u00edgido OPL Galaxy TM 400, 200 en <span class=\"fusion-tooltip tooltip-shortcode\" data-animation=\"\" data-delay=\"0\" data-placement=\"top\" data-title=\"Lavander\u00eda Huebsch\" title=\"Lavander\u00eda Huebsch\" data-toggle=\"tooltip\" data-trigger=\"hover\"><strong>Huebsch\u00ae<\/strong><\/span>, forman parte de nuestra prioridad al fabricar el equipo industrial de lavander\u00eda m\u00e1s eficiente de la industria. Hacemos esto al crear productos que hacen que su negocio sea m\u00e1s f\u00e1cil de administrar y m\u00e1s rentable. Nuestras lavadoras extractoras no son una excepci\u00f3n. Las lavadoras extractoras con anclaje r\u00edgido <span class=\"fusion-tooltip tooltip-shortcode\" data-animation=\"\" data-delay=\"0\" data-placement=\"top\" data-title=\"Lavander\u00eda Huebsch\" title=\"Lavander\u00eda Huebsch\" data-toggle=\"tooltip\" data-trigger=\"hover\"><strong>Huebsch\u00ae<\/strong><\/span> brindan a las lavander\u00edas industriales la flexibilidad de adaptar los procesos de lavado para obtener resultados excepcionales, al tiempo que equilibran el rendimiento y la eficiencia. Disponible en capacidades de 20, 30, 40, 60, 80 y 100 libras. Las lavadoras extractoras son f\u00e1ciles de usar y ofrecen una durabilidad suprema que no tiene rival. Es por eso que ofrecemos una garant\u00eda de cinco a\u00f1os en estructuras, cilindros, ejes, rodamientos y sellos. La garant\u00eda est\u00e1ndar de toda la m\u00e1quina <span class=\"fusion-tooltip tooltip-shortcode\" data-animation=\"\" data-delay=\"0\" data-placement=\"top\" data-title=\"Lavander\u00eda Huebsch\" title=\"Lavander\u00eda Huebsch\" data-toggle=\"tooltip\" data-trigger=\"hover\"><strong>Huebsch\u00ae<\/strong><\/span> es de tres a\u00f1os. La fuerza de extracci\u00f3n de 200 G ayuda a reducir los tiempos de secado. Nuestra tecnolog\u00eda patentada de accionamiento del inversor proporciona una potencia suave y confiable para \u00f3ptimo rendimiento de lavado y extracci\u00f3n. Con tres niveles de agua para elegir, usted puede personalizar completamente su poder de lavado. La detecci\u00f3n avanzada de fugas elimina el desperdicio de agua, lo que le permite ahorrar dinero en servicios p\u00fablicos. El marco de alto rendimiento es m\u00e1s silencioso debido a una mayor eficiencia en el manejo de cargas no balanceadas. La manija de la puerta de dise\u00f1o ergon\u00f3mico aumenta la facilidad de uso. Cuatro compartimentos dispensadores de suministros aumentan su productividad.<\/p>\n<\/div><div class=\"fusion-clearfix\"><\/div><\/div><\/div><div class=\"fusion-layout-column fusion_builder_column_inner fusion-builder-nested-column-1 fusion_builder_column_inner_1_4 1_4 fusion-one-fourth fusion-column-last\" style=\"--awb-bg-size:cover;width:25%;width:calc(25% - ( ( 4% ) * 0.25 ) );\"><div class=\"fusion-column-wrapper fusion-column-has-shadow fusion-flex-column-wrapper-legacy\"><div class=\"fusion-image-element fusion-image-align-center in-legacy-container\" style=\"text-align:center;--awb-caption-title-font-family:var(--h2_typography-font-family);--awb-caption-title-font-weight:var(--h2_typography-font-weight);--awb-caption-title-font-style:var(--h2_typography-font-style);--awb-caption-title-size:var(--h2_typography-font-size);--awb-caption-title-transform:var(--h2_typography-text-transform);--awb-caption-title-line-height:var(--h2_typography-line-height);--awb-caption-title-letter-spacing:var(--h2_typography-letter-spacing);\"><div class=\"imageframe-align-center\"><span class=\" fusion-imageframe imageframe-none imageframe-1 hover-type-none\"><img decoding=\"async\" width=\"180\" height=\"220\" title=\"HC060_OPL_Glxy400_Front\" data-src=\"https:\/\/huebsch.com\/latam\/wp-content\/uploads\/sites\/14\/2019\/07\/HC060_OPL_Glxy400_Front-1.jpg\" alt class=\"img-responsive wp-image-14427 lazyload\" src=\"data:image\/svg+xml;base64,PHN2ZyB3aWR0aD0iMSIgaGVpZ2h0PSIxIiB4bWxucz0iaHR0cDovL3d3dy53My5vcmcvMjAwMC9zdmciPjwvc3ZnPg==\" style=\"--smush-placeholder-width: 180px; --smush-placeholder-aspect-ratio: 180\/220;\" \/><\/span><\/div><\/div><div class=\"fusion-image-element fusion-image-align-center in-legacy-container\" style=\"text-align:center;--awb-caption-title-font-family:var(--h2_typography-font-family);--awb-caption-title-font-weight:var(--h2_typography-font-weight);--awb-caption-title-font-style:var(--h2_typography-font-style);--awb-caption-title-size:var(--h2_typography-font-size);--awb-caption-title-transform:var(--h2_typography-text-transform);--awb-caption-title-line-height:var(--h2_typography-line-height);--awb-caption-title-letter-spacing:var(--h2_typography-letter-spacing);\"><div class=\"imageframe-align-center\"><span class=\" fusion-imageframe imageframe-none imageframe-2 hover-type-none\"><img decoding=\"async\" width=\"102\" height=\"25\" title=\"eboost_logo\" data-src=\"https:\/\/huebsch.com\/latam\/wp-content\/uploads\/sites\/14\/2019\/05\/eboost_logo.gif\" alt class=\"img-responsive wp-image-12964 lazyload\" data-srcset=\"https:\/\/huebsch.com\/latam\/wp-content\/uploads\/sites\/14\/2019\/05\/eboost_logo-100x25.gif 100w, https:\/\/huebsch.com\/latam\/wp-content\/uploads\/sites\/14\/2019\/05\/eboost_logo.gif 102w\" data-sizes=\"(max-width: 102px) 100vw, 102px\" src=\"data:image\/svg+xml;base64,PHN2ZyB3aWR0aD0iMSIgaGVpZ2h0PSIxIiB4bWxucz0iaHR0cDovL3d3dy53My5vcmcvMjAwMC9zdmciPjwvc3ZnPg==\" style=\"--smush-placeholder-width: 102px; --smush-placeholder-aspect-ratio: 102\/25;\" \/><\/span><\/div><\/div><div class=\"fusion-clearfix\"><\/div><\/div><\/div><\/div><div class=\"fusion-text fusion-text-2\"><h2 style=\"margin-bottom: 3px\"><strong>Las caracter\u00edsticas del producto incluyen:<\/strong><\/h2>\n<ul style=\"margin-top: 0px\">\n<li>Extracci\u00f3n de 200 G elimina m\u00e1s agua que ninguna. De hecho, utiliza un 33% menos de energ\u00eda el\u00e9ctrica y un 11% menos de agua que los modelos de dos velocidades.<\/li>\n<li>Nuestra tecnolog\u00eda patentada de accionamiento del inversor proporciona una potencia suave y confiable para \u00f3ptimo rendimiento de lavado y extracci\u00f3n.<\/li>\n<li>Con tres niveles de agua para elegir, usted puede personalizar completamente su poder de lavado.<\/li>\n<li>La detecci\u00f3n avanzada de fugas elimina el desperdicio de agua, lo que le permite ahorrar dinero en servicios p\u00fablicos.<\/li>\n<li>La estructura de alto rendimiento es m\u00e1s silenciosa debido a una mayor eficiencia en el manejo de cargas no balanceadas.<\/li>\n<li>La manija de la puerta de dise\u00f1o ergon\u00f3mico aumenta la facilidad de uso.<\/li>\n<li>Cuatro compartimentos dispensadores de suministros aumentan la productividad.<\/li>\n<\/ul>\n<\/div><div class=\"fusion-sep-clear\"><\/div><div class=\"fusion-separator fusion-full-width-sep\" style=\"margin-left: auto;margin-right: auto;margin-top:12px;margin-bottom:12px;width:100%;\"><\/div><div class=\"fusion-sep-clear\"><\/div><div class=\"fusion-text fusion-text-3 more\"><h2>M\u00e1s sobre nuestros productos<\/h2>\n<p style=\"margin-top: 0px\">Vea el video para m\u00e1s informaci\u00f3n sobre la evoluci\u00f3n de la lavander\u00eda <span class=\"fusion-tooltip tooltip-shortcode\" data-animation=\"\" data-delay=\"0\" data-placement=\"top\" data-title=\"Lavander\u00eda Huebsch\" title=\"Lavander\u00eda Huebsch\" data-toggle=\"tooltip\" data-trigger=\"hover\"><strong>Huebsch\u00ae<\/strong><\/span> .<\/p>\n<\/div><div class=\"fusion-video fusion-youtube fusion-aligncenter\" style=\"--awb-max-width:600px;--awb-max-height:360px;--awb-width:100%;\"><div class=\"video-shortcode\"><div class=\"fluid-width-video-wrapper\" style=\"padding-top:60%;\" ><iframe title=\"YouTube video player 1\" data-src=\"https:\/\/www.youtube.com\/embed\/MtcSY53gCd4?wmode=transparent&autoplay=0\" width=\"600\" height=\"360\" allowfullscreen allow=\"autoplay; clipboard-write; encrypted-media; gyroscope; picture-in-picture;\" src=\"data:image\/svg+xml;base64,PHN2ZyB3aWR0aD0iMSIgaGVpZ2h0PSIxIiB4bWxucz0iaHR0cDovL3d3dy53My5vcmcvMjAwMC9zdmciPjwvc3ZnPg==\" class=\"lazyload\" data-load-mode=\"1\"><\/iframe><\/div><\/div><\/div><div class=\"fusion-clearfix\"><\/div><\/div><\/div><div class=\"fusion-layout-column fusion_builder_column fusion-builder-column-1 fusion_builder_column_1_3 1_3 fusion-one-third fusion-column-last\" style=\"--awb-bg-size:cover;width:33.333333333333%;width:calc(33.333333333333% - ( ( 4% ) * 0.33333333333333 ) );\"><div class=\"fusion-column-wrapper fusion-column-has-shadow fusion-flex-column-wrapper-legacy\"><div class=\"fusion-text fusion-text-4\"><p><strong>Asistencia t\u00e9cnica<\/strong><br \/>\n<a title=\"Folletos de productos\" href=\"\/latam\/asistencia-tecnica\/?lang=es\"><i class=\"far fa-file-pdf\"><\/i> Descargar folletos de productos<\/a><br \/>\n<a href=\"https:\/\/alliancedoc.net\/en-us\/Home\" target=\"_blank\" rel=\"noopener noreferrer\"><i class=\"far fa-file-pdf\"><\/i> Descargar informaci\u00f3n t\u00e9cnica de productos<br \/>\nLiterature\/Manuals Documentaci\u00f3n\/Manuales<\/a><\/p>\n<\/div><div class=\"fusion-sep-clear\"><\/div><div class=\"fusion-separator fusion-full-width-sep\" style=\"margin-left: auto;margin-right: auto;margin-top:12px;margin-bottom:12px;width:100%;\"><\/div><div class=\"fusion-sep-clear\"><\/div><div class=\"fusion-widget-area awb-widget-area-element fusion-widget-area-1 fusion-content-widget-area\" style=\"--awb-title-size:14px;--awb-title-color:#333333;--awb-padding:0px 0px 0px 0px;\"><div id=\"nav_menu-17\" class=\"widget widget_nav_menu\"><div class=\"heading\"><h4 class=\"widget-title\">Productos<\/h4><\/div><div class=\"menu-on-premises-laundry-spanish-container\"><ul id=\"menu-on-premises-laundry-spanish\" class=\"menu\"><li id=\"menu-item-15779\" class=\"menu-item menu-item-type-post_type menu-item-object-page menu-item-15779\"><a href=\"https:\/\/huebsch.com\/latam\/productos\/lavanderia-comercial\/\">Lavander\u00eda comercial<\/a><\/li>\n<li id=\"menu-item-15780\" class=\"menu-item menu-item-type-post_type menu-item-object-page menu-item-15780\"><a href=\"https:\/\/huebsch.com\/latam\/productos\/lavanderia-comercial-ligera\/\">Lavander\u00eda comercial ligera<\/a><\/li>\n<li id=\"menu-item-15781\" class=\"menu-item menu-item-type-post_type menu-item-object-page menu-item-has-children menu-item-15781\"><a href=\"https:\/\/huebsch.com\/latam\/productos\/lavanderia-industrial\/\">Lavander\u00eda industrial<\/a>\n<ul class=\"sub-menu\">\n\t<li id=\"menu-item-15782\" class=\"menu-item menu-item-type-post_type menu-item-object-page menu-item-15782\"><a href=\"https:\/\/huebsch.com\/latam\/productos\/lavanderia-industrial\/lavadoras-extractoras-con-anclaje-flotante\/\">Lavadoras extractoras con anclaje flotante<\/a><\/li>\n\t<li id=\"menu-item-15783\" class=\"menu-item menu-item-type-post_type menu-item-object-page menu-item-15783\"><a href=\"https:\/\/huebsch.com\/latam\/productos\/lavanderia-industrial\/lavadoras-extractoras-de-gabinete\/\">Lavadoras extractoras de gabinete<\/a><\/li>\n\t<li id=\"menu-item-15784\" class=\"menu-item menu-item-type-post_type menu-item-object-page menu-item-15784\"><a href=\"https:\/\/huebsch.com\/latam\/productos\/lavanderia-industrial\/secadoras-comerciales\/\">Secadoras comerciales<\/a><\/li>\n<\/ul>\n<\/li>\n<li id=\"menu-item-15785\" class=\"menu-item menu-item-type-post_type menu-item-object-page menu-item-15785\"><a href=\"https:\/\/huebsch.com\/latam\/productos\/controles-galaxy\/\">Controles Galaxy<\/a><\/li>\n<li id=\"menu-item-15786\" class=\"menu-item menu-item-type-post_type menu-item-object-page menu-item-15786\"><a href=\"https:\/\/huebsch.com\/latam\/productos\/acentos-de-diseno\/\">Acentos de dise\u00f1o<\/a><\/li>\n<\/ul><\/div><\/div><div class=\"fusion-additional-widget-content\"><\/div><\/div><div class=\"fusion-clearfix\"><\/div><\/div><\/div><\/div><\/div><div class=\"fusion-fullwidth fullwidth-box fusion-builder-row-2 nonhundred-percent-fullwidth non-hundred-percent-height-scrolling\" style=\"--awb-border-radius-top-left:0px;--awb-border-radius-top-right:0px;--awb-border-radius-bottom-right:0px;--awb-border-radius-bottom-left:0px;--awb-padding-top:30px;--awb-margin-top:60px;--awb-background-color:#7eb541;--awb-flex-wrap:wrap;\" ><div class=\"fusion-builder-row fusion-row\"><div class=\"fusion-layout-column fusion_builder_column fusion-builder-column-2 fusion_builder_column_2_3 2_3 fusion-two-third fusion-column-first\" style=\"--awb-bg-size:cover;width:66.666666666667%;width:calc(66.666666666667% - ( ( 4% ) * 0.66666666666667 ) );margin-right: 4%;\"><div class=\"fusion-column-wrapper fusion-column-has-shadow fusion-flex-column-wrapper-legacy\"><div class=\"fusion-title title fusion-title-2 fusion-sep-none fusion-title-text fusion-title-size-one\" style=\"--awb-text-color:#ffffff;--awb-margin-bottom:5px;--awb-margin-bottom-small:5px;\"><h1 class=\"fusion-title-heading title-heading-left fusion-responsive-typography-calculated\" style=\"margin:0;--fontSize:33;line-height:1.45;\">Solicitar un presupuesto<\/h1><\/div><div class=\"fusion-text fusion-text-5\"><p>Llene un formulario para solicitar un presupuesto a un especialista en ventas de Huebsch.<\/p>\n<\/div><div class=\"fusion-clearfix\"><\/div><\/div><\/div><div class=\"fusion-layout-column fusion_builder_column fusion-builder-column-3 fusion_builder_column_1_3 1_3 fusion-one-third fusion-column-last\" style=\"--awb-bg-size:cover;width:33.333333333333%;width:calc(33.333333333333% - ( ( 4% ) * 0.33333333333333 ) );\"><div class=\"fusion-column-wrapper fusion-column-has-shadow fusion-flex-column-wrapper-legacy\"><div class=\"fusion-sep-clear\"><\/div><div class=\"fusion-separator fusion-full-width-sep\" style=\"margin-left: auto;margin-right: auto;margin-top:0px;margin-bottom:22px;width:100%;\"><\/div><div class=\"fusion-sep-clear\"><\/div><div class=\"fusion-align-block\"><a class=\"fusion-button button-flat fusion-button-default-size button-custom fusion-button-default button-1 fusion-button-span-yes fusion-button-default-type\" style=\"--button_accent_color:#ffffff;--button_accent_hover_color:#7eb541;--button_border_hover_color:#7eb541;--button_border_width-top:1px;--button_border_width-right:1px;--button_border_width-bottom:1px;--button_border_width-left:1px;--button_gradient_top_color:#7eb541;--button_gradient_bottom_color:#7eb541;--button_gradient_top_color_hover:#ffffff;--button_gradient_bottom_color_hover:#ffffff;\" target=\"_self\" href=\"\/latam\/contactenos\/?lang=es\"><span class=\"fusion-button-text awb-button__text awb-button__text--default\">Presupuesto<\/span><\/a><\/div><div class=\"fusion-clearfix\"><\/div><\/div><\/div><\/div><\/div><\/p>\n","protected":false},"excerpt":{"rendered":"","protected":false},"author":4,"featured_media":0,"parent":15468,"menu_order":0,"comment_status":"closed","ping_status":"closed","template":"100-width.php","meta":{"_acf_changed":false,"footnotes":""},"class_list":["post-15467","page","type-page","status-publish","hentry"],"acf":[],"yoast_head":"<!-- This site is optimized with the Yoast SEO Premium plugin v20.12 (Yoast SEO v26.5) - https:\/\/yoast.com\/wordpress\/plugins\/seo\/ -->\n<title>Lavadoras extractoras de gabinete - Huebsch Latin America<\/title>\n<meta name=\"robots\" content=\"index, follow, max-snippet:-1, max-image-preview:large, max-video-preview:-1\" \/>\n<link rel=\"canonical\" href=\"https:\/\/huebsch.com\/latam\/productos\/lavanderia-industrial\/lavadoras-extractoras-de-gabinete\/\" \/>\n<meta property=\"og:locale\" content=\"es_ES\" \/>\n<meta property=\"og:type\" content=\"article\" \/>\n<meta property=\"og:title\" content=\"Lavadoras extractoras de gabinete\" \/>\n<meta property=\"og:url\" content=\"https:\/\/huebsch.com\/latam\/productos\/lavanderia-industrial\/lavadoras-extractoras-de-gabinete\/\" \/>\n<meta property=\"og:site_name\" content=\"Huebsch Latin America\" \/>\n<meta property=\"article:publisher\" content=\"https:\/\/www.facebook.com\/Huebsch\/\" \/>\n<meta property=\"article:modified_time\" content=\"2020-05-22T17:45:02+00:00\" \/>\n<meta name=\"twitter:card\" content=\"summary_large_image\" \/>\n<meta name=\"twitter:label1\" content=\"Tiempo de lectura\" \/>\n\t<meta name=\"twitter:data1\" content=\"10 minutos\" \/>\n<script type=\"application\/ld+json\" class=\"yoast-schema-graph\">{\"@context\":\"https:\/\/schema.org\",\"@graph\":[{\"@type\":\"WebPage\",\"@id\":\"https:\/\/huebsch.com\/latam\/productos\/lavanderia-industrial\/lavadoras-extractoras-de-gabinete\/\",\"url\":\"https:\/\/huebsch.com\/latam\/productos\/lavanderia-industrial\/lavadoras-extractoras-de-gabinete\/\",\"name\":\"Lavadoras extractoras de gabinete - Huebsch Latin America\",\"isPartOf\":{\"@id\":\"https:\/\/huebsch.com\/latam\/#website\"},\"datePublished\":\"2019-05-06T07:16:11+00:00\",\"dateModified\":\"2020-05-22T17:45:02+00:00\",\"breadcrumb\":{\"@id\":\"https:\/\/huebsch.com\/latam\/productos\/lavanderia-industrial\/lavadoras-extractoras-de-gabinete\/#breadcrumb\"},\"inLanguage\":\"es\",\"potentialAction\":[{\"@type\":\"ReadAction\",\"target\":[\"https:\/\/huebsch.com\/latam\/productos\/lavanderia-industrial\/lavadoras-extractoras-de-gabinete\/\"]}]},{\"@type\":\"BreadcrumbList\",\"@id\":\"https:\/\/huebsch.com\/latam\/productos\/lavanderia-industrial\/lavadoras-extractoras-de-gabinete\/#breadcrumb\",\"itemListElement\":[{\"@type\":\"ListItem\",\"position\":1,\"name\":\"Home\",\"item\":\"https:\/\/huebsch.com\/latam\/\"},{\"@type\":\"ListItem\",\"position\":2,\"name\":\"Productos\",\"item\":\"https:\/\/huebsch.com\/latam\/productos\/\"},{\"@type\":\"ListItem\",\"position\":3,\"name\":\"Lavander\u00eda industrial\",\"item\":\"https:\/\/huebsch.com\/latam\/productos\/lavanderia-industrial\/\"},{\"@type\":\"ListItem\",\"position\":4,\"name\":\"Lavadoras extractoras de gabinete\"}]},{\"@type\":\"WebSite\",\"@id\":\"https:\/\/huebsch.com\/latam\/#website\",\"url\":\"https:\/\/huebsch.com\/latam\/\",\"name\":\"Huebsch Latin America\",\"description\":\"Your Smart Laundry Partner\",\"publisher\":{\"@id\":\"https:\/\/huebsch.com\/latam\/#organization\"},\"potentialAction\":[{\"@type\":\"SearchAction\",\"target\":{\"@type\":\"EntryPoint\",\"urlTemplate\":\"https:\/\/huebsch.com\/latam\/?s={search_term_string}\"},\"query-input\":{\"@type\":\"PropertyValueSpecification\",\"valueRequired\":true,\"valueName\":\"search_term_string\"}}],\"inLanguage\":\"es\"},{\"@type\":\"Organization\",\"@id\":\"https:\/\/huebsch.com\/latam\/#organization\",\"name\":\"Huebsch\",\"url\":\"https:\/\/huebsch.com\/latam\/\",\"logo\":{\"@type\":\"ImageObject\",\"inLanguage\":\"es\",\"@id\":\"https:\/\/huebsch.com\/latam\/#\/schema\/logo\/image\/\",\"url\":\"https:\/\/staging.huebsch.com\/latam\/wp-content\/uploads\/sites\/14\/2019\/04\/Huebsch_Color_RGB-e1554987923330.png\",\"contentUrl\":\"https:\/\/staging.huebsch.com\/latam\/wp-content\/uploads\/sites\/14\/2019\/04\/Huebsch_Color_RGB-e1554987923330.png\",\"width\":295,\"height\":70,\"caption\":\"Huebsch\"},\"image\":{\"@id\":\"https:\/\/huebsch.com\/latam\/#\/schema\/logo\/image\/\"},\"sameAs\":[\"https:\/\/www.facebook.com\/Huebsch\/\"]}]}<\/script>\n<!-- \/ Yoast SEO Premium plugin. -->","yoast_head_json":{"title":"Lavadoras extractoras de gabinete - Huebsch Latin America","robots":{"index":"index","follow":"follow","max-snippet":"max-snippet:-1","max-image-preview":"max-image-preview:large","max-video-preview":"max-video-preview:-1"},"canonical":"https:\/\/huebsch.com\/latam\/productos\/lavanderia-industrial\/lavadoras-extractoras-de-gabinete\/","og_locale":"es_ES","og_type":"article","og_title":"Lavadoras extractoras de gabinete","og_url":"https:\/\/huebsch.com\/latam\/productos\/lavanderia-industrial\/lavadoras-extractoras-de-gabinete\/","og_site_name":"Huebsch Latin America","article_publisher":"https:\/\/www.facebook.com\/Huebsch\/","article_modified_time":"2020-05-22T17:45:02+00:00","twitter_card":"summary_large_image","twitter_misc":{"Tiempo de lectura":"10 minutos"},"schema":{"@context":"https:\/\/schema.org","@graph":[{"@type":"WebPage","@id":"https:\/\/huebsch.com\/latam\/productos\/lavanderia-industrial\/lavadoras-extractoras-de-gabinete\/","url":"https:\/\/huebsch.com\/latam\/productos\/lavanderia-industrial\/lavadoras-extractoras-de-gabinete\/","name":"Lavadoras extractoras de gabinete - Huebsch Latin America","isPartOf":{"@id":"https:\/\/huebsch.com\/latam\/#website"},"datePublished":"2019-05-06T07:16:11+00:00","dateModified":"2020-05-22T17:45:02+00:00","breadcrumb":{"@id":"https:\/\/huebsch.com\/latam\/productos\/lavanderia-industrial\/lavadoras-extractoras-de-gabinete\/#breadcrumb"},"inLanguage":"es","potentialAction":[{"@type":"ReadAction","target":["https:\/\/huebsch.com\/latam\/productos\/lavanderia-industrial\/lavadoras-extractoras-de-gabinete\/"]}]},{"@type":"BreadcrumbList","@id":"https:\/\/huebsch.com\/latam\/productos\/lavanderia-industrial\/lavadoras-extractoras-de-gabinete\/#breadcrumb","itemListElement":[{"@type":"ListItem","position":1,"name":"Home","item":"https:\/\/huebsch.com\/latam\/"},{"@type":"ListItem","position":2,"name":"Productos","item":"https:\/\/huebsch.com\/latam\/productos\/"},{"@type":"ListItem","position":3,"name":"Lavander\u00eda industrial","item":"https:\/\/huebsch.com\/latam\/productos\/lavanderia-industrial\/"},{"@type":"ListItem","position":4,"name":"Lavadoras extractoras de gabinete"}]},{"@type":"WebSite","@id":"https:\/\/huebsch.com\/latam\/#website","url":"https:\/\/huebsch.com\/latam\/","name":"Huebsch Latin America","description":"Your Smart Laundry Partner","publisher":{"@id":"https:\/\/huebsch.com\/latam\/#organization"},"potentialAction":[{"@type":"SearchAction","target":{"@type":"EntryPoint","urlTemplate":"https:\/\/huebsch.com\/latam\/?s={search_term_string}"},"query-input":{"@type":"PropertyValueSpecification","valueRequired":true,"valueName":"search_term_string"}}],"inLanguage":"es"},{"@type":"Organization","@id":"https:\/\/huebsch.com\/latam\/#organization","name":"Huebsch","url":"https:\/\/huebsch.com\/latam\/","logo":{"@type":"ImageObject","inLanguage":"es","@id":"https:\/\/huebsch.com\/latam\/#\/schema\/logo\/image\/","url":"https:\/\/staging.huebsch.com\/latam\/wp-content\/uploads\/sites\/14\/2019\/04\/Huebsch_Color_RGB-e1554987923330.png","contentUrl":"https:\/\/staging.huebsch.com\/latam\/wp-content\/uploads\/sites\/14\/2019\/04\/Huebsch_Color_RGB-e1554987923330.png","width":295,"height":70,"caption":"Huebsch"},"image":{"@id":"https:\/\/huebsch.com\/latam\/#\/schema\/logo\/image\/"},"sameAs":["https:\/\/www.facebook.com\/Huebsch\/"]}]}},"_links":{"self":[{"href":"https:\/\/huebsch.com\/latam\/wp-json\/wp\/v2\/pages\/15467","targetHints":{"allow":["GET"]}}],"collection":[{"href":"https:\/\/huebsch.com\/latam\/wp-json\/wp\/v2\/pages"}],"about":[{"href":"https:\/\/huebsch.com\/latam\/wp-json\/wp\/v2\/types\/page"}],"author":[{"embeddable":true,"href":"https:\/\/huebsch.com\/latam\/wp-json\/wp\/v2\/users\/4"}],"replies":[{"embeddable":true,"href":"https:\/\/huebsch.com\/latam\/wp-json\/wp\/v2\/comments?post=15467"}],"version-history":[{"count":14,"href":"https:\/\/huebsch.com\/latam\/wp-json\/wp\/v2\/pages\/15467\/revisions"}],"predecessor-version":[{"id":15953,"href":"https:\/\/huebsch.com\/latam\/wp-json\/wp\/v2\/pages\/15467\/revisions\/15953"}],"up":[{"embeddable":true,"href":"https:\/\/huebsch.com\/latam\/wp-json\/wp\/v2\/pages\/15468"}],"wp:attachment":[{"href":"https:\/\/huebsch.com\/latam\/wp-json\/wp\/v2\/media?parent=15467"}],"curies":[{"name":"wp","href":"https:\/\/api.w.org\/{rel}","templated":true}]}}