{"id":15456,"date":"2019-04-27T12:44:46","date_gmt":"2019-04-27T12:44:46","guid":{"rendered":"http:\/\/huebsch-php74.bitnamiapp.com\/latam\/sitemap\/"},"modified":"2020-04-28T18:11:21","modified_gmt":"2020-04-28T18:11:21","slug":"mapa-del-sitio","status":"publish","type":"page","link":"https:\/\/huebsch.com\/latam\/mapa-del-sitio\/","title":{"rendered":"Mapa del sitio"},"content":{"rendered":"<p>Huebsch LATAM Sitemap<\/p>\n<div id=\"simple-sitemap-container-69da97299b8c9\" class=\"simple-sitemap-container simple-sitemap-container-69da97299b8c9 tab-disabled\"><div class=\"simple-sitemap-wrap\"><h3 class=\"post-type\">P\u00e1ginas<\/h3><ul class=\"simple-sitemap-page main\"><li class=\"sitemap-item page_item page-item-15407\"><a href=\"https:\/\/huebsch.com\/latam\/acerca-de-nosotros\/\">Acerca de nosotros<\/a><\/li>\n<li class=\"sitemap-item page_item page-item-15453 page_item_has_children\"><a href=\"https:\/\/huebsch.com\/latam\/asistencia-tecnica\/\">Asistencia t\u00e9cnica<\/a>\n<ul class='children'>\n\t<li class=\"sitemap-item page_item page-item-15452\"><a href=\"https:\/\/huebsch.com\/latam\/asistencia-tecnica\/diseno-de-la-lavanderia\/\">Dise\u00f1o de la lavander\u00eda<\/a><\/li>\n<\/ul>\n<\/li>\n<li class=\"sitemap-item page_item page-item-15425\"><a href=\"https:\/\/huebsch.com\/latam\/contactenos\/\">Cont\u00e1ctenos<\/a><\/li>\n<li class=\"sitemap-item page_item page-item-15410 page_item_has_children\"><a href=\"https:\/\/huebsch.com\/latam\/contacto\/\">Contacto<\/a>\n<ul class='children'>\n\t<li class=\"sitemap-item page_item page-item-15411\"><a href=\"https:\/\/huebsch.com\/latam\/contacto\/politicas-de-privacidad\/\">Pol\u00edticas de privacidad<\/a><\/li>\n\t<li class=\"sitemap-item page_item page-item-15413\"><a href=\"https:\/\/huebsch.com\/latam\/contacto\/terminos-de-uso\/\">T\u00e9rminos de uso<\/a><\/li>\n<\/ul>\n<\/li>\n<li class=\"sitemap-item page_item page-item-15455\"><a href=\"https:\/\/huebsch.com\/latam\/documentacion-tecnica\/\">Documentaci\u00f3n t\u00e9cnica<\/a><\/li>\n<li class=\"sitemap-item page_item page-item-15423\"><a href=\"https:\/\/huebsch.com\/latam\/\">Inicio<\/a><\/li>\n<li class=\"sitemap-item page_item page-item-15422 page_item_has_children\"><a href=\"https:\/\/huebsch.com\/latam\/inversores\/\">Inversores<\/a>\n<ul class='children'>\n\t<li class=\"sitemap-item page_item page-item-15418\"><a href=\"https:\/\/huebsch.com\/latam\/inversores\/la-ventaja-de-huebsch\/\">La ventaja de Huebsch<\/a><\/li>\n\t<li class=\"sitemap-item page_item page-item-15420\"><a href=\"https:\/\/huebsch.com\/latam\/inversores\/primeros-pasos\/\">Primeros pasos<\/a><\/li>\n\t<li class=\"sitemap-item page_item page-item-15421\"><a href=\"https:\/\/huebsch.com\/latam\/inversores\/servicio-clasico\/\">Servicio cl\u00e1sico<\/a><\/li>\n\t<li class=\"sitemap-item page_item page-item-15419\"><a href=\"https:\/\/huebsch.com\/latam\/inversores\/ubicacion-ubicacion-ubicacion\/\">Ubicaci\u00f3n, ubicaci\u00f3n, ubicaci\u00f3n<\/a><\/li>\n<\/ul>\n<\/li>\n<li class=\"sitemap-item page_item page-item-15409\"><a href=\"https:\/\/huebsch.com\/latam\/lavanderia-comercial\/\">Lavander\u00eda comercial<\/a><\/li>\n<li class=\"sitemap-item page_item page-item-15414\"><a href=\"https:\/\/huebsch.com\/latam\/localizador\/\">Localizador<\/a><\/li>\n<li class=\"sitemap-item page_item page-item-15456\"><a href=\"https:\/\/huebsch.com\/latam\/mapa-del-sitio\/\">Mapa del sitio<\/a><\/li>\n<li class=\"sitemap-item page_item page-item-15408\"><a href=\"https:\/\/huebsch.com\/latam\/mejor-distribuidor\/\">Mejor distribuidor<\/a><\/li>\n<li class=\"sitemap-item page_item page-item-15415\"><a href=\"https:\/\/huebsch.com\/latam\/mis-prestamos\/\">Mis Pr\u00e9stamos<\/a><\/li>\n<li class=\"sitemap-item page_item page-item-15416 page_item_has_children\"><a href=\"https:\/\/huebsch.com\/latam\/noticias\/\">Noticias<\/a>\n<ul class='children'>\n\t<li class=\"sitemap-item page_item page-item-15426\"><a href=\"https:\/\/huebsch.com\/latam\/noticias\/opiniones\/\">Opiniones<\/a><\/li>\n<\/ul>\n<\/li>\n<li class=\"sitemap-item page_item page-item-15424\"><a href=\"https:\/\/huebsch.com\/latam\/portal-de-documentacion\/\">Portal de documentaci\u00f3n<\/a><\/li>\n<li class=\"sitemap-item page_item page-item-15428 page_item_has_children\"><a href=\"https:\/\/huebsch.com\/latam\/productos\/\">Productos<\/a>\n<ul class='children'>\n\t<li class=\"sitemap-item page_item page-item-15429\"><a href=\"https:\/\/huebsch.com\/latam\/productos\/acentos-de-diseno\/\">Acentos de dise\u00f1o<\/a><\/li>\n\t<li class=\"sitemap-item page_item page-item-15430\"><a href=\"https:\/\/huebsch.com\/latam\/productos\/controles-galaxy\/\">Controles Galaxy<\/a><\/li>\n\t<li class=\"sitemap-item page_item page-item-15464 page_item_has_children\"><a href=\"https:\/\/huebsch.com\/latam\/productos\/lavanderia-comercial\/\">Lavander\u00eda comercial<\/a>\n\t<ul class='children'>\n\t\t<li class=\"sitemap-item page_item page-item-15461\"><a href=\"https:\/\/huebsch.com\/latam\/productos\/lavanderia-comercial\/lavadoras-de-carga-frontal\/\">Lavadoras de carga frontal<\/a><\/li>\n\t\t<li class=\"sitemap-item page_item page-item-15459\"><a href=\"https:\/\/huebsch.com\/latam\/productos\/lavanderia-comercial\/lavadoras-de-carga-superior\/\">Lavadoras de carga superior<\/a><\/li>\n\t\t<li class=\"sitemap-item page_item page-item-15462\"><a href=\"https:\/\/huebsch.com\/latam\/productos\/lavanderia-comercial\/lavadoras-extractoras-comerciales\/\">Lavadoras Extractoras Comerciales<\/a><\/li>\n\t\t<li class=\"sitemap-item page_item page-item-15463\"><a href=\"https:\/\/huebsch.com\/latam\/productos\/lavanderia-comercial\/secadoras-comerciales\/\">Secadoras comerciales<\/a><\/li>\n\t\t<li class=\"sitemap-item page_item page-item-15460\"><a href=\"https:\/\/huebsch.com\/latam\/productos\/lavanderia-comercial\/secadoras-simples\/\">Secadoras simples<\/a><\/li>\n\t<\/ul>\n<\/li>\n\t<li class=\"sitemap-item page_item page-item-15431 page_item_has_children\"><a href=\"https:\/\/huebsch.com\/latam\/productos\/lavanderia-comercial-ligera\/\">Lavander\u00eda comercial ligera<\/a>\n\t<ul class='children'>\n\t\t<li class=\"sitemap-item page_item page-item-15473\"><a href=\"https:\/\/huebsch.com\/latam\/productos\/lavanderia-comercial-ligera\/lavadoras-secadoras-apiladas-comerciales\/\">Lavadoras \/ secadoras apiladas comerciales<\/a><\/li>\n\t\t<li class=\"sitemap-item page_item page-item-15471\"><a href=\"https:\/\/huebsch.com\/latam\/productos\/lavanderia-comercial-ligera\/lavadoras-de-carga-frontal\/\">Lavadoras de carga frontal<\/a><\/li>\n\t\t<li class=\"sitemap-item page_item page-item-15470\"><a href=\"https:\/\/huebsch.com\/latam\/productos\/lavanderia-comercial-ligera\/lavadoras-de-carga-superior\/\">Lavadoras de carga superior<\/a><\/li>\n\t\t<li class=\"sitemap-item page_item page-item-15472\"><a href=\"https:\/\/huebsch.com\/latam\/productos\/lavanderia-comercial-ligera\/secadoras-comerciales\/\">Secadoras comerciales<\/a><\/li>\n\t<\/ul>\n<\/li>\n\t<li class=\"sitemap-item page_item page-item-15468 page_item_has_children\"><a href=\"https:\/\/huebsch.com\/latam\/productos\/lavanderia-industrial\/\">Lavander\u00eda industrial<\/a>\n\t<ul class='children'>\n\t\t<li class=\"sitemap-item page_item page-item-15465\"><a href=\"https:\/\/huebsch.com\/latam\/productos\/lavanderia-industrial\/lavadoras-extractoras-con-anclaje-flotante\/\">Lavadoras extractoras con anclaje flotante<\/a><\/li>\n\t\t<li class=\"sitemap-item page_item page-item-15467\"><a href=\"https:\/\/huebsch.com\/latam\/productos\/lavanderia-industrial\/lavadoras-extractoras-de-gabinete\/\">Lavadoras extractoras de gabinete<\/a><\/li>\n\t\t<li class=\"sitemap-item page_item page-item-15466\"><a href=\"https:\/\/huebsch.com\/latam\/productos\/lavanderia-industrial\/secadoras-comerciales\/\">Secadoras comerciales<\/a><\/li>\n\t<\/ul>\n<\/li>\n<\/ul>\n<\/li>\n<li class=\"sitemap-item page_item page-item-15457\"><a href=\"https:\/\/huebsch.com\/latam\/registrese\/\">Reg\u00edstrese<\/a><\/li>\n<\/ul><\/div><\/div><br style=\"clear: both;\">\n","protected":false},"excerpt":{"rendered":"<p>Huebsch LATAM Sitemap<\/p>\n","protected":false},"author":4,"featured_media":0,"parent":0,"menu_order":0,"comment_status":"closed","ping_status":"closed","template":"","meta":{"_acf_changed":false,"footnotes":""},"class_list":["post-15456","page","type-page","status-publish","hentry"],"acf":[],"yoast_head":"<!-- This site is optimized with the Yoast SEO Premium plugin v20.12 (Yoast SEO v26.5) - https:\/\/yoast.com\/wordpress\/plugins\/seo\/ -->\n<title>Mapa del sitio - Huebsch Latin America<\/title>\n<meta name=\"robots\" content=\"index, follow, max-snippet:-1, max-image-preview:large, max-video-preview:-1\" \/>\n<link rel=\"canonical\" href=\"https:\/\/huebsch.com\/latam\/mapa-del-sitio\/\" \/>\n<meta property=\"og:locale\" content=\"es_ES\" \/>\n<meta property=\"og:type\" content=\"article\" \/>\n<meta property=\"og:title\" content=\"Mapa del sitio\" \/>\n<meta property=\"og:description\" content=\"Huebsch LATAM Sitemap\" \/>\n<meta property=\"og:url\" content=\"https:\/\/huebsch.com\/latam\/mapa-del-sitio\/\" \/>\n<meta property=\"og:site_name\" content=\"Huebsch Latin America\" \/>\n<meta property=\"article:publisher\" content=\"https:\/\/www.facebook.com\/Huebsch\/\" \/>\n<meta property=\"article:modified_time\" content=\"2020-04-28T18:11:21+00:00\" \/>\n<meta name=\"twitter:card\" content=\"summary_large_image\" \/>\n<script type=\"application\/ld+json\" class=\"yoast-schema-graph\">{\"@context\":\"https:\/\/schema.org\",\"@graph\":[{\"@type\":\"WebPage\",\"@id\":\"https:\/\/huebsch.com\/latam\/mapa-del-sitio\/\",\"url\":\"https:\/\/huebsch.com\/latam\/mapa-del-sitio\/\",\"name\":\"Mapa del sitio - Huebsch Latin America\",\"isPartOf\":{\"@id\":\"https:\/\/huebsch.com\/latam\/#website\"},\"datePublished\":\"2019-04-27T12:44:46+00:00\",\"dateModified\":\"2020-04-28T18:11:21+00:00\",\"breadcrumb\":{\"@id\":\"https:\/\/huebsch.com\/latam\/mapa-del-sitio\/#breadcrumb\"},\"inLanguage\":\"es\",\"potentialAction\":[{\"@type\":\"ReadAction\",\"target\":[\"https:\/\/huebsch.com\/latam\/mapa-del-sitio\/\"]}]},{\"@type\":\"BreadcrumbList\",\"@id\":\"https:\/\/huebsch.com\/latam\/mapa-del-sitio\/#breadcrumb\",\"itemListElement\":[{\"@type\":\"ListItem\",\"position\":1,\"name\":\"Home\",\"item\":\"https:\/\/huebsch.com\/latam\/\"},{\"@type\":\"ListItem\",\"position\":2,\"name\":\"Mapa del sitio\"}]},{\"@type\":\"WebSite\",\"@id\":\"https:\/\/huebsch.com\/latam\/#website\",\"url\":\"https:\/\/huebsch.com\/latam\/\",\"name\":\"Huebsch Latin America\",\"description\":\"Your Smart Laundry Partner\",\"publisher\":{\"@id\":\"https:\/\/huebsch.com\/latam\/#organization\"},\"potentialAction\":[{\"@type\":\"SearchAction\",\"target\":{\"@type\":\"EntryPoint\",\"urlTemplate\":\"https:\/\/huebsch.com\/latam\/?s={search_term_string}\"},\"query-input\":{\"@type\":\"PropertyValueSpecification\",\"valueRequired\":true,\"valueName\":\"search_term_string\"}}],\"inLanguage\":\"es\"},{\"@type\":\"Organization\",\"@id\":\"https:\/\/huebsch.com\/latam\/#organization\",\"name\":\"Huebsch\",\"url\":\"https:\/\/huebsch.com\/latam\/\",\"logo\":{\"@type\":\"ImageObject\",\"inLanguage\":\"es\",\"@id\":\"https:\/\/huebsch.com\/latam\/#\/schema\/logo\/image\/\",\"url\":\"https:\/\/staging.huebsch.com\/latam\/wp-content\/uploads\/sites\/14\/2019\/04\/Huebsch_Color_RGB-e1554987923330.png\",\"contentUrl\":\"https:\/\/staging.huebsch.com\/latam\/wp-content\/uploads\/sites\/14\/2019\/04\/Huebsch_Color_RGB-e1554987923330.png\",\"width\":295,\"height\":70,\"caption\":\"Huebsch\"},\"image\":{\"@id\":\"https:\/\/huebsch.com\/latam\/#\/schema\/logo\/image\/\"},\"sameAs\":[\"https:\/\/www.facebook.com\/Huebsch\/\"]}]}<\/script>\n<!-- \/ Yoast SEO Premium plugin. -->","yoast_head_json":{"title":"Mapa del sitio - Huebsch Latin America","robots":{"index":"index","follow":"follow","max-snippet":"max-snippet:-1","max-image-preview":"max-image-preview:large","max-video-preview":"max-video-preview:-1"},"canonical":"https:\/\/huebsch.com\/latam\/mapa-del-sitio\/","og_locale":"es_ES","og_type":"article","og_title":"Mapa del sitio","og_description":"Huebsch LATAM Sitemap","og_url":"https:\/\/huebsch.com\/latam\/mapa-del-sitio\/","og_site_name":"Huebsch Latin America","article_publisher":"https:\/\/www.facebook.com\/Huebsch\/","article_modified_time":"2020-04-28T18:11:21+00:00","twitter_card":"summary_large_image","schema":{"@context":"https:\/\/schema.org","@graph":[{"@type":"WebPage","@id":"https:\/\/huebsch.com\/latam\/mapa-del-sitio\/","url":"https:\/\/huebsch.com\/latam\/mapa-del-sitio\/","name":"Mapa del sitio - Huebsch Latin America","isPartOf":{"@id":"https:\/\/huebsch.com\/latam\/#website"},"datePublished":"2019-04-27T12:44:46+00:00","dateModified":"2020-04-28T18:11:21+00:00","breadcrumb":{"@id":"https:\/\/huebsch.com\/latam\/mapa-del-sitio\/#breadcrumb"},"inLanguage":"es","potentialAction":[{"@type":"ReadAction","target":["https:\/\/huebsch.com\/latam\/mapa-del-sitio\/"]}]},{"@type":"BreadcrumbList","@id":"https:\/\/huebsch.com\/latam\/mapa-del-sitio\/#breadcrumb","itemListElement":[{"@type":"ListItem","position":1,"name":"Home","item":"https:\/\/huebsch.com\/latam\/"},{"@type":"ListItem","position":2,"name":"Mapa del sitio"}]},{"@type":"WebSite","@id":"https:\/\/huebsch.com\/latam\/#website","url":"https:\/\/huebsch.com\/latam\/","name":"Huebsch Latin America","description":"Your Smart Laundry Partner","publisher":{"@id":"https:\/\/huebsch.com\/latam\/#organization"},"potentialAction":[{"@type":"SearchAction","target":{"@type":"EntryPoint","urlTemplate":"https:\/\/huebsch.com\/latam\/?s={search_term_string}"},"query-input":{"@type":"PropertyValueSpecification","valueRequired":true,"valueName":"search_term_string"}}],"inLanguage":"es"},{"@type":"Organization","@id":"https:\/\/huebsch.com\/latam\/#organization","name":"Huebsch","url":"https:\/\/huebsch.com\/latam\/","logo":{"@type":"ImageObject","inLanguage":"es","@id":"https:\/\/huebsch.com\/latam\/#\/schema\/logo\/image\/","url":"https:\/\/staging.huebsch.com\/latam\/wp-content\/uploads\/sites\/14\/2019\/04\/Huebsch_Color_RGB-e1554987923330.png","contentUrl":"https:\/\/staging.huebsch.com\/latam\/wp-content\/uploads\/sites\/14\/2019\/04\/Huebsch_Color_RGB-e1554987923330.png","width":295,"height":70,"caption":"Huebsch"},"image":{"@id":"https:\/\/huebsch.com\/latam\/#\/schema\/logo\/image\/"},"sameAs":["https:\/\/www.facebook.com\/Huebsch\/"]}]}},"_links":{"self":[{"href":"https:\/\/huebsch.com\/latam\/wp-json\/wp\/v2\/pages\/15456","targetHints":{"allow":["GET"]}}],"collection":[{"href":"https:\/\/huebsch.com\/latam\/wp-json\/wp\/v2\/pages"}],"about":[{"href":"https:\/\/huebsch.com\/latam\/wp-json\/wp\/v2\/types\/page"}],"author":[{"embeddable":true,"href":"https:\/\/huebsch.com\/latam\/wp-json\/wp\/v2\/users\/4"}],"replies":[{"embeddable":true,"href":"https:\/\/huebsch.com\/latam\/wp-json\/wp\/v2\/comments?post=15456"}],"version-history":[{"count":3,"href":"https:\/\/huebsch.com\/latam\/wp-json\/wp\/v2\/pages\/15456\/revisions"}],"predecessor-version":[{"id":15857,"href":"https:\/\/huebsch.com\/latam\/wp-json\/wp\/v2\/pages\/15456\/revisions\/15857"}],"wp:attachment":[{"href":"https:\/\/huebsch.com\/latam\/wp-json\/wp\/v2\/media?parent=15456"}],"curies":[{"name":"wp","href":"https:\/\/api.w.org\/{rel}","templated":true}]}}