{"id":15428,"date":"2019-04-26T11:48:19","date_gmt":"2019-04-26T11:48:19","guid":{"rendered":"http:\/\/huebsch-php74.bitnamiapp.com\/latam\/products\/"},"modified":"2020-07-02T11:44:08","modified_gmt":"2020-07-02T11:44:08","slug":"productos","status":"publish","type":"page","link":"https:\/\/huebsch.com\/latam\/productos\/","title":{"rendered":"Productos"},"content":{"rendered":"<p><div class=\"fusion-fullwidth fullwidth-box fusion-builder-row-1 nonhundred-percent-fullwidth non-hundred-percent-height-scrolling\" style=\"--awb-border-radius-top-left:0px;--awb-border-radius-top-right:0px;--awb-border-radius-bottom-right:0px;--awb-border-radius-bottom-left:0px;--awb-flex-wrap:wrap;\" ><div class=\"fusion-builder-row fusion-row\"><div class=\"fusion-layout-column fusion_builder_column fusion-builder-column-0 fusion_builder_column_3_4 3_4 fusion-three-fourth fusion-column-first\" style=\"--awb-bg-size:cover;width:75%;width:calc(75% - ( ( 4% ) * 0.75 ) );margin-right: 4%;\"><div class=\"fusion-column-wrapper fusion-column-has-shadow fusion-flex-column-wrapper-legacy\"><div class=\"fusion-title title fusion-title-1 fusion-sep-none fusion-title-text fusion-title-size-one\"><h1 class=\"fusion-title-heading title-heading-left fusion-responsive-typography-calculated\" style=\"margin:0;--fontSize:33;line-height:1.45;\">Equipos de lavander\u00eda y productos comerciales de lavander\u00eda<\/h1><\/div><div class=\"fusion-text fusion-text-1\"><p>El \u00e9xito de la lavander\u00eda comienza con equipos de calidad mundial. Con un compromiso con la innovaci\u00f3n continua, <span class=\"fusion-tooltip tooltip-shortcode\" data-animation=\"\" data-delay=\"0\" data-placement=\"top\" data-title=\"Lavander\u00eda Huebsch\" title=\"Lavander\u00eda Huebsch\" data-toggle=\"tooltip\" data-trigger=\"hover\"><strong>Huebsch\u00ae<\/strong><\/span> ofrece una l\u00ednea completa de productos dise\u00f1ados y construidos para ofrecer la m\u00e1xima eficiencia y rendimiento a las lavander\u00edas con monedas, lavander\u00edas industrial y lavander\u00edas comerciales de todo tipo y tama\u00f1o.<\/p>\n<\/div><div class=\"fusion-flip-boxes flip-boxes row fusion-columns-2 flip-effect-3d equal-heights nyb-flip-box\" style=\"--awb-flip-duration:0.7s;\"><div class=\"fusion-flip-box-wrapper fusion-column col-lg-6 col-md-6 col-sm-6\"><div class=\"fusion-flip-box flip-left\" tabindex=\"0\"><div class=\"flip-box-inner-wrapper\"><div class=\"flip-box-front\" style=\"--awb-border-color:rgba(115,181,65,0.7);--awb-border-size:1px;--awb-background-color-front:#ffffff;\"><div class=\"flip-box-front-inner\"><div class=\"flip-box-grafix flip-box-image\"><img decoding=\"async\" data-src=\"https:\/\/huebsch.com\/latam\/wp-content\/uploads\/sites\/14\/2019\/07\/HC040_Drop_Glxy600_Citron_Front-183x300.jpg\" width=\"200\" height=\"327.87\" alt=\"\" src=\"data:image\/svg+xml;base64,PHN2ZyB3aWR0aD0iMSIgaGVpZ2h0PSIxIiB4bWxucz0iaHR0cDovL3d3dy53My5vcmcvMjAwMC9zdmciPjwvc3ZnPg==\" class=\"lazyload\" style=\"--smush-placeholder-width: 200px; --smush-placeholder-aspect-ratio: 200\/327;\" \/><\/div><h2 class=\"flip-box-heading without-text\">Equipos de lavander\u00edas de autoservicio<\/h2><\/div><\/div><div class=\"flip-box-back\" style=\"--awb-border-color:rgba(115,181,65,0.7);--awb-border-size:1px;--awb-background-color-back:#ffffff;--awb-title-back-color:#333333;--awb-text-back-color:#222222;\"><div class=\"flip-box-back-inner\"><h3 class=\"flip-box-heading-back\">Equipos de lavander\u00edas de autoservicio<\/h3>\n<p>Premium, duradero y eficaz, el equipo de lavander\u00eda de pago con monedas <span class=\"fusion-tooltip tooltip-shortcode\" data-animation=\"\" data-delay=\"0\" data-placement=\"top\" data-title=\"Lavander\u00eda Huebsch\" title=\"Lavander\u00eda Huebsch\" data-toggle=\"tooltip\" data-trigger=\"hover\"><strong>Huebsch\u00ae<\/strong><\/span> est\u00e1 dedicado a maximizar sus ingresos, minimizar sus costos y optimizar sus resultados.<\/p>\n<div class=\"fusion-button-wrapper\">\n<p><a class=\"fusion-button button-flat fusion-button-round button-large button-default\" href=\"\/latam\/productos\/lavanderia-comercial\/?lang=es\" rel=\"noopener noreferrer\"><span class=\"fusion-button-text\">M\u00e1s informaci\u00f3n<\/span><\/a><\/p>\n<\/div>\n<\/div><\/div><\/div><\/div><\/div><div class=\"fusion-flip-box-wrapper fusion-column col-lg-6 col-md-6 col-sm-6\"><div class=\"fusion-flip-box flip-left\" tabindex=\"0\"><div class=\"flip-box-inner-wrapper\"><div class=\"flip-box-front\" style=\"--awb-border-color:rgba(115,181,65,0.7);--awb-border-size:1px;--awb-background-color-front:#ffffff;\"><div class=\"flip-box-front-inner\"><div class=\"flip-box-grafix flip-box-image\"><img decoding=\"async\" data-src=\"https:\/\/huebsch.com\/latam\/wp-content\/uploads\/sites\/14\/2019\/05\/HF_FC_OPL_E7-200x300.png\" width=\"200\" height=\"300\" alt=\"\" src=\"data:image\/svg+xml;base64,PHN2ZyB3aWR0aD0iMSIgaGVpZ2h0PSIxIiB4bWxucz0iaHR0cDovL3d3dy53My5vcmcvMjAwMC9zdmciPjwvc3ZnPg==\" class=\"lazyload\" style=\"--smush-placeholder-width: 200px; --smush-placeholder-aspect-ratio: 200\/300;\" \/><\/div><h2 class=\"flip-box-heading without-text\">Equipos ligeros de lavander\u00eda comercial<\/h2><\/div><\/div><div class=\"flip-box-back\" style=\"--awb-border-color:rgba(115,181,65,0.7);--awb-border-size:1px;--awb-background-color-back:#ffffff;--awb-title-back-color:#000000;--awb-text-back-color:#000000;\"><div class=\"flip-box-back-inner\"><h3 class=\"flip-box-heading-back\">Equipos ligeros de lavander\u00eda comercial<\/h3>\n<p>Posadas, Salones de belleza. Restaurantes. Si tiene una peque\u00f1a empresa que exige soluciones de lavander\u00eda de calidad comercial, tenemos el equipo adecuado para usted.<\/p>\n<div class=\"fusion-button-wrapper\"><a class=\"fusion-button button-flat fusion-button-round button-large button-default\" href=\"\/latam\/productos\/lavanderia-comercial-ligera\/?lang=es\" rel=\"noopener noreferrer\"><span class=\"fusion-button-text\">M\u00e1s informaci\u00f3n<\/span><\/a><\/div>\n<\/div><\/div><\/div><\/div><\/div><div class=\"fusion-flip-box-wrapper fusion-column col-lg-6 col-md-6 col-sm-6\"><div class=\"fusion-flip-box flip-left\" tabindex=\"0\"><div class=\"flip-box-inner-wrapper\"><div class=\"flip-box-front\" style=\"--awb-border-color:rgba(115,181,65,0.7);--awb-border-size:1px;--awb-background-color-front:#ffffff;\"><div class=\"flip-box-front-inner\"><div class=\"flip-box-grafix flip-box-image\"><img decoding=\"async\" data-src=\"https:\/\/huebsch.com\/latam\/wp-content\/uploads\/sites\/14\/2019\/07\/HT075_OPL_Glxy_Front-183x300.jpg\" width=\"200\" height=\"327.87\" alt=\"\" src=\"data:image\/svg+xml;base64,PHN2ZyB3aWR0aD0iMSIgaGVpZ2h0PSIxIiB4bWxucz0iaHR0cDovL3d3dy53My5vcmcvMjAwMC9zdmciPjwvc3ZnPg==\" class=\"lazyload\" style=\"--smush-placeholder-width: 200px; --smush-placeholder-aspect-ratio: 200\/327;\" \/><\/div><h2 class=\"flip-box-heading without-text\">Equipos de lavander\u00eda industrial<\/h2><\/div><\/div><div class=\"flip-box-back\" style=\"--awb-border-color:rgba(115,181,65,0.7);--awb-border-size:1px;--awb-background-color-back:#ffffff;--awb-title-back-color:#000000;--awb-text-back-color:#000000;\"><div class=\"flip-box-back-inner\"><h3 class=\"flip-box-heading-back\">Equipos de lavander\u00eda industrial<\/h3>\n<p>Construido de manera duradera para una eficacia y una productividad inigualables, nuestra l\u00ednea completa de equipos de grado comercial minimiza los costos y maximiza el rendimiento para el \u00e9xito final de la lavander\u00eda industrial.<\/p>\n<div class=\"fusion-button-wrapper\">\n<p><a class=\"fusion-button button-flat fusion-button-round button-large button-default button-6\" href=\"\/latam\/productos\/lavanderia-industrial\/?lang=es\" rel=\"noopener noreferrer\"><span class=\"fusion-button-text\">M\u00e1s informaci\u00f3n<\/span><\/a><\/p>\n<\/div>\n<\/div><\/div><\/div><\/div><\/div><div class=\"fusion-flip-box-wrapper fusion-column col-lg-6 col-md-6 col-sm-6\"><div class=\"fusion-flip-box flip-left\" tabindex=\"0\"><div class=\"flip-box-inner-wrapper\"><div class=\"flip-box-front\" style=\"--awb-border-color:rgba(115,181,65,0.7);--awb-border-size:1px;--awb-background-color-front:#ffffff;\"><div class=\"flip-box-front-inner\"><div class=\"flip-box-grafix flip-box-image\"><img decoding=\"async\" data-src=\"https:\/\/huebsch.com\/latam\/wp-content\/uploads\/sites\/14\/2019\/07\/HF_Vend_Citron_Control-300x250.jpg\" width=\"300\" height=\"250\" alt=\"\" src=\"data:image\/svg+xml;base64,PHN2ZyB3aWR0aD0iMSIgaGVpZ2h0PSIxIiB4bWxucz0iaHR0cDovL3d3dy53My5vcmcvMjAwMC9zdmciPjwvc3ZnPg==\" class=\"lazyload\" style=\"--smush-placeholder-width: 300px; --smush-placeholder-aspect-ratio: 300\/250;\" \/><\/div><h2 class=\"flip-box-heading without-text\">Controles Galaxy\u2122 600<\/h2><\/div><\/div><div class=\"flip-box-back\" style=\"--awb-border-color:rgba(115,181,65,0.7);--awb-border-size:1px;--awb-background-color-back:#ffffff;--awb-title-back-color:#000000;--awb-text-back-color:#000000;\"><div class=\"flip-box-back-inner\"><h3 class=\"flip-box-heading-back\">Controles Galaxy\u2122 600<\/h3>\n<p>Con nuestros controles Galaxy 600, Huebsch ofrece una m\u00e1xima flexibilidad combinada con una funcionalidad f\u00e1cil uso para optimizar las operaciones.<\/p>\n<div class=\"fusion-button-wrapper\">\n<p><a class=\"fusion-button button-flat fusion-button-round button-large button-default\" href=\"\/latam\/productos\/controles-galaxy\/?lang=es\" rel=\"noopener noreferrer\"><span class=\"fusion-button-text\">M\u00e1s informaci\u00f3n<\/span><\/a><\/p>\n<\/div>\n<\/div><\/div><\/div><\/div><\/div><div class=\"fusion-flip-box-wrapper fusion-column col-lg-6 col-md-6 col-sm-6\"><div class=\"fusion-flip-box flip-left\" tabindex=\"0\"><div class=\"flip-box-inner-wrapper\"><div class=\"flip-box-front\"><div class=\"flip-box-front-inner\"><div class=\"flip-box-grafix flip-box-image\"><img decoding=\"async\" data-src=\"https:\/\/huebsch.com\/latam\/wp-content\/uploads\/sites\/14\/2019\/07\/HC_Vend_Galaxy500-1-300x214.jpg\" width=\"300\" height=\"214\" alt=\"\" src=\"data:image\/svg+xml;base64,PHN2ZyB3aWR0aD0iMSIgaGVpZ2h0PSIxIiB4bWxucz0iaHR0cDovL3d3dy53My5vcmcvMjAwMC9zdmciPjwvc3ZnPg==\" class=\"lazyload\" style=\"--smush-placeholder-width: 300px; --smush-placeholder-aspect-ratio: 300\/214;\" \/><\/div><h2 class=\"flip-box-heading without-text\">Controles Galaxy\u2122 500 <\/h2><\/div><\/div><div class=\"flip-box-back\"><div class=\"flip-box-back-inner\"><h3 class=\"flip-box-heading-back\">Controles Galaxy\u2122 500 <\/h3>\n<p class=\"p1\"><span class=\"s1\">Con su control Galaxy\u2122 500, Huebsch ofrece a los propietarios de lavander\u00eda una plataforma f\u00e1cil de usar que ofrece la cantidad justa de opciones para generar ganancias. Para los propietarios que no requieren redes, Galaxy\u2122 500 les ofrece la opci\u00f3n de 200 G en lavadoras extractoras sin necesidad de actualizar a la tecnolog\u00eda que no desean.<\/span><\/p>\n<\/div><\/div><\/div><\/div><\/div><\/div><div class=\"clearfix\"><\/div><div class=\"fusion-clearfix\"><\/div><\/div><\/div><div class=\"fusion-layout-column fusion_builder_column fusion-builder-column-1 fusion_builder_column_1_4 1_4 fusion-one-fourth fusion-column-last\" style=\"--awb-bg-size:cover;width:25%;width:calc(25% - ( ( 4% ) * 0.25 ) );\"><div class=\"fusion-column-wrapper fusion-column-has-shadow fusion-flex-column-wrapper-legacy\"><div class=\"fusion-widget-area awb-widget-area-element fusion-widget-area-1 fusion-content-widget-area\" style=\"--awb-title-size:14px;--awb-title-color:#333333;--awb-padding:0px 0px 0px 0px;\"><div id=\"nav_menu-14\" class=\"widget widget_nav_menu\"><div class=\"heading\"><h4 class=\"widget-title\">Productos<\/h4><\/div><div class=\"menu-products-spanish-container\"><ul id=\"menu-products-spanish\" class=\"menu\"><li id=\"menu-item-15745\" class=\"menu-item menu-item-type-post_type menu-item-object-page menu-item-15745\"><a href=\"https:\/\/huebsch.com\/latam\/productos\/lavanderia-comercial\/\">Lavander\u00eda comercial<\/a><\/li>\n<li id=\"menu-item-15746\" class=\"menu-item menu-item-type-post_type menu-item-object-page menu-item-15746\"><a href=\"https:\/\/huebsch.com\/latam\/productos\/lavanderia-comercial-ligera\/\">Lavander\u00eda comercial ligera<\/a><\/li>\n<li id=\"menu-item-15747\" class=\"menu-item menu-item-type-post_type menu-item-object-page menu-item-15747\"><a href=\"https:\/\/huebsch.com\/latam\/productos\/lavanderia-industrial\/\">Lavander\u00eda industrial<\/a><\/li>\n<li id=\"menu-item-15748\" class=\"menu-item menu-item-type-post_type menu-item-object-page menu-item-15748\"><a href=\"https:\/\/huebsch.com\/latam\/productos\/controles-galaxy\/\">Controles Galaxy<\/a><\/li>\n<li id=\"menu-item-15749\" class=\"menu-item menu-item-type-post_type menu-item-object-page menu-item-15749\"><a href=\"https:\/\/huebsch.com\/latam\/productos\/acentos-de-diseno\/\">Acentos de dise\u00f1o<\/a><\/li>\n<\/ul><\/div><\/div><div class=\"fusion-additional-widget-content\"><\/div><\/div><div class=\"fusion-clearfix\"><\/div><\/div><\/div><\/div><\/div><div class=\"fusion-fullwidth fullwidth-box fusion-builder-row-2 nonhundred-percent-fullwidth non-hundred-percent-height-scrolling\" style=\"--awb-border-radius-top-left:0px;--awb-border-radius-top-right:0px;--awb-border-radius-bottom-right:0px;--awb-border-radius-bottom-left:0px;--awb-padding-top:30px;--awb-margin-top:60px;--awb-background-color:#7eb541;--awb-flex-wrap:wrap;\" ><div class=\"fusion-builder-row fusion-row\"><div class=\"fusion-layout-column fusion_builder_column fusion-builder-column-2 fusion_builder_column_2_3 2_3 fusion-two-third fusion-column-first\" style=\"--awb-bg-size:cover;width:66.666666666667%;width:calc(66.666666666667% - ( ( 4% ) * 0.66666666666667 ) );margin-right: 4%;\"><div class=\"fusion-column-wrapper fusion-column-has-shadow fusion-flex-column-wrapper-legacy\"><div class=\"fusion-title title fusion-title-2 fusion-sep-none fusion-title-text fusion-title-size-one\" style=\"--awb-text-color:#ffffff;--awb-margin-bottom:5px;--awb-margin-bottom-small:5px;\"><h1 class=\"fusion-title-heading title-heading-left fusion-responsive-typography-calculated\" style=\"margin:0;--fontSize:33;line-height:1.45;\">Solicitar un presupuesto<\/h1><\/div><div class=\"fusion-text fusion-text-2\"><p>Llene un formulario para solicitar un presupuesto a un especialista en ventas de Huebsch.<\/p>\n<\/div><div class=\"fusion-clearfix\"><\/div><\/div><\/div><div class=\"fusion-layout-column fusion_builder_column fusion-builder-column-3 fusion_builder_column_1_3 1_3 fusion-one-third fusion-column-last\" style=\"--awb-bg-size:cover;width:33.333333333333%;width:calc(33.333333333333% - ( ( 4% ) * 0.33333333333333 ) );\"><div class=\"fusion-column-wrapper fusion-column-has-shadow fusion-flex-column-wrapper-legacy\"><div class=\"fusion-sep-clear\"><\/div><div class=\"fusion-separator fusion-full-width-sep\" style=\"margin-left: auto;margin-right: auto;margin-top:0px;margin-bottom:22px;width:100%;\"><\/div><div class=\"fusion-sep-clear\"><\/div><div class=\"fusion-align-block\"><a class=\"fusion-button button-flat fusion-button-default-size button-custom fusion-button-default button-1 fusion-button-span-yes fusion-button-default-type\" style=\"--button_accent_color:#ffffff;--button_accent_hover_color:#7eb541;--button_border_hover_color:#7eb541;--button_border_width-top:1px;--button_border_width-right:1px;--button_border_width-bottom:1px;--button_border_width-left:1px;--button_gradient_top_color:#7eb541;--button_gradient_bottom_color:#7eb541;--button_gradient_top_color_hover:#ffffff;--button_gradient_bottom_color_hover:#ffffff;\" target=\"_self\" href=\"\/latam\/contactenos\/?lang=es\"><span class=\"fusion-button-text awb-button__text awb-button__text--default\">Presupuesto<\/span><\/a><\/div><div class=\"fusion-clearfix\"><\/div><\/div><\/div><\/div><\/div><\/p>\n","protected":false},"excerpt":{"rendered":"","protected":false},"author":4,"featured_media":0,"parent":0,"menu_order":0,"comment_status":"closed","ping_status":"closed","template":"100-width.php","meta":{"_acf_changed":false,"footnotes":""},"class_list":["post-15428","page","type-page","status-publish","hentry"],"acf":[],"yoast_head":"<!-- This site is optimized with the Yoast SEO Premium plugin v20.12 (Yoast SEO v26.5) - https:\/\/yoast.com\/wordpress\/plugins\/seo\/ -->\n<title>Productos - Huebsch Latin America<\/title>\n<meta name=\"robots\" content=\"index, follow, max-snippet:-1, max-image-preview:large, max-video-preview:-1\" \/>\n<link rel=\"canonical\" href=\"https:\/\/huebsch.com\/latam\/productos\/\" \/>\n<meta property=\"og:locale\" content=\"es_ES\" \/>\n<meta property=\"og:type\" content=\"article\" \/>\n<meta property=\"og:title\" content=\"Productos\" \/>\n<meta property=\"og:url\" content=\"https:\/\/huebsch.com\/latam\/productos\/\" \/>\n<meta property=\"og:site_name\" content=\"Huebsch Latin America\" \/>\n<meta property=\"article:publisher\" content=\"https:\/\/www.facebook.com\/Huebsch\/\" \/>\n<meta property=\"article:modified_time\" content=\"2020-07-02T11:44:08+00:00\" \/>\n<meta name=\"twitter:card\" content=\"summary_large_image\" \/>\n<meta name=\"twitter:label1\" content=\"Tiempo de lectura\" \/>\n\t<meta name=\"twitter:data1\" content=\"9 minutos\" \/>\n<script type=\"application\/ld+json\" class=\"yoast-schema-graph\">{\"@context\":\"https:\/\/schema.org\",\"@graph\":[{\"@type\":\"WebPage\",\"@id\":\"https:\/\/huebsch.com\/latam\/productos\/\",\"url\":\"https:\/\/huebsch.com\/latam\/productos\/\",\"name\":\"Productos - Huebsch Latin America\",\"isPartOf\":{\"@id\":\"https:\/\/huebsch.com\/latam\/#website\"},\"datePublished\":\"2019-04-26T11:48:19+00:00\",\"dateModified\":\"2020-07-02T11:44:08+00:00\",\"breadcrumb\":{\"@id\":\"https:\/\/huebsch.com\/latam\/productos\/#breadcrumb\"},\"inLanguage\":\"es\",\"potentialAction\":[{\"@type\":\"ReadAction\",\"target\":[\"https:\/\/huebsch.com\/latam\/productos\/\"]}]},{\"@type\":\"BreadcrumbList\",\"@id\":\"https:\/\/huebsch.com\/latam\/productos\/#breadcrumb\",\"itemListElement\":[{\"@type\":\"ListItem\",\"position\":1,\"name\":\"Home\",\"item\":\"https:\/\/huebsch.com\/latam\/\"},{\"@type\":\"ListItem\",\"position\":2,\"name\":\"Productos\"}]},{\"@type\":\"WebSite\",\"@id\":\"https:\/\/huebsch.com\/latam\/#website\",\"url\":\"https:\/\/huebsch.com\/latam\/\",\"name\":\"Huebsch Latin America\",\"description\":\"Your Smart Laundry Partner\",\"publisher\":{\"@id\":\"https:\/\/huebsch.com\/latam\/#organization\"},\"potentialAction\":[{\"@type\":\"SearchAction\",\"target\":{\"@type\":\"EntryPoint\",\"urlTemplate\":\"https:\/\/huebsch.com\/latam\/?s={search_term_string}\"},\"query-input\":{\"@type\":\"PropertyValueSpecification\",\"valueRequired\":true,\"valueName\":\"search_term_string\"}}],\"inLanguage\":\"es\"},{\"@type\":\"Organization\",\"@id\":\"https:\/\/huebsch.com\/latam\/#organization\",\"name\":\"Huebsch\",\"url\":\"https:\/\/huebsch.com\/latam\/\",\"logo\":{\"@type\":\"ImageObject\",\"inLanguage\":\"es\",\"@id\":\"https:\/\/huebsch.com\/latam\/#\/schema\/logo\/image\/\",\"url\":\"https:\/\/staging.huebsch.com\/latam\/wp-content\/uploads\/sites\/14\/2019\/04\/Huebsch_Color_RGB-e1554987923330.png\",\"contentUrl\":\"https:\/\/staging.huebsch.com\/latam\/wp-content\/uploads\/sites\/14\/2019\/04\/Huebsch_Color_RGB-e1554987923330.png\",\"width\":295,\"height\":70,\"caption\":\"Huebsch\"},\"image\":{\"@id\":\"https:\/\/huebsch.com\/latam\/#\/schema\/logo\/image\/\"},\"sameAs\":[\"https:\/\/www.facebook.com\/Huebsch\/\"]}]}<\/script>\n<!-- \/ Yoast SEO Premium plugin. -->","yoast_head_json":{"title":"Productos - Huebsch Latin America","robots":{"index":"index","follow":"follow","max-snippet":"max-snippet:-1","max-image-preview":"max-image-preview:large","max-video-preview":"max-video-preview:-1"},"canonical":"https:\/\/huebsch.com\/latam\/productos\/","og_locale":"es_ES","og_type":"article","og_title":"Productos","og_url":"https:\/\/huebsch.com\/latam\/productos\/","og_site_name":"Huebsch Latin America","article_publisher":"https:\/\/www.facebook.com\/Huebsch\/","article_modified_time":"2020-07-02T11:44:08+00:00","twitter_card":"summary_large_image","twitter_misc":{"Tiempo de lectura":"9 minutos"},"schema":{"@context":"https:\/\/schema.org","@graph":[{"@type":"WebPage","@id":"https:\/\/huebsch.com\/latam\/productos\/","url":"https:\/\/huebsch.com\/latam\/productos\/","name":"Productos - Huebsch Latin America","isPartOf":{"@id":"https:\/\/huebsch.com\/latam\/#website"},"datePublished":"2019-04-26T11:48:19+00:00","dateModified":"2020-07-02T11:44:08+00:00","breadcrumb":{"@id":"https:\/\/huebsch.com\/latam\/productos\/#breadcrumb"},"inLanguage":"es","potentialAction":[{"@type":"ReadAction","target":["https:\/\/huebsch.com\/latam\/productos\/"]}]},{"@type":"BreadcrumbList","@id":"https:\/\/huebsch.com\/latam\/productos\/#breadcrumb","itemListElement":[{"@type":"ListItem","position":1,"name":"Home","item":"https:\/\/huebsch.com\/latam\/"},{"@type":"ListItem","position":2,"name":"Productos"}]},{"@type":"WebSite","@id":"https:\/\/huebsch.com\/latam\/#website","url":"https:\/\/huebsch.com\/latam\/","name":"Huebsch Latin America","description":"Your Smart Laundry Partner","publisher":{"@id":"https:\/\/huebsch.com\/latam\/#organization"},"potentialAction":[{"@type":"SearchAction","target":{"@type":"EntryPoint","urlTemplate":"https:\/\/huebsch.com\/latam\/?s={search_term_string}"},"query-input":{"@type":"PropertyValueSpecification","valueRequired":true,"valueName":"search_term_string"}}],"inLanguage":"es"},{"@type":"Organization","@id":"https:\/\/huebsch.com\/latam\/#organization","name":"Huebsch","url":"https:\/\/huebsch.com\/latam\/","logo":{"@type":"ImageObject","inLanguage":"es","@id":"https:\/\/huebsch.com\/latam\/#\/schema\/logo\/image\/","url":"https:\/\/staging.huebsch.com\/latam\/wp-content\/uploads\/sites\/14\/2019\/04\/Huebsch_Color_RGB-e1554987923330.png","contentUrl":"https:\/\/staging.huebsch.com\/latam\/wp-content\/uploads\/sites\/14\/2019\/04\/Huebsch_Color_RGB-e1554987923330.png","width":295,"height":70,"caption":"Huebsch"},"image":{"@id":"https:\/\/huebsch.com\/latam\/#\/schema\/logo\/image\/"},"sameAs":["https:\/\/www.facebook.com\/Huebsch\/"]}]}},"_links":{"self":[{"href":"https:\/\/huebsch.com\/latam\/wp-json\/wp\/v2\/pages\/15428","targetHints":{"allow":["GET"]}}],"collection":[{"href":"https:\/\/huebsch.com\/latam\/wp-json\/wp\/v2\/pages"}],"about":[{"href":"https:\/\/huebsch.com\/latam\/wp-json\/wp\/v2\/types\/page"}],"author":[{"embeddable":true,"href":"https:\/\/huebsch.com\/latam\/wp-json\/wp\/v2\/users\/4"}],"replies":[{"embeddable":true,"href":"https:\/\/huebsch.com\/latam\/wp-json\/wp\/v2\/comments?post=15428"}],"version-history":[{"count":11,"href":"https:\/\/huebsch.com\/latam\/wp-json\/wp\/v2\/pages\/15428\/revisions"}],"predecessor-version":[{"id":16010,"href":"https:\/\/huebsch.com\/latam\/wp-json\/wp\/v2\/pages\/15428\/revisions\/16010"}],"wp:attachment":[{"href":"https:\/\/huebsch.com\/latam\/wp-json\/wp\/v2\/media?parent=15428"}],"curies":[{"name":"wp","href":"https:\/\/api.w.org\/{rel}","templated":true}]}}