{"id":15419,"date":"2019-04-26T12:20:51","date_gmt":"2019-04-26T12:20:51","guid":{"rendered":"http:\/\/huebsch-php74.bitnamiapp.com\/latam\/location-location-location\/"},"modified":"2020-07-02T12:24:28","modified_gmt":"2020-07-02T12:24:28","slug":"ubicacion-ubicacion-ubicacion","status":"publish","type":"page","link":"https:\/\/huebsch.com\/latam\/inversores\/ubicacion-ubicacion-ubicacion\/","title":{"rendered":"Ubicaci\u00f3n, ubicaci\u00f3n, ubicaci\u00f3n"},"content":{"rendered":"<p><div class=\"fusion-fullwidth fullwidth-box fusion-builder-row-1 nonhundred-percent-fullwidth non-hundred-percent-height-scrolling\" style=\"--awb-border-radius-top-left:0px;--awb-border-radius-top-right:0px;--awb-border-radius-bottom-right:0px;--awb-border-radius-bottom-left:0px;--awb-flex-wrap:wrap;\" ><div class=\"fusion-builder-row fusion-row\"><div class=\"fusion-layout-column fusion_builder_column fusion-builder-column-0 fusion_builder_column_1_1 1_1 fusion-one-full fusion-column-first fusion-column-last\" style=\"--awb-bg-size:cover;\"><div class=\"fusion-column-wrapper fusion-column-has-shadow fusion-flex-column-wrapper-legacy\"><div class=\"fusion-title title fusion-title-1 fusion-sep-none fusion-title-text fusion-title-size-one\"><h1 class=\"fusion-title-heading title-heading-left fusion-responsive-typography-calculated\" style=\"margin:0;--fontSize:33;line-height:1.45;\"><h1>Ubicaci\u00f3n, ubicaci\u00f3n, ubicaci\u00f3n<\/h1><\/h1><\/div><div class=\"fusion-clearfix\"><\/div><\/div><\/div><div class=\"fusion-layout-column fusion_builder_column fusion-builder-column-1 fusion_builder_column_3_4 3_4 fusion-three-fourth fusion-column-first\" style=\"--awb-bg-size:cover;width:75%;width:calc(75% - ( ( 4% ) * 0.75 ) );margin-right: 4%;\"><div class=\"fusion-column-wrapper fusion-column-has-shadow fusion-flex-column-wrapper-legacy\"><div class=\"fusion-text fusion-text-1\"><p>El factor m\u00e1s importante en el \u00e9xito de una lavander\u00eda autom\u00e1tica o autoservicio es la ubicaci\u00f3n. Por lo tanto, los <a title=\"Localizador de distribuidores\" href=\"\/latam\/localizador\/?lang=es\"> distribuidores de <span class=\"fusion-tooltip tooltip-shortcode\" data-animation=\"\" data-delay=\"0\" data-placement=\"top\" data-title=\"Lavander\u00eda Huebsch\" title=\"Lavander\u00eda Huebsch\" data-toggle=\"tooltip\" data-trigger=\"hover\"><strong>Huebsch\u00ae<\/strong><\/span><\/a>revisar\u00e1n cuidadosamente los sitios propuestos con los inverisonistas, al estudiar los patrones de tr\u00e1fico para asegurarse de que est\u00e9n en el lugar adecuado para la mejor oportunidad de \u00e9xito. Es posible que muchos distribuidores ya tengan tiendas disponibles para comenzar, con operaciones llave en mano, mientras que otros identificar\u00e1n \u00e1reas con el mayor potencial de ganancias.<\/p>\n<p>A partir de ah\u00ed, <span class=\"fusion-tooltip tooltip-shortcode\" data-animation=\"\" data-delay=\"0\" data-placement=\"top\" data-title=\"Lavander\u00eda Huebsch\" title=\"Lavander\u00eda Huebsch\" data-toggle=\"tooltip\" data-trigger=\"hover\"><strong>Huebsch\u00ae<\/strong><\/span> ayudar\u00e1 a realizar un an\u00e1lisis de mercado y demogr\u00e1fico para confirmar la viabilidad del lugar, esencialmente al ofrecer a los empresarios una segunda opini\u00f3n y datos concretos y reales para respaldar su inversi\u00f3n.<\/p>\n<\/div><div class=\"fusion-reading-box-container reading-box-container-1\" style=\"--awb-title-color:#333333;--awb-margin-top:0px;--awb-margin-bottom:84px;\"><div class=\"reading-box\" style=\"background-color:#f6f6f6;border-width:1px;border-color:#f6f6f6;border-left-width:3px;border-left-color:var(--primary_color);border-style:solid;\"><a class=\"button fusion-button button-default fusion-button-default-size button-default-size button-flat fusion-desktop-button fusion-tagline-button continue fusion-desktop-button-margin continue-right\" style=\"-webkit-box-shadow:none;-moz-box-shadow:none;box-shadow:none;border-radius:2px 2px 2px 2px\" href=\"https:\/\/www.youtube.com\/huebsch\" target=\"_blank\" rel=\"noopener noreferrer\"><span>Ver videos<\/span><\/a><h2>Historias de \u00e9xito<\/h2><div class=\"reading-box-additional fusion-reading-box-additional\">\n<p>Descubra c\u00f3mo Huebsch\u00ae ayuda a los clientes de todo el mundo a alcanzar sus objetivos comerciales.<\/p>\n<\/div><div class=\"fusion-clearfix\"><\/div><a class=\"button fusion-button button-default fusion-button-default-size button-default-size button-flat fusion-mobile-button continue-right\" style=\"-webkit-box-shadow:none;-moz-box-shadow:none;box-shadow:none;border-radius:2px 2px 2px 2px\" href=\"https:\/\/www.youtube.com\/huebsch\" target=\"_blank\" rel=\"noopener noreferrer\"><span>Ver videos<\/span><\/a><\/div><\/div><div class=\"fusion-clearfix\"><\/div><\/div><\/div><div class=\"fusion-layout-column fusion_builder_column fusion-builder-column-2 fusion_builder_column_1_4 1_4 fusion-one-fourth fusion-column-last\" style=\"--awb-bg-size:cover;width:25%;width:calc(25% - ( ( 4% ) * 0.25 ) );\"><div class=\"fusion-column-wrapper fusion-column-has-shadow fusion-flex-column-wrapper-legacy\"><div class=\"fusion-image-element fusion-image-align-center in-legacy-container\" style=\"text-align:center;--awb-caption-title-font-family:var(--h2_typography-font-family);--awb-caption-title-font-weight:var(--h2_typography-font-weight);--awb-caption-title-font-style:var(--h2_typography-font-style);--awb-caption-title-size:var(--h2_typography-font-size);--awb-caption-title-transform:var(--h2_typography-text-transform);--awb-caption-title-line-height:var(--h2_typography-line-height);--awb-caption-title-letter-spacing:var(--h2_typography-letter-spacing);\"><div class=\"imageframe-align-center\"><span class=\" fusion-imageframe imageframe-none imageframe-1 hover-type-none\"><img decoding=\"async\" width=\"250\" height=\"200\" title=\"coin-laundry-location\" data-src=\"https:\/\/huebsch.com\/latam\/wp-content\/uploads\/sites\/14\/2019\/04\/coin-laundry-location.jpg\" alt class=\"img-responsive wp-image-15225 lazyload\" data-srcset=\"https:\/\/huebsch.com\/latam\/wp-content\/uploads\/sites\/14\/2019\/04\/coin-laundry-location-200x160.jpg 200w, https:\/\/huebsch.com\/latam\/wp-content\/uploads\/sites\/14\/2019\/04\/coin-laundry-location.jpg 250w\" data-sizes=\"(max-width: 800px) 100vw, 250px\" src=\"data:image\/svg+xml;base64,PHN2ZyB3aWR0aD0iMSIgaGVpZ2h0PSIxIiB4bWxucz0iaHR0cDovL3d3dy53My5vcmcvMjAwMC9zdmciPjwvc3ZnPg==\" style=\"--smush-placeholder-width: 250px; --smush-placeholder-aspect-ratio: 250\/200;\" \/><\/span><\/div><\/div><div class=\"fusion-widget-area awb-widget-area-element fusion-widget-area-1 fusion-content-widget-area\" style=\"--awb-title-size:14px;--awb-title-color:#333333;--awb-padding:0px 0px 0px 0px;\"><div id=\"nav_menu-10\" class=\"widget widget_nav_menu\"><div class=\"heading\"><h4 class=\"widget-title\">Inversores<\/h4><\/div><div class=\"menu-investors-spanish-container\"><ul id=\"menu-investors-spanish\" class=\"menu\"><li id=\"menu-item-15752\" class=\"menu-item menu-item-type-post_type menu-item-object-page menu-item-15752\"><a href=\"https:\/\/huebsch.com\/latam\/inversores\/la-ventaja-de-huebsch\/\">La ventaja de Huebsch<\/a><\/li>\n<li id=\"menu-item-15753\" class=\"menu-item menu-item-type-post_type menu-item-object-page menu-item-15753\"><a href=\"https:\/\/huebsch.com\/latam\/inversores\/primeros-pasos\/\">Primeros pasos<\/a><\/li>\n<li id=\"menu-item-15754\" class=\"menu-item menu-item-type-post_type menu-item-object-page menu-item-15754\"><a href=\"https:\/\/huebsch.com\/latam\/inversores\/ubicacion-ubicacion-ubicacion\/\">Ubicaci\u00f3n, ubicaci\u00f3n, ubicaci\u00f3n<\/a><\/li>\n<li id=\"menu-item-15755\" class=\"menu-item menu-item-type-post_type menu-item-object-page menu-item-15755\"><a href=\"https:\/\/huebsch.com\/latam\/inversores\/servicio-clasico\/\">Servicio cl\u00e1sico<\/a><\/li>\n<\/ul><\/div><\/div><div class=\"fusion-additional-widget-content\"><\/div><\/div><div class=\"fusion-clearfix\"><\/div><\/div><\/div><\/div><\/div><div class=\"fusion-fullwidth fullwidth-box fusion-builder-row-2 nonhundred-percent-fullwidth non-hundred-percent-height-scrolling\" style=\"--awb-border-radius-top-left:0px;--awb-border-radius-top-right:0px;--awb-border-radius-bottom-right:0px;--awb-border-radius-bottom-left:0px;--awb-padding-top:30px;--awb-margin-top:60px;--awb-background-color:#7eb541;--awb-flex-wrap:wrap;\" ><div class=\"fusion-builder-row fusion-row\"><div class=\"fusion-layout-column fusion_builder_column fusion-builder-column-3 fusion_builder_column_2_3 2_3 fusion-two-third fusion-column-first\" style=\"--awb-bg-size:cover;width:66.666666666667%;width:calc(66.666666666667% - ( ( 4% ) * 0.66666666666667 ) );margin-right: 4%;\"><div class=\"fusion-column-wrapper fusion-column-has-shadow fusion-flex-column-wrapper-legacy\"><div class=\"fusion-title title fusion-title-2 fusion-sep-none fusion-title-text fusion-title-size-one\" style=\"--awb-text-color:#ffffff;--awb-margin-bottom:5px;--awb-margin-bottom-small:5px;\"><h1 class=\"fusion-title-heading title-heading-left fusion-responsive-typography-calculated\" style=\"margin:0;--fontSize:33;line-height:1.45;\">Solicitar un presupuesto<\/h1><\/div><div class=\"fusion-text fusion-text-2\"><p>Llene un formulario para solicitar un presupuesto a un especialista en ventas de Huebsch.<\/p>\n<\/div><div class=\"fusion-clearfix\"><\/div><\/div><\/div><div class=\"fusion-layout-column fusion_builder_column fusion-builder-column-4 fusion_builder_column_1_3 1_3 fusion-one-third fusion-column-last\" style=\"--awb-bg-size:cover;width:33.333333333333%;width:calc(33.333333333333% - ( ( 4% ) * 0.33333333333333 ) );\"><div class=\"fusion-column-wrapper fusion-column-has-shadow fusion-flex-column-wrapper-legacy\"><div class=\"fusion-sep-clear\"><\/div><div class=\"fusion-separator fusion-full-width-sep\" style=\"margin-left: auto;margin-right: auto;margin-top:0px;margin-bottom:22px;width:100%;\"><\/div><div class=\"fusion-sep-clear\"><\/div><div class=\"fusion-align-block\"><a class=\"fusion-button button-flat fusion-button-default-size button-custom fusion-button-default button-1 fusion-button-span-yes fusion-button-default-type\" style=\"--button_accent_color:#ffffff;--button_accent_hover_color:#7eb541;--button_border_hover_color:#7eb541;--button_border_width-top:1px;--button_border_width-right:1px;--button_border_width-bottom:1px;--button_border_width-left:1px;--button_gradient_top_color:#7eb541;--button_gradient_bottom_color:#7eb541;--button_gradient_top_color_hover:#ffffff;--button_gradient_bottom_color_hover:#ffffff;\" target=\"_self\" href=\"\/latam\/contactenos\/?lang=es\"><span class=\"fusion-button-text awb-button__text awb-button__text--default\">Presupuesto<\/span><\/a><\/div><div class=\"fusion-clearfix\"><\/div><\/div><\/div><\/div><\/div><\/p>\n","protected":false},"excerpt":{"rendered":"","protected":false},"author":4,"featured_media":0,"parent":15422,"menu_order":0,"comment_status":"closed","ping_status":"closed","template":"100-width.php","meta":{"_acf_changed":false,"footnotes":""},"class_list":["post-15419","page","type-page","status-publish","hentry"],"acf":[],"yoast_head":"<!-- This site is optimized with the Yoast SEO Premium plugin v20.12 (Yoast SEO v26.5) - https:\/\/yoast.com\/wordpress\/plugins\/seo\/ -->\n<title>Ubicaci\u00f3n, ubicaci\u00f3n, ubicaci\u00f3n - Huebsch Latin America<\/title>\n<meta name=\"robots\" content=\"index, follow, max-snippet:-1, max-image-preview:large, max-video-preview:-1\" \/>\n<link rel=\"canonical\" href=\"https:\/\/huebsch.com\/latam\/inversores\/ubicacion-ubicacion-ubicacion\/\" \/>\n<meta property=\"og:locale\" content=\"es_ES\" \/>\n<meta property=\"og:type\" content=\"article\" \/>\n<meta property=\"og:title\" content=\"Ubicaci\u00f3n, ubicaci\u00f3n, ubicaci\u00f3n\" \/>\n<meta property=\"og:url\" content=\"https:\/\/huebsch.com\/latam\/inversores\/ubicacion-ubicacion-ubicacion\/\" \/>\n<meta property=\"og:site_name\" content=\"Huebsch Latin America\" \/>\n<meta property=\"article:publisher\" content=\"https:\/\/www.facebook.com\/Huebsch\/\" \/>\n<meta property=\"article:modified_time\" content=\"2020-07-02T12:24:28+00:00\" \/>\n<meta name=\"twitter:card\" content=\"summary_large_image\" \/>\n<meta name=\"twitter:label1\" content=\"Tiempo de lectura\" \/>\n\t<meta name=\"twitter:data1\" content=\"7 minutos\" \/>\n<script type=\"application\/ld+json\" class=\"yoast-schema-graph\">{\"@context\":\"https:\/\/schema.org\",\"@graph\":[{\"@type\":\"WebPage\",\"@id\":\"https:\/\/huebsch.com\/latam\/inversores\/ubicacion-ubicacion-ubicacion\/\",\"url\":\"https:\/\/huebsch.com\/latam\/inversores\/ubicacion-ubicacion-ubicacion\/\",\"name\":\"Ubicaci\u00f3n, ubicaci\u00f3n, ubicaci\u00f3n - Huebsch Latin America\",\"isPartOf\":{\"@id\":\"https:\/\/huebsch.com\/latam\/#website\"},\"datePublished\":\"2019-04-26T12:20:51+00:00\",\"dateModified\":\"2020-07-02T12:24:28+00:00\",\"breadcrumb\":{\"@id\":\"https:\/\/huebsch.com\/latam\/inversores\/ubicacion-ubicacion-ubicacion\/#breadcrumb\"},\"inLanguage\":\"es\",\"potentialAction\":[{\"@type\":\"ReadAction\",\"target\":[\"https:\/\/huebsch.com\/latam\/inversores\/ubicacion-ubicacion-ubicacion\/\"]}]},{\"@type\":\"BreadcrumbList\",\"@id\":\"https:\/\/huebsch.com\/latam\/inversores\/ubicacion-ubicacion-ubicacion\/#breadcrumb\",\"itemListElement\":[{\"@type\":\"ListItem\",\"position\":1,\"name\":\"Home\",\"item\":\"https:\/\/huebsch.com\/latam\/\"},{\"@type\":\"ListItem\",\"position\":2,\"name\":\"Inversores\",\"item\":\"https:\/\/huebsch.com\/latam\/inversores\/\"},{\"@type\":\"ListItem\",\"position\":3,\"name\":\"Ubicaci\u00f3n, ubicaci\u00f3n, ubicaci\u00f3n\"}]},{\"@type\":\"WebSite\",\"@id\":\"https:\/\/huebsch.com\/latam\/#website\",\"url\":\"https:\/\/huebsch.com\/latam\/\",\"name\":\"Huebsch Latin America\",\"description\":\"Your Smart Laundry Partner\",\"publisher\":{\"@id\":\"https:\/\/huebsch.com\/latam\/#organization\"},\"potentialAction\":[{\"@type\":\"SearchAction\",\"target\":{\"@type\":\"EntryPoint\",\"urlTemplate\":\"https:\/\/huebsch.com\/latam\/?s={search_term_string}\"},\"query-input\":{\"@type\":\"PropertyValueSpecification\",\"valueRequired\":true,\"valueName\":\"search_term_string\"}}],\"inLanguage\":\"es\"},{\"@type\":\"Organization\",\"@id\":\"https:\/\/huebsch.com\/latam\/#organization\",\"name\":\"Huebsch\",\"url\":\"https:\/\/huebsch.com\/latam\/\",\"logo\":{\"@type\":\"ImageObject\",\"inLanguage\":\"es\",\"@id\":\"https:\/\/huebsch.com\/latam\/#\/schema\/logo\/image\/\",\"url\":\"https:\/\/staging.huebsch.com\/latam\/wp-content\/uploads\/sites\/14\/2019\/04\/Huebsch_Color_RGB-e1554987923330.png\",\"contentUrl\":\"https:\/\/staging.huebsch.com\/latam\/wp-content\/uploads\/sites\/14\/2019\/04\/Huebsch_Color_RGB-e1554987923330.png\",\"width\":295,\"height\":70,\"caption\":\"Huebsch\"},\"image\":{\"@id\":\"https:\/\/huebsch.com\/latam\/#\/schema\/logo\/image\/\"},\"sameAs\":[\"https:\/\/www.facebook.com\/Huebsch\/\"]}]}<\/script>\n<!-- \/ Yoast SEO Premium plugin. -->","yoast_head_json":{"title":"Ubicaci\u00f3n, ubicaci\u00f3n, ubicaci\u00f3n - Huebsch Latin America","robots":{"index":"index","follow":"follow","max-snippet":"max-snippet:-1","max-image-preview":"max-image-preview:large","max-video-preview":"max-video-preview:-1"},"canonical":"https:\/\/huebsch.com\/latam\/inversores\/ubicacion-ubicacion-ubicacion\/","og_locale":"es_ES","og_type":"article","og_title":"Ubicaci\u00f3n, ubicaci\u00f3n, ubicaci\u00f3n","og_url":"https:\/\/huebsch.com\/latam\/inversores\/ubicacion-ubicacion-ubicacion\/","og_site_name":"Huebsch Latin America","article_publisher":"https:\/\/www.facebook.com\/Huebsch\/","article_modified_time":"2020-07-02T12:24:28+00:00","twitter_card":"summary_large_image","twitter_misc":{"Tiempo de lectura":"7 minutos"},"schema":{"@context":"https:\/\/schema.org","@graph":[{"@type":"WebPage","@id":"https:\/\/huebsch.com\/latam\/inversores\/ubicacion-ubicacion-ubicacion\/","url":"https:\/\/huebsch.com\/latam\/inversores\/ubicacion-ubicacion-ubicacion\/","name":"Ubicaci\u00f3n, ubicaci\u00f3n, ubicaci\u00f3n - Huebsch Latin America","isPartOf":{"@id":"https:\/\/huebsch.com\/latam\/#website"},"datePublished":"2019-04-26T12:20:51+00:00","dateModified":"2020-07-02T12:24:28+00:00","breadcrumb":{"@id":"https:\/\/huebsch.com\/latam\/inversores\/ubicacion-ubicacion-ubicacion\/#breadcrumb"},"inLanguage":"es","potentialAction":[{"@type":"ReadAction","target":["https:\/\/huebsch.com\/latam\/inversores\/ubicacion-ubicacion-ubicacion\/"]}]},{"@type":"BreadcrumbList","@id":"https:\/\/huebsch.com\/latam\/inversores\/ubicacion-ubicacion-ubicacion\/#breadcrumb","itemListElement":[{"@type":"ListItem","position":1,"name":"Home","item":"https:\/\/huebsch.com\/latam\/"},{"@type":"ListItem","position":2,"name":"Inversores","item":"https:\/\/huebsch.com\/latam\/inversores\/"},{"@type":"ListItem","position":3,"name":"Ubicaci\u00f3n, ubicaci\u00f3n, ubicaci\u00f3n"}]},{"@type":"WebSite","@id":"https:\/\/huebsch.com\/latam\/#website","url":"https:\/\/huebsch.com\/latam\/","name":"Huebsch Latin America","description":"Your Smart Laundry Partner","publisher":{"@id":"https:\/\/huebsch.com\/latam\/#organization"},"potentialAction":[{"@type":"SearchAction","target":{"@type":"EntryPoint","urlTemplate":"https:\/\/huebsch.com\/latam\/?s={search_term_string}"},"query-input":{"@type":"PropertyValueSpecification","valueRequired":true,"valueName":"search_term_string"}}],"inLanguage":"es"},{"@type":"Organization","@id":"https:\/\/huebsch.com\/latam\/#organization","name":"Huebsch","url":"https:\/\/huebsch.com\/latam\/","logo":{"@type":"ImageObject","inLanguage":"es","@id":"https:\/\/huebsch.com\/latam\/#\/schema\/logo\/image\/","url":"https:\/\/staging.huebsch.com\/latam\/wp-content\/uploads\/sites\/14\/2019\/04\/Huebsch_Color_RGB-e1554987923330.png","contentUrl":"https:\/\/staging.huebsch.com\/latam\/wp-content\/uploads\/sites\/14\/2019\/04\/Huebsch_Color_RGB-e1554987923330.png","width":295,"height":70,"caption":"Huebsch"},"image":{"@id":"https:\/\/huebsch.com\/latam\/#\/schema\/logo\/image\/"},"sameAs":["https:\/\/www.facebook.com\/Huebsch\/"]}]}},"_links":{"self":[{"href":"https:\/\/huebsch.com\/latam\/wp-json\/wp\/v2\/pages\/15419","targetHints":{"allow":["GET"]}}],"collection":[{"href":"https:\/\/huebsch.com\/latam\/wp-json\/wp\/v2\/pages"}],"about":[{"href":"https:\/\/huebsch.com\/latam\/wp-json\/wp\/v2\/types\/page"}],"author":[{"embeddable":true,"href":"https:\/\/huebsch.com\/latam\/wp-json\/wp\/v2\/users\/4"}],"replies":[{"embeddable":true,"href":"https:\/\/huebsch.com\/latam\/wp-json\/wp\/v2\/comments?post=15419"}],"version-history":[{"count":8,"href":"https:\/\/huebsch.com\/latam\/wp-json\/wp\/v2\/pages\/15419\/revisions"}],"predecessor-version":[{"id":16020,"href":"https:\/\/huebsch.com\/latam\/wp-json\/wp\/v2\/pages\/15419\/revisions\/16020"}],"up":[{"embeddable":true,"href":"https:\/\/huebsch.com\/latam\/wp-json\/wp\/v2\/pages\/15422"}],"wp:attachment":[{"href":"https:\/\/huebsch.com\/latam\/wp-json\/wp\/v2\/media?parent=15419"}],"curies":[{"name":"wp","href":"https:\/\/api.w.org\/{rel}","templated":true}]}}