{"id":15418,"date":"2019-04-26T12:19:44","date_gmt":"2019-04-26T12:19:44","guid":{"rendered":"http:\/\/huebsch-php74.bitnamiapp.com\/latam\/the-huebsch-advantage\/"},"modified":"2020-07-02T12:15:44","modified_gmt":"2020-07-02T12:15:44","slug":"la-ventaja-de-huebsch","status":"publish","type":"page","link":"https:\/\/huebsch.com\/latam\/inversores\/la-ventaja-de-huebsch\/","title":{"rendered":"La ventaja de Huebsch"},"content":{"rendered":"<p><div class=\"fusion-fullwidth fullwidth-box fusion-builder-row-1 nonhundred-percent-fullwidth non-hundred-percent-height-scrolling\" style=\"--awb-background-position:left top;--awb-border-radius-top-left:0px;--awb-border-radius-top-right:0px;--awb-border-radius-bottom-right:0px;--awb-border-radius-bottom-left:0px;--awb-padding-top:0px;--awb-border-sizes-top:0px;--awb-border-sizes-bottom:0px;--awb-flex-wrap:wrap;\" ><div class=\"fusion-builder-row fusion-row\"><div class=\"fusion-layout-column fusion_builder_column fusion-builder-column-0 fusion_builder_column_1_1 1_1 fusion-one-full fusion-column-first fusion-column-last\" style=\"--awb-bg-size:cover;\"><div class=\"fusion-column-wrapper fusion-column-has-shadow fusion-flex-column-wrapper-legacy\"><div class=\"fusion-title title fusion-title-1 fusion-sep-none fusion-title-text fusion-title-size-one\"><h1 class=\"fusion-title-heading title-heading-left fusion-responsive-typography-calculated\" style=\"margin:0;--fontSize:33;line-height:1.45;\"><p>La ventaja de <span class=\"fusion-tooltip tooltip-shortcode\" data-animation=\"\" data-delay=\"0\" data-placement=\"top\" data-title=\"Lavander\u00eda Huebsch\" title=\"Lavander\u00eda Huebsch\" data-toggle=\"tooltip\" data-trigger=\"hover\"><strong>Huebsch\u00ae<\/strong><\/span><\/h1><\/div><div class=\"fusion-clearfix\"><\/div><\/div><\/div><div class=\"fusion-layout-column fusion_builder_column fusion-builder-column-1 fusion_builder_column_3_4 3_4 fusion-three-fourth fusion-column-first\" style=\"--awb-bg-size:cover;width:74%; margin-right: 4%;\"><div class=\"fusion-column-wrapper fusion-flex-column-wrapper-legacy\"><div class=\"fusion-text fusion-text-1\"><p>Como cliente de <span class=\"fusion-tooltip tooltip-shortcode\" data-animation=\"\" data-delay=\"0\" data-placement=\"top\" data-title=\"Lavander\u00eda Huebsch\" title=\"Lavander\u00eda Huebsch\" data-toggle=\"tooltip\" data-trigger=\"hover\"><strong> Huebsch\u00ae<\/strong><\/span> , usted puede experimentar la tranquilidad que solo se obtiene al hacer negocios con una empresa que ha estado en el <a title=\"Acerca de nosotros\" href=\"\/latam\/acerca-de-nosotros\/?lang=es\">negocio de lavander\u00eda durante m\u00e1s de 100 a\u00f1os<\/a>. Nuestros clientes valoran trabajar con una empresa dedicada a mantener trabajos en Estados Unidos en su base de operaciones en Ripon, Wisconsin.<\/p>\n<p><span class=\"fusion-tooltip tooltip-shortcode\" data-animation=\"\" data-delay=\"0\" data-placement=\"top\" data-title=\"Lavander\u00eda Huebsch\" title=\"Lavander\u00eda Huebsch\" data-toggle=\"tooltip\" data-trigger=\"hover\"><strong>Huebsch\u00ae<\/strong><\/span> tambi\u00e9n cuenta con el respaldo de <a href=\"http:\/\/alliancelaundry.com\/\" target=\"_blank\" rel=\"noopener noreferrer\">Alliance Laundry Systems<\/a>, l\u00edder mundial en la fabricaci\u00f3n de equipos comerciales de lavander\u00eda. Al trabajar con <span class=\"fusion-tooltip tooltip-shortcode\" data-animation=\"\" data-delay=\"0\" data-placement=\"top\" data-title=\"Lavander\u00eda Huebsch\" title=\"Lavander\u00eda Huebsch\" data-toggle=\"tooltip\" data-trigger=\"hover\"><strong>Huebsch\u00ae<\/strong><\/span>, los clientes obtienen acceso a servicios del l\u00edder de la industria, una red mundial de distribuidores, asesor\u00eda experta en el dise\u00f1o de su tienda y un servicio al cliente superior.<\/p>\n<\/div><div class=\"fusion-video fusion-youtube\" style=\"--awb-max-width:800px;--awb-max-height:600px;\"><div class=\"video-shortcode\"><div class=\"fluid-width-video-wrapper\" style=\"padding-top:75%;\" ><iframe title=\"YouTube video player 1\" data-src=\"https:\/\/www.youtube.com\/embed\/uPp99_Z8cO4?wmode=transparent&autoplay=0\" width=\"800\" height=\"600\" allowfullscreen allow=\"autoplay; clipboard-write; encrypted-media; gyroscope; picture-in-picture;\" src=\"data:image\/svg+xml;base64,PHN2ZyB3aWR0aD0iMSIgaGVpZ2h0PSIxIiB4bWxucz0iaHR0cDovL3d3dy53My5vcmcvMjAwMC9zdmciPjwvc3ZnPg==\" class=\"lazyload\" data-load-mode=\"1\"><\/iframe><\/div><\/div><\/div><div class=\"fusion-text fusion-text-2\"><p>Los propietarios de The Laundry Caf\u00e9 en Pennsylvania explican c\u00f3mo las lavadoras y secadoras <span class=\"fusion-tooltip tooltip-shortcode\" data-animation=\"\" data-delay=\"0\" data-placement=\"top\" data-title=\"Lavander\u00eda Huebsch\" title=\"Lavander\u00eda Huebsch\" data-toggle=\"tooltip\" data-trigger=\"hover\"> <strong>Huebsch\u00ae<\/strong><\/span> les ahorran a sus clientes tiempo y dinero.<\/p>\n<\/div><div class=\"fusion-text fusion-text-3\"><p>Los propietarios de lavander\u00eda de autoservicio aprecian la atenci\u00f3n personalizada que brinda el personal <a title=\"Localizador de distribuidores\" href=\"\/latam\/localizador\/?lang=es\"> altamente capacitado del distribuidor de <span class=\"fusion-tooltip tooltip-shortcode\" data-animation=\"\" data-delay=\"0\" data-placement=\"top\" data-title=\"Lavander\u00eda Huebsch\" title=\"Lavander\u00eda Huebsch\" data-toggle=\"tooltip\" data-trigger=\"hover\"><strong>Huebsch\u00ae<\/strong><\/span><\/a> . Son sus expertos locales, quienes lo ayudar\u00e1n a navegar por las aguas entre la idea y la gran inauguraci\u00f3n. Puede confiar en los profesionales de <span class=\"fusion-tooltip tooltip-shortcode\" data-animation=\"\" data-delay=\"0\" data-placement=\"top\" data-title=\"Lavander\u00eda Huebsch\" title=\"Lavander\u00eda Huebsch\" data-toggle=\"tooltip\" data-trigger=\"hover\"><strong>Huebsch\u00ae<\/strong><\/span> para que lo ayuden a elegir la combinaci\u00f3n adecuada de equipos, contratistas, supervisar la instalaci\u00f3n y mucho m\u00e1s.<\/p>\n<\/div><div class=\"fusion-title title fusion-title-2 fusion-sep-none fusion-title-text fusion-title-size-one\"><h1 class=\"fusion-title-heading title-heading-left fusion-responsive-typography-calculated\" style=\"margin:0;--fontSize:33;line-height:1.45;\">Su socio inteligente en lavander\u00eda<\/h1><\/div><div class=\"fusion-text fusion-text-4\"><p>El \u00e9xito en el negocio de lavander\u00edas se determina mucho antes de que se abran las puertas. Por eso es primordial trabajar con un socio experimentado. Con m\u00e1s de 100 a\u00f1os en el negocio de lavander\u00eda y una red de distribuci\u00f3n catalogada entre las mejores de la industria*, <span class=\"fusion-tooltip tooltip-shortcode\" data-animation=\"\" data-delay=\"0\" data-placement=\"top\" data-title=\"Lavander\u00eda Huebsch\" title=\"Lavander\u00eda Huebsch\" data-toggle=\"tooltip\" data-trigger=\"hover\"><strong> Huebsch\u00ae<\/strong><\/span> es realmente su socio de lavander\u00eda inteligente, que lo gu\u00eda en cada paso del camino con una variedad de servicios, que incluyen:<\/p>\n<ul>\n<li>An\u00e1lisis demogr\u00e1fico<\/li>\n<li>Asistencia en la selecci\u00f3n del local<\/li>\n<li>Esquema y dise\u00f1o de la tienda<\/li>\n<li>Ayuda en operaciones y mercadeo<\/li>\n<\/ul>\n<\/div><div class=\"fusion-reading-box-container reading-box-container-1\" style=\"--awb-title-color:#333333;--awb-margin-top:0px;--awb-margin-bottom:84px;\"><div class=\"reading-box\" style=\"background-color:#f6f6f6;border-width:1px;border-color:#f6f6f6;border-style:solid;\"><div class=\"reading-box-additional\">Para encontrar un distribuidor de <span class=\"fusion-tooltip tooltip-shortcode\" data-animation=\"\" data-delay=\"0\" data-placement=\"top\" data-title=\"Lavander\u00eda Huebsch\" title=\"Lavander\u00eda Huebsch\" data-toggle=\"tooltip\" data-trigger=\"hover\"><strong>Huebsch\u00ae<\/strong><\/span> en su \u00e1rea, visite nuestra <a href=\"\/latam\/localizador\/?lang=es\">p\u00e1gina de localizaci\u00f3n<\/a>.<\/div><div class=\"fusion-clearfix\"><\/div><\/div><\/div><div class=\"fusion-clearfix\"><\/div><\/div><\/div><div class=\"fusion-layout-column fusion_builder_column fusion-builder-column-2 fusion_builder_column_1_4 1_4 fusion-one-fourth fusion-column-last\" style=\"--awb-bg-size:cover;width:22%;\"><div class=\"fusion-column-wrapper fusion-flex-column-wrapper-legacy\"><div class=\"fusion-image-element fusion-image-align-center in-legacy-container\" style=\"text-align:center;--awb-caption-title-font-family:var(--h2_typography-font-family);--awb-caption-title-font-weight:var(--h2_typography-font-weight);--awb-caption-title-font-style:var(--h2_typography-font-style);--awb-caption-title-size:var(--h2_typography-font-size);--awb-caption-title-transform:var(--h2_typography-text-transform);--awb-caption-title-line-height:var(--h2_typography-line-height);--awb-caption-title-letter-spacing:var(--h2_typography-letter-spacing);\"><div class=\"imageframe-align-center\"><span class=\" fusion-imageframe imageframe-none imageframe-1 hover-type-none\"><img decoding=\"async\" width=\"250\" height=\"200\" title=\"Coin-laundry-investors\" data-src=\"https:\/\/huebsch.com\/latam\/wp-content\/uploads\/sites\/14\/2019\/04\/Coin-laundry-investors.jpg\" alt class=\"img-responsive wp-image-15227 lazyload\" data-srcset=\"https:\/\/huebsch.com\/latam\/wp-content\/uploads\/sites\/14\/2019\/04\/Coin-laundry-investors-200x160.jpg 200w, https:\/\/huebsch.com\/latam\/wp-content\/uploads\/sites\/14\/2019\/04\/Coin-laundry-investors.jpg 250w\" data-sizes=\"(max-width: 800px) 100vw, 250px\" src=\"data:image\/svg+xml;base64,PHN2ZyB3aWR0aD0iMSIgaGVpZ2h0PSIxIiB4bWxucz0iaHR0cDovL3d3dy53My5vcmcvMjAwMC9zdmciPjwvc3ZnPg==\" style=\"--smush-placeholder-width: 250px; --smush-placeholder-aspect-ratio: 250\/200;\" \/><\/span><\/div><\/div><div class=\"fusion-widget-area awb-widget-area-element fusion-widget-area-1 fusion-content-widget-area\" style=\"--awb-title-size:14px;--awb-title-color:#333333;--awb-padding:0px 0px 0px 0px;\"><div id=\"nav_menu-10\" class=\"widget widget_nav_menu\"><div class=\"heading\"><h4 class=\"widget-title\">Inversores<\/h4><\/div><div class=\"menu-investors-spanish-container\"><ul id=\"menu-investors-spanish\" class=\"menu\"><li id=\"menu-item-15752\" class=\"menu-item menu-item-type-post_type menu-item-object-page menu-item-15752\"><a href=\"https:\/\/huebsch.com\/latam\/inversores\/la-ventaja-de-huebsch\/\">La ventaja de Huebsch<\/a><\/li>\n<li id=\"menu-item-15753\" class=\"menu-item menu-item-type-post_type menu-item-object-page menu-item-15753\"><a href=\"https:\/\/huebsch.com\/latam\/inversores\/primeros-pasos\/\">Primeros pasos<\/a><\/li>\n<li id=\"menu-item-15754\" class=\"menu-item menu-item-type-post_type menu-item-object-page menu-item-15754\"><a href=\"https:\/\/huebsch.com\/latam\/inversores\/ubicacion-ubicacion-ubicacion\/\">Ubicaci\u00f3n, ubicaci\u00f3n, ubicaci\u00f3n<\/a><\/li>\n<li id=\"menu-item-15755\" class=\"menu-item menu-item-type-post_type menu-item-object-page menu-item-15755\"><a href=\"https:\/\/huebsch.com\/latam\/inversores\/servicio-clasico\/\">Servicio cl\u00e1sico<\/a><\/li>\n<\/ul><\/div><\/div><div class=\"fusion-additional-widget-content\"><\/div><\/div><div class=\"fusion-reading-box-container reading-box-container-2\" style=\"--awb-title-color:#333333;--awb-margin-top:0px;--awb-margin-bottom:84px;\"><div class=\"reading-box reading-box-center\" style=\"background-color:#f6f6f6;border-width:1px;border-color:#f6f6f6;border-top-width:3px;border-top-color:var(--primary_color);border-style:solid;\"><h2>Historias de \u00e9xito<\/h2><div class=\"reading-box-additional fusion-reading-box-additional\">\n<p>Descubra c\u00f3mo <span class=\"fusion-tooltip tooltip-shortcode\" data-animation=\"\" data-delay=\"0\" data-placement=\"top\" data-title=\"Lavander\u00eda Huebsch\" title=\"Lavander\u00eda Huebsch\" data-toggle=\"tooltip\" data-trigger=\"hover\"><strong>Huebsch\u00ae<\/strong><\/span> ayuda a los clientes de todo el mundo a alcanzar sus objetivos comerciales.<\/p>\n<\/div><div class=\"fusion-clearfix\"><\/div><a class=\"button fusion-button button-default fusion-button-default-size button-default-size button-flat fusion-mobile-button continue-center\" style=\"-webkit-box-shadow:none;-moz-box-shadow:none;box-shadow:none;border-radius:2px 2px 2px 2px\" href=\"https:\/\/www.youtube.com\/huebsch\" target=\"_blank\" rel=\"noopener noreferrer\"><span>Ver videos<\/span><\/a><\/div><\/div><div class=\"fusion-clearfix\"><\/div><\/div><\/div><\/div><\/div><div class=\"fusion-fullwidth fullwidth-box fusion-builder-row-2 nonhundred-percent-fullwidth non-hundred-percent-height-scrolling\" style=\"--awb-border-radius-top-left:0px;--awb-border-radius-top-right:0px;--awb-border-radius-bottom-right:0px;--awb-border-radius-bottom-left:0px;--awb-padding-top:30px;--awb-margin-top:60px;--awb-background-color:#7eb541;--awb-flex-wrap:wrap;\" ><div class=\"fusion-builder-row fusion-row\"><div class=\"fusion-layout-column fusion_builder_column fusion-builder-column-3 fusion_builder_column_2_3 2_3 fusion-two-third fusion-column-first\" style=\"--awb-bg-size:cover;width:66.666666666667%;width:calc(66.666666666667% - ( ( 4% ) * 0.66666666666667 ) );margin-right: 4%;\"><div class=\"fusion-column-wrapper fusion-column-has-shadow fusion-flex-column-wrapper-legacy\"><div class=\"fusion-title title fusion-title-3 fusion-sep-none fusion-title-text fusion-title-size-one\" style=\"--awb-text-color:#ffffff;--awb-margin-bottom:5px;--awb-margin-bottom-small:5px;\"><h1 class=\"fusion-title-heading title-heading-left fusion-responsive-typography-calculated\" style=\"margin:0;--fontSize:33;line-height:1.45;\">Solicitar un presupuesto<\/h1><\/div><div class=\"fusion-text fusion-text-5\"><p>Llene un formulario para solicitar un presupuesto a un especialista en ventas de Huebsch.<\/p>\n<\/div><div class=\"fusion-clearfix\"><\/div><\/div><\/div><div class=\"fusion-layout-column fusion_builder_column fusion-builder-column-4 fusion_builder_column_1_3 1_3 fusion-one-third fusion-column-last\" style=\"--awb-bg-size:cover;width:33.333333333333%;width:calc(33.333333333333% - ( ( 4% ) * 0.33333333333333 ) );\"><div class=\"fusion-column-wrapper fusion-column-has-shadow fusion-flex-column-wrapper-legacy\"><div class=\"fusion-sep-clear\"><\/div><div class=\"fusion-separator fusion-full-width-sep\" style=\"margin-left: auto;margin-right: auto;margin-top:0px;margin-bottom:22px;width:100%;\"><\/div><div class=\"fusion-sep-clear\"><\/div><div class=\"fusion-align-block\"><a class=\"fusion-button button-flat fusion-button-default-size button-custom fusion-button-default button-1 fusion-button-span-yes fusion-button-default-type\" style=\"--button_accent_color:#ffffff;--button_accent_hover_color:#7eb541;--button_border_hover_color:#7eb541;--button_border_width-top:1px;--button_border_width-right:1px;--button_border_width-bottom:1px;--button_border_width-left:1px;--button_gradient_top_color:#7eb541;--button_gradient_bottom_color:#7eb541;--button_gradient_top_color_hover:#ffffff;--button_gradient_bottom_color_hover:#ffffff;\" target=\"_self\" href=\"\/latam\/contactenos\/?lang=es\"><span class=\"fusion-button-text awb-button__text awb-button__text--default\">Presupuesto<\/span><\/a><\/div><div class=\"fusion-clearfix\"><\/div><\/div><\/div><\/div><\/div><\/p>\n","protected":false},"excerpt":{"rendered":"","protected":false},"author":4,"featured_media":0,"parent":15422,"menu_order":0,"comment_status":"closed","ping_status":"closed","template":"100-width.php","meta":{"_acf_changed":false,"footnotes":""},"class_list":["post-15418","page","type-page","status-publish","hentry"],"acf":[],"yoast_head":"<!-- This site is optimized with the Yoast SEO Premium plugin v20.12 (Yoast SEO v26.5) - https:\/\/yoast.com\/wordpress\/plugins\/seo\/ -->\n<title>La ventaja de Huebsch - Huebsch Latin America<\/title>\n<meta name=\"robots\" content=\"index, follow, max-snippet:-1, max-image-preview:large, max-video-preview:-1\" \/>\n<link rel=\"canonical\" href=\"https:\/\/huebsch.com\/latam\/inversores\/la-ventaja-de-huebsch\/\" \/>\n<meta property=\"og:locale\" content=\"es_ES\" \/>\n<meta property=\"og:type\" content=\"article\" \/>\n<meta property=\"og:title\" content=\"La ventaja de Huebsch\" \/>\n<meta property=\"og:url\" content=\"https:\/\/huebsch.com\/latam\/inversores\/la-ventaja-de-huebsch\/\" \/>\n<meta property=\"og:site_name\" content=\"Huebsch Latin America\" \/>\n<meta property=\"article:publisher\" content=\"https:\/\/www.facebook.com\/Huebsch\/\" \/>\n<meta property=\"article:modified_time\" content=\"2020-07-02T12:15:44+00:00\" \/>\n<meta name=\"twitter:card\" content=\"summary_large_image\" \/>\n<meta name=\"twitter:label1\" content=\"Tiempo de lectura\" \/>\n\t<meta name=\"twitter:data1\" content=\"9 minutos\" \/>\n<script type=\"application\/ld+json\" class=\"yoast-schema-graph\">{\"@context\":\"https:\/\/schema.org\",\"@graph\":[{\"@type\":\"WebPage\",\"@id\":\"https:\/\/huebsch.com\/latam\/inversores\/la-ventaja-de-huebsch\/\",\"url\":\"https:\/\/huebsch.com\/latam\/inversores\/la-ventaja-de-huebsch\/\",\"name\":\"La ventaja de Huebsch - Huebsch Latin America\",\"isPartOf\":{\"@id\":\"https:\/\/huebsch.com\/latam\/#website\"},\"datePublished\":\"2019-04-26T12:19:44+00:00\",\"dateModified\":\"2020-07-02T12:15:44+00:00\",\"breadcrumb\":{\"@id\":\"https:\/\/huebsch.com\/latam\/inversores\/la-ventaja-de-huebsch\/#breadcrumb\"},\"inLanguage\":\"es\",\"potentialAction\":[{\"@type\":\"ReadAction\",\"target\":[\"https:\/\/huebsch.com\/latam\/inversores\/la-ventaja-de-huebsch\/\"]}]},{\"@type\":\"BreadcrumbList\",\"@id\":\"https:\/\/huebsch.com\/latam\/inversores\/la-ventaja-de-huebsch\/#breadcrumb\",\"itemListElement\":[{\"@type\":\"ListItem\",\"position\":1,\"name\":\"Home\",\"item\":\"https:\/\/huebsch.com\/latam\/\"},{\"@type\":\"ListItem\",\"position\":2,\"name\":\"Inversores\",\"item\":\"https:\/\/huebsch.com\/latam\/inversores\/\"},{\"@type\":\"ListItem\",\"position\":3,\"name\":\"La ventaja de Huebsch\"}]},{\"@type\":\"WebSite\",\"@id\":\"https:\/\/huebsch.com\/latam\/#website\",\"url\":\"https:\/\/huebsch.com\/latam\/\",\"name\":\"Huebsch Latin America\",\"description\":\"Your Smart Laundry Partner\",\"publisher\":{\"@id\":\"https:\/\/huebsch.com\/latam\/#organization\"},\"potentialAction\":[{\"@type\":\"SearchAction\",\"target\":{\"@type\":\"EntryPoint\",\"urlTemplate\":\"https:\/\/huebsch.com\/latam\/?s={search_term_string}\"},\"query-input\":{\"@type\":\"PropertyValueSpecification\",\"valueRequired\":true,\"valueName\":\"search_term_string\"}}],\"inLanguage\":\"es\"},{\"@type\":\"Organization\",\"@id\":\"https:\/\/huebsch.com\/latam\/#organization\",\"name\":\"Huebsch\",\"url\":\"https:\/\/huebsch.com\/latam\/\",\"logo\":{\"@type\":\"ImageObject\",\"inLanguage\":\"es\",\"@id\":\"https:\/\/huebsch.com\/latam\/#\/schema\/logo\/image\/\",\"url\":\"https:\/\/staging.huebsch.com\/latam\/wp-content\/uploads\/sites\/14\/2019\/04\/Huebsch_Color_RGB-e1554987923330.png\",\"contentUrl\":\"https:\/\/staging.huebsch.com\/latam\/wp-content\/uploads\/sites\/14\/2019\/04\/Huebsch_Color_RGB-e1554987923330.png\",\"width\":295,\"height\":70,\"caption\":\"Huebsch\"},\"image\":{\"@id\":\"https:\/\/huebsch.com\/latam\/#\/schema\/logo\/image\/\"},\"sameAs\":[\"https:\/\/www.facebook.com\/Huebsch\/\"]}]}<\/script>\n<!-- \/ Yoast SEO Premium plugin. -->","yoast_head_json":{"title":"La ventaja de Huebsch - Huebsch Latin America","robots":{"index":"index","follow":"follow","max-snippet":"max-snippet:-1","max-image-preview":"max-image-preview:large","max-video-preview":"max-video-preview:-1"},"canonical":"https:\/\/huebsch.com\/latam\/inversores\/la-ventaja-de-huebsch\/","og_locale":"es_ES","og_type":"article","og_title":"La ventaja de Huebsch","og_url":"https:\/\/huebsch.com\/latam\/inversores\/la-ventaja-de-huebsch\/","og_site_name":"Huebsch Latin America","article_publisher":"https:\/\/www.facebook.com\/Huebsch\/","article_modified_time":"2020-07-02T12:15:44+00:00","twitter_card":"summary_large_image","twitter_misc":{"Tiempo de lectura":"9 minutos"},"schema":{"@context":"https:\/\/schema.org","@graph":[{"@type":"WebPage","@id":"https:\/\/huebsch.com\/latam\/inversores\/la-ventaja-de-huebsch\/","url":"https:\/\/huebsch.com\/latam\/inversores\/la-ventaja-de-huebsch\/","name":"La ventaja de Huebsch - Huebsch Latin America","isPartOf":{"@id":"https:\/\/huebsch.com\/latam\/#website"},"datePublished":"2019-04-26T12:19:44+00:00","dateModified":"2020-07-02T12:15:44+00:00","breadcrumb":{"@id":"https:\/\/huebsch.com\/latam\/inversores\/la-ventaja-de-huebsch\/#breadcrumb"},"inLanguage":"es","potentialAction":[{"@type":"ReadAction","target":["https:\/\/huebsch.com\/latam\/inversores\/la-ventaja-de-huebsch\/"]}]},{"@type":"BreadcrumbList","@id":"https:\/\/huebsch.com\/latam\/inversores\/la-ventaja-de-huebsch\/#breadcrumb","itemListElement":[{"@type":"ListItem","position":1,"name":"Home","item":"https:\/\/huebsch.com\/latam\/"},{"@type":"ListItem","position":2,"name":"Inversores","item":"https:\/\/huebsch.com\/latam\/inversores\/"},{"@type":"ListItem","position":3,"name":"La ventaja de Huebsch"}]},{"@type":"WebSite","@id":"https:\/\/huebsch.com\/latam\/#website","url":"https:\/\/huebsch.com\/latam\/","name":"Huebsch Latin America","description":"Your Smart Laundry Partner","publisher":{"@id":"https:\/\/huebsch.com\/latam\/#organization"},"potentialAction":[{"@type":"SearchAction","target":{"@type":"EntryPoint","urlTemplate":"https:\/\/huebsch.com\/latam\/?s={search_term_string}"},"query-input":{"@type":"PropertyValueSpecification","valueRequired":true,"valueName":"search_term_string"}}],"inLanguage":"es"},{"@type":"Organization","@id":"https:\/\/huebsch.com\/latam\/#organization","name":"Huebsch","url":"https:\/\/huebsch.com\/latam\/","logo":{"@type":"ImageObject","inLanguage":"es","@id":"https:\/\/huebsch.com\/latam\/#\/schema\/logo\/image\/","url":"https:\/\/staging.huebsch.com\/latam\/wp-content\/uploads\/sites\/14\/2019\/04\/Huebsch_Color_RGB-e1554987923330.png","contentUrl":"https:\/\/staging.huebsch.com\/latam\/wp-content\/uploads\/sites\/14\/2019\/04\/Huebsch_Color_RGB-e1554987923330.png","width":295,"height":70,"caption":"Huebsch"},"image":{"@id":"https:\/\/huebsch.com\/latam\/#\/schema\/logo\/image\/"},"sameAs":["https:\/\/www.facebook.com\/Huebsch\/"]}]}},"_links":{"self":[{"href":"https:\/\/huebsch.com\/latam\/wp-json\/wp\/v2\/pages\/15418","targetHints":{"allow":["GET"]}}],"collection":[{"href":"https:\/\/huebsch.com\/latam\/wp-json\/wp\/v2\/pages"}],"about":[{"href":"https:\/\/huebsch.com\/latam\/wp-json\/wp\/v2\/types\/page"}],"author":[{"embeddable":true,"href":"https:\/\/huebsch.com\/latam\/wp-json\/wp\/v2\/users\/4"}],"replies":[{"embeddable":true,"href":"https:\/\/huebsch.com\/latam\/wp-json\/wp\/v2\/comments?post=15418"}],"version-history":[{"count":11,"href":"https:\/\/huebsch.com\/latam\/wp-json\/wp\/v2\/pages\/15418\/revisions"}],"predecessor-version":[{"id":16018,"href":"https:\/\/huebsch.com\/latam\/wp-json\/wp\/v2\/pages\/15418\/revisions\/16018"}],"up":[{"embeddable":true,"href":"https:\/\/huebsch.com\/latam\/wp-json\/wp\/v2\/pages\/15422"}],"wp:attachment":[{"href":"https:\/\/huebsch.com\/latam\/wp-json\/wp\/v2\/media?parent=15418"}],"curies":[{"name":"wp","href":"https:\/\/api.w.org\/{rel}","templated":true}]}}